{"id":100,"date":"2015-03-19T21:25:05","date_gmt":"2015-03-19T21:25:05","guid":{"rendered":"http:\/\/mensch-tier-gemeinsam.de\/htdocs\/?page_id=100"},"modified":"2017-03-13T20:23:18","modified_gmt":"2017-03-13T20:23:18","slug":"coaching","status":"publish","type":"page","link":"https:\/\/mensch-tier-gemeinsam.de\/htdocs\/kommunikation-persoenlichkeitsentwicklung\/coaching\/","title":{"rendered":"Coaching"},"content":{"rendered":"<div class=\"csRow\">\n<div class=\"csColumnGap\" style=\"margin: 0px; padding: 0px; float: left; width: 1.56%;\"><img decoding=\"async\" src=\"http:\/\/mensch-tier-gemeinsam.de\/htdocs\/wp-content\/plugins\/advanced-wp-columns\/assets\/js\/plugins\/views\/img\/1x1-pixel.png\" alt=\"\" \/><\/div>\n<div class=\"csColumn\" style=\"margin: 0px; padding: 0px; float: left; width: 20.8%;\" data-csid=\"bf65e1cb-a586-3d3b-8e73-d12b8dbb20a6\" data-cswidth=\"20.8%\" data-csendpoint=\"215\" data-csstartpoint=\"15\">\n<p>Das Coaching ist <span style=\"font-weight: bold; font-size: 14px;\">f\u00fcr jeden Menschen <\/span>sinnvoll und ich biete es jedem an, der sich entwickeln m\u00f6chte.<\/p>\n<p>&nbsp;<\/p>\n<\/div>\n<div class=\"csColumnGap\" style=\"margin: 0px; padding: 0px; float: left; width: 1.15%;\"><img decoding=\"async\" src=\"http:\/\/mensch-tier-gemeinsam.de\/htdocs\/wp-content\/plugins\/advanced-wp-columns\/assets\/js\/plugins\/views\/img\/1x1-pixel.png\" alt=\"\" \/><\/div>\n<div class=\"csColumn\" style=\"margin: 0px; padding: 0px; float: left; width: 52.9%;\" data-csid=\"14a1661e-ee6f-7401-866f-ae712dff6527\" data-cswidth=\"52.9%\" data-csendpoint=\"734\" data-csstartpoint=\"226\">\n<div id=\"content-content\">\n<div id=\"content-content-inner\" class=\"container-content-inner\">\n<div id=\"widget-c184decb-70a1-4587-86c0-56e86f8bd25d\" class=\"widget widget-text\">\n<div class=\"widget-content\">\n<h1 style=\"text-align: center;\">Coaching <span style=\"font-size: 13px; font-weight: normal;\">in Bezug auf<\/span><\/h1>\n<p style=\"text-align: center;\"><span style=\"font-size: 14px; font-weight: bold;\">Ausstrahlung, pers\u00f6nliche Wirkung und Kommunikation<\/span><\/p>\n<p>&nbsp;<\/p>\n<p>Was w\u00fcnschen Sie sich? Wie m\u00f6chten Sie von anderen wahrgenommen werden? Wie m\u00f6chten Sie sich f\u00fchlen?<\/p>\n<p>Pers\u00f6nliche Entwicklungen wirken sich auf mehrere Lebensbereiche aus. F\u00fcr den Einstieg in den Coaching-Prozess ist es praktisch, wenn Sie sich f\u00fcr einen der folgenden Bereiche entscheiden. Langfristig werden Sie merken, wie die Fr\u00fcchte des Coachings Ihre gesamte Pers\u00f6nlichkeit in allen Lebensbereichen bereichert.<\/p>\n<p>&nbsp;<\/p>\n<p><a class=\" link\" title=\"Berufliches Coaching\" href=\"http:\/\/mensch-tier-gemeinsam.de\/htdocs\/?page_id=102\">Berufliches Coaching<\/a>\u00a0\u00a0\u00a0\u00a0\u00a0\u00a0\u00a0\u00a0\u00a0\u00a0\u00a0 \u00a0\u00a0 \u00a0\u00a0\u00a0\u00a0 <a class=\" link\" title=\"Eltern-Coaching\" href=\"http:\/\/mensch-tier-gemeinsam.de\/htdocs\/?page_id=104\">Eltern-Coaching<\/a>\u00a0\u00a0\u00a0\u00a0\u00a0\u00a0\u00a0\u00a0\u00a0\u00a0\u00a0\u00a0\u00a0\u00a0\u00a0 \u00a0\u00a0\u00a0 \u00a0<a class=\" link\" title=\"Coaching f\u00fcr Tierhalter\" href=\"http:\/\/mensch-tier-gemeinsam.de\/htdocs\/?page_id=106\">Coaching f\u00fcr Tierhalter<\/a><\/p>\n<\/div>\n<\/div>\n<\/div>\n<\/div>\n<\/div>\n<div class=\"csColumnGap\" style=\"margin: 0px; padding: 0px; float: left; width: 1.04%;\"><img decoding=\"async\" src=\"http:\/\/mensch-tier-gemeinsam.de\/htdocs\/wp-content\/plugins\/advanced-wp-columns\/assets\/js\/plugins\/views\/img\/1x1-pixel.png\" alt=\"\" \/><\/div>\n<div class=\"csColumn\" style=\"margin: 0px; padding: 0px; float: left; width: 20.9%;\" data-csid=\"a17a861c-abad-2241-89be-a47468523b8b\" data-cswidth=\"20.9%\" data-csendpoint=\"945\" data-csstartpoint=\"744\"><\/div>\n<div class=\"csColumnGap\" style=\"margin: 0px; padding: 0px; float: left; width: 1.56%;\"><img decoding=\"async\" src=\"http:\/\/mensch-tier-gemeinsam.de\/htdocs\/wp-content\/plugins\/advanced-wp-columns\/assets\/js\/plugins\/views\/img\/1x1-pixel.png\" alt=\"\" \/><\/div>\n<div style=\"clear: both; float: none; display: block; visibility: hidden; width: 0px; font-size: 0px; line-height: 0;\"><\/div>\n<\/div>\n<p>&nbsp;<\/p>\n","protected":false},"excerpt":{"rendered":"<p>Das Coaching ist f\u00fcr jeden Menschen sinnvoll und ich biete es jedem an, der sich entwickeln m\u00f6chte. &nbsp; Coaching in Bezug auf Ausstrahlung, pers\u00f6nliche Wirkung und Kommunikation &nbsp; Was w\u00fcnschen Sie sich? Wie m\u00f6chten Sie von anderen wahrgenommen werden? Wie m\u00f6chten Sie sich f\u00fchlen? Pers\u00f6nliche Entwicklungen wirken sich auf mehrere Lebensbereiche aus. F\u00fcr den Einstieg [&hellip;]<\/p>\n","protected":false},"author":1,"featured_media":0,"parent":33,"menu_order":1,"comment_status":"closed","ping_status":"open","template":"","meta":{"footnotes":""},"class_list":["post-100","page","type-page","status-publish","hentry"],"_links":{"self":[{"href":"https:\/\/mensch-tier-gemeinsam.de\/htdocs\/wp-json\/wp\/v2\/pages\/100","targetHints":{"allow":["GET"]}}],"collection":[{"href":"https:\/\/mensch-tier-gemeinsam.de\/htdocs\/wp-json\/wp\/v2\/pages"}],"about":[{"href":"https:\/\/mensch-tier-gemeinsam.de\/htdocs\/wp-json\/wp\/v2\/types\/page"}],"author":[{"embeddable":true,"href":"https:\/\/mensch-tier-gemeinsam.de\/htdocs\/wp-json\/wp\/v2\/users\/1"}],"replies":[{"embeddable":true,"href":"https:\/\/mensch-tier-gemeinsam.de\/htdocs\/wp-json\/wp\/v2\/comments?post=100"}],"version-history":[{"count":3,"href":"https:\/\/mensch-tier-gemeinsam.de\/htdocs\/wp-json\/wp\/v2\/pages\/100\/revisions"}],"predecessor-version":[{"id":1550,"href":"https:\/\/mensch-tier-gemeinsam.de\/htdocs\/wp-json\/wp\/v2\/pages\/100\/revisions\/1550"}],"up":[{"embeddable":true,"href":"https:\/\/mensch-tier-gemeinsam.de\/htdocs\/wp-json\/wp\/v2\/pages\/33"}],"wp:attachment":[{"href":"https:\/\/mensch-tier-gemeinsam.de\/htdocs\/wp-json\/wp\/v2\/media?parent=100"}],"curies":[{"name":"wp","href":"https:\/\/api.w.org\/{rel}","templated":true}]}}