{"id":106,"date":"2015-03-19T21:30:53","date_gmt":"2015-03-19T21:30:53","guid":{"rendered":"http:\/\/mensch-tier-gemeinsam.de\/htdocs\/?page_id=106"},"modified":"2017-03-13T20:27:13","modified_gmt":"2017-03-13T20:27:13","slug":"coaching-fuer-tierhalter","status":"publish","type":"page","link":"https:\/\/mensch-tier-gemeinsam.de\/htdocs\/kommunikation-persoenlichkeitsentwicklung\/coaching\/coaching-fuer-tierhalter\/","title":{"rendered":"Coaching f\u00fcr Tierhalter"},"content":{"rendered":"<div class=\"csRow\">\n<div class=\"csColumnGap\" style=\"margin: 0px; padding: 0px; float: left; width: 1.56%;\"><img decoding=\"async\" src=\"http:\/\/mensch-tier-gemeinsam.de\/htdocs\/wp-content\/plugins\/advanced-wp-columns\/assets\/js\/plugins\/views\/img\/1x1-pixel.png\" alt=\"\" \/><\/div>\n<div class=\"csColumn\" style=\"margin: 0px; padding: 0px; float: left; width: 20.8%;\" data-csid=\"26619643-4a27-d467-890d-84bc8f26285e\" data-cswidth=\"20.8%\" data-csendpoint=\"215\" data-csstartpoint=\"15\">\n<div id=\"column1-content\">\n<div id=\"column1-content-inner\" class=\"container-content-inner\">\n<div id=\"widget-bdd3edfe-2ec8-4674-8437-db1f635f38cc\" class=\"widget widget-text\">\n<div class=\"widget-content\">\n<p><span style=\"font-size: 14px; font-weight: bold;\">Coaching f\u00fcr Tierhalter:<\/span><\/p>\n<p>&#8211; sinnvoll immer dann, wenn das Ausf\u00fchren von \u00dcbungen und Techniken nicht zum Erfolg f\u00fchrt<\/p>\n<p>&#8211; nie mit dem eigenen Tier\u00a0 (Die emotionale Bindung \u00fcberdeckt und erschwert manches.)<\/p>\n<p>&#8211; Konkrete Situationselemente werden gezielt mit anderen Tieren dargestellt.<\/p>\n<p>&#8211; im vertrauensvollen und gesch\u00fctzten Rahmen, ohne Familienangeh\u00f6rige o.\u00e4.<\/p>\n<p>&#8211; H\u00e4ufigkeit: einmal bis ???<\/p>\n<\/div>\n<\/div>\n<\/div>\n<\/div>\n<\/div>\n<div class=\"csColumnGap\" style=\"margin: 0px; padding: 0px; float: left; width: 0.938%;\"><img decoding=\"async\" src=\"http:\/\/mensch-tier-gemeinsam.de\/htdocs\/wp-content\/plugins\/advanced-wp-columns\/assets\/js\/plugins\/views\/img\/1x1-pixel.png\" alt=\"\" \/><\/div>\n<div class=\"csColumn\" style=\"margin: 0px; padding: 0px; float: left; width: 53.2%;\" data-csid=\"971280b8-f58d-4486-959f-54e5284e12e4\" data-cswidth=\"53.2%\" data-csendpoint=\"735\" data-csstartpoint=\"224\">\n<h1 style=\"text-align: center;\">Coaching f\u00fcr Tierhalter<\/h1>\n<p>Wenn das Zusammenleben zwischen Mensch und Tier anders ist, als der Mensch es sich w\u00fcnscht, gibt es unterschiedliche Gr\u00fcnde daf\u00fcr. <span style=\"font-size: 14px; font-weight: bold;\">Menschen verhalten sich h\u00e4ufig &#8211; bewusst oder unbewusst &#8211;\u00a0anders<\/span>, als es f\u00fcr die Umsetzung ihrer W\u00fcnsche n\u00f6tig w\u00e4re.\u00a0Angenommen der Mensch wusste schon immer oder wei\u00df seit kurzem, wie er sich verhalten\u00a0muss bzw. will\u00a0und trotzdem reagiert sein Tier nicht so, wie es zu erwarten w\u00e4re. Entweder wendet der Mensch alle Techniken korrekt an und wundert sich \u00fcber das Ausbleiben des Erfolges: <span style=\"font-style: italic;\">Ich mache doch alles genauso wie meine Frau, wieso geht\u00a0Laika nur zu ihr und nicht zu mir?<\/span> Oder der Mensch nimmt sich ganz fest vor, sich so und so zu verhalten, schafft es aber nicht: <span style=\"font-style: italic;\">Ich wei\u00df, dass ich meinen Kater ab und zu ignorieren m\u00fcsste, schaffe es aber beim besten Willen nicht<\/span>.<\/p>\n<p>Auf dem Weg zum gew\u00fcnschten Zusammenleben liegen manchmal Steine in Form von <span style=\"font-size: 14px; font-weight: bold;\">inneren Hemmschwellen oder Blockaden<\/span>. Im <span style=\"font-weight: normal;\">Coaching f\u00fcr Tierhalter\u00a0<\/span>k\u00f6nnen diese Steine aus dem Weg ger\u00e4umt werden.\u00a0So unterschiedlich wie die Ursachen f\u00fcr diese Hemmschwellen, Blockaden oder &#8222;emotionalen Knoten&#8220; sind, so individuell ist auch deren\u00a0Beseitigung oder <span style=\"font-size: 14px; font-weight: bold;\">Aufl\u00f6sung im Coaching<\/span>.<\/p>\n<p><span style=\"font-size: 14px; font-weight: bold;\">Erfahrene Coaching-Assistenten <\/span>sind Daria und Ronja sowieso, au\u00dferdem Lissy, Peppi und Nero\u00a0sowie meine H\u00fchner und Enten.<\/p>\n<\/div>\n<div class=\"csColumnGap\" style=\"margin: 0px; padding: 0px; float: left; width: 1.15%;\"><img decoding=\"async\" src=\"http:\/\/mensch-tier-gemeinsam.de\/htdocs\/wp-content\/plugins\/advanced-wp-columns\/assets\/js\/plugins\/views\/img\/1x1-pixel.png\" alt=\"\" \/><\/div>\n<div class=\"csColumn\" style=\"margin: 0px; padding: 0px; float: left; width: 20.7%;\" data-csid=\"5bddff6c-4d22-7457-ac54-d02509cc9368\" data-cswidth=\"20.7%\" data-csendpoint=\"945\" data-csstartpoint=\"746\">\n<div id=\"column2-content\">\n<div id=\"column2-content-inner\" class=\"container-content-inner\">\n<div id=\"widget-f53559d6-6bd3-4ada-babd-f8200242bd5d\" class=\"widget widget-text\">\n<div class=\"widget-content\">\n<p><span style=\"font-size: 13px; font-weight: bold;\"><span style=\"font-size: 14px;\">Beispiel<\/span>:<\/span> In Darias &#8222;schlimmer Phase&#8220;, was wohl eigentlich meine schlimme Phase war, dachte ich oft: <span style=\"font-style: italic;\">Ich mache doch jetzt k\u00f6rpersprachlich alles richtig. Wieso klappt es immer noch nicht so, wie ich m\u00f6chte?<\/span>\u00a0\u00a0\u00a0\u00a0\u00a0 &#8230; und Daria rannte und kl\u00e4ffte und rannte und kl\u00e4ffte. Erst sp\u00e4ter wurde mir bewusst, dass mir meine verdr\u00e4ngten\u00a0Minderwertigkeits-gef\u00fchle\u00a0<span style=\"font-size: 14px; font-weight: bold;\">wie ein Findling den Weg zum Rudelf\u00fchrer versperrten.<\/span><\/p>\n<p><span style=\"font-weight: bold;\">Beispiel:<\/span> Bei einem Hundetrainer haben Sie alles gelernt, damit ihr Hund nicht mehr an der Leine zieht. Der Hundetrainer sagt, sie machten\u00a0es richtig.\u00a0\u00a0<span style=\"font-size: 14px; font-weight: bold;\">Alle wundern sich, wieso <\/span>Ihr Hund bei Ihnen an der Leine weiterhin\u00a0&#8222;verr\u00fcckt spielt&#8220;.<\/p>\n<p><span style=\"font-weight: bold;\">Beispiel:<\/span> In einem Tierheim ist ein schwieriger Hund. Nach einem Seminar \u00e4ndern alle Tierpfleger diesem Hund gegen\u00fcber\u00a0ihr Verhalten\u00a0und kommen daraufhin gut mit ihm zurecht. Nur bei einer Tierpflegerin\u00a0 bleibt der Hund wild und aufm\u00fcpfig, <span style=\"font-size: 14px; font-weight: bold;\">obwohl sie sich\u00a0augenscheinlich genauso verh\u00e4lt <\/span>wie ihre Kollegen.<\/p>\n<\/div>\n<\/div>\n<\/div>\n<\/div>\n<\/div>\n<div class=\"csColumnGap\" style=\"margin: 0px; padding: 0px; float: left; width: 1.56%;\"><img decoding=\"async\" src=\"http:\/\/mensch-tier-gemeinsam.de\/htdocs\/wp-content\/plugins\/advanced-wp-columns\/assets\/js\/plugins\/views\/img\/1x1-pixel.png\" alt=\"\" \/><\/div>\n<div style=\"clear: both; float: none; display: block; visibility: hidden; width: 0px; font-size: 0px; line-height: 0;\"><\/div>\n<\/div>\n<p>&nbsp;<\/p>\n","protected":false},"excerpt":{"rendered":"<p>Coaching f\u00fcr Tierhalter: &#8211; sinnvoll immer dann, wenn das Ausf\u00fchren von \u00dcbungen und Techniken nicht zum Erfolg f\u00fchrt &#8211; nie mit dem eigenen Tier\u00a0 (Die emotionale Bindung \u00fcberdeckt und erschwert manches.) &#8211; Konkrete Situationselemente werden gezielt mit anderen Tieren dargestellt. &#8211; im vertrauensvollen und gesch\u00fctzten Rahmen, ohne Familienangeh\u00f6rige o.\u00e4. &#8211; H\u00e4ufigkeit: einmal bis ??? Coaching [&hellip;]<\/p>\n","protected":false},"author":1,"featured_media":0,"parent":100,"menu_order":2,"comment_status":"closed","ping_status":"open","template":"","meta":{"footnotes":""},"class_list":["post-106","page","type-page","status-publish","hentry"],"_links":{"self":[{"href":"https:\/\/mensch-tier-gemeinsam.de\/htdocs\/wp-json\/wp\/v2\/pages\/106","targetHints":{"allow":["GET"]}}],"collection":[{"href":"https:\/\/mensch-tier-gemeinsam.de\/htdocs\/wp-json\/wp\/v2\/pages"}],"about":[{"href":"https:\/\/mensch-tier-gemeinsam.de\/htdocs\/wp-json\/wp\/v2\/types\/page"}],"author":[{"embeddable":true,"href":"https:\/\/mensch-tier-gemeinsam.de\/htdocs\/wp-json\/wp\/v2\/users\/1"}],"replies":[{"embeddable":true,"href":"https:\/\/mensch-tier-gemeinsam.de\/htdocs\/wp-json\/wp\/v2\/comments?post=106"}],"version-history":[{"count":3,"href":"https:\/\/mensch-tier-gemeinsam.de\/htdocs\/wp-json\/wp\/v2\/pages\/106\/revisions"}],"predecessor-version":[{"id":1552,"href":"https:\/\/mensch-tier-gemeinsam.de\/htdocs\/wp-json\/wp\/v2\/pages\/106\/revisions\/1552"}],"up":[{"embeddable":true,"href":"https:\/\/mensch-tier-gemeinsam.de\/htdocs\/wp-json\/wp\/v2\/pages\/100"}],"wp:attachment":[{"href":"https:\/\/mensch-tier-gemeinsam.de\/htdocs\/wp-json\/wp\/v2\/media?parent=106"}],"curies":[{"name":"wp","href":"https:\/\/api.w.org\/{rel}","templated":true}]}}