{"id":11,"date":"2015-03-13T20:30:23","date_gmt":"2015-03-13T20:30:23","guid":{"rendered":"http:\/\/mensch-tier-gemeinsam.de\/htdocs\/?page_id=11"},"modified":"2023-11-12T18:08:01","modified_gmt":"2023-11-12T18:08:01","slug":"alessa-knoop-luebke","status":"publish","type":"page","link":"https:\/\/mensch-tier-gemeinsam.de\/htdocs\/ueber-uns\/alessa-knoop-luebke\/","title":{"rendered":"Alessa Knoop-L\u00fcbke"},"content":{"rendered":"<p>Mit Tieren zusammengelebt habe ich schon immer. Seit 1999 befasse ich mich gezielt mit dem Verhalten von Tieren, wozu die Kommunikation untereinander geh\u00f6rt. Je mehr ich die Verhaltensweisen, Rituale und k\u00f6rpersprachlichen Signale der Tiere untereinander deuten konnte, umso besser konnte ich mich mit Tieren verst\u00e4ndigen. Zun\u00e4chst bezog sich mein verhaltensspezifisches Interesse auf Kaninchen, dann auf Hunde, sp\u00e4ter auf weitere Tierarten. Aus einem Interesse wurde ein intensives Hobby. Vermeintliche Zuf\u00e4lle h\u00e4uften sich, wie z. B. dass Kinder oder Erwachsene aus dem Bekanntenkreis mir nach Besuchen bei mir mitteilten, dass ihre \u00c4ngste hier geringer seien als in vergleichbaren Situationen. \u00c4ngste vor Hunden, vor flatternden H\u00fchnern u. \u00e4. Zun\u00e4chst aus reinem Vergn\u00fcgen besuchte ich manchmal die Kindergartengruppe meines Kindes mit Tauben, Entenk\u00fcken, Kaninchen usw. Da mir Tier-, Natur- und Umweltschutz sehr am Herzen liegen, erweiterte ich derartige Besuche zu strukturierten Veranstaltungen, bei denen ich neben viel Spa\u00df und Freude die mir wichtigen Informationen vermittelte. Diese unregelm\u00e4\u00dfigen praktischen Erfahrungen erg\u00e4nzten mein zweites (Fern-)Studium \u201eUmwelt und Bildung\u201c. Hier lernte ich, wie man Menschen motivieren kann, sich Wissen gern, aktiv und dadurch mit nachhaltiger Wirkung anzueignen. Theoretisches Wissen finde ich wichtig, weshalb ich mich nicht nur mit diesem Studium weiterbildete, sondern auch mit Seminaren (vorwiegend \u00fcber Hundeverhalten) und autodidaktisch mit Fachliteratur. Allerdings sind aus meiner Sicht praktische Erfahrungen am wertvollsten. Praktische Erfahrungen habe ich auf vielf\u00e4ltige Art erworben, s.o. Daria war hierbei mein ehrlichster, anspruchsvollster und bester Lehrmeister. 2009 und 2010 habe ich mir gezielt \u00dcbungsgelegenheiten gesucht, um mein urspr\u00fcngliches Hobby auf ein professionelles Niveau zu bringen. Im Fr\u00fchjahr 2011 habe ich mich selbst\u00e4ndig gemacht und \u00fcbe diese T\u00e4tigkeit seitdem hauptberuflich aus.<\/p>\n<p>Pers\u00f6nlich habe ich in meinem Leben viele H\u00f6hen und Tiefen erlebt. Diese Erfahrungen haben mein Verst\u00e4ndnis f\u00fcr unterschiedliche Menschen und Lebensweisen intensiviert.<\/p>\n","protected":false},"excerpt":{"rendered":"<p>Mit Tieren zusammengelebt habe ich schon immer. Seit 1999 befasse ich mich gezielt mit dem Verhalten von Tieren, wozu die Kommunikation untereinander geh\u00f6rt. Je mehr ich die Verhaltensweisen, Rituale und k\u00f6rpersprachlichen Signale der Tiere untereinander deuten konnte, umso besser konnte ich mich mit Tieren verst\u00e4ndigen. Zun\u00e4chst bezog sich mein verhaltensspezifisches Interesse auf Kaninchen, dann auf [&hellip;]<\/p>\n","protected":false},"author":1,"featured_media":0,"parent":8,"menu_order":1,"comment_status":"closed","ping_status":"closed","template":"","meta":{"footnotes":""},"class_list":["post-11","page","type-page","status-publish","hentry"],"_links":{"self":[{"href":"https:\/\/mensch-tier-gemeinsam.de\/htdocs\/wp-json\/wp\/v2\/pages\/11","targetHints":{"allow":["GET"]}}],"collection":[{"href":"https:\/\/mensch-tier-gemeinsam.de\/htdocs\/wp-json\/wp\/v2\/pages"}],"about":[{"href":"https:\/\/mensch-tier-gemeinsam.de\/htdocs\/wp-json\/wp\/v2\/types\/page"}],"author":[{"embeddable":true,"href":"https:\/\/mensch-tier-gemeinsam.de\/htdocs\/wp-json\/wp\/v2\/users\/1"}],"replies":[{"embeddable":true,"href":"https:\/\/mensch-tier-gemeinsam.de\/htdocs\/wp-json\/wp\/v2\/comments?post=11"}],"version-history":[{"count":2,"href":"https:\/\/mensch-tier-gemeinsam.de\/htdocs\/wp-json\/wp\/v2\/pages\/11\/revisions"}],"predecessor-version":[{"id":4226,"href":"https:\/\/mensch-tier-gemeinsam.de\/htdocs\/wp-json\/wp\/v2\/pages\/11\/revisions\/4226"}],"up":[{"embeddable":true,"href":"https:\/\/mensch-tier-gemeinsam.de\/htdocs\/wp-json\/wp\/v2\/pages\/8"}],"wp:attachment":[{"href":"https:\/\/mensch-tier-gemeinsam.de\/htdocs\/wp-json\/wp\/v2\/media?parent=11"}],"curies":[{"name":"wp","href":"https:\/\/api.w.org\/{rel}","templated":true}]}}