{"id":110,"date":"2015-03-19T21:37:05","date_gmt":"2015-03-19T21:37:05","guid":{"rendered":"http:\/\/mensch-tier-gemeinsam.de\/htdocs\/?page_id=110"},"modified":"2015-03-21T18:41:12","modified_gmt":"2015-03-21T18:41:12","slug":"angst-vor-hunden-tieren","status":"publish","type":"page","link":"https:\/\/mensch-tier-gemeinsam.de\/htdocs\/kommunikation-persoenlichkeitsentwicklung\/angst-vor-hunden-tieren\/","title":{"rendered":"Angst vor Hunden (Tieren)"},"content":{"rendered":"<div class=\"csRow\">\n<div class=\"csColumnGap\" style=\"margin: 0px; padding: 0px; float: left; width: 1.56%;\"><img decoding=\"async\" src=\"http:\/\/mensch-tier-gemeinsam.de\/htdocs\/wp-content\/plugins\/advanced-wp-columns\/assets\/js\/plugins\/views\/img\/1x1-pixel.png\" alt=\"\" \/><\/div>\n<div class=\"csColumn\" style=\"margin: 0px; padding: 0px; float: left; width: 20.9%;\" data-csid=\"e4d5a185-cc11-eab8-869e-f3bd452a2076\" data-cswidth=\"20.9%\" data-csendpoint=\"216\" data-csstartpoint=\"15\">\n<div id=\"column1-content\">\n<div id=\"column1-content-inner\" class=\"container-content-inner\">\n<div id=\"widget-f21959d7-f8d7-4614-b542-e9b96ecbf5de\" class=\"widget widget-text\">\n<div class=\"widget-content\">\n<p>F\u00fcr viele Menschen sind <span style=\"font-weight: normal;\">Begegnungen mit Tieren von <span style=\"font-size: 14px; font-weight: bold;\">Unsicherheit<\/span>, teilweise sogar von <span style=\"font-size: 14px; font-weight: bold;\">\u00c4ngsten<\/span> gepr\u00e4gt<\/span>. Ein &#8222;Der tut nix. Der will nur spielen.&#8220; vom Hundebesitzer hilft hierbei nicht. Im Gegenteil, erst wenn Unsicherheiten und \u00c4ngste ernstgenommen werden, kann man sie verkleinern oder aufl\u00f6sen. Jede Unsicherheit \/ Angst hat ihre Ursache und damit auch ihre Berechtigung.<\/p>\n<p>Die <span style=\"font-size: 14px; font-weight: bold;\">Vorgehensweise<\/span> ist hier so <span style=\"font-size: 14px; font-weight: bold;\">individuell<\/span> wie es die Unsicherheiten \/ \u00c4ngste in Art und Intensit\u00e4t sind. In einem Vorgespr\u00e4ch wird gekl\u00e4rt, ob, wann und wie es zu Begegnungen mit Tieren kommt. \u00dcblicherweise werden f\u00fcr die ersten Begegnungen zur\u00fcckhaltende Tiere gew\u00e4hlt, dann normal freundliche bis hin zum &#8222;Der will doch nur spielen&#8220;-Draufg\u00e4nger. Nicht nur bei Hunden, auch bei anderen Arten, besonders bei H\u00fchnern gibt es \u00e4u\u00dferst unterschiedliche Charaktere.<\/p>\n<p>Sie leben <span style=\"font-size: 14px; font-weight: bold;\">hier in der Gegend<\/span>: <a class=\" link\" title=\"zu Hause\" href=\"http:\/\/mensch-tier-gemeinsam.de\/htdocs\/?page_id=112\">Ablauf<\/a><\/p>\n<p>Sie wohnen<span style=\"font-size: 14px; font-weight: bold;\"> weiter entfernt<\/span>: <a class=\" link\" title=\"intensiv und entspannt im Urlaub\" href=\"http:\/\/mensch-tier-gemeinsam.de\/htdocs\/?page_id=114\">Ablauf<\/a><\/p>\n<\/div>\n<\/div>\n<\/div>\n<\/div>\n<\/div>\n<div class=\"csColumnGap\" style=\"margin: 0px; padding: 0px; float: left; width: 1.04%;\"><img decoding=\"async\" src=\"http:\/\/mensch-tier-gemeinsam.de\/htdocs\/wp-content\/plugins\/advanced-wp-columns\/assets\/js\/plugins\/views\/img\/1x1-pixel.png\" alt=\"\" \/><\/div>\n<div class=\"csColumn\" style=\"margin: 0px; padding: 0px; float: left; width: 53%;\" data-csid=\"8f783c5a-d6a8-b9fa-8232-39d99208aa9f\" data-cswidth=\"53.0%\" data-csendpoint=\"735\" data-csstartpoint=\"226\">\n<p><span style=\"font-size: 16px; font-weight: bold;\">Gelassene Begegnungen mit Tieren<\/span><\/p>\n<p>Das verbindende und entscheidende Element ist die <span style=\"font-weight: bold;\"><span style=\"font-size: 14px;\">K\u00f6rpersprache<\/span>.<\/span> Wer die Grundlagen der K\u00f6rpersprache kennt, kann zum einen erkennen, ob ein Tier gelassen oder angriffslustig ist. Zum anderen kann man mit dem eigenen K\u00f6rper Tieren gezielt etwas mitteilen. Vom Ursprung her hat Angst eine lebensrettende Funktion. Wichtig ist vor allem bei Hunden <span style=\"font-weight: bold;\">einsch\u00e4tzen zu k\u00f6nnen<\/span>, ob eine Situation harmlos ist und somit eine Angst \u00fcbertrieben und \u00fcberfl\u00fcssig w\u00e4re oder ob eine Situation gef\u00e4hrlich ist und eine Angst somit angemessen und sch\u00fctzend w\u00e4re.<\/p>\n<p>Im Bild unten hat Greta an der K\u00f6rpersprache der Hunde erkannt, dass sie entspannt sind und sich dazugelegt. Mit ihrer eigenen K\u00f6rperhaltung teilt sie den Hunden mit, dass sie ebenso gelassen ist. Somit f\u00fchlt sich niemand bedroht.<\/p>\n<p><img loading=\"lazy\" decoding=\"async\" id=\"mce-1778\" style=\"display: block; margin-left: auto; margin-right: auto;\" title=\"Erkenntnis: Vor Hunden braucht man ja gar keine Angst zu haben.\" src=\"..\/..\/..\/..\/..\/..\/..\/..\/attachments\/Image\/a027_kompr.jpg?template=generic&amp;header=headers1&amp;button=buttons1\" alt=\"Erkenntnis: Vor Hunden braucht man ja gar keine Angst zu haben.\" width=\"400\" height=\"239\" \/><\/p>\n<p>Thorben und Daria haben sich zun\u00e4chst kennengelernt und dann beidseitiges Vertrauen aufgebaut. <img loading=\"lazy\" decoding=\"async\" id=\"mce-1150\" style=\"display: block; margin-left: auto; margin-right: auto;\" title=\"gro\u00dfe Z\u00e4hne - wie interessant\" src=\"..\/..\/..\/..\/..\/..\/..\/..\/attachments\/Image\/Mai%3D202010%3D20290_kompr.jpg?template=generic&amp;header=headers1&amp;button=buttons1\" alt=\"gro\u00dfe Z\u00e4hne - wie interessant\" width=\"400\" height=\"304\" \/><\/p>\n<p>Auch bei anderen Tierarten funktioniert die Kommunikation \u00fcber K\u00f6rpersprache. Dadurch kann man als Mensch f\u00fcr Frieden und viel Spa\u00df sorgen.<\/p>\n<p><img loading=\"lazy\" decoding=\"async\" id=\"mce-1038\" style=\"display: block; margin-left: auto; margin-right: auto;\" title=\"Wer gezielt kommuniziert, kann auch mit &quot;gef\u00e4hrlichen&quot; Tieren Spa\u00df haben.\" src=\"..\/..\/..\/..\/..\/..\/..\/..\/attachments\/Image\/IMG_5337_kompr.jpg?template=generic&amp;header=headers1&amp;button=buttons1\" alt=\"Wer gezielt kommuniziert, kann auch mit &quot;gef\u00e4hrlichen&quot; Tieren Spa\u00df haben.\" width=\"400\" height=\"267\" \/><\/p>\n<\/div>\n<div class=\"csColumnGap\" style=\"margin: 0px; padding: 0px; float: left; width: 1.04%;\"><img decoding=\"async\" src=\"http:\/\/mensch-tier-gemeinsam.de\/htdocs\/wp-content\/plugins\/advanced-wp-columns\/assets\/js\/plugins\/views\/img\/1x1-pixel.png\" alt=\"\" \/><\/div>\n<div class=\"csColumn\" style=\"margin: 0px; padding: 0px; float: left; width: 20.8%;\" data-csid=\"cd763201-1492-3df4-9f51-2218635b9e80\" data-cswidth=\"20.8%\" data-csendpoint=\"945\" data-csstartpoint=\"745\">\n<div id=\"column2-content\">\n<div id=\"column2-content-inner\" class=\"container-content-inner\">\n<div id=\"widget-3aa46f3b-56a7-4fd1-bdad-19e73896d777\" class=\"widget widget-text\">\n<div class=\"widget-content\">\n<p><span style=\"font-size: 14px;\"><span style=\"font-weight: bold;\">Beispiel<\/span>:<\/span> Wer haupts\u00e4chlich das N\u00e4herkommen eines Hundes f\u00fcrchtet, kann erlernen einem herannahenden Hund eine Grenze zu setzen, den Hund zu stoppen.<\/p>\n<p><span style=\"font-size: 14px; font-weight: bold;\">Beispiel:<\/span>\u00a0Sie m\u00f6gen keine Katzen oder f\u00fcrchten Katzen. Eine Feier bei Freunden. Deren Katze geht garantiert jedes Mal zu Ihnen und nur zu Ihnen. Anstatt einzuladen kann Ihr K\u00f6rper signalisieren: &#8222;Kein Interesse!&#8220;.<\/p>\n<p><span style=\"font-size: 14px;\"><span style=\"font-weight: bold;\">Beispiel<\/span>:<\/span> Wer Angst vor den gro\u00dfen Z\u00e4hnen eines Hundes oder vor flatterndem Gefl\u00fcgel hat, kann diese kennenlernen und mit ihnen Frieden schlie\u00dfen.<\/p>\n<p><span style=\"font-size: 14px;\"><strong>Beispiel:<\/strong><\/span> Ein Hund reagiert an der Leine unruhig bis aggressiv auf andere Hunde. Die \u00dcbungen zur Leinenf\u00fchrigkeit bringen bei Hunde-Begegnungen kaum Erfolge bzw. nur bei Herrchen, nicht bei Frauchen oder umgekehrt. Dann ist die Ursache h\u00e4ufig Angst des Hundehalters vor fremden Hunden.<\/p>\n<p><span style=\"font-size: 14px; font-weight: bold;\">Beispiel:<\/span> Wer sich vor leckenden, sabbernden Hunden z. B. im Bekanntenkreis ekelt, kann erlernen, Hunde auf Distanz zu halten.<\/p>\n<\/div>\n<\/div>\n<\/div>\n<\/div>\n<\/div>\n<div class=\"csColumnGap\" style=\"margin: 0px; padding: 0px; float: left; width: 1.56%;\"><img decoding=\"async\" src=\"http:\/\/mensch-tier-gemeinsam.de\/htdocs\/wp-content\/plugins\/advanced-wp-columns\/assets\/js\/plugins\/views\/img\/1x1-pixel.png\" alt=\"\" \/><\/div>\n<div style=\"clear: both; float: none; display: block; visibility: hidden; width: 0px; font-size: 0px; line-height: 0;\"><\/div>\n<\/div>\n<p>&nbsp;<\/p>\n","protected":false},"excerpt":{"rendered":"<p>F\u00fcr viele Menschen sind Begegnungen mit Tieren von Unsicherheit, teilweise sogar von \u00c4ngsten gepr\u00e4gt. Ein &#8222;Der tut nix. Der will nur spielen.&#8220; vom Hundebesitzer hilft hierbei nicht. Im Gegenteil, erst wenn Unsicherheiten und \u00c4ngste ernstgenommen werden, kann man sie verkleinern oder aufl\u00f6sen. Jede Unsicherheit \/ Angst hat ihre Ursache und damit auch ihre Berechtigung. Die [&hellip;]<\/p>\n","protected":false},"author":1,"featured_media":0,"parent":33,"menu_order":3,"comment_status":"closed","ping_status":"open","template":"page-templates\/full-width-wide.php","meta":{"footnotes":""},"class_list":["post-110","page","type-page","status-publish","hentry"],"_links":{"self":[{"href":"https:\/\/mensch-tier-gemeinsam.de\/htdocs\/wp-json\/wp\/v2\/pages\/110","targetHints":{"allow":["GET"]}}],"collection":[{"href":"https:\/\/mensch-tier-gemeinsam.de\/htdocs\/wp-json\/wp\/v2\/pages"}],"about":[{"href":"https:\/\/mensch-tier-gemeinsam.de\/htdocs\/wp-json\/wp\/v2\/types\/page"}],"author":[{"embeddable":true,"href":"https:\/\/mensch-tier-gemeinsam.de\/htdocs\/wp-json\/wp\/v2\/users\/1"}],"replies":[{"embeddable":true,"href":"https:\/\/mensch-tier-gemeinsam.de\/htdocs\/wp-json\/wp\/v2\/comments?post=110"}],"version-history":[{"count":2,"href":"https:\/\/mensch-tier-gemeinsam.de\/htdocs\/wp-json\/wp\/v2\/pages\/110\/revisions"}],"predecessor-version":[{"id":240,"href":"https:\/\/mensch-tier-gemeinsam.de\/htdocs\/wp-json\/wp\/v2\/pages\/110\/revisions\/240"}],"up":[{"embeddable":true,"href":"https:\/\/mensch-tier-gemeinsam.de\/htdocs\/wp-json\/wp\/v2\/pages\/33"}],"wp:attachment":[{"href":"https:\/\/mensch-tier-gemeinsam.de\/htdocs\/wp-json\/wp\/v2\/media?parent=110"}],"curies":[{"name":"wp","href":"https:\/\/api.w.org\/{rel}","templated":true}]}}