{"id":112,"date":"2015-03-19T21:40:56","date_gmt":"2015-03-19T21:40:56","guid":{"rendered":"http:\/\/mensch-tier-gemeinsam.de\/htdocs\/?page_id=112"},"modified":"2019-02-23T22:33:59","modified_gmt":"2019-02-23T22:33:59","slug":"zu-hause","status":"publish","type":"page","link":"https:\/\/mensch-tier-gemeinsam.de\/htdocs\/kommunikation-persoenlichkeitsentwicklung\/angst-vor-hunden-tieren\/zu-hause\/","title":{"rendered":"zu Hause"},"content":{"rendered":"<div class=\"csRow\">\n<div class=\"csColumnGap\" style=\"margin: 0px; padding: 0px; float: left; width: 1.56%;\"><img decoding=\"async\" src=\"http:\/\/mensch-tier-gemeinsam.de\/htdocs\/wp-content\/plugins\/advanced-wp-columns\/assets\/js\/plugins\/views\/img\/1x1-pixel.png\" alt=\"\" \/><\/div>\n<div class=\"csColumn\" style=\"margin: 0px; padding: 0px; float: left; width: 20.9%;\" data-csid=\"da08d80d-143b-a9b2-a51f-d4ed35597367\" data-cswidth=\"20.9%\" data-csendpoint=\"216\" data-csstartpoint=\"15\">\n<div id=\"column1-content\">\n<div id=\"column1-content-inner\" class=\"container-content-inner\">\n<div id=\"widget-714a87ad-cbb5-4bf1-9c6a-b2ceca2e67bd\" class=\"widget widget-text\">\n<div class=\"widget-content\">\n<p><span style=\"font-size: 14px; font-weight: bold;\">Angst vor Tieren <\/span>auf ein angemessenes Ma\u00df reduzieren:<\/p>\n<p>vor Hunden,\u00a0Katzen,\u00a0H\u00fchnern\/ Enten: kurzfristig m\u00f6glich<\/p>\n<p>vor anderen Tierarten: auf Anfrage<\/p>\n<\/div>\n<\/div>\n<\/div>\n<\/div>\n<\/div>\n<div class=\"csColumnGap\" style=\"margin: 0px; padding: 0px; float: left; width: 0.938%;\"><img decoding=\"async\" src=\"http:\/\/mensch-tier-gemeinsam.de\/htdocs\/wp-content\/plugins\/advanced-wp-columns\/assets\/js\/plugins\/views\/img\/1x1-pixel.png\" alt=\"\" \/><\/div>\n<div class=\"csColumn\" style=\"margin: 0px; padding: 0px; float: left; width: 53%;\" data-csid=\"79d43463-5eb5-0c5c-aa0a-f507b62778f3\" data-cswidth=\"53.0%\" data-csendpoint=\"734\" data-csstartpoint=\"225\">\n<div id=\"content-content\">\n<div id=\"content-content-inner\" class=\"container-content-inner\">\n<div id=\"widget-58946a16-d360-4520-8ef0-51b742be99c7\" class=\"widget widget-text\">\n<div class=\"widget-content\">\n<p>Informationen zum Thema &#8222;<span style=\"font-size: 14px; font-weight: bold;\">Angst vor Hunden<\/span>&#8220; bzw. &#8222;Gelassene Begegnungen mit Hunden&#8220; finden Sie <a class=\" link\" title=\"Angst vor Hunden (Tieren)\" href=\"http:\/\/mensch-tier-gemeinsam.de\/htdocs\/?page_id=110\">hier<\/a>. Mit <span style=\"font-size: 14px; font-weight: bold;\">Angst vor Katzen oder H\u00fchnern\u00a0<\/span>verh\u00e4lt es sich \u00e4hnlich. Wenn Sie Ihre Unsicherheit oder Angst vor Hunden oder Katzen auf ein gesundes Ma\u00df reduzieren m\u00f6chten und Sie in Mecklenburg-Vorpommern leben, kann es folgenderma\u00dfen ablaufen:<\/p>\n<p>Unangemessen starke Angst vor Tieren<\/p>\n<p>-&gt;\u00a0 <em>Individuelle Beratung<\/em>:<\/p>\n<ul>\n<li>dort, wo der Mensch sich wohlf\u00fchlt bzw. wo es sinnvoll ist<\/li>\n<li>mit geeigneten Tieren<\/li>\n<li>Bei Kindern ist es nur dann langfristig wirkungsvoll, wenn die Eltern\u00a0einbezogen werden. Je kleiner die Kinder sind, desto gr\u00f6\u00dfer ist der Einfluss der Eltern und deshalb auch umso wichtiger deren Mitarbeit.<\/li>\n<li>So oft Sie m\u00f6chten. Meistens sind 5 Beratungen im Abstand von etwa ein bis zwei Wochen n\u00f6tig f\u00fcr ein Leben mit mehr Freiheiten und wesentlich h\u00f6herer Lebensqualit\u00e4t.<\/li>\n<\/ul>\n<\/div>\n<\/div>\n<\/div>\n<\/div>\n<\/div>\n<div class=\"csColumnGap\" style=\"margin: 0px; padding: 0px; float: left; width: 1.15%;\"><img decoding=\"async\" src=\"http:\/\/mensch-tier-gemeinsam.de\/htdocs\/wp-content\/plugins\/advanced-wp-columns\/assets\/js\/plugins\/views\/img\/1x1-pixel.png\" alt=\"\" \/><\/div>\n<div class=\"csColumn\" style=\"margin: 0px; padding: 0px; float: left; width: 20.8%;\" data-csid=\"2b183cf0-e165-b94e-9fe4-a8f855e4068f\" data-cswidth=\"20.8%\" data-csendpoint=\"945\" data-csstartpoint=\"745\"><\/div>\n<div class=\"csColumnGap\" style=\"margin: 0px; padding: 0px; float: left; width: 1.56%;\"><img decoding=\"async\" src=\"http:\/\/mensch-tier-gemeinsam.de\/htdocs\/wp-content\/plugins\/advanced-wp-columns\/assets\/js\/plugins\/views\/img\/1x1-pixel.png\" alt=\"\" \/><\/div>\n<div style=\"clear: both; float: none; display: block; visibility: hidden; width: 0px; font-size: 0px; line-height: 0;\"><\/div>\n<\/div>\n","protected":false},"excerpt":{"rendered":"<p>Angst vor Tieren auf ein angemessenes Ma\u00df reduzieren: vor Hunden,\u00a0Katzen,\u00a0H\u00fchnern\/ Enten: kurzfristig m\u00f6glich vor anderen Tierarten: auf Anfrage Informationen zum Thema &#8222;Angst vor Hunden&#8220; bzw. &#8222;Gelassene Begegnungen mit Hunden&#8220; finden Sie hier. Mit Angst vor Katzen oder H\u00fchnern\u00a0verh\u00e4lt es sich \u00e4hnlich. Wenn Sie Ihre Unsicherheit oder Angst vor Hunden oder Katzen auf ein gesundes Ma\u00df [&hellip;]<\/p>\n","protected":false},"author":1,"featured_media":0,"parent":110,"menu_order":0,"comment_status":"closed","ping_status":"open","template":"","meta":{"footnotes":""},"class_list":["post-112","page","type-page","status-publish","hentry"],"_links":{"self":[{"href":"https:\/\/mensch-tier-gemeinsam.de\/htdocs\/wp-json\/wp\/v2\/pages\/112","targetHints":{"allow":["GET"]}}],"collection":[{"href":"https:\/\/mensch-tier-gemeinsam.de\/htdocs\/wp-json\/wp\/v2\/pages"}],"about":[{"href":"https:\/\/mensch-tier-gemeinsam.de\/htdocs\/wp-json\/wp\/v2\/types\/page"}],"author":[{"embeddable":true,"href":"https:\/\/mensch-tier-gemeinsam.de\/htdocs\/wp-json\/wp\/v2\/users\/1"}],"replies":[{"embeddable":true,"href":"https:\/\/mensch-tier-gemeinsam.de\/htdocs\/wp-json\/wp\/v2\/comments?post=112"}],"version-history":[{"count":5,"href":"https:\/\/mensch-tier-gemeinsam.de\/htdocs\/wp-json\/wp\/v2\/pages\/112\/revisions"}],"predecessor-version":[{"id":2316,"href":"https:\/\/mensch-tier-gemeinsam.de\/htdocs\/wp-json\/wp\/v2\/pages\/112\/revisions\/2316"}],"up":[{"embeddable":true,"href":"https:\/\/mensch-tier-gemeinsam.de\/htdocs\/wp-json\/wp\/v2\/pages\/110"}],"wp:attachment":[{"href":"https:\/\/mensch-tier-gemeinsam.de\/htdocs\/wp-json\/wp\/v2\/media?parent=112"}],"curies":[{"name":"wp","href":"https:\/\/api.w.org\/{rel}","templated":true}]}}