{"id":114,"date":"2015-03-19T21:43:25","date_gmt":"2015-03-19T21:43:25","guid":{"rendered":"http:\/\/mensch-tier-gemeinsam.de\/htdocs\/?page_id=114"},"modified":"2019-02-23T22:32:01","modified_gmt":"2019-02-23T22:32:01","slug":"intensiv-und-entspannt-im-urlaub","status":"publish","type":"page","link":"https:\/\/mensch-tier-gemeinsam.de\/htdocs\/kommunikation-persoenlichkeitsentwicklung\/angst-vor-hunden-tieren\/intensiv-und-entspannt-im-urlaub\/","title":{"rendered":"intensiv und entspannt im Urlaub"},"content":{"rendered":"<div class=\"csRow\">\n<div class=\"csColumnGap\" style=\"margin: 0px; padding: 0px; float: left; width: 1.56%;\"><img decoding=\"async\" src=\"http:\/\/mensch-tier-gemeinsam.de\/htdocs\/wp-content\/plugins\/advanced-wp-columns\/assets\/js\/plugins\/views\/img\/1x1-pixel.png\" alt=\"\" \/><\/div>\n<div class=\"csColumn\" style=\"margin: 0px; padding: 0px; float: left; width: 20.9%;\" data-csid=\"a6e7f5e8-c489-8c15-b583-7d8ee50eb97c\" data-cswidth=\"20.9%\" data-csendpoint=\"216\" data-csstartpoint=\"15\">\n<p><span style=\"font-size: 14px; font-weight: bold;\">Egal, wo Sie wohnen!<\/span><\/p>\n<\/div>\n<div class=\"csColumnGap\" style=\"margin: 0px; padding: 0px; float: left; width: 0.833%;\"><img decoding=\"async\" src=\"http:\/\/mensch-tier-gemeinsam.de\/htdocs\/wp-content\/plugins\/advanced-wp-columns\/assets\/js\/plugins\/views\/img\/1x1-pixel.png\" alt=\"\" \/><\/div>\n<div class=\"csColumn\" style=\"margin: 0px; padding: 0px; float: left; width: 53.2%;\" data-csid=\"8caf6185-1bb5-85cd-948c-6d75065c4452\" data-cswidth=\"53.2%\" data-csendpoint=\"735\" data-csstartpoint=\"224\">\n<div id=\"content-content\">\n<div id=\"content-content-inner\" class=\"container-content-inner\">\n<div id=\"widget-1783bb2f-cf04-44c0-839d-1502626975d6\" class=\"widget widget-text\">\n<div class=\"widget-content\">\n<h1 style=\"text-align: center;\">Hunden begegnen: Mit Sicherheit!<\/h1>\n<p>Damit auch Menschen, die weiter entfernt wohnen, ihre Angst vor Hunden auf ein gesundes Ma\u00df reduzieren k\u00f6nnen, habe ich ein spezielles Konzept entwickelt. Da die Auseinandersetzung mit der eigenen Angst innerhalb kurzer Zeit in mehrfacher Hinsicht sehr intensiv ist, sind Ausgleich und besondere Randbedingungen sinnvoll.<\/p>\n<ul>\n<li><a class=\" link\" title=\"Angst vor Hunden (Tieren)\" href=\"http:\/\/mensch-tier-gemeinsam.de\/htdocs\/?page_id=110\">Beratung\u00a0&#8222;Angst vor Hunden&#8220;<\/a> in Zusammenhang mit Urlaub im naturnahen Mecklenburg-Vorpommern, zum Beispiel in der <a class=\" link\" href=\"http:\/\/vogelparkregion-recknitztal.tv-fdz.de\/willkommen\" target=\"_blank\" rel=\"noopener noreferrer\">Vogelparkregion Recknitztal<\/a><\/li>\n<li>Tipps f\u00fcr die Auswahl von Unterk\u00fcnften, die f\u00fcr Menschen mit Angst vor Tieren geeignet sind<\/li>\n<li>individuelle Absprache: Beratungstermine \u00fcber Ihren Urlaub verteilt. Je l\u00e4nger Ihr Urlaub ist, umso lockerer k\u00f6nnen wir die Termine verteilen. Minimum: 1 Woche oder 2 Wochenenden<\/li>\n<li>Bereits im telefonischen Vorgespr\u00e4ch besprechen wir, auf welche Art Sie hier gut entspannen k\u00f6nnen und organisieren es ggf.<\/li>\n<li>Tipps f\u00fcr Freizeitbesch\u00e4ftigungen, die f\u00fcr Menschen mit Angst vor Hunden geeignet sind<\/li>\n<\/ul>\n<p><span style=\"font-weight: normal; font-size: 13px;\">\u00a0<\/span><\/p>\n<p>Die Details k\u00f6nnen wir gern am Telefon besprechen.<\/p>\n<p>Dieses Angebot gilt ebenso f\u00fcr Menschen, die ihre Angst vor <strong>H\u00fchnern<\/strong> auf ein gesundes Ma\u00df reduzieren wollen.<\/p>\n<\/div>\n<\/div>\n<\/div>\n<\/div>\n<\/div>\n<div class=\"csColumnGap\" style=\"margin: 0px; padding: 0px; float: left; width: 1.04%;\"><img decoding=\"async\" src=\"http:\/\/mensch-tier-gemeinsam.de\/htdocs\/wp-content\/plugins\/advanced-wp-columns\/assets\/js\/plugins\/views\/img\/1x1-pixel.png\" alt=\"\" \/><\/div>\n<div class=\"csColumn\" style=\"margin: 0px; padding: 0px; float: left; width: 20.8%;\" data-csid=\"8e8d76d0-2e98-fd55-b297-5b6ecb5ed72c\" data-cswidth=\"20.8%\" data-csendpoint=\"945\" data-csstartpoint=\"745\">\n<p><span style=\"font-size: 14px; font-weight: bold;\">intensiv und entspannt<\/span><\/p>\n<\/div>\n<div class=\"csColumnGap\" style=\"margin: 0px; padding: 0px; float: left; width: 1.56%;\"><img decoding=\"async\" src=\"http:\/\/mensch-tier-gemeinsam.de\/htdocs\/wp-content\/plugins\/advanced-wp-columns\/assets\/js\/plugins\/views\/img\/1x1-pixel.png\" alt=\"\" \/><\/div>\n<div style=\"clear: both; float: none; display: block; visibility: hidden; width: 0px; font-size: 0px; line-height: 0;\"><\/div>\n<\/div>\n","protected":false},"excerpt":{"rendered":"<p>Egal, wo Sie wohnen! Hunden begegnen: Mit Sicherheit! Damit auch Menschen, die weiter entfernt wohnen, ihre Angst vor Hunden auf ein gesundes Ma\u00df reduzieren k\u00f6nnen, habe ich ein spezielles Konzept entwickelt. Da die Auseinandersetzung mit der eigenen Angst innerhalb kurzer Zeit in mehrfacher Hinsicht sehr intensiv ist, sind Ausgleich und besondere Randbedingungen sinnvoll. Beratung\u00a0&#8222;Angst vor [&hellip;]<\/p>\n","protected":false},"author":1,"featured_media":0,"parent":110,"menu_order":1,"comment_status":"closed","ping_status":"open","template":"","meta":{"footnotes":""},"class_list":["post-114","page","type-page","status-publish","hentry"],"_links":{"self":[{"href":"https:\/\/mensch-tier-gemeinsam.de\/htdocs\/wp-json\/wp\/v2\/pages\/114","targetHints":{"allow":["GET"]}}],"collection":[{"href":"https:\/\/mensch-tier-gemeinsam.de\/htdocs\/wp-json\/wp\/v2\/pages"}],"about":[{"href":"https:\/\/mensch-tier-gemeinsam.de\/htdocs\/wp-json\/wp\/v2\/types\/page"}],"author":[{"embeddable":true,"href":"https:\/\/mensch-tier-gemeinsam.de\/htdocs\/wp-json\/wp\/v2\/users\/1"}],"replies":[{"embeddable":true,"href":"https:\/\/mensch-tier-gemeinsam.de\/htdocs\/wp-json\/wp\/v2\/comments?post=114"}],"version-history":[{"count":5,"href":"https:\/\/mensch-tier-gemeinsam.de\/htdocs\/wp-json\/wp\/v2\/pages\/114\/revisions"}],"predecessor-version":[{"id":2315,"href":"https:\/\/mensch-tier-gemeinsam.de\/htdocs\/wp-json\/wp\/v2\/pages\/114\/revisions\/2315"}],"up":[{"embeddable":true,"href":"https:\/\/mensch-tier-gemeinsam.de\/htdocs\/wp-json\/wp\/v2\/pages\/110"}],"wp:attachment":[{"href":"https:\/\/mensch-tier-gemeinsam.de\/htdocs\/wp-json\/wp\/v2\/media?parent=114"}],"curies":[{"name":"wp","href":"https:\/\/api.w.org\/{rel}","templated":true}]}}