{"id":120,"date":"2015-03-19T21:48:12","date_gmt":"2015-03-19T21:48:12","guid":{"rendered":"http:\/\/mensch-tier-gemeinsam.de\/htdocs\/?page_id=120"},"modified":"2015-03-19T21:48:12","modified_gmt":"2015-03-19T21:48:12","slug":"individuelle-beratungen-fuer-kaninchenhalter","status":"publish","type":"page","link":"https:\/\/mensch-tier-gemeinsam.de\/htdocs\/fuer-tierhalter\/fuer-menschen-mit-kaninchen\/individuelle-beratungen-fuer-kaninchenhalter\/","title":{"rendered":"Individuelle Beratungen f\u00fcr Kaninchenhalter"},"content":{"rendered":"<div class=\"csRow\">\n<div class=\"csColumnGap\" style=\"margin: 0px; padding: 0px; float: left; width: 1.56%;\"><img decoding=\"async\" src=\"http:\/\/mensch-tier-gemeinsam.de\/htdocs\/wp-content\/plugins\/advanced-wp-columns\/assets\/js\/plugins\/views\/img\/1x1-pixel.png\" alt=\"\" \/><\/div>\n<div class=\"csColumn\" style=\"margin: 0px; padding: 0px; float: left; width: 20.8%;\" data-csid=\"646a3060-f2df-4f3d-ade0-465976087552\" data-cswidth=\"20.8%\" data-csendpoint=\"215\" data-csstartpoint=\"15\">\n<div id=\"column1-content\">\n<div id=\"column1-content-inner\" class=\"container-content-inner\">\n<div id=\"widget-73081fc4-81f9-45de-b735-e9c97baaf5cb\" class=\"widget widget-text\">\n<div class=\"widget-content\">\n<h2>Hase oder Kaninchen?<\/h2>\n<p>Sie wissen nicht, ob Sie ein Kaninchen oder einen Hasen haben? Oder Sie glauben, sie h\u00e4tten einen Hasen?\u00a0Ist Ihr Tier nackt und blind auf die Welt gekommen? Dann ist es ein Kaninchen. Au\u00dfer in Wildtierstationen gibt es in Gefangenschaft bei Menschen eigentlich nur Kaninchen.<\/p>\n<p>Mir geht es nicht um Wortklauberei. Es ist mir egal, ob jemand Gl\u00fchlampe oder Gl\u00fchbirne sagt. Schlie\u00dflich wei\u00df ich, was gemeint ist. Doch\u00a0f\u00fcr Kaninchen ist es fatal, wenn sie mit Hasen verwechselt werden. Feldhasen und Wildkaninchen haben sehr unterschiedliche Lebensweisen.<\/p>\n<\/div>\n<\/div>\n<\/div>\n<\/div>\n<\/div>\n<div class=\"csColumnGap\" style=\"margin: 0px; padding: 0px; float: left; width: 0.938%;\"><img decoding=\"async\" src=\"http:\/\/mensch-tier-gemeinsam.de\/htdocs\/wp-content\/plugins\/advanced-wp-columns\/assets\/js\/plugins\/views\/img\/1x1-pixel.png\" alt=\"\" \/><\/div>\n<div class=\"csColumn\" style=\"margin: 0px; padding: 0px; float: left; width: 53.1%;\" data-csid=\"a31ec442-3a1d-ec7c-8206-63ece910ca84\" data-cswidth=\"53.1%\" data-csendpoint=\"734\" data-csstartpoint=\"224\">\n<div id=\"content-content\">\n<div id=\"content-content-inner\" class=\"container-content-inner\">\n<div id=\"widget-b87184c7-de3b-46e8-8dc2-0def04c2c0cb\" class=\"widget widget-text\">\n<div class=\"widget-content\">\n<p><img loading=\"lazy\" decoding=\"async\" id=\"mce-4017\" style=\"float: left; margin-right: 10px;\" src=\"..\/..\/..\/..\/..\/..\/..\/..\/attachments\/Image\/100_0038_kompr_1.jpg?template=generic&amp;header=headers1&amp;button=buttons1\" alt=\"\" width=\"99\" height=\"151\" \/><\/p>\n<p style=\"text-align: left;\">\n<h1>\u00a0\u00a0\u00a0\u00a0\u00a0 Kaninchen &#8211; \u00fcberaschend interessant<\/h1>\n<p>&nbsp;<\/p>\n<p>&nbsp;<\/p>\n<p>&nbsp;<\/p>\n<p>Kaninchen brauchen die Gesellschaft von Artgenossen. Auf dem Foto (unten) ist deutlich zu erkennen, wie wichtig K\u00f6rperkontakt f\u00fcr Kaninchen ist. Der Raum ist schlie\u00dflich gro\u00df genug, sie k\u00f6nnten sich auch anders verteilen, wenn sie wollten.<\/p>\n<p><img loading=\"lazy\" decoding=\"async\" id=\"mce-5035\" style=\"display: block; margin-left: auto; margin-right: auto;\" src=\"..\/..\/..\/..\/..\/..\/..\/..\/attachments\/Image\/image10_kompr.jpg?template=generic&amp;header=headers1&amp;button=buttons1\" alt=\"\" width=\"400\" height=\"300\" \/><\/p>\n<p>Prinzipiell kann jedes Kaninchen mit anderen vergesellschaftet werden. Das blo\u00dfe Zusammensperren mehrerer Kaninchen im selben Gehege ist allerdings noch keine Vergesellschaftung und kann f\u00fcr die beteiligten Kaninchen gef\u00e4hrlich sein. Es m\u00fcssen bestimmte Voraussetzungen erf\u00fcllt werden. Die Einrichtung des K\u00e4figs ist \u00e4u\u00dferst wichtig sowie die Auswahl und gegebenenfalls die Vorbereitung der beteiligten Kaninchen.<\/p>\n<p>Diese Kaninchen sind die Anwesenheit von Menschen gew\u00f6hnt und lassen sich weder beim Fressen noch beim Putzen vom Menschen oder von Kamera und Blitzlicht st\u00f6ren (unten).<\/p>\n<p><img loading=\"lazy\" decoding=\"async\" id=\"mce-4119\" style=\"display: block; margin-left: auto; margin-right: auto;\" src=\"..\/..\/..\/..\/..\/..\/..\/..\/attachments\/Image\/100_0065_kompr.jpg?template=generic&amp;header=headers1&amp;button=buttons1\" alt=\"\" width=\"400\" height=\"264\" \/><\/p>\n<p>&nbsp;<\/p>\n<p>Bei problematischen Verhaltensweisen wie Angstverhalten, Aggressionen, Apathie oder Fluchtunf\u00e4higkeit handelt es sich meistens um typische Mensch-Tier-Missverst\u00e4ndnisse, selten um um eine Verhaltensst\u00f6rung.<\/p>\n<p>&nbsp;<\/p>\n<p><img loading=\"lazy\" decoding=\"async\" id=\"mce-4265\" style=\"display: block; margin-left: auto; margin-right: auto;\" src=\"..\/..\/..\/..\/..\/..\/..\/..\/attachments\/Image\/P8180028_kompr.jpg?template=generic&amp;header=headers1&amp;button=buttons1\" alt=\"\" width=\"400\" height=\"307\" \/><\/p>\n<p>So sieht der Beginn eines gesunden Revier- oder Rangordnungskampfes aus (oben). Wenn man mehrere Kaninchen zusammenf\u00fchrt, muss man die Unterschiede zwischen gesunden und sch\u00e4digenden K\u00e4mpfen erkennen k\u00f6nnen.<\/p>\n<p><img loading=\"lazy\" decoding=\"async\" id=\"mce-4191\" style=\"display: block; margin-left: auto; margin-right: auto;\" src=\"..\/..\/..\/..\/..\/..\/..\/..\/attachments\/Image\/P8050018_kompr.jpg?template=generic&amp;header=headers1&amp;button=buttons1\" alt=\"\" width=\"400\" height=\"159\" \/><\/p>\n<p>Diese Kaninchen vertrauen\u00a0einander und genie\u00dfen die k\u00f6rperliche N\u00e4he sowohl beim Ruhen (oben) als auch beim Fressen (unten).<\/p>\n<p><img loading=\"lazy\" decoding=\"async\" id=\"mce-4336\" style=\"display: block; margin-left: auto; margin-right: auto;\" src=\"..\/..\/..\/..\/..\/..\/..\/..\/attachments\/Image\/P8180029_kompr.jpg?template=generic&amp;header=headers1&amp;button=buttons1\" alt=\"\" width=\"400\" height=\"302\" \/><\/p>\n<p>Foto unten: Hier wird ein Machtkampf symbolisch \u00fcber das Futter ausgef\u00fchrt. Anna (rechts) ist neu hinzugekommen und muss deshalb warten. Die beiden rangh\u00f6heren Kaninchen fressen nicht einfach nur, sondern zeigen Anna, dass sie die Macht \u00fcber das Futter haben.<\/p>\n<p><img loading=\"lazy\" decoding=\"async\" id=\"mce-1533\" style=\"display: block; margin-left: auto; margin-right: auto;\" src=\"..\/..\/..\/..\/..\/..\/..\/..\/attachments\/Image\/anna_neu.jpg?template=generic&amp;header=headers1&amp;button=buttons1\" alt=\"\" width=\"401\" height=\"299\" \/><\/p>\n<p>&nbsp;<\/p>\n<p><img loading=\"lazy\" decoding=\"async\" id=\"mce-1259\" style=\"display: block; margin-left: auto; margin-right: auto;\" title=\"wortlose Verst\u00e4ndigung\" src=\"..\/..\/..\/..\/..\/..\/..\/..\/attachments\/Image\/DSCF0059_kompr.jpg?template=generic&amp;header=headers1&amp;button=buttons1\" alt=\"wortlose Verst\u00e4ndigung\" width=\"400\" height=\"300\" \/><\/p>\n<p>Der Junge links \u00fcbt sich im richtigen Halten, der Junge rechts kommuniziert mit dem Kaninchen. Diese Geste bedeutet, dass der Junge rangh\u00f6her ist als das Kaninchen, was vom Kaninchen akzeptiert wird.<\/p>\n<p>&nbsp;<\/p>\n<p>Wer Kaninchen beobachtet, entdeckt noch viele weitere interessante Verhaltensweisen, wie z. B. Revierverhalten, Rangordnungsverhalten, gegenseitige K\u00f6rperpflege, auch in den Ohren, Verhalten bei Gefahr, &#8230;<\/p>\n<\/div>\n<\/div>\n<\/div>\n<\/div>\n<\/div>\n<div class=\"csColumnGap\" style=\"margin: 0px; padding: 0px; float: left; width: 1.25%;\"><img decoding=\"async\" src=\"http:\/\/mensch-tier-gemeinsam.de\/htdocs\/wp-content\/plugins\/advanced-wp-columns\/assets\/js\/plugins\/views\/img\/1x1-pixel.png\" alt=\"\" \/><\/div>\n<div class=\"csColumn\" style=\"margin: 0px; padding: 0px; float: left; width: 20.7%;\" data-csid=\"e328986a-7e5c-8ea4-9b79-204064b0ed35\" data-cswidth=\"20.7%\" data-csendpoint=\"945\" data-csstartpoint=\"746\">\n<div id=\"column2-content\">\n<div id=\"column2-content-inner\" class=\"container-content-inner\">\n<div id=\"widget-eb132d03-0c10-46d1-a94c-960611538365\" class=\"widget widget-text\">\n<div class=\"widget-content\">\n<p><span style=\"font-size: 14px; font-weight: bold;\">Beispiel<\/span>: Zwei Kaninchen leben beim selben Besitzer in zwei verschiedenen K\u00e4figen. Eigentlich sollten sie\u00a0 zusammenleben. Aber bei der Zusammensetzung haben sie sich gebissen und verletzt. Der Besitzer glaubt, <span style=\"font-weight: bold;\">die beiden Kaninchen vertragen sich nicht <\/span>und dass es besser f\u00fcr sie sei, sie getrennt zu halten.<\/p>\n<p><span style=\"font-size: 14px; font-weight: bold;\">Beispiel:<\/span> Ihr Kind \u00f6ffnet den K\u00e4fig von oben und m\u00f6chte liebevoll sein Kaninchen streicheln. Das <span style=\"font-size: 14px; font-weight: bold;\">Kaninchen<\/span> schnellt der Hand entgegen, knurrt und <span style=\"font-size: 14px; font-weight: bold;\">kratzt<\/span>. Von ihrem Kind eine lieb gemeinte Geste. Das Kaninchen hat als Beutetier jedoch das instinktive Wissen, dass jeder, der sich von oben seinem K\u00f6rper n\u00e4hert, ein Raubtier ist und T\u00f6tungsabsichten hat. Als h\u00f6hlenbewohnendes Beutetier brauchen Kaninchen Versteckm\u00f6glichkeiten &#8211; und H\u00e4nde, die sich langsam von unten-seitlich-vorn n\u00e4hern.<\/p>\n<\/div>\n<\/div>\n<\/div>\n<\/div>\n<\/div>\n<div class=\"csColumnGap\" style=\"margin: 0px; padding: 0px; float: left; width: 1.56%;\"><img decoding=\"async\" src=\"http:\/\/mensch-tier-gemeinsam.de\/htdocs\/wp-content\/plugins\/advanced-wp-columns\/assets\/js\/plugins\/views\/img\/1x1-pixel.png\" alt=\"\" \/><\/div>\n<div style=\"clear: both; float: none; display: block; visibility: hidden; width: 0px; font-size: 0px; line-height: 0;\"><\/div>\n<\/div>\n<p>&nbsp;<\/p>\n","protected":false},"excerpt":{"rendered":"<p>Hase oder Kaninchen? Sie wissen nicht, ob Sie ein Kaninchen oder einen Hasen haben? Oder Sie glauben, sie h\u00e4tten einen Hasen?\u00a0Ist Ihr Tier nackt und blind auf die Welt gekommen? Dann ist es ein Kaninchen. Au\u00dfer in Wildtierstationen gibt es in Gefangenschaft bei Menschen eigentlich nur Kaninchen. Mir geht es nicht um Wortklauberei. Es ist [&hellip;]<\/p>\n","protected":false},"author":1,"featured_media":0,"parent":116,"menu_order":1,"comment_status":"closed","ping_status":"open","template":"page-templates\/full-width-wide.php","meta":{"footnotes":""},"class_list":["post-120","page","type-page","status-publish","hentry"],"_links":{"self":[{"href":"https:\/\/mensch-tier-gemeinsam.de\/htdocs\/wp-json\/wp\/v2\/pages\/120","targetHints":{"allow":["GET"]}}],"collection":[{"href":"https:\/\/mensch-tier-gemeinsam.de\/htdocs\/wp-json\/wp\/v2\/pages"}],"about":[{"href":"https:\/\/mensch-tier-gemeinsam.de\/htdocs\/wp-json\/wp\/v2\/types\/page"}],"author":[{"embeddable":true,"href":"https:\/\/mensch-tier-gemeinsam.de\/htdocs\/wp-json\/wp\/v2\/users\/1"}],"replies":[{"embeddable":true,"href":"https:\/\/mensch-tier-gemeinsam.de\/htdocs\/wp-json\/wp\/v2\/comments?post=120"}],"version-history":[{"count":1,"href":"https:\/\/mensch-tier-gemeinsam.de\/htdocs\/wp-json\/wp\/v2\/pages\/120\/revisions"}],"predecessor-version":[{"id":121,"href":"https:\/\/mensch-tier-gemeinsam.de\/htdocs\/wp-json\/wp\/v2\/pages\/120\/revisions\/121"}],"up":[{"embeddable":true,"href":"https:\/\/mensch-tier-gemeinsam.de\/htdocs\/wp-json\/wp\/v2\/pages\/116"}],"wp:attachment":[{"href":"https:\/\/mensch-tier-gemeinsam.de\/htdocs\/wp-json\/wp\/v2\/media?parent=120"}],"curies":[{"name":"wp","href":"https:\/\/api.w.org\/{rel}","templated":true}]}}