{"id":124,"date":"2015-03-19T21:50:27","date_gmt":"2015-03-19T21:50:27","guid":{"rendered":"http:\/\/mensch-tier-gemeinsam.de\/htdocs\/?page_id=124"},"modified":"2017-04-11T07:44:24","modified_gmt":"2017-04-11T07:44:24","slug":"veranstaltungen-fuer-katzenhalter","status":"publish","type":"page","link":"https:\/\/mensch-tier-gemeinsam.de\/htdocs\/fuer-tierhalter\/fuer-menschen-mit-katzen\/veranstaltungen-fuer-katzenhalter\/","title":{"rendered":"Veranstaltungen f\u00fcr Katzenhalter"},"content":{"rendered":"<p>Veranstaltungen f\u00fcr Katzenhalter<\/p>\n<p>&nbsp;<\/p>\n<ul>\n<li><a class=\" link\" href=\"http:\/\/www.mensch-tier-gemeinsam.de\/page74.php\">Themenabende<\/a>:\n<ul>\n<li>Mit Katzen spielen<\/li>\n<\/ul>\n<ul>\n<li>Hund und Katze friedlich zusammen\u00a0(auch f\u00fcr Halter von Katzen und Kaninchen geeignet)<\/li>\n<\/ul>\n<ul>\n<li>Mit dem Tier zum Tierarzt<\/li>\n<li>Hund streicheln (auch f\u00fcr Halter von Katzen, Kaninchen und anderen S\u00e4ugetieren geeignet)<\/li>\n<li>Alter Hund, kranker Hund\u00a0(auch f\u00fcr Halter von Katzen, Kaninchen und anderen Tieren geeignet)<\/li>\n<li>Silvester mit einem gelassenen Hund verbringen\u00a0(auch f\u00fcr Katzenhalter geeignet)<\/li>\n<li>Ein Hund lebt im Haushalt, ein Kind kommt dazu\u00a0(auch f\u00fcr Halter von Katzen, Kaninchen und anderen Tieren geeignet)<\/li>\n<li>Haltung mehrerer Hunde(auch f\u00fcr Katzenhalter geeignet)<\/li>\n<li>Jungtiere aufziehen und nat\u00fcrlich erziehen<\/li>\n<\/ul>\n<\/li>\n<li>Seminare:\n<ul>\n<li><a class=\" link\" href=\"http:\/\/www.mensch-tier-gemeinsam.de\/page75.php\">Entscheidungen treffen, Entscheidungen umsetzen, geachtet werden <\/a>(Kurz-Seminar f\u00fcr jede Lebenssituation) (geeignet, wenn Ihre Katzen in der Wohnung leben)<\/li>\n<li><a class=\" link\" href=\"http:\/\/www.mensch-tier-gemeinsam.de\/page78.php\">Souver\u00e4n f\u00fchren, Entspannung bewirken<\/a>\u00a0(f\u00fcr Fortgeschrittene, Veranstaltungsreihe: Kurz-Seminare f\u00fcr jede Lebenssituation)\u00a0(geeignet, wenn Ihre Katzen in der Wohnung leben)<\/li>\n<li><a href=\"http:\/\/mensch-tier-gemeinsam.de\/htdocs\/fuer-tierhalter\/fuer-menschen-mit-katzen\/veranstaltungen-fuer-katzenhalter\/hund-und-katze-friedlich-zusammen\/\">Hund und Katze friedlich zusammen<\/a><\/li>\n<\/ul>\n<\/li>\n<\/ul>\n","protected":false},"excerpt":{"rendered":"<p>Veranstaltungen f\u00fcr Katzenhalter &nbsp; Themenabende: Mit Katzen spielen Hund und Katze friedlich zusammen\u00a0(auch f\u00fcr Halter von Katzen und Kaninchen geeignet) Mit dem Tier zum Tierarzt Hund streicheln (auch f\u00fcr Halter von Katzen, Kaninchen und anderen S\u00e4ugetieren geeignet) Alter Hund, kranker Hund\u00a0(auch f\u00fcr Halter von Katzen, Kaninchen und anderen Tieren geeignet) Silvester mit einem gelassenen Hund [&hellip;]<\/p>\n","protected":false},"author":1,"featured_media":0,"parent":122,"menu_order":0,"comment_status":"closed","ping_status":"open","template":"","meta":{"footnotes":""},"class_list":["post-124","page","type-page","status-publish","hentry"],"_links":{"self":[{"href":"https:\/\/mensch-tier-gemeinsam.de\/htdocs\/wp-json\/wp\/v2\/pages\/124","targetHints":{"allow":["GET"]}}],"collection":[{"href":"https:\/\/mensch-tier-gemeinsam.de\/htdocs\/wp-json\/wp\/v2\/pages"}],"about":[{"href":"https:\/\/mensch-tier-gemeinsam.de\/htdocs\/wp-json\/wp\/v2\/types\/page"}],"author":[{"embeddable":true,"href":"https:\/\/mensch-tier-gemeinsam.de\/htdocs\/wp-json\/wp\/v2\/users\/1"}],"replies":[{"embeddable":true,"href":"https:\/\/mensch-tier-gemeinsam.de\/htdocs\/wp-json\/wp\/v2\/comments?post=124"}],"version-history":[{"count":2,"href":"https:\/\/mensch-tier-gemeinsam.de\/htdocs\/wp-json\/wp\/v2\/pages\/124\/revisions"}],"predecessor-version":[{"id":1610,"href":"https:\/\/mensch-tier-gemeinsam.de\/htdocs\/wp-json\/wp\/v2\/pages\/124\/revisions\/1610"}],"up":[{"embeddable":true,"href":"https:\/\/mensch-tier-gemeinsam.de\/htdocs\/wp-json\/wp\/v2\/pages\/122"}],"wp:attachment":[{"href":"https:\/\/mensch-tier-gemeinsam.de\/htdocs\/wp-json\/wp\/v2\/media?parent=124"}],"curies":[{"name":"wp","href":"https:\/\/api.w.org\/{rel}","templated":true}]}}