{"id":1254,"date":"2016-06-28T11:36:29","date_gmt":"2016-06-28T11:36:29","guid":{"rendered":"http:\/\/mensch-tier-gemeinsam.de\/htdocs\/?page_id=1254"},"modified":"2021-07-27T14:42:02","modified_gmt":"2021-07-27T14:42:02","slug":"nero","status":"publish","type":"page","link":"https:\/\/mensch-tier-gemeinsam.de\/htdocs\/ueber-uns\/nero\/","title":{"rendered":"Nero"},"content":{"rendered":"<p>Geboren\u00a0wahrscheinlich 2009.\u00a0Nero\u00a0ist seit April 2016\u00a0in unserem Rudel.<\/p>\n<div id=\"attachment_1257\" style=\"width: 511px\" class=\"wp-caption alignnone\"><a href=\"http:\/\/mensch-tier-gemeinsam.de\/htdocs\/wp-content\/uploads\/2016\/06\/nero_zu_beginn.jpg\"><img loading=\"lazy\" decoding=\"async\" aria-describedby=\"caption-attachment-1257\" class=\"wp-image-1257 \" src=\"http:\/\/mensch-tier-gemeinsam.de\/htdocs\/wp-content\/uploads\/2016\/06\/nero_zu_beginn.jpg\" width=\"501\" height=\"360\" srcset=\"https:\/\/mensch-tier-gemeinsam.de\/htdocs\/wp-content\/uploads\/2016\/06\/nero_zu_beginn.jpg 1024w, https:\/\/mensch-tier-gemeinsam.de\/htdocs\/wp-content\/uploads\/2016\/06\/nero_zu_beginn-300x216.jpg 300w, https:\/\/mensch-tier-gemeinsam.de\/htdocs\/wp-content\/uploads\/2016\/06\/nero_zu_beginn-768x552.jpg 768w, https:\/\/mensch-tier-gemeinsam.de\/htdocs\/wp-content\/uploads\/2016\/06\/nero_zu_beginn-624x449.jpg 624w\" sizes=\"auto, (max-width: 501px) 100vw, 501px\" \/><\/a><p id=\"caption-attachment-1257\" class=\"wp-caption-text\">Nero kurz nach dem Einzug<\/p><\/div>\n<p>Vorlieben:<\/p>\n<ul>\n<li>Erstmal gr\u00f6\u00dfer wirken als man ist<\/li>\n<\/ul>\n<p><a href=\"http:\/\/mensch-tier-gemeinsam.de\/htdocs\/wp-content\/uploads\/2016\/06\/peppi_nero.jpg\"><img loading=\"lazy\" decoding=\"async\" class=\"alignnone wp-image-1258 \" src=\"http:\/\/mensch-tier-gemeinsam.de\/htdocs\/wp-content\/uploads\/2016\/06\/peppi_nero-e1467115005170.jpg\" alt=\"Peppi und Nero\" width=\"536\" height=\"242\" srcset=\"https:\/\/mensch-tier-gemeinsam.de\/htdocs\/wp-content\/uploads\/2016\/06\/peppi_nero-e1467115005170.jpg 1024w, https:\/\/mensch-tier-gemeinsam.de\/htdocs\/wp-content\/uploads\/2016\/06\/peppi_nero-e1467115005170-300x135.jpg 300w, https:\/\/mensch-tier-gemeinsam.de\/htdocs\/wp-content\/uploads\/2016\/06\/peppi_nero-e1467115005170-768x347.jpg 768w, https:\/\/mensch-tier-gemeinsam.de\/htdocs\/wp-content\/uploads\/2016\/06\/peppi_nero-e1467115005170-624x282.jpg 624w\" sizes=\"auto, (max-width: 536px) 100vw, 536px\" \/><\/a><\/p>\n<ul>\n<li>sich mit jedem Menschen anfreunden<\/li>\n<li>die gr\u00f6\u00dftm\u00f6gliche Menge an Aufmerksamkeit von s\u00e4mtlichen Lebewesen bekommen<\/li>\n<li>Ronja jeden Quatsch abgucken und nachmachen<\/li>\n<li>alles geschmacklich testen<\/li>\n<\/ul>\n<p><a href=\"http:\/\/mensch-tier-gemeinsam.de\/htdocs\/wp-content\/uploads\/2016\/06\/nero_portrait.jpg\"><img loading=\"lazy\" decoding=\"async\" class=\"wp-image-1256 size-medium alignnone\" src=\"http:\/\/mensch-tier-gemeinsam.de\/htdocs\/wp-content\/uploads\/2016\/06\/nero_portrait-300x225.jpg\" alt=\"Nero\" width=\"300\" height=\"225\" srcset=\"https:\/\/mensch-tier-gemeinsam.de\/htdocs\/wp-content\/uploads\/2016\/06\/nero_portrait-300x225.jpg 300w, https:\/\/mensch-tier-gemeinsam.de\/htdocs\/wp-content\/uploads\/2016\/06\/nero_portrait-768x576.jpg 768w, https:\/\/mensch-tier-gemeinsam.de\/htdocs\/wp-content\/uploads\/2016\/06\/nero_portrait.jpg 1024w, https:\/\/mensch-tier-gemeinsam.de\/htdocs\/wp-content\/uploads\/2016\/06\/nero_portrait-624x468.jpg 624w\" sizes=\"auto, (max-width: 300px) 100vw, 300px\" \/><\/a><\/p>\n<p>Neros St\u00e4rken:<\/p>\n<ul>\n<li>Er konzentriert sich immer nur auf eine Sache zur Zeit.<\/li>\n<li>Nero verkraftet die schnelle und meist aufdringliche Ann\u00e4herung von Menschen sehr gut.<\/li>\n<li>Er lernt schnell. Vom reinen Hofhund hat er sich in wenigen Wochen ans Autofahren, Dulden von Katzen, Dulden fremder Hunde im Revier, in R\u00e4ume gehen, u. v. m. gew\u00f6hnt.<\/li>\n<\/ul>\n<p>Den Namen Nero brachte er mit. Wenn ich ihn ansehe, denke ich meistens &#8222;Wackeldackel&#8220; oder &#8222;tiefergelegter Labrador&#8220;. Gleich vom ersten Tag an hat er tier\u00e4rztliche Untersuchungen, eine umfangreiche Operation und alles, was damit zusammenh\u00e4ngt, \u00fcber sich ergehen lassen. Er ist ein absoluter Menschenfreund und Optimist. Sein eingleisiges Denken und der Optimismus machen ihn f\u00fcr mich\u00a0im Vergleich zu Daria und Ronja zu einem Erholungshund.<\/p>\n<h3><strong>Im Juli 2021 starb Nero.<\/strong><\/h3>\n<p>Informationen zu Neros Leben und Sterben finden Sie <a href=\"https:\/\/mensch-tier-gemeinsam.de\/htdocs\/ueber-uns\/nero\/in-gedenken-an-nero\/\" data-wplink-edit=\"true\">hier<\/a>.<\/p>\n","protected":false},"excerpt":{"rendered":"<p>Geboren\u00a0wahrscheinlich 2009.\u00a0Nero\u00a0ist seit April 2016\u00a0in unserem Rudel. Vorlieben: Erstmal gr\u00f6\u00dfer wirken als man ist sich mit jedem Menschen anfreunden die gr\u00f6\u00dftm\u00f6gliche Menge an Aufmerksamkeit von s\u00e4mtlichen Lebewesen bekommen Ronja jeden Quatsch abgucken und nachmachen alles geschmacklich testen Neros St\u00e4rken: Er konzentriert sich immer nur auf eine Sache zur Zeit. Nero verkraftet die schnelle und meist [&hellip;]<\/p>\n","protected":false},"author":1,"featured_media":0,"parent":8,"menu_order":3,"comment_status":"closed","ping_status":"closed","template":"","meta":{"footnotes":""},"class_list":["post-1254","page","type-page","status-publish","hentry"],"_links":{"self":[{"href":"https:\/\/mensch-tier-gemeinsam.de\/htdocs\/wp-json\/wp\/v2\/pages\/1254","targetHints":{"allow":["GET"]}}],"collection":[{"href":"https:\/\/mensch-tier-gemeinsam.de\/htdocs\/wp-json\/wp\/v2\/pages"}],"about":[{"href":"https:\/\/mensch-tier-gemeinsam.de\/htdocs\/wp-json\/wp\/v2\/types\/page"}],"author":[{"embeddable":true,"href":"https:\/\/mensch-tier-gemeinsam.de\/htdocs\/wp-json\/wp\/v2\/users\/1"}],"replies":[{"embeddable":true,"href":"https:\/\/mensch-tier-gemeinsam.de\/htdocs\/wp-json\/wp\/v2\/comments?post=1254"}],"version-history":[{"count":5,"href":"https:\/\/mensch-tier-gemeinsam.de\/htdocs\/wp-json\/wp\/v2\/pages\/1254\/revisions"}],"predecessor-version":[{"id":3091,"href":"https:\/\/mensch-tier-gemeinsam.de\/htdocs\/wp-json\/wp\/v2\/pages\/1254\/revisions\/3091"}],"up":[{"embeddable":true,"href":"https:\/\/mensch-tier-gemeinsam.de\/htdocs\/wp-json\/wp\/v2\/pages\/8"}],"wp:attachment":[{"href":"https:\/\/mensch-tier-gemeinsam.de\/htdocs\/wp-json\/wp\/v2\/media?parent=1254"}],"curies":[{"name":"wp","href":"https:\/\/api.w.org\/{rel}","templated":true}]}}