{"id":126,"date":"2015-03-19T21:52:54","date_gmt":"2015-03-19T21:52:54","guid":{"rendered":"http:\/\/mensch-tier-gemeinsam.de\/htdocs\/?page_id=126"},"modified":"2015-10-26T10:06:49","modified_gmt":"2015-10-26T10:06:49","slug":"126-2","status":"publish","type":"page","link":"https:\/\/mensch-tier-gemeinsam.de\/htdocs\/fuer-tierhalter\/fuer-menschen-mit-katzen\/126-2\/","title":{"rendered":"Individuelle Beratungen f\u00fcr Katzenhalter"},"content":{"rendered":"<div class=\"csRow\">\n<div class=\"csColumnGap\" style=\"margin: 0px; padding: 0px; float: left; width: 1.56%;\"><img decoding=\"async\" src=\"http:\/\/mensch-tier-gemeinsam.de\/htdocs\/wp-content\/plugins\/advanced-wp-columns\/assets\/js\/plugins\/views\/img\/1x1-pixel.png\" alt=\"\" \/><\/div>\n<div class=\"csColumn\" style=\"margin: 0px; padding: 0px; float: left; width: 20.6%;\" data-csid=\"459fa0b4-4e04-ae8a-9ff6-f65111901e91\" data-cswidth=\"20.6%\" data-csendpoint=\"213\" data-csstartpoint=\"15\">\n<p><span style=\"font-size: 14px; font-weight: bold;\">Zwei Besonderheiten<\/span>:<\/p>\n<p>Der <span style=\"font-size: 14px; font-weight: bold;\">Ablauf der Individuellen Beratungen<\/span> ist unabh\u00e4ngig von der Tierart so, dass ich die Menschen nach ihren W\u00fcnschen frage, mir die beteiligten Lebewesen ansehe, Missverst\u00e4ndnisse in der Verst\u00e4ndigung aufdecke und den Menschen zeige, wie sie ihren Tieren die gew\u00fcnschten Botschaften k\u00f6rpersprachlich mitteilen k\u00f6nnen.<\/p>\n<p><span style=\"font-size: 14px; font-weight: bold;\">Katzen<\/span> zeigen mir als Fremdling selbstverst\u00e4ndlich nicht ihre intimen Unarten. Sie lassen mich lange, lange warten.<\/p>\n<p>Die andere Besonderheit liegt in den<span style=\"font-size: 14px; font-weight: bold;\"> Katzenhaltern\/ -halterinnen<\/span>: Es ergab sich bisher jedes Mal so, dass in der Beratung der Anteil des Gespr\u00e4chs wesentlich l\u00e4nger war als der der praktischen \u00dcbungen.<\/p>\n<\/div>\n<div class=\"csColumnGap\" style=\"margin: 0px; padding: 0px; float: left; width: 1.25%;\"><img decoding=\"async\" src=\"http:\/\/mensch-tier-gemeinsam.de\/htdocs\/wp-content\/plugins\/advanced-wp-columns\/assets\/js\/plugins\/views\/img\/1x1-pixel.png\" alt=\"\" \/><\/div>\n<div class=\"csColumn\" style=\"margin: 0px; padding: 0px; float: left; width: 53.1%;\" data-csid=\"fb9a2a43-e523-eca1-ae62-137b73f41be3\" data-cswidth=\"53.1%\" data-csendpoint=\"735\" data-csstartpoint=\"225\">\n<div id=\"content-content\">\n<div id=\"content-content-inner\" class=\"container-content-inner\">\n<div id=\"widget-f4516cf0-c71f-4a4f-81f8-8d63a629c29f\" class=\"widget widget-text\">\n<div class=\"widget-content\">\n<p>&nbsp;<\/p>\n<p>Katzen wird vieles nachgesagt, was entweder nie stimmte, inzwischen nicht mehr stimmt oder in der konkreten Lebenssituation nicht zutrifft. Im Gegensatz zur Europ\u00e4ischen Wildkatze sind unsere Hauskatzen gesellige Tiere. Herrenlose Katzen sind absolut frei, k\u00f6nnen also w\u00e4hlen zwischen Einsamkeit und Gesellschaft. An Futterstellen kann man beobachten, dass sie sich nicht nur zum Fressen r\u00e4umlich einander n\u00e4hern. Vielmehr entscheiden sich die Katzen f\u00fcr ein Leben im Sozialverband: Sie leben strukturiert, gehen untereinander verschiedene Bindungen ein und erf\u00fcllen unterschiedliche Funktionen im Zusammenleben.<\/p>\n<p>Katzen, die drau\u00dfen leben, sind normalerweise seelisch gesund und haben ein nat\u00fcrliches Verhalten. (Was sich der Mensch w\u00fcnscht, ist nicht immer das nat\u00fcrliche Verhalten. Bitte nicht verwechseln.) Je enger ihre Bindung zu Menschen ist, umso mehr ver\u00e4ndert sich dies. Es gipfelt in der reinen Wohnungshaltung, wo Katzen h\u00e4ufig ein menschlich-k\u00e4tzisches Verhalten bzw. Verhaltensauff\u00e4lligkeiten zeigen und physiche wie psychische Stresssymptome auftreten. Reine Wohnungshaltung ist f\u00fcr Katzen schwierig. Aber es gibt auch eine gute Nachricht: Katzen k\u00f6nnen auch <span style=\"font-size: 14px; font-weight: bold;\">in reiner Wohnungshaltung gl\u00fccklich<\/span> sein, wenn &#8230;<\/p>\n<ul>\n<li>die Katzen mindestens zu zweit sind,<\/li>\n<li>m\u00f6glichst viele Vorfahren in reiner Wohnungshaltung gelebt haben,<\/li>\n<li>der Mensch sich immer wieder angenehme und anregende Abwechslungen f\u00fcr seine Katzen einfallen l\u00e4sst (&#8222;angenehm und anregend&#8220; nicht aus Menschen-Sicht sondern aus Katzen-Sicht!)<\/li>\n<li>Menschen und Katzen eindeutig kommunizieren, ohne Missverst\u00e4ndnisse, so dass der Mensch die Bed\u00fcrfnisse seiner Katzen erkennt.<\/li>\n<\/ul>\n<\/div>\n<\/div>\n<\/div>\n<\/div>\n<\/div>\n<div class=\"csColumnGap\" style=\"margin: 0px; padding: 0px; float: left; width: 1.15%;\"><img decoding=\"async\" src=\"http:\/\/mensch-tier-gemeinsam.de\/htdocs\/wp-content\/plugins\/advanced-wp-columns\/assets\/js\/plugins\/views\/img\/1x1-pixel.png\" alt=\"\" \/><\/div>\n<div class=\"csColumn\" style=\"margin: 0px; padding: 0px; float: left; width: 20.7%;\" data-csid=\"b8a484c9-50e7-c84e-b26e-7b1f7c0d45bf\" data-cswidth=\"20.7%\" data-csendpoint=\"945\" data-csstartpoint=\"746\">\n<p><span style=\"font-size: 14px; font-weight: bold;\">Individuelle Beratungen<\/span>\u00a0f\u00fcr Katzenhalter sind <span style=\"font-size: 14px; font-weight: bold;\">zum Beispiel\u00a0sinnvoll\u00a0<\/span><\/p>\n<p>&#8211;\u00a0<span style=\"font-size: 14px; font-weight: bold;\">wenn<\/span>\u00a0der Mensch die Situation ver\u00e4ndern m\u00f6chte, z. B. wenn der Hofkater pl\u00f6tzlich noch andere Katzen in seinem Revier dulden soll,<\/p>\n<p>&#8211;\u00a0<span style=\"font-size: 14px; font-weight: bold;\">wenn<\/span>\u00a0das Zusammenleben mehrerer Katzen oder mit einzelnen Familienmitgliedern friedlicher werden soll<\/p>\n<p>&#8211;\u00a0<span style=\"font-size: 14px; font-weight: bold;\">wenn<\/span>\u00a0Verhaltensst\u00f6rungen oder -auff\u00e4lligkeiten (Unsauberkeit, Aggressionen, Angst, &#8230;) vorliegen<\/p>\n<p>&#8211;\u00a0<span style=\"font-size: 14px; font-weight: bold;\">vorbeugend<\/span>\u00a0bei reiner Wohnungshaltung.<\/p>\n<p>&#8211; zum besseren beidseitigen Verst\u00e4ndnis<\/p>\n<p>&nbsp;<\/p>\n<p><a title=\"Ind. Beratung Hund und Katze\" href=\"http:\/\/mensch-tier-gemeinsam.de\/htdocs\/?page_id=71\">bei Hund und Katze<\/a><\/p>\n<\/div>\n<div class=\"csColumnGap\" style=\"margin: 0px; padding: 0px; float: left; width: 1.56%;\"><img decoding=\"async\" src=\"http:\/\/mensch-tier-gemeinsam.de\/htdocs\/wp-content\/plugins\/advanced-wp-columns\/assets\/js\/plugins\/views\/img\/1x1-pixel.png\" alt=\"\" \/><\/div>\n<div style=\"clear: both; float: none; display: block; visibility: hidden; width: 0px; font-size: 0px; line-height: 0;\"><\/div>\n<\/div>\n<p>&nbsp;<\/p>\n","protected":false},"excerpt":{"rendered":"<p>Zwei Besonderheiten: Der Ablauf der Individuellen Beratungen ist unabh\u00e4ngig von der Tierart so, dass ich die Menschen nach ihren W\u00fcnschen frage, mir die beteiligten Lebewesen ansehe, Missverst\u00e4ndnisse in der Verst\u00e4ndigung aufdecke und den Menschen zeige, wie sie ihren Tieren die gew\u00fcnschten Botschaften k\u00f6rpersprachlich mitteilen k\u00f6nnen. Katzen zeigen mir als Fremdling selbstverst\u00e4ndlich nicht ihre intimen Unarten. [&hellip;]<\/p>\n","protected":false},"author":1,"featured_media":0,"parent":122,"menu_order":1,"comment_status":"closed","ping_status":"open","template":"","meta":{"footnotes":""},"class_list":["post-126","page","type-page","status-publish","hentry"],"_links":{"self":[{"href":"https:\/\/mensch-tier-gemeinsam.de\/htdocs\/wp-json\/wp\/v2\/pages\/126","targetHints":{"allow":["GET"]}}],"collection":[{"href":"https:\/\/mensch-tier-gemeinsam.de\/htdocs\/wp-json\/wp\/v2\/pages"}],"about":[{"href":"https:\/\/mensch-tier-gemeinsam.de\/htdocs\/wp-json\/wp\/v2\/types\/page"}],"author":[{"embeddable":true,"href":"https:\/\/mensch-tier-gemeinsam.de\/htdocs\/wp-json\/wp\/v2\/users\/1"}],"replies":[{"embeddable":true,"href":"https:\/\/mensch-tier-gemeinsam.de\/htdocs\/wp-json\/wp\/v2\/comments?post=126"}],"version-history":[{"count":6,"href":"https:\/\/mensch-tier-gemeinsam.de\/htdocs\/wp-json\/wp\/v2\/pages\/126\/revisions"}],"predecessor-version":[{"id":855,"href":"https:\/\/mensch-tier-gemeinsam.de\/htdocs\/wp-json\/wp\/v2\/pages\/126\/revisions\/855"}],"up":[{"embeddable":true,"href":"https:\/\/mensch-tier-gemeinsam.de\/htdocs\/wp-json\/wp\/v2\/pages\/122"}],"wp:attachment":[{"href":"https:\/\/mensch-tier-gemeinsam.de\/htdocs\/wp-json\/wp\/v2\/media?parent=126"}],"curies":[{"name":"wp","href":"https:\/\/api.w.org\/{rel}","templated":true}]}}