{"id":131,"date":"2015-03-19T21:56:20","date_gmt":"2015-03-19T21:56:20","guid":{"rendered":"http:\/\/mensch-tier-gemeinsam.de\/htdocs\/?page_id=131"},"modified":"2015-03-21T08:54:57","modified_gmt":"2015-03-21T08:54:57","slug":"veranstaltungen-fuer-huehnerhalter","status":"publish","type":"page","link":"https:\/\/mensch-tier-gemeinsam.de\/htdocs\/fuer-tierhalter\/fuer-menschen-mit-huehnern\/veranstaltungen-fuer-huehnerhalter\/","title":{"rendered":"Veranstaltungen f\u00fcr H\u00fchnerhalter"},"content":{"rendered":"<div id=\"content-content\">\n<div id=\"content-content-inner\" class=\"container-content-inner\">\n<div id=\"widget-49cc597e-6ac1-44e8-9bb4-ad0ce4b362e3\" class=\"widget widget-text\">\n<div class=\"widget-content\">\n<p>&nbsp;<\/p>\n<p>Veranstaltungen f\u00fcr H\u00fchnerhalter<\/p>\n<p>&nbsp;<\/p>\n<ul>\n<li><a class=\" link\" title=\"Themenabende\" href=\"http:\/\/mensch-tier-gemeinsam.de\/htdocs\/?page_id=181\">Themenabende<\/a>:\n<ul>\n<li>Im H\u00fchnerhof: Der Mensch als Eindringling, Gast oder Chef? (auch f\u00fcr Entenhalter geeignet)<\/li>\n<\/ul>\n<ul>\n<li>Jungtiere aufziehen und nat\u00fcrlich erziehen<\/li>\n<\/ul>\n<ul>\n<li>Mit dem Tier zum Tierarzt<\/li>\n<\/ul>\n<\/li>\n<li>Seminare:\n<ul>\n<li><a class=\" link\" title=\"Mit H\u00fchnern leben\" href=\"http:\/\/mensch-tier-gemeinsam.de\/htdocs\/?page_id=205\">Mit H\u00fchnern leben<\/a><\/li>\n<li><a class=\" link\" title=\"Entscheidungen treffen, Entscheidungen umsetzen, geachtet werden\" href=\"http:\/\/mensch-tier-gemeinsam.de\/htdocs\/?page_id=82\">Entscheidungen treffen, Entscheidungen umsetzen, geachtet werden<\/a> (Kurz-Seminar f\u00fcr jede Lebenssituation) (geeignet, wenn Sie Ihre H\u00fchner nicht nur beobachten, sondern sich mit ihnen zusammen aufhalten)<\/li>\n<li><a class=\" link\" title=\"Souver\u00e4n f\u00fchren, Entspannung bewirken\" href=\"http:\/\/mensch-tier-gemeinsam.de\/htdocs\/?page_id=84\">Souver\u00e4n f\u00fchren, Entspannung bewirken\u00a0<\/a>(f\u00fcr Fortgeschrittene, Veranstaltungsreihe: Kurz-Seminare f\u00fcr jede Lebenssituation)\u00a0(geeignet, wenn Sie Ihre H\u00fchner nicht nur beobachten, sondern sich mit ihnen zusammen aufhalten)<\/li>\n<\/ul>\n<\/li>\n<\/ul>\n<\/div>\n<\/div>\n<\/div>\n<\/div>\n","protected":false},"excerpt":{"rendered":"<p>&nbsp; Veranstaltungen f\u00fcr H\u00fchnerhalter &nbsp; Themenabende: Im H\u00fchnerhof: Der Mensch als Eindringling, Gast oder Chef? (auch f\u00fcr Entenhalter geeignet) Jungtiere aufziehen und nat\u00fcrlich erziehen Mit dem Tier zum Tierarzt Seminare: Mit H\u00fchnern leben Entscheidungen treffen, Entscheidungen umsetzen, geachtet werden (Kurz-Seminar f\u00fcr jede Lebenssituation) (geeignet, wenn Sie Ihre H\u00fchner nicht nur beobachten, sondern sich mit ihnen [&hellip;]<\/p>\n","protected":false},"author":1,"featured_media":0,"parent":129,"menu_order":0,"comment_status":"closed","ping_status":"open","template":"page-templates\/full-width-wide.php","meta":{"footnotes":""},"class_list":["post-131","page","type-page","status-publish","hentry"],"_links":{"self":[{"href":"https:\/\/mensch-tier-gemeinsam.de\/htdocs\/wp-json\/wp\/v2\/pages\/131","targetHints":{"allow":["GET"]}}],"collection":[{"href":"https:\/\/mensch-tier-gemeinsam.de\/htdocs\/wp-json\/wp\/v2\/pages"}],"about":[{"href":"https:\/\/mensch-tier-gemeinsam.de\/htdocs\/wp-json\/wp\/v2\/types\/page"}],"author":[{"embeddable":true,"href":"https:\/\/mensch-tier-gemeinsam.de\/htdocs\/wp-json\/wp\/v2\/users\/1"}],"replies":[{"embeddable":true,"href":"https:\/\/mensch-tier-gemeinsam.de\/htdocs\/wp-json\/wp\/v2\/comments?post=131"}],"version-history":[{"count":4,"href":"https:\/\/mensch-tier-gemeinsam.de\/htdocs\/wp-json\/wp\/v2\/pages\/131\/revisions"}],"predecessor-version":[{"id":207,"href":"https:\/\/mensch-tier-gemeinsam.de\/htdocs\/wp-json\/wp\/v2\/pages\/131\/revisions\/207"}],"up":[{"embeddable":true,"href":"https:\/\/mensch-tier-gemeinsam.de\/htdocs\/wp-json\/wp\/v2\/pages\/129"}],"wp:attachment":[{"href":"https:\/\/mensch-tier-gemeinsam.de\/htdocs\/wp-json\/wp\/v2\/media?parent=131"}],"curies":[{"name":"wp","href":"https:\/\/api.w.org\/{rel}","templated":true}]}}