{"id":137,"date":"2015-03-19T22:00:20","date_gmt":"2015-03-19T22:00:20","guid":{"rendered":"http:\/\/mensch-tier-gemeinsam.de\/htdocs\/?page_id=137"},"modified":"2015-03-21T08:58:27","modified_gmt":"2015-03-21T08:58:27","slug":"veranstaltungen-fuer-halter-anderer-tierarten","status":"publish","type":"page","link":"https:\/\/mensch-tier-gemeinsam.de\/htdocs\/fuer-tierhalter\/fuer-menschen-mit-anderen-tieren\/veranstaltungen-fuer-halter-anderer-tierarten\/","title":{"rendered":"Veranstaltungen f\u00fcr Halter anderer Tierarten"},"content":{"rendered":"<p>Veranstaltungen f\u00fcr Halter anderer Tierarten<\/p>\n<p>&nbsp;<\/p>\n<ul>\n<li><a class=\" link\" title=\"Themenabende\" href=\"http:\/\/mensch-tier-gemeinsam.de\/htdocs\/?page_id=181\">Themenabende<\/a>:\n<ul>\n<li>Jungtiere aufziehen und nat\u00fcrlich erziehen<\/li>\n<\/ul>\n<ul>\n<li>Mit dem Tier zum Tierarzt<\/li>\n<li>Viele Themenabende sind f\u00fcr Halter anderer Tierarten geeignet. Bei Interesse kann ich Ihnen gern sagen, welcher Themenabend f\u00fcr Ihre Tierart sinnvoll ist.<\/li>\n<\/ul>\n<\/li>\n<li>Seminare:\n<ul>\n<li><a class=\" link\" title=\"Entscheidungen treffen, Entscheidungen umsetzen, geachtet werden\" href=\"http:\/\/mensch-tier-gemeinsam.de\/htdocs\/?page_id=82\">Entscheidungen treffen, Entscheidungen umsetzen, geachtet werden<\/a> (Kurz-Seminar f\u00fcr jede Lebenssituation) (geeignet, wenn Sie Ihre Tiere nicht nur beobachten, sondern sich mit ihnen zusammen aufhalten)<\/li>\n<li><a class=\" link\" title=\"Souver\u00e4n f\u00fchren, Entspannung bewirken\" href=\"http:\/\/mensch-tier-gemeinsam.de\/htdocs\/?page_id=84\">Souver\u00e4n f\u00fchren, Entspannung bewirken<\/a>\u00a0(f\u00fcr Fortgeschrittene, Veranstaltungsreihe: Kurz-Seminare f\u00fcr jede Lebenssituation)\u00a0(geeignet, wenn Sie Ihre Tiere nicht nur beobachten, sondern sich mit ihnen zusammen aufhalten)<\/li>\n<\/ul>\n<\/li>\n<\/ul>\n","protected":false},"excerpt":{"rendered":"<p>Veranstaltungen f\u00fcr Halter anderer Tierarten &nbsp; Themenabende: Jungtiere aufziehen und nat\u00fcrlich erziehen Mit dem Tier zum Tierarzt Viele Themenabende sind f\u00fcr Halter anderer Tierarten geeignet. Bei Interesse kann ich Ihnen gern sagen, welcher Themenabend f\u00fcr Ihre Tierart sinnvoll ist. Seminare: Entscheidungen treffen, Entscheidungen umsetzen, geachtet werden (Kurz-Seminar f\u00fcr jede Lebenssituation) (geeignet, wenn Sie Ihre Tiere [&hellip;]<\/p>\n","protected":false},"author":1,"featured_media":0,"parent":135,"menu_order":0,"comment_status":"closed","ping_status":"open","template":"page-templates\/full-width-wide.php","meta":{"footnotes":""},"class_list":["post-137","page","type-page","status-publish","hentry"],"_links":{"self":[{"href":"https:\/\/mensch-tier-gemeinsam.de\/htdocs\/wp-json\/wp\/v2\/pages\/137","targetHints":{"allow":["GET"]}}],"collection":[{"href":"https:\/\/mensch-tier-gemeinsam.de\/htdocs\/wp-json\/wp\/v2\/pages"}],"about":[{"href":"https:\/\/mensch-tier-gemeinsam.de\/htdocs\/wp-json\/wp\/v2\/types\/page"}],"author":[{"embeddable":true,"href":"https:\/\/mensch-tier-gemeinsam.de\/htdocs\/wp-json\/wp\/v2\/users\/1"}],"replies":[{"embeddable":true,"href":"https:\/\/mensch-tier-gemeinsam.de\/htdocs\/wp-json\/wp\/v2\/comments?post=137"}],"version-history":[{"count":2,"href":"https:\/\/mensch-tier-gemeinsam.de\/htdocs\/wp-json\/wp\/v2\/pages\/137\/revisions"}],"predecessor-version":[{"id":208,"href":"https:\/\/mensch-tier-gemeinsam.de\/htdocs\/wp-json\/wp\/v2\/pages\/137\/revisions\/208"}],"up":[{"embeddable":true,"href":"https:\/\/mensch-tier-gemeinsam.de\/htdocs\/wp-json\/wp\/v2\/pages\/135"}],"wp:attachment":[{"href":"https:\/\/mensch-tier-gemeinsam.de\/htdocs\/wp-json\/wp\/v2\/media?parent=137"}],"curies":[{"name":"wp","href":"https:\/\/api.w.org\/{rel}","templated":true}]}}