{"id":139,"date":"2015-03-19T22:02:56","date_gmt":"2015-03-19T22:02:56","guid":{"rendered":"http:\/\/mensch-tier-gemeinsam.de\/htdocs\/?page_id=139"},"modified":"2015-03-21T18:24:03","modified_gmt":"2015-03-21T18:24:03","slug":"individuelle-beratungen-fuer-menschen-mit-anderen-tieren","status":"publish","type":"page","link":"https:\/\/mensch-tier-gemeinsam.de\/htdocs\/fuer-tierhalter\/fuer-menschen-mit-anderen-tieren\/individuelle-beratungen-fuer-menschen-mit-anderen-tieren\/","title":{"rendered":"Individuelle Beratungen f\u00fcr Menschen mit anderen Tieren"},"content":{"rendered":"<div class=\"csRow\">\n<div class=\"csColumn\" style=\"margin: 0px; padding: 0px; float: left; width: 20.9%;\" data-csid=\"74899553-9a9b-f516-abe6-f4a45ceb4c7e\" data-cswidth=\"20.9%\" data-csendpoint=\"201\" data-csstartpoint=\"0\">\n<div id=\"column1-content\">\n<div id=\"column1-content-inner\" class=\"container-content-inner\">\n<div id=\"widget-0e38f67c-0992-d8cb-0609-d4ec478eba6c\" class=\"widget widget-text\">\n<div class=\"widget-content\">\n<p><span style=\"font-size: 14px; font-weight: bold;\">Enten, Ziegen, Schneekraniche, &#8230;<\/span><\/p>\n<p><span style=\"font-size: 14px; font-weight: bold;\">\u00a0<\/span><\/p>\n<p><span style=\"font-weight: normal;\">&#8211; <span style=\"font-style: italic;\">Individuelle Beratungen<\/span> f\u00fcr Halter von\u00a0S\u00e4ugetieren und V\u00f6geln <\/span><\/p>\n<p>&#8211; Beratungen, Seminare etc. in Tierparks u.\u00e4. bzgl.<\/p>\n<\/div>\n<\/div>\n<\/div>\n<\/div>\n<\/div>\n<div class=\"csColumnGap\" style=\"margin: 0px; padding: 0px; float: left; width: 0.938%;\"><img decoding=\"async\" src=\"http:\/\/mensch-tier-gemeinsam.de\/htdocs\/wp-content\/plugins\/advanced-wp-columns\/assets\/js\/plugins\/views\/img\/1x1-pixel.png\" alt=\"\" \/><\/div>\n<div class=\"csColumn\" style=\"margin: 0px; padding: 0px; float: left; width: 56.1%;\" data-csid=\"602ab820-86f8-b004-b081-5dd36c9c65a8\" data-cswidth=\"56.1%\" data-csendpoint=\"749\" data-csstartpoint=\"210\">\n<div id=\"content-content\">\n<div id=\"content-content-inner\" class=\"container-content-inner\">\n<div id=\"widget-2623dd63-dec8-4275-b8cc-6745a74e7762\" class=\"widget widget-text\">\n<div class=\"widget-content\">\n<p style=\"text-align: center;\"><span style=\"font-size: 16px; font-weight: bold;\">Beratungen bzgl. verschiedener Tierarten<\/span><\/p>\n<p>&nbsp;<\/p>\n<p>Prinzipiell gilt hier das gleiche wie bei den <a class=\" link\" title=\"Individuelle Beratungen f\u00fcr Menschen mit Hund\" href=\"http:\/\/mensch-tier-gemeinsam.de\/htdocs\/?page_id=62\">Angeboten f\u00fcr Menschen mit Hund<\/a>\u00a0oder <a class=\" link\" title=\"Individuelle Beratungen f\u00fcr H\u00fchnerhalter\" href=\"http:\/\/mensch-tier-gemeinsam.de\/htdocs\/?page_id=133\">H\u00fchnern<\/a>.\u00a0Wesentliche Unterschiede\u00a0sind in der jeweiligen Tierart begr\u00fcndet. Da das Verhalten und die instinktiven Bed\u00fcrfnisse je nach Art unterschiedlich sind, braucht jede Tierart eine andere\u00a0Lebens- bzw. Haltungsform und\u00a0eine andere Form der\u00a0Beziehung zum Menschen. <span style=\"font-size: 14px; font-weight: bold;\">S\u00e4ugetiere und V\u00f6gel <\/span>weisen untereinander jedoch wesentlich<span style=\"font-size: 13px; font-weight: normal;\"> mehr \u00c4hnlichkeiten als Unterschiede <\/span>auf, was Entwicklungsphasen und Verhaltensweisen betrifft. Grundlegende k\u00f6rpersprachliche Mitteilungen werden von vielen Arten verstanden.<\/p>\n<p>In Anh\u00e4ngigkeit von der Art, der Pers\u00f6nlichkeit und der Entwicklungphase der Tiere variiert die K\u00f6rpersprache und deren Bedeutung. <span style=\"font-size: 14px; font-weight: bold;\">\u00dcberwiegend gibt es Parallelen<\/span>, vor allem jeweils innerhalb der Raubtiere und der Beutetiere, der ranghohen und der rangniedrigen Tiere, der Jungtiere und der Alttiere sowie der unsicheren und selbstsicheren Tiere.<\/p>\n<p>Je intensiver die <span style=\"font-size: 14px; font-weight: bold;\">Beziehung zum Menschen<\/span> ist, umso\u00a0spezieller sind meistens die Probleme, deren L\u00f6sungen und damit verbunden auch die Beratungen. Bei Tieren, die Artgenossen als Sozialpartner haben, sind die Probleme im allgemeinen relativ einfach zu l\u00f6sen.<\/p>\n<p>Eine Besonderheit stellen <span style=\"font-size: 14px; font-weight: bold;\">Tiere aus Handaufzucht<\/span> dar. Die \u00e4u\u00dferst aufwendige und verantwortungsvolle Aufgabe, ein k\u00fcrzlich geborenes oder geschl\u00fcpftes Tier mit der Hand aufzuziehen, \u00fcbernehmen meistens Menschen, die Tiere sehr lieben. Tierliebe Menschen legen im allgemeinen sehr gro\u00dfen Wert darauf, dem Tier zu zeigen, dass es keine Angst zu haben braucht und seinem Menschen vertrauen kann. Erziehung und vor allem erzieherische Zurechtweisungen kommen meistens zu kurz bzw. werden aus Menschenperspektive durchgef\u00fchrt, was in der Pr\u00e4gephase zu langfristigen Missverst\u00e4ndnissen f\u00fchrt. Die Folgen werden oft erst sp\u00e4ter sichtbar, z. B. wenn das Tier in eine Gruppe von Artgenossen integriert werden soll. Aber auch zwischen der Bezugsperson und dem Tier treten h\u00e4ufig unangenehme Sp\u00e4tfolgen auf. Je fr\u00fcher ich in einer solchen Situation beraten darf, desto leichter ist es f\u00fcr alle Beteiligten.<\/p>\n<\/div>\n<\/div>\n<\/div>\n<\/div>\n<\/div>\n<div class=\"csColumnGap\" style=\"margin: 0px; padding: 0px; float: left; width: 1.25%;\"><img decoding=\"async\" src=\"http:\/\/mensch-tier-gemeinsam.de\/htdocs\/wp-content\/plugins\/advanced-wp-columns\/assets\/js\/plugins\/views\/img\/1x1-pixel.png\" alt=\"\" \/><\/div>\n<div class=\"csColumn\" style=\"margin: 0px; padding: 0px; float: left; width: 20.7%;\" data-csid=\"6c6e824b-2309-2963-b3d9-4cee9b60c51e\" data-cswidth=\"20.7%\" data-csendpoint=\"960\" data-csstartpoint=\"761\"><\/div>\n<div style=\"clear: both; float: none; display: block; visibility: hidden; width: 0px; font-size: 0px; line-height: 0;\"><\/div>\n<\/div>\n<p>&nbsp;<\/p>\n","protected":false},"excerpt":{"rendered":"<p>Enten, Ziegen, Schneekraniche, &#8230; \u00a0 &#8211; Individuelle Beratungen f\u00fcr Halter von\u00a0S\u00e4ugetieren und V\u00f6geln &#8211; Beratungen, Seminare etc. in Tierparks u.\u00e4. bzgl. Beratungen bzgl. verschiedener Tierarten &nbsp; Prinzipiell gilt hier das gleiche wie bei den Angeboten f\u00fcr Menschen mit Hund\u00a0oder H\u00fchnern.\u00a0Wesentliche Unterschiede\u00a0sind in der jeweiligen Tierart begr\u00fcndet. Da das Verhalten und die instinktiven Bed\u00fcrfnisse je nach [&hellip;]<\/p>\n","protected":false},"author":1,"featured_media":0,"parent":135,"menu_order":1,"comment_status":"closed","ping_status":"open","template":"page-templates\/full-width-wide.php","meta":{"footnotes":""},"class_list":["post-139","page","type-page","status-publish","hentry"],"_links":{"self":[{"href":"https:\/\/mensch-tier-gemeinsam.de\/htdocs\/wp-json\/wp\/v2\/pages\/139","targetHints":{"allow":["GET"]}}],"collection":[{"href":"https:\/\/mensch-tier-gemeinsam.de\/htdocs\/wp-json\/wp\/v2\/pages"}],"about":[{"href":"https:\/\/mensch-tier-gemeinsam.de\/htdocs\/wp-json\/wp\/v2\/types\/page"}],"author":[{"embeddable":true,"href":"https:\/\/mensch-tier-gemeinsam.de\/htdocs\/wp-json\/wp\/v2\/users\/1"}],"replies":[{"embeddable":true,"href":"https:\/\/mensch-tier-gemeinsam.de\/htdocs\/wp-json\/wp\/v2\/comments?post=139"}],"version-history":[{"count":4,"href":"https:\/\/mensch-tier-gemeinsam.de\/htdocs\/wp-json\/wp\/v2\/pages\/139\/revisions"}],"predecessor-version":[{"id":229,"href":"https:\/\/mensch-tier-gemeinsam.de\/htdocs\/wp-json\/wp\/v2\/pages\/139\/revisions\/229"}],"up":[{"embeddable":true,"href":"https:\/\/mensch-tier-gemeinsam.de\/htdocs\/wp-json\/wp\/v2\/pages\/135"}],"wp:attachment":[{"href":"https:\/\/mensch-tier-gemeinsam.de\/htdocs\/wp-json\/wp\/v2\/media?parent=139"}],"curies":[{"name":"wp","href":"https:\/\/api.w.org\/{rel}","templated":true}]}}