{"id":1502,"date":"2017-02-18T17:09:24","date_gmt":"2017-02-18T17:09:24","guid":{"rendered":"http:\/\/mensch-tier-gemeinsam.de\/htdocs\/?page_id=1502"},"modified":"2020-07-29T22:14:11","modified_gmt":"2020-07-29T22:14:11","slug":"hundehaltern-begegnen","status":"publish","type":"page","link":"https:\/\/mensch-tier-gemeinsam.de\/htdocs\/kommunikation-persoenlichkeitsentwicklung\/veranstaltungen-zur-kommunikation\/hundehaltern-begegnen\/","title":{"rendered":"Hundehaltern begegnen"},"content":{"rendered":"<p>Kurz-Seminar zur Mensch-Mensch-Kommunikation f\u00fcr Hundehalter, Menschen mit Angst vor Hunden, mit Allergie gegen Hunde und alle anderen, die Hundehaltern begegnen und den direkten Kontakt mit deren Hunden vermeiden<\/p>\n<p><strong>Begegnungen zwischen zwei Hundehaltern sind h\u00e4ufig spannungsgeladen. <\/strong>Besonders schwierig ist es, wenn man seinen eigenen Hund sch\u00fctzen m\u00f6chte und der entgegen-kommende Hundehalter seinen Hund \u2013 ob angeleint oder freilaufend \u2013 ohne zu fragen in das eigene Rudel eindringen l\u00e4sst und dies f\u00fcr das einzig richtige Verhalten h\u00e4lt. Es ist typisch f\u00fcr Eltern, dass sie genau, aber auch wirklich ganz genau wissen, wie andere ihr Kind erziehen sollten und gleichzeitig Kritik an der eigenen Kindeserziehung kaum ertragen k\u00f6nnen. Entsprechend typisch ist es f\u00fcr Hundehalter, sich nur zu gern in die Erziehung eines anderen Hundes einzumischen und zu im- oder explodieren, wenn sie selbst kritisiert werden. Wenn es um das eigene Kind oder das eigene Tier geht, <strong>schr\u00e4nken die Gef\u00fchle die Denkf\u00e4higkeit stark ein<\/strong>.<\/p>\n<p><strong>Ziel<\/strong> des Seminars ist, dass Sie Wege finden, wie <strong>Sie und Ihr Hund zufrieden aus solchen Situationen herausgehen<\/strong> k\u00f6nnen. Es gibt zahlreiche Varianten, wie entgegenkommende Hundehalter sich verhalten und was sie sagen. Ebenso viele M\u00f6glichkeiten haben Sie, darauf zu reagieren. Daraus ergeben sich etliche \u00a0Kombinationsm\u00f6glichkeiten. Deshalb bringen Sie bitte Beispiele mit, die Ihnen wichtig sind: Beispiele f\u00fcr unangenehmes Hundehalterverhalten und W\u00fcnsche, mit welcher Haltung Sie am liebsten aus einer solchen Situation herausgehen m\u00f6chten.<\/p>\n<p>Im ersten Teil dieses Seminars geht es darum herauszufinden, <strong>was in jedem einzelnen Teilnehmer bei Hundehalterbegegnungen passiert<\/strong>, vor allem auf emotionaler Ebene. Welche Ausdrucksweisen, K\u00f6rperhaltungen etc. Ihres Gegen\u00fcbers l\u00f6sen welche Gef\u00fchle und spontanen Reaktionen in Ihnen aus? Im zweiten Teil werden <strong>die gew\u00fcnschten Formulierungen, Stimmen, Bewegungen, K\u00f6rperhaltungen<\/strong> usw. ge\u00fcbt. Bei den praktischen \u00dcbungen k\u00f6nnen Sie Nero, Daisy und evtl. auch Daria und Ravil stellvertretend f\u00fcr Ihren eigenen Hund einsetzen.<\/p>\n<p>Zeit:\u00a0 \u00a0 \u00a0 \u00a0 \u00a0 \u00a0 \u00a0 \u00a0Teil I: Sonntag, <strong>01.03.2020<\/strong>, 15-18 Uhr<\/p>\n<p>\u00a0 \u00a0 \u00a0 \u00a0 \u00a0 \u00a0 \u00a0 \u00a0 \u00a0 \u00a0 \u00a0 \u00a0 Teil II Samstag, <strong>08.08.2020<\/strong>, 17-20 Uhr\u00a0\u00a0<\/p>\n<p>Ort:\u00a0 \u00a0 \u00a0 \u00a0 \u00a0 \u00a0 \u00a0 \u00a0 \u00a0 <strong>B\u00e4belitz<\/strong> 6, 17179 Behren-L\u00fcbchin (A 20, Abfahrt Bad S\u00fclze -&gt; Behren-L\u00fcbchin -&gt; B\u00e4belitz)<\/p>\n<p>Teilnehmer:\u00a0 \u00a0 \u00a0mind. 3, max. 6<\/p>\n<p>Teilnahmegeb\u00fchr: 2x 30 \u20ac pro Person<\/p>\n<p>Anmeldung unter 0173\/ 61 72 774 oder\u00a0info@mensch-tier-gemeinsam.de<\/p>\n<p>Druckversion: <a href=\"http:\/\/mensch-tier-gemeinsam.de\/htdocs\/wp-content\/uploads\/2020\/02\/hundehaltern_begegnen_2020.03.01_15.pdf\">hundehaltern_begegnen_2020.03.01_15<\/a><\/p>\n\n\n<p><\/p>\n","protected":false},"excerpt":{"rendered":"<p>Kurz-Seminar zur Mensch-Mensch-Kommunikation f\u00fcr Hundehalter, Menschen mit Angst vor Hunden, mit Allergie gegen Hunde und alle anderen, die Hundehaltern begegnen und den direkten Kontakt mit deren Hunden vermeiden Begegnungen zwischen zwei Hundehaltern sind h\u00e4ufig spannungsgeladen. Besonders schwierig ist es, wenn man seinen eigenen Hund sch\u00fctzen m\u00f6chte und der entgegen-kommende Hundehalter seinen Hund \u2013 ob angeleint [&hellip;]<\/p>\n","protected":false},"author":1,"featured_media":0,"parent":80,"menu_order":7,"comment_status":"closed","ping_status":"closed","template":"","meta":{"footnotes":""},"class_list":["post-1502","page","type-page","status-publish","hentry"],"_links":{"self":[{"href":"https:\/\/mensch-tier-gemeinsam.de\/htdocs\/wp-json\/wp\/v2\/pages\/1502","targetHints":{"allow":["GET"]}}],"collection":[{"href":"https:\/\/mensch-tier-gemeinsam.de\/htdocs\/wp-json\/wp\/v2\/pages"}],"about":[{"href":"https:\/\/mensch-tier-gemeinsam.de\/htdocs\/wp-json\/wp\/v2\/types\/page"}],"author":[{"embeddable":true,"href":"https:\/\/mensch-tier-gemeinsam.de\/htdocs\/wp-json\/wp\/v2\/users\/1"}],"replies":[{"embeddable":true,"href":"https:\/\/mensch-tier-gemeinsam.de\/htdocs\/wp-json\/wp\/v2\/comments?post=1502"}],"version-history":[{"count":20,"href":"https:\/\/mensch-tier-gemeinsam.de\/htdocs\/wp-json\/wp\/v2\/pages\/1502\/revisions"}],"predecessor-version":[{"id":2905,"href":"https:\/\/mensch-tier-gemeinsam.de\/htdocs\/wp-json\/wp\/v2\/pages\/1502\/revisions\/2905"}],"up":[{"embeddable":true,"href":"https:\/\/mensch-tier-gemeinsam.de\/htdocs\/wp-json\/wp\/v2\/pages\/80"}],"wp:attachment":[{"href":"https:\/\/mensch-tier-gemeinsam.de\/htdocs\/wp-json\/wp\/v2\/media?parent=1502"}],"curies":[{"name":"wp","href":"https:\/\/api.w.org\/{rel}","templated":true}]}}