{"id":1576,"date":"2017-03-21T16:47:42","date_gmt":"2017-03-21T16:47:42","guid":{"rendered":"http:\/\/mensch-tier-gemeinsam.de\/htdocs\/?page_id=1576"},"modified":"2017-05-03T14:02:08","modified_gmt":"2017-05-03T14:02:08","slug":"am-arbeitsplatz-konfliktfrei","status":"publish","type":"page","link":"https:\/\/mensch-tier-gemeinsam.de\/htdocs\/kommunikation-persoenlichkeitsentwicklung\/veranstaltungen-zur-kommunikation\/am-arbeitsplatz-konfliktfrei\/","title":{"rendered":"Am Arbeitsplatz konfliktfrei&#8230;"},"content":{"rendered":"<h3><strong><span style=\"color: #000000;\">Am Arbeitsplatz konfliktfrei etwas Unangenehmes mitteilen k\u00f6nnen<\/span><\/strong><\/h3>\n<p><span style=\"color: #000000;\"><strong>Seminar<\/strong> mit praktischen \u00dcbungen und konkreten Beispielen<\/span><\/p>\n<p><span style=\"color: #000000;\">Mit unserer Sprache stehen uns sehr viele W\u00f6rter zur Verf\u00fcgung. Doch was n\u00fctzt uns das? Oftmals scheint es, als w\u00fcrde in einem Gespr\u00e4ch umso mehr schief gehen, je mehr man sagt. Rechtzeitig und sachlich ausgesprochen\u00a0<strong>kann etwas Negatives eine konstruktive Kritik sein<\/strong>, die dem Gespr\u00e4chspartner\u00a0<strong>eine Chance<\/strong>\u00a0gibt und ihm weiterhelfen kann. Etwas Unangenehmes auszusprechen kann auch eine<strong>\u00a0reinigende Wirkung<\/strong>\u00a0haben. Manche Menschen halten die unangenehmen Dinge so lange zur\u00fcck, bis sich Entt\u00e4uschung, Frust o. \u00e4. angestaut haben, was einem friedlichen Gespr\u00e4chsverlauf dann schadet. Andere haben grunds\u00e4tzlich Schwierigkeiten, etwas Negatives zu formulieren. Wieder andere \u00e4u\u00dfern, was ihnen missf\u00e4llt, ihr Gegen\u00fcber scheint es aber gar nicht zu h\u00f6ren. Damit ein Gespr\u00e4ch nach Ihren W\u00fcnschen verl\u00e4uft, ist es wichtig, dass\u00a0<strong>K\u00f6rpersprache, Stimme, Inhalt und Wortwahl<\/strong>\u00a0\u00fcbereinstimmen. Nur dann kann Ihr Gespr\u00e4chspartner Sie eindeutig verstehen und nur dann wirken Sie glaubw\u00fcrdig und \u00fcberzeugend.<\/span><\/p>\n<p><span style=\"color: #000000;\">In diesem Seminar wird auf die <strong>Besonderheiten am Arbeitsplatz<\/strong> eingegangen, n\u00e4mlich<\/span><\/p>\n<ul>\n<li><span style=\"color: #000000;\">dass man den Gespr\u00e4chspartner regelm\u00e4\u00dfig wieder sehen wird,<\/span><\/li>\n<li><span style=\"color: #000000;\">dass der Arbeitsprozess Sachlichkeit und Funktionalit\u00e4t verlangt, w\u00e4hrend jeder Mitarbeiter mit seinen pers\u00f6nlichen Empfindungen am Arbeitsplatz ist,<\/span><\/li>\n<li><span style=\"color: #000000;\">dass man mitunter etwas tun\/ sagen muss, was einem innerlich widerstrebt.<\/span><\/li>\n<\/ul>\n<p><span style=\"color: #000000;\">Im Seminar stehen den Teilnehmern zur Veranschaulichung der k\u00f6rpersprachlichen Elemente <strong>Tiere<\/strong>\u00a0zur Verf\u00fcgung. Die Hunde gehen nur zu Menschen hin, die den Kontakt w\u00fcnschen. Dadurch k\u00f6nnen auch Menschen mit Angst vor Hunden teilnehmen.<\/span><\/p>\n<p><span style=\"color: #000000;\">Zeit: \u00a0 \u00a0 \u00a0 \u00a0 \u00a0 \u00a0 \u00a0 \u00a0<strong>09.00 \u2013 16.00 Uhr <\/strong>(8 UE) \u00a0Bei mind. 3 Anmeldungen biete ich es wieder an. Also bei Interesse bitte melden!<\/span><\/p>\n<p><span style=\"color: #000000;\">Ort: \u00a0\u00a0\u00a0\u00a0\u00a0\u00a0\u00a0\u00a0\u00a0\u00a0\u00a0\u00a0\u00a0\u00a0\u00a0 Sanitzer Stra\u00dfe 19,<strong> 18190 Sanitz, OT Reppelin<\/strong><\/span><\/p>\n<p><span style=\"color: #000000;\">Teilnahmegeb\u00fchr: 60 \u20ac pro Person (inkl. kleiner Verpflegung)<\/span><\/p>\n<p><span style=\"color: #000000;\">Maximal: \u00a0\u00a0\u00a0\u00a0\u00a0\u00a0 8 Teilnehmer<\/span><\/p>\n<p>Aushang zum Ausdrucken:\u00a0<a href=\"http:\/\/mensch-tier-gemeinsam.de\/htdocs\/wp-content\/uploads\/2017\/03\/konfliktfrei_unangenehmes_mitteilen_2017.04.29.pdf\">konfliktfrei_unangenehmes_mitteilen_2017.04.29<\/a><\/p>\n","protected":false},"excerpt":{"rendered":"<p>Am Arbeitsplatz konfliktfrei etwas Unangenehmes mitteilen k\u00f6nnen Seminar mit praktischen \u00dcbungen und konkreten Beispielen Mit unserer Sprache stehen uns sehr viele W\u00f6rter zur Verf\u00fcgung. Doch was n\u00fctzt uns das? Oftmals scheint es, als w\u00fcrde in einem Gespr\u00e4ch umso mehr schief gehen, je mehr man sagt. Rechtzeitig und sachlich ausgesprochen\u00a0kann etwas Negatives eine konstruktive Kritik sein, [&hellip;]<\/p>\n","protected":false},"author":1,"featured_media":0,"parent":80,"menu_order":13,"comment_status":"closed","ping_status":"closed","template":"","meta":{"footnotes":""},"class_list":["post-1576","page","type-page","status-publish","hentry"],"_links":{"self":[{"href":"https:\/\/mensch-tier-gemeinsam.de\/htdocs\/wp-json\/wp\/v2\/pages\/1576","targetHints":{"allow":["GET"]}}],"collection":[{"href":"https:\/\/mensch-tier-gemeinsam.de\/htdocs\/wp-json\/wp\/v2\/pages"}],"about":[{"href":"https:\/\/mensch-tier-gemeinsam.de\/htdocs\/wp-json\/wp\/v2\/types\/page"}],"author":[{"embeddable":true,"href":"https:\/\/mensch-tier-gemeinsam.de\/htdocs\/wp-json\/wp\/v2\/users\/1"}],"replies":[{"embeddable":true,"href":"https:\/\/mensch-tier-gemeinsam.de\/htdocs\/wp-json\/wp\/v2\/comments?post=1576"}],"version-history":[{"count":4,"href":"https:\/\/mensch-tier-gemeinsam.de\/htdocs\/wp-json\/wp\/v2\/pages\/1576\/revisions"}],"predecessor-version":[{"id":1670,"href":"https:\/\/mensch-tier-gemeinsam.de\/htdocs\/wp-json\/wp\/v2\/pages\/1576\/revisions\/1670"}],"up":[{"embeddable":true,"href":"https:\/\/mensch-tier-gemeinsam.de\/htdocs\/wp-json\/wp\/v2\/pages\/80"}],"wp:attachment":[{"href":"https:\/\/mensch-tier-gemeinsam.de\/htdocs\/wp-json\/wp\/v2\/media?parent=1576"}],"curies":[{"name":"wp","href":"https:\/\/api.w.org\/{rel}","templated":true}]}}