{"id":160,"date":"2015-03-19T22:22:04","date_gmt":"2015-03-19T22:22:04","guid":{"rendered":"http:\/\/mensch-tier-gemeinsam.de\/htdocs\/?page_id=160"},"modified":"2015-03-21T18:58:57","modified_gmt":"2015-03-21T18:58:57","slug":"kinder-begegnen-fremden-hunden","status":"publish","type":"page","link":"https:\/\/mensch-tier-gemeinsam.de\/htdocs\/fuer-kinder-und-jugendliche\/gruppen\/kinder-begegnen-fremden-hunden\/","title":{"rendered":"Kinder begegnen fremden Hunden"},"content":{"rendered":"<div class=\"csRow\">\n<div class=\"csColumnGap\" style=\"margin: 0px; padding: 0px; float: left; width: 1.56%;\"><img decoding=\"async\" src=\"http:\/\/mensch-tier-gemeinsam.de\/htdocs\/wp-content\/plugins\/advanced-wp-columns\/assets\/js\/plugins\/views\/img\/1x1-pixel.png\" alt=\"\" \/><\/div>\n<div class=\"csColumn\" style=\"margin: 0px; padding: 0px; float: left; width: 20.3%;\" data-csid=\"7cfe452e-2dfe-a9e0-a418-fcdada2136ee\" data-cswidth=\"20.3%\" data-csendpoint=\"210\" data-csstartpoint=\"15\"><\/div>\n<div class=\"csColumnGap\" style=\"margin: 0px; padding: 0px; float: left; width: 1.25%;\"><img decoding=\"async\" src=\"http:\/\/mensch-tier-gemeinsam.de\/htdocs\/wp-content\/plugins\/advanced-wp-columns\/assets\/js\/plugins\/views\/img\/1x1-pixel.png\" alt=\"\" \/><\/div>\n<div class=\"csColumn\" style=\"margin: 0px; padding: 0px; float: left; width: 53.5%;\" data-csid=\"290e7d23-e314-b81f-af6f-a1a6d7c6bd76\" data-cswidth=\"53.5%\" data-csendpoint=\"736\" data-csstartpoint=\"222\">\n<p><span style=\"font-size: 14px;\"><strong>\u00a0\u00a0\u00a0\u00a0\u00a0\u00a0\u00a0\u00a0\u00a0\u00a0\u00a0\u00a0\u00a0\u00a0\u00a0\u00a0\u00a0\u00a0 Da vorn kommt ein Hund.<\/strong><\/span><\/p>\n<p style=\"text-align: center;\"><strong><span style=\"font-size: 14px;\">\u00a0Was mache ich jetzt???\u00a0<\/span>\u00a0\u00a0\u00a0\u00a0 <\/strong><\/p>\n<p>Der Hund kommt n\u00e4her und n\u00e4her. Und jetzt? Findest Du den Hund so niedlich, dass Du ihn am liebsten umarmen und knuddeln m\u00f6chtest? Oder f\u00fcrchtest Du, dass der Hund Dich gleich anspringt und m\u00f6chtest lieber, dass er woanders hingeht? In beiden F\u00e4llen kann Dein Verhalten genau richtig oder total gef\u00e4hrlich sein. Das h\u00e4ngt davon ab, wie sich der Hund f\u00fchlt und was er mag.<\/p>\n<p>In diesem Kurs wirst Du in einige <strong>Geheimnisse der Hunde-K\u00f6rpersprache<\/strong> eingeweiht. Dann kannst Du zum Einen erkennen, was der Hund m\u00f6chte. Zum Anderen kann Dein K\u00f6rper mit dem Hund \u201esprechen\u201c und ihm sagen, was Du m\u00f6chtest. Nur wenn Ihr <strong>beide<\/strong> knuddeln wollt, ist es gut. Ansonsten geht Ihr Euch besser aus dem Weg.<\/p>\n<p>&nbsp;<\/p>\n<p><span style=\"font-size: 12px;\">Die Kinder lernen\u00a0sicheres Verhalten bei Begegnungen mit v\u00f6llig fremden Hunden sowie mit Hunden von Nachbarn, Freunden usw. Daf\u00fcr lernen sie die\u00a0wichtigsten Aspekte\u00a0der K\u00f6rpersprache mit Hilfe verschiedener Hunde.\u00a0\u00a0\u00a0<\/span><\/p>\n<p><span style=\"font-size: 12px;\">Der Kurs ist ebenso sinnvoll f\u00fcr Kinder ohne Hund wie f\u00fcr\u00a0Kinder, die einen eigenen Hund haben, denn es kann gef\u00e4hrlich sein, die Vorlieben des eigenen Hundes auf andere zu \u00fcbertragen. Z. B. gibt es viele Hunde, die keine Kinder m\u00f6gen.<\/span><\/p>\n<p><span style=\"font-size: 12px;\">Nach dem Kurs: Die Kinder haben die notwendigen Verhaltensweisen gelernt. Allerdings muss es noch gefestigt werden, m\u00f6glichst durch die Eltern. Daf\u00fcr gibt es am Ende des <\/span>K<span style=\"font-size: 12px;\">urses ein kleines Heft mit den wichtigsten Grundregeln.<\/span><\/p>\n<p>&nbsp;<\/p>\n<\/div>\n<div class=\"csColumnGap\" style=\"margin: 0px; padding: 0px; float: left; width: 1.04%;\"><img decoding=\"async\" src=\"http:\/\/mensch-tier-gemeinsam.de\/htdocs\/wp-content\/plugins\/advanced-wp-columns\/assets\/js\/plugins\/views\/img\/1x1-pixel.png\" alt=\"\" \/><\/div>\n<div class=\"csColumn\" style=\"margin: 0px; padding: 0px; float: left; width: 20.7%;\" data-csid=\"dab6f2b7-a5a2-b84e-93c0-296a93c10871\" data-cswidth=\"20.7%\" data-csendpoint=\"945\" data-csstartpoint=\"746\">\n<p>Sie haben <strong>konkrete Fragen<\/strong>? Z. B. ob f\u00fcr Ihr Kind der allgemeine Kurs, der Einzel-Kurs oder eine individuelle Beratung bei Ihnen zu Hause am besten geeignet ist? Dann k\u00f6nnen Sie sich gern\u00a0telefonisch oder per\u00a0 \u00a0e-Mail an mich wenden. <a class=\" link\" title=\"Kontakt\/Impressum\" href=\"http:\/\/mensch-tier-gemeinsam.de\/htdocs\/?page_id=45\">Kontakt<\/a><\/p>\n<p>Ebenso gern stehe ich Ihnen nach den bereits laufenden Kursen in den Kitas pers\u00f6nlich zur Verf\u00fcgung.<\/p>\n<p>&nbsp;<\/p>\n<\/div>\n<div class=\"csColumnGap\" style=\"margin: 0px; padding: 0px; float: left; width: 1.56%;\"><img decoding=\"async\" src=\"http:\/\/mensch-tier-gemeinsam.de\/htdocs\/wp-content\/plugins\/advanced-wp-columns\/assets\/js\/plugins\/views\/img\/1x1-pixel.png\" alt=\"\" \/><\/div>\n<div style=\"clear: both; float: none; display: block; visibility: hidden; width: 0px; font-size: 0px; line-height: 0;\"><\/div>\n<\/div>\n<p>&nbsp;<\/p>\n","protected":false},"excerpt":{"rendered":"<p>\u00a0\u00a0\u00a0\u00a0\u00a0\u00a0\u00a0\u00a0\u00a0\u00a0\u00a0\u00a0\u00a0\u00a0\u00a0\u00a0\u00a0\u00a0 Da vorn kommt ein Hund. \u00a0Was mache ich jetzt???\u00a0\u00a0\u00a0\u00a0\u00a0 Der Hund kommt n\u00e4her und n\u00e4her. Und jetzt? Findest Du den Hund so niedlich, dass Du ihn am liebsten umarmen und knuddeln m\u00f6chtest? Oder f\u00fcrchtest Du, dass der Hund Dich gleich anspringt und m\u00f6chtest lieber, dass er woanders hingeht? In beiden F\u00e4llen kann Dein Verhalten [&hellip;]<\/p>\n","protected":false},"author":1,"featured_media":0,"parent":151,"menu_order":4,"comment_status":"closed","ping_status":"open","template":"","meta":{"footnotes":""},"class_list":["post-160","page","type-page","status-publish","hentry"],"_links":{"self":[{"href":"https:\/\/mensch-tier-gemeinsam.de\/htdocs\/wp-json\/wp\/v2\/pages\/160","targetHints":{"allow":["GET"]}}],"collection":[{"href":"https:\/\/mensch-tier-gemeinsam.de\/htdocs\/wp-json\/wp\/v2\/pages"}],"about":[{"href":"https:\/\/mensch-tier-gemeinsam.de\/htdocs\/wp-json\/wp\/v2\/types\/page"}],"author":[{"embeddable":true,"href":"https:\/\/mensch-tier-gemeinsam.de\/htdocs\/wp-json\/wp\/v2\/users\/1"}],"replies":[{"embeddable":true,"href":"https:\/\/mensch-tier-gemeinsam.de\/htdocs\/wp-json\/wp\/v2\/comments?post=160"}],"version-history":[{"count":2,"href":"https:\/\/mensch-tier-gemeinsam.de\/htdocs\/wp-json\/wp\/v2\/pages\/160\/revisions"}],"predecessor-version":[{"id":260,"href":"https:\/\/mensch-tier-gemeinsam.de\/htdocs\/wp-json\/wp\/v2\/pages\/160\/revisions\/260"}],"up":[{"embeddable":true,"href":"https:\/\/mensch-tier-gemeinsam.de\/htdocs\/wp-json\/wp\/v2\/pages\/151"}],"wp:attachment":[{"href":"https:\/\/mensch-tier-gemeinsam.de\/htdocs\/wp-json\/wp\/v2\/media?parent=160"}],"curies":[{"name":"wp","href":"https:\/\/api.w.org\/{rel}","templated":true}]}}