{"id":1607,"date":"2017-04-11T07:41:16","date_gmt":"2017-04-11T07:41:16","guid":{"rendered":"http:\/\/mensch-tier-gemeinsam.de\/htdocs\/?page_id=1607"},"modified":"2017-06-30T18:20:49","modified_gmt":"2017-06-30T18:20:49","slug":"hund-und-katze-friedlich-zusammen","status":"publish","type":"page","link":"https:\/\/mensch-tier-gemeinsam.de\/htdocs\/fuer-tierhalter\/fuer-menschen-mit-katzen\/veranstaltungen-fuer-katzenhalter\/hund-und-katze-friedlich-zusammen\/","title":{"rendered":"Hund und Katze friedlich zusammen"},"content":{"rendered":"<p><strong>Seminar<\/strong><\/p>\n<p>Hunde und Katzen sind von Natur aus Futterkonkurrenten. In unserer Gesellschaft herrscht im Normalfall keine Hungersnot, so dass Hunde und Katzen satt werden k\u00f6nnen, auch wenn sie im selben Revier leben. Diese beiden Arten sind zwar etwas unterschiedlich, haben aber \u00fcberwiegend <strong>\u00a0Gemeinsamkeiten\u00a0<\/strong><strong>in K\u00f6rpersprache und Verhaltensweisen<\/strong>.\u00a0Der Mensch kann das Zusammenleben nach seinen W\u00fcnschen gestalten. Voraussetzung daf\u00fcr ist gelungene Verst\u00e4ndigung mittels K\u00f6rpersprache.<\/p>\n<p>Inhalt des Seminars:<\/p>\n<ul>\n<li>Wichtig f\u00fcr Menschen: Sympathie und Harmonie<\/li>\n<li>Wichtig f\u00fcr Tiere: Kl\u00e4rung, wer was kann, Aufgabenteilung im Rudel<\/li>\n<li>Friedliche und aggressive Unterdr\u00fcckung erkennen sowie die unauff\u00e4lligen Unruhestifter entdecken<\/li>\n<li>Aufgabe des Menschen: Regeln festlegen und umsetzen. Klare Regeln, Konsequenz und eindeutige K\u00f6rpersprache.<\/li>\n<li>Wer passt mit wem zusammen?<\/li>\n<li>Sinnvolle und sch\u00e4dliche Besch\u00e4ftigungsarten f\u00fcr Katzen\/ f\u00fcr Hunde in Bezug aufs entspannte Zusammenleben<\/li>\n<li>Besonderheiten, wenn eines der Tiere alt oder krank ist<\/li>\n<\/ul>\n<p>Zur Veranschaulichung stehen voraussichtlich drei Hunde zur Verf\u00fcgung \u00a0sowie ein Kater, falls es ihm genehm sein sollte. Die anwesenden Hunde gehen nur zu Menschen hin, wenn dies erw\u00fcnscht ist. Wer Angst vor fremden Hunden hat, ist ebenso willkommen wie alle anderen.<\/p>\n<p>Zeit: \u00a0 \u00a0 \u00a0 \u00a0\u00a0<strong>10 \u2013 17 Uhr<\/strong>, danach bis ca. 18 Uhr Gelegenheit zum Austausch<\/p>\n<p>Bei mind. 3 Teilnehmern biete ich dieses Seminar wieder an. Also bei Interesse bitte melden, dann k\u00f6nnen wir einen Termin abstimmen.<\/p>\n<p>Ort: \u00a0 \u00a0 \u00a0 \u00a0 Sanitzer Stra\u00dfe 19, 18190 Sanitz, OT<strong> Reppelin<\/strong><\/p>\n<p>Teilnahmegeb\u00fchr: 70 \u20ac pro Person (inkl. kleiner Verpflegung)<\/p>\n<p>Teilnehmer: max. 8<\/p>\n<p>Anmeldung: 0173\/ 61 72 774\u00a0 oder info@mensch-tier-gemeinsam.de<\/p>\n<p>Aushang\u00a0<a href=\"http:\/\/mensch-tier-gemeinsam.de\/htdocs\/wp-content\/uploads\/2017\/04\/hund_katze_friedlich_2017.07.01.pdf\">hund_katze_friedlich_2017.07.01<\/a><\/p>\n","protected":false},"excerpt":{"rendered":"<p>Seminar Hunde und Katzen sind von Natur aus Futterkonkurrenten. In unserer Gesellschaft herrscht im Normalfall keine Hungersnot, so dass Hunde und Katzen satt werden k\u00f6nnen, auch wenn sie im selben Revier leben. Diese beiden Arten sind zwar etwas unterschiedlich, haben aber \u00fcberwiegend \u00a0Gemeinsamkeiten\u00a0in K\u00f6rpersprache und Verhaltensweisen.\u00a0Der Mensch kann das Zusammenleben nach seinen W\u00fcnschen gestalten. Voraussetzung [&hellip;]<\/p>\n","protected":false},"author":1,"featured_media":0,"parent":124,"menu_order":0,"comment_status":"closed","ping_status":"closed","template":"","meta":{"footnotes":""},"class_list":["post-1607","page","type-page","status-publish","hentry"],"_links":{"self":[{"href":"https:\/\/mensch-tier-gemeinsam.de\/htdocs\/wp-json\/wp\/v2\/pages\/1607","targetHints":{"allow":["GET"]}}],"collection":[{"href":"https:\/\/mensch-tier-gemeinsam.de\/htdocs\/wp-json\/wp\/v2\/pages"}],"about":[{"href":"https:\/\/mensch-tier-gemeinsam.de\/htdocs\/wp-json\/wp\/v2\/types\/page"}],"author":[{"embeddable":true,"href":"https:\/\/mensch-tier-gemeinsam.de\/htdocs\/wp-json\/wp\/v2\/users\/1"}],"replies":[{"embeddable":true,"href":"https:\/\/mensch-tier-gemeinsam.de\/htdocs\/wp-json\/wp\/v2\/comments?post=1607"}],"version-history":[{"count":4,"href":"https:\/\/mensch-tier-gemeinsam.de\/htdocs\/wp-json\/wp\/v2\/pages\/1607\/revisions"}],"predecessor-version":[{"id":1754,"href":"https:\/\/mensch-tier-gemeinsam.de\/htdocs\/wp-json\/wp\/v2\/pages\/1607\/revisions\/1754"}],"up":[{"embeddable":true,"href":"https:\/\/mensch-tier-gemeinsam.de\/htdocs\/wp-json\/wp\/v2\/pages\/124"}],"wp:attachment":[{"href":"https:\/\/mensch-tier-gemeinsam.de\/htdocs\/wp-json\/wp\/v2\/media?parent=1607"}],"curies":[{"name":"wp","href":"https:\/\/api.w.org\/{rel}","templated":true}]}}