{"id":181,"date":"2015-03-19T22:59:48","date_gmt":"2015-03-19T22:59:48","guid":{"rendered":"http:\/\/mensch-tier-gemeinsam.de\/htdocs\/?page_id=181"},"modified":"2024-08-10T23:02:42","modified_gmt":"2024-08-10T23:02:42","slug":"themenabende","status":"publish","type":"page","link":"https:\/\/mensch-tier-gemeinsam.de\/htdocs\/termine\/themenabende\/","title":{"rendered":"Themenabende"},"content":{"rendered":"<div class=\"csRow\">\n<div class=\"csColumnGap\" style=\"margin: 0px; padding: 0px; float: left; width: 1.56%;\"><img decoding=\"async\" src=\"http:\/\/mensch-tier-gemeinsam.de\/htdocs\/wp-content\/plugins\/advanced-wp-columns\/assets\/js\/plugins\/views\/img\/1x1-pixel.png\" alt=\"\" \/><\/div>\n<div class=\"csColumnGap\" style=\"margin: 0px; padding: 0px; float: left; width: 1.56%;\"><img decoding=\"async\" src=\"http:\/\/mensch-tier-gemeinsam.de\/htdocs\/wp-content\/plugins\/advanced-wp-columns\/assets\/js\/plugins\/views\/img\/1x1-pixel.png\" alt=\"\" \/><\/div>\n<div class=\"csColumn\" style=\"margin: 0px; padding: 0px; float: left; width: 51.3%;\" data-csstartpoint=\"330\" data-csendpoint=\"630\" data-cswidth=\"51.3%\" data-csid=\"65bec6fe-4dda-d4bf-9a78-2959d4e9fbe7\">\n<ul>\n<li>Jeweils mittwochs, 19.00 bis ca. 20.30 Uhr<\/li>\n<li>Eintritt 25 \u20ac pro Person<\/li>\n<li>max. 12 Personen,\u00a0deshalb bitte rechtzeitig anmelden<\/li>\n<\/ul>\n<p><span style=\"color: #000000;\"><strong>05.07.2017<\/strong>: <strong>Den\u00a0<\/strong><strong>Hund wohltuend ber\u00fchren<\/strong>:\u00a0nat\u00fcrliche Formen des K\u00f6rperkontakts, die dem Streicheln \u00e4hneln; Ber\u00fchrungen\u00a0zum Genie\u00dfen; gestreichelt werden als Qual; Ber\u00fchrungen\u00a0als friedliches Mittel der Unterwerfung; Einfordern des Streichelns als Machtinstrument; Ber\u00fchrungen\u00a0als Therapie, zur St\u00e4rkung eines ausgeglichenen Wesens; Ber\u00fchrungen als Hilfsmittel in problematischen Situationen; Ber\u00fchrungen zur Festigung der Mensch-Hund-Bindung. Zum Beobachten und Ausprobieren stehen ca. 4 Hunde zur Verf\u00fcgung. Die meisten Aspekte dieses Themas lassen sich auch auf <strong>Katzen, Kaninchen<\/strong> und andere Tiere anwenden. \u00a0Aushang:\u00a0<a href=\"http:\/\/mensch-tier-gemeinsam.de\/htdocs\/wp-content\/uploads\/2017\/06\/themenabend_hund-streicheln_2017.07.05.pdf\">themenabend_hund-streicheln_2017.07.05<\/a><\/span><\/p>\n<p>Die Themenabende f\u00fcr die zweite Jahresh\u00e4lfte werden voraussichtlich Ende Sommer festgelegt.<\/p>\n<p><span style=\"color: #999999;\">Mittwoch, 25.01.2017:\u00a0<strong>Wenn\u00a0Besuch kommt &#8230; &#8211; f\u00fcr Hundehalter<\/strong>:\u00a0Es klingelt an der T\u00fcr oder am Gartentor steht ein Besucher und\u00a0der sonst so artige Hund\u00a0ist nicht mehr zu halten, wird zur Furie oder freut sich wahnsinnig \u00fcber den Besucher.\u00a0Bellen, fiepen, \u201ek\u00fcssen\u201c, anspringen\u00a0und \u00e4hnliche Verhaltensweisen sind f\u00fcr Menschen unangenehm. Hunde, die sich so verhalten, sind in unn\u00f6tig hohem Ma\u00df aufgeregt bis gestresst.\u00a0Inhalte:\u00a0Typische k\u00f6rpersprachliche Missverst\u00e4ndnisse sowohl zwischen Hund und Halter als auch zwischen Hund und Besucher; instinktive Bef\u00fcrchtungen und Bed\u00fcrfnisse des Hundes; wie der Halter und wie der Besucher den Hund mittels K\u00f6rpersprache beruhigen kann. Flyer zum Ausdrucken:\u00a0<a style=\"color: #999999;\" href=\"http:\/\/mensch-tier-gemeinsam.de\/htdocs\/wp-content\/uploads\/2016\/06\/themenabend_hund-besuch-kommt_2016.07.06.pdf\">themenabend_hund-besuch-kommt_2016.07.06<\/a><\/span><\/p>\n<p><span style=\"color: #999999;\"><b>01.03.2017: Zufriedene Katze durch artgerechte Besch\u00e4ftigung:\u00a0<\/b>Menschen nennen es meistens spielen, wenn sie sich mit ihrer Katze besch\u00e4ftigen wollen. Aber unter spielen verstehen Menschen etwas anderes als erwachsene Katzen. Dadurch kommt es zu typischen Missverst\u00e4ndnissen wie \u201eMeine Katze will nicht spielen.\u201c, \u201eUnsere Katze liebt es zu spielen. Wir wissen nicht, warum sie manchmal aggressiv ist.\u201c, usw. Je mehr sich eine Katze in der Wohnung aufh\u00e4lt, umso wichtiger ist f\u00fcr sie die artgerechte Besch\u00e4ftigung durch den Menschen. Nur wer k\u00f6rperlich und geistig ausgelastet ist, kann zufrieden sein. Die Inhalte werden vom nat\u00fcrlichen Wesen und Leben der Katze her erkl\u00e4rt und mit menschlichem K\u00f6rpereinsatz \u00a0\ud83d\ude09\u00a0 dargestellt. Am Ende ist noch Zeit f\u00fcr Fragen zu anderen Bereichen des Mensch-Katze-Zusammenlebens.<\/span><\/p>\n<p><span style=\"color: #999999;\"><strong>29.03.2017: Maulkorb: Was am Hundekopf und im Menschenkopf passiert. \u00a0<\/strong><\/span><\/p>\n<ul>\n<li><span style=\"color: #999999;\">Gute und schlimme Gr\u00fcnde f\u00fcr das Tragen eines Maulkorbs<\/span><\/li>\n<li><span style=\"color: #999999;\">Zahlreiche Vorteile, wenige Nachteile<\/span><\/li>\n<li><span style=\"color: #999999;\">Das gr\u00f6\u00dfte Hindernis: die emotionale Einstellung des Menschen<\/span><\/li>\n<li><span style=\"color: #999999;\">Verschiedene Maulkorb-Modelle und \u2013Materialien und deren Auswirkungen auf den Hund<\/span><\/li>\n<li><span style=\"color: #999999;\">Gew\u00f6hnung an den Maulkorb: Der Mensch hat es in der Hand, ob sein Hund den Maulkorb l\u00e4stig, langweilig oder richtig gut findet.<\/span><\/li>\n<\/ul>\n<p><span style=\"color: #999999;\">Aushang:<\/span><a href=\"http:\/\/mensch-tier-gemeinsam.de\/htdocs\/wp-content\/uploads\/2017\/03\/themenabend_hund-maulkorb_2017.03.29.pdf\">themenabend_hund-maulkorb_2017.03.29<\/a><\/p>\n<p><span style=\"color: #999999;\"><strong>03.05.2017:<\/strong>\u00a0<strong>Gl\u00fcckliche Kaninchen &#8211; Grundlagen<\/strong>:\u00a0Die instinktiven Bed\u00fcrfnisse erfordern bestimmte Elemente und Strukturen im K\u00e4fig\/ Gehege\/ Stall, damit Kaninchen physisch und psychisch gesund und fit sein k\u00f6nnen. Beutetiere; Kaninchen-Kolonien; Elemente der nat\u00fcrlichen Lebensr\u00e4ume; Verhalten bei Gefahr von au\u00dfen; Verhalten bei internen Unstimmigkeiten. Zur Veranschaulichung sind Kaninchen anwesend. Die Inhalte dieses Themenabends sind\u00a0entscheidende Voraussetzung f\u00fcr harmonische Gruppenhaltung. \u00a0Aushang:\u00a0<a style=\"color: #999999;\" href=\"http:\/\/mensch-tier-gemeinsam.de\/htdocs\/wp-content\/uploads\/2017\/03\/themenabend_kaninchen-grundlagen_2017.05.03.pdf\">themenabend_kaninchen-grundlagen_2017.05.03<\/a><\/span><\/p>\n<p><span style=\"color: #999999;\">M\u00f6gliche Fortf\u00fchrung:\u00a0<a style=\"color: #999999;\" href=\"http:\/\/mensch-tier-gemeinsam.de\/htdocs\/wp-content\/uploads\/2017\/03\/themenabend_kaninchen-fortfuehrung_2017.pdf\">themenabend_kaninchen-fortfuehrung_2017<\/a>\u00a0 Bei Interesse bitte melden!<\/span><\/p>\n<p><span style=\"color: #999999;\"><strong>17.05.2017<\/strong>:\u00a0<strong>Kindern erfolgreich Verbote mitteilen<\/strong>:\u00a0Wunsch, Bitte, Frage, Regel, Verbot &#8211; Was soll es sein? Wie wirkt es? Aus unterschiedlichen Aussagen mittels\u00a0K\u00f6rperhaltung, Gestik, Mimik, Stimme und Wortwahl eine klare Mitteilung machen; Glaubw\u00fcrdigkeit und \u00dcberzeugungskraft von Verboten; \u00a0H\u00e4ufigkeit, Intensit\u00e4t und Konsequenzen von Verboten; kurz- und langfristige Wirkung eines Verbots.\u00a0Zur Veranschaulichung der k\u00f6rpersprachlichen und stimmlichen Aspekte stehen ca. 4 Hunde zur Verf\u00fcgung. \u00a0Aushang:<\/span><a href=\"http:\/\/mensch-tier-gemeinsam.de\/htdocs\/wp-content\/uploads\/2017\/04\/themenabend_kind-verbieten_2017.05.17.pdf\">themenabend_kind-verbieten_2017.05.17<\/a><\/p>\n<p><span style=\"color: #999999;\"><strong>30.05.2017 <\/strong>(Ausnahmsweise am Dienstag!)<strong>:<\/strong>\u00a0<strong>Haltung mehrerer Hunde &#8211; Eine Bereicherung f\u00fcr alle<\/strong>:\u00a0Wichtig f\u00fcr Hunde: Vertrauen, Zutrauen, Aufgabenteilung; wichtig f\u00fcr Menschen: Sympathie und Harmonie; \u00e4hnliche oder unterschiedliche Hunde: Was ist besser?; Aggression, Unterdr\u00fcckung, \u201eAnsteckung\u201c von Macken und Marotten; Rolle und Aufgabe des Menschen; Besonderheiten, wenn einer der Hunde alt ist. Auch f\u00fcr\u00a0<strong>Katzenhalter<\/strong> geeignet! Zur Veranschaulichung stehen ca. vier Hunde zur Verf\u00fcgung. \u00a0Aushang:\u00a0<a style=\"color: #999999;\" href=\"http:\/\/mensch-tier-gemeinsam.de\/htdocs\/wp-content\/uploads\/2017\/05\/themenabend_hunde-mehrere_2017.05.30.pdf\">themenabend_hunde-mehrere_2017.05.30<\/a><\/span><\/p>\n<\/div>\n<\/div>\n<p><span style=\"color: #999999;\"><strong>28.06.2017<\/strong>:\u00a0<strong>Im H\u00fchnerhof\u00a0&#8211; Der Mensch als Eindringling, Gast oder Chef?<\/strong>\u00a0Auch f\u00fcr Entenhalter! Jeder Hahn kann friedlich sein. Jedes Huhn kann vertrauensvoll sein. Sie k\u00f6nnen sich aussuchen, ob Sie im H\u00fchnerhof oder \u2013stall als Eindringling, Gast oder Chef betrachtet werden. Dies alles ist mit\u00a0K\u00f6rpersprache\u00a0und bestimmten\u00a0Verhaltensweisen\u00a0m\u00f6glich. Wenn Sie sich zum geachteten, rangh\u00f6chsten Lebewesen \u201ehochgearbeitet\u201c haben, k\u00f6nnen Sie das Verhalten der Tiere nach Ihren W\u00fcnschen beeinflussen.\u00a0Inhalte:\u00a0H\u00fchner leben nach Regeln, die der Mensch f\u00fcr sich nutzen kann; instinktive Bed\u00fcrfnisse dieser Beutetiere; k\u00f6rpersprachliche Grundlagen; sinnvolle Verhaltensweisen, mit denen Sie sich den Respekt und das Vertrauen Ihrer H\u00fchner verschaffen. \u00a0Aushang:\u00a0<a href=\"http:\/\/mensch-tier-gemeinsam.de\/htdocs\/wp-content\/uploads\/2017\/06\/themenabend_huehnerhof_2017.06.28.pdf\">themenabend_huehnerhof_2017.06.28<\/a><\/span><\/p>\n<div class=\"csRow\">\n<div class=\"csColumn\" style=\"margin: 0px; padding: 0px; float: left; width: 51.3%;\" data-csstartpoint=\"330\" data-csendpoint=\"630\" data-cswidth=\"51.3%\" data-csid=\"65bec6fe-4dda-d4bf-9a78-2959d4e9fbe7\">\n<p><span style=\"color: #1b700d;\">F\u00fcr Laien und zur\u00a0beruflichen Fortbildung<\/span><\/p>\n<p><span style=\"color: #1b700d;\">Ort: Mensch &amp; Tier gemeinsam, Sanitzer Stra\u00dfe 19 (Eingang vorn, parken hinten), 18190 Sanitz, OT Reppelin<\/span><\/p>\n<p><span style=\"color: #1b700d;\">Bei den meisten Themen sind einige meiner vierbeinigen Mitarbeiter anwesend. Bitte keine eigenen Hunde mitbringen. Je nach Thema k\u00f6nnen Sie Kleintiere nach Absprache mitbringen.<\/span><\/p>\n<p><span style=\"color: #1b700d;\">Auf Wunsch k\u00f6nnen Sie eine Teilnahmebest\u00e4tigung bekommen. Bitte bei der Anmeldung angeben.<\/span><\/p>\n<p><span style=\"color: #1b700d;\">Angst vor Tieren? Sie k\u00f6nnen trotzdem teilnehmen. Bitte sprechen Sie mich an.<\/span><\/p>\n<p>(Bei Interesse, bitte melden!):\u00a0<strong>Einem bestimmenden\/ kontrollierenden Kind Gelassenheit vermitteln.<\/strong>\u00a0Immer mehr Kinder wirken\u00a0sehr selbstsicher. Sie k\u00fcmmern sich, bestimmen und kontrollieren. Einerseits sind diese Kinder in Teilbereichen\u00a0sehr selbst\u00e4ndig, was f\u00fcr Erwachsene praktisch sein kann. Gleichzeitig kann eben dieses Verhalten sehr anstrengend f\u00fcr die Mitmenschen sein. Von Gleichaltrigen wird es h\u00e4ufig\u00a0als unangenehm empfunden. F\u00fcr das Kind selbst kann es belastend sein. Egal was der Erwachsene mit Worten \u00e4u\u00dfert, ein Kind nimmt unabh\u00e4ngig vom Alter die K\u00f6rpersprache und Verhaltensweisen von Erwachsenen unbewusst auf. Auf diese Art k\u00f6nnen Sie Ihr\u00a0Kind gezielt unterst\u00fctzen, Gelassenheit zu entwickeln. Zur Veranschaulichung der k\u00f6rpersprachlichen und stimmlichen Aspekte stehen ca. 4 Hunde zur Verf\u00fcgung. F\u00fcr Eltern, Gro\u00dfeltern, ErzieherInnen, &#8230;<\/p>\n<p><span style=\"color: #000000;\">(Bei Interesse, bitte melden!):<span style=\"font-size: 14px; font-weight: bold;\">\u00a0Ein\u00a0Hund\u00a0lebt\u00a0im Haushalt, ein\u00a0Kind kommt dazu<\/span>.\u00a0Es gibt verschiedene Gr\u00fcnde, aus denen bei Hundehaltern ein Kind dauerhaft oder zeitweise einzieht: Schwangerschaft, Bildung einer Patchworkfamilie, Aufnahme eines Pflegekindes, die Enkelkinder kommen in den Ferien zu Besuch, \u2026 Damit sich jeder wohlf\u00fchlt, sollten Sie es nicht einfach ausprobieren. Als Erwachsener haben Sie es in der Hand, das Zusammenleben so zu gestalten, dass es f\u00fcr alle beteiligten Lebewesen eine Bereicherung wird.\u00a0Inhalte: Den Hund auf die neue Situation vorbereiten; Baby; unsicheres Kind; Hunde-liebendes Kind; notwendige Regeln zur Sicherheit; sinnvolle Verhaltensweisen zur Bereicherung; k\u00f6rpersprachliche Grundlagen.\u00a0Zur Veranschaulichung\u00a0stehen ca. vier Hunde zur Verf\u00fcgung. Die anwesenden Hunde gehen nur zu Menschen hin, wenn dies erw\u00fcnscht ist. Wer Angst vor fremden Hunden hat, ist ebenso willkommen wie alle anderen.\u00a0Die meisten Aspekte dieses Themas lassen sich auch auf\u00a0<strong>Katzen<\/strong>\u00a0anwenden. Andere Tierarten bitte erfragen.<\/span><\/p>\n<p><strong>(Bei Interesse, bitte melden!):<span style=\"font-size: 14px; font-weight: bold;\">\u00a0<\/span>Hund und Katze friedlich zusammen<\/strong>:\u00a0Allgemeineres zum Thema finden Sie <a href=\"http:\/\/mensch-tier-gemeinsam.de\/htdocs\/?page_id=71\">hier<\/a>. Inhalt des Themenabends:\u00a0Wichtig f\u00fcr Menschen: Sympathie und Harmonie;\u00a0Wichtig f\u00fcr Tiere: Kl\u00e4rung, wer was kann, Aufgabenteilung im Rudel;\u00a0Friedliche und aggressive Unterdr\u00fcckung;\u00a0Rolle und Aufgabe des Menschen: Regeln festlegen und umsetzen;\u00a0Besonderheiten, wenn eines der Tiere alt ist. \u00a0Aushang:\u00a0<a href=\"http:\/\/mensch-tier-gemeinsam.de\/htdocs\/wp-content\/uploads\/2017\/04\/themenabend_hund-katze_2017.06.28.pdf\">themenabend_hund-katze_2017.06.28<\/a>\u00a0 \u00a0Als ganzt\u00e4giges Seminar:\u00a0<a href=\"http:\/\/mensch-tier-gemeinsam.de\/htdocs\/wp-content\/uploads\/2017\/04\/hund_katze_friedlich_2017.07.01.pdf\">hund_katze_friedlich_2017.07.01<\/a><\/p>\n<p><span style=\"color: #000000;\">(Bei Interesse, bitte melden!):\u00a0<strong>Mit dem Tier zum Tierarzt:<\/strong>\u00a0Der Mensch kann seinem Kaninchen, Huhn, Meerschweinchen, Wellensittich o. \u00e4. den Tierarztbesuch erleichtern. Mit einfachen k\u00f6rpersprachlichen Mitteln und Verhaltensweisen kann man auf die instinktiven Bed\u00fcrfnisse des Tiers eingehen. Inhalte: menschliches Verhalten, das dem Tier schadet; menschliches Verhalten, das die Genesung und Lebensfreude des Tiers f\u00f6rdert; Transport und im Warteraum; tier\u00e4rztliche Untersuchung, Behandlung; Medikamentengabe und Behandlung zu Hause. Zur Veranschaulichung stehen Kaninchen und H\u00fchner zur Verf\u00fcgung. Bei vorheriger Absprache k\u00f6nnen Sie gern Ihr Kleintier mitbringen.<\/span><\/p>\n<p><span style=\"color: #000000;\">(Bei Interesse, bitte melden!):\u00a0<strong>Einem unsicheren Kind Selbstsicherheit vermitteln:<\/strong> Manche Kinder sind grunds\u00e4tzlich unsicher, sch\u00fcchtern, zur\u00fcckhaltend oder \u00e4ngstlich und manche sind es nur in bestimmten Situationen. Die Unsicherheit kann offensichtlich sein oder mit besonders sicherem Auftreten \u00fcberspielt werden. Egal was der Erwachsene mit Worten \u00e4u\u00dfert, nimmt ein Kind unabh\u00e4ngig vom Alter die K\u00f6rpersprache und Verhaltensweisen von Erwachsenen unbewusst auf. Auf diese Art k\u00f6nnen Sie Ihr Kind gezielt unterst\u00fctzen, Selbstsicherheit zu entwickeln.\u00a0Inhalte: gesellschaftliche Entwicklungen im Umgang mit Kindern, die sich nachteilig auswirken; Vor- und Nachteile, Unsicherheit zu empfinden und zu zeigen; Was m\u00f6chte ich dem Kind mitteilen und was teile ich tats\u00e4chlich mit?; Kinder mittels\u00a0K\u00f6rperhaltung, Gestik, Mimik, Stimme und Wortwahl\u00a0best\u00e4rken. Zur Veranschaulichung der k\u00f6rpersprachlichen und stimmlichen Aspekte stehen ca. 4 Hunde zur Verf\u00fcgung. Die anwesenden Hunde gehen nur zu Menschen hin, wenn dies erw\u00fcnscht ist. Wer Angst vor fremden Hunden hat, ist ebenso willkommen wie alle anderen.<\/span><\/p>\n<p><span style=\"color: #000000;\">(Bei Interesse, bitte melden!): <strong>Jungtiere aufziehen und nat\u00fcrlich erziehen<\/strong>: K\u00fcken, Welpen, L\u00e4mmer usw.: Je intensiver der Kontakt zwischen Mensch und Jungtier ist, umso mehr k\u00f6rpersprachliche Missverst\u00e4ndnisse\u00a0entstehen, die der Mensch zun\u00e4chst nicht wahrnimmt. Wenn das Tier das Erwachsenenstadium erreicht hat, sind die Folgen dieser Missverst\u00e4ndnisse offensichtlich, h\u00e4ufig problematisch und f\u00fchren manchmal sogar zum vorzeitigen Tod des Tiers, besonders bei H\u00e4hnen.\u00a0Stattdessen kann der Mensch das Jungtier so pr\u00e4gen, dass es vertraunesvoll und vertr\u00e4glich ist. \u00a0\u00a0Tiere z\u00e4hmen: Vertrauen gewinnen; nat\u00fcrliche Erziehung; Jungtiere ohne Eltern; Jungtiere mit Eltern bzw. Mutter; bei Handaufzucht: Eingliederung des Tiers in eine Gruppe von Artgenossen. Zur Veranschaulichung stehen H\u00fchner und evtl. Kaninchen zur Verf\u00fcgung.\u00a0<\/span><\/p>\n<p><span style=\"color: #000000;\">(Bei Interesse, bitte melden!):\u00a0<strong>Unser Kind bekommt ein Haustier*<\/strong>:\u00a0Tierische Qual oder kindliche Entt\u00e4uschung gar nicht erst entstehen lassen; f\u00fcr ein zufriedenes Kind: Werte und Belohnungen vermitteln, Aufmerksamkeit lenken, Alternativen bieten; Grundlagen des Zusammenlebens und der k\u00f6rpersprachlichen Kommunikation, die das Tier f\u00fcr seine Ausgeglichenheit ben\u00f6tigt. Zur Veranschaulichung stehen einige Tiere zur Verf\u00fcgung. \u00a0 \u00a0 \u00a0 \u00a0 \u00a0 \u00a0 \u00a0 \u00a0* Hund, Katze, Kaninchen, Meerschweinchen, V\u00f6gel, Pferd, &#8230;<\/span><\/p>\n<p>(Bei Interesse, bitte melden!): <strong>Angst vor Hunden? Oder anderen Tieren?<\/strong><\/p>\n<ul>\n<li>F\u00fcr Interessierte, die vorbeugen wollen, z. B. Jogger,<\/li>\n<li>f\u00fcr Menschen mit Angst vor Hunden, Katzen, H\u00fchnern, \u2026,<\/li>\n<li>f\u00fcr Menschen, die beruflich oder privat mit jemandem zu tun haben (Erwachsener oder Kind), der Angst vor S\u00e4ugetieren oder V\u00f6geln hat. \u00a0 \u00a0 Mehr Infos: \u00a0<a href=\"http:\/\/mensch-tier-gemeinsam.de\/htdocs\/wp-content\/uploads\/2016\/04\/themenabend_angst-vor-tieren_2016.04.20.pdf\" target=\"_blank\" rel=\"noopener noreferrer\">themenabend_angst-vor-tieren_2016.04.20<\/a><\/li>\n<\/ul>\n<p>(Bei Interesse, bitte melden!): <strong>Harmonische Gruppenhaltung <\/strong>und<strong>\u00a0<\/strong><strong>Vertrauensvolle Mensch-Kaninchen-Beziehung. <\/strong>Geeignet als Fortf\u00fchrung nach einer Individuellen Beratung oder nach dem Themenabend &#8222;Gl\u00fcckliche Kaninchen &#8211; Grundlagen&#8220;.<strong>\u00a0<\/strong><a href=\"http:\/\/mensch-tier-gemeinsam.de\/htdocs\/termine\/themenabende\/themenabend_kaninchen-fortfuehrung_2016-05-16\/\">Weitere Infos<\/a>\u00a0Zur Veranschaulichung sind einige\u00a0Kaninchen anwesend, eigene k\u00f6nnen nach Absprache mitgebracht werden.<\/p>\n<p>(Bei Interesse, bitte melden!): <strong>Kranker Hund, alter Hund<\/strong>:\u00a0Schmerzen, Einschr\u00e4nkungen und Leiden des Tiers; Mitgef\u00fchl, Mitleid und Sorgen des Menschen; menschliches Verhalten, das dem Tier schadet; menschliches Verhalten, das die Genesung bzw. die Lebensfreude des Tiers f\u00f6rdert; Tierarztbesuch; Medikamentengabe; Umgang mit zeitweisen und dauerhaften k\u00f6rperlichen Einschr\u00e4nkungen.\u00a0Zum Beobachten und Ausprobieren stehen ca. 4 Hunde zur Verf\u00fcgung. Die meisten Aspekte dieses Themas lassen sich auch auf <strong>Katzen, Kaninchen und andere Tiere<\/strong> anwenden.<\/p>\n<p>(Bei Interesse, bitte melden!): <strong>Silvester mit einem gelassenen Hund verbringen<\/strong>:\u00a0Viele Hunde sind beim Ger\u00e4usch und Anblick von Raketen und Knallern hochgradig gestresst. Durch Ver\u00e4nderungen in Ihrer K\u00f6rpersprache und Ihrem Verhalten k\u00f6nnen Sie Ihrem Hund Schutz und Sicherheit vermitteln. Entscheidend ist dabei, dass Ihr Hund genau das versteht, was Sie ihm mitteilen m\u00f6chten &#8211; und nichts anderes. Darauf folgt Gelassenheit. Grunds\u00e4tzlich kann jeder Hund zu Silvester und bei Gewitter angstfrei sein.Inhalt:\u00a0Instinktives, nat\u00fcrliches Verhalten; Elemente, Strukturen und Positionen im Raum; M\u00f6glichkeiten der k\u00f6rpersprachlichen Einflussnahme zur Beruhigung des Hundes; Was Sie auf gar keinen Fall tun sollten!; sinnvolle Vorbereitungen im Alltag.\u00a0Zur Veranschaulichung stehen ca. 4 Hunde zur Verf\u00fcgung. Die meisten Aspekte dieses Themas lassen sich auch auf\u00a0Katzen\u00a0anwenden.\u00a0Auch als <a href=\"http:\/\/mensch-tier-gemeinsam.de\/htdocs\/fuer-tierhalter\/fuer-menschen-mit-hunden\/62-2\/individuelle-beratung-sylvester-mit\/\">Individuelle Beratung\u00a0!<\/a><\/p>\n<\/div>\n<div class=\"csColumnGap\" style=\"margin: 0px; padding: 0px; float: left; width: 1.56%;\"><img decoding=\"async\" src=\"http:\/\/mensch-tier-gemeinsam.de\/htdocs\/wp-content\/plugins\/advanced-wp-columns\/assets\/js\/plugins\/views\/img\/1x1-pixel.png\" alt=\"\" \/><\/div>\n<div class=\"csColumn\" style=\"margin: 0px; padding: 0px; float: left; width: 21.3%;\" data-csstartpoint=\"645\" data-csendpoint=\"945\" data-cswidth=\"21.3%\" data-csid=\"f8a1d13a-db85-88d2-9dcf-bb291176aa1a\">\n<p style=\"padding-left: 30px;\">Sie sind interessiert, h\u00e4tten jedoch gern einen anderen Zeitpunkt, Ort oder ein anderes Thema? <span style=\"font-size: 14px; font-weight: bold;\">Fragen<\/span> Sie einfach nach oder teilen Sie mir Ihre <span style=\"font-size: 14px; font-weight: bold;\">W\u00fcnsche<\/span> mit. Manchmal ist mehr m\u00f6glich, als man denkt.<\/p>\n<p>Sie haben <span style=\"font-size: 14px; font-weight: bold;\">ein anderes Tier<\/span> als hier angegeben? Bei vielen dieser Themen k\u00f6nnen Sie die angegebenen Lebewesen gedanklich durch Ihr Tier ersetzen. Manchmal sind einzelne Aspekte abweichend. Am besten fragen Sie mich vorher.<\/p>\n<\/div>\n<div class=\"csColumnGap\" style=\"margin: 0px; padding: 0px; float: left; width: 1.56%;\"><img decoding=\"async\" src=\"http:\/\/mensch-tier-gemeinsam.de\/htdocs\/wp-content\/plugins\/advanced-wp-columns\/assets\/js\/plugins\/views\/img\/1x1-pixel.png\" alt=\"\" \/><\/div>\n<div style=\"clear: both; float: none; display: block; visibility: hidden; width: 0px; font-size: 0px; line-height: 0;\"><\/div>\n<\/div>\n","protected":false},"excerpt":{"rendered":"<p>Jeweils mittwochs, 19.00 bis ca. 20.30 Uhr Eintritt 25 \u20ac pro Person max. 12 Personen,\u00a0deshalb bitte rechtzeitig anmelden 05.07.2017: Den\u00a0Hund wohltuend ber\u00fchren:\u00a0nat\u00fcrliche Formen des K\u00f6rperkontakts, die dem Streicheln \u00e4hneln; Ber\u00fchrungen\u00a0zum Genie\u00dfen; gestreichelt werden als Qual; Ber\u00fchrungen\u00a0als friedliches Mittel der Unterwerfung; Einfordern des Streichelns als Machtinstrument; Ber\u00fchrungen\u00a0als Therapie, zur St\u00e4rkung eines ausgeglichenen Wesens; Ber\u00fchrungen als Hilfsmittel [&hellip;]<\/p>\n","protected":false},"author":1,"featured_media":0,"parent":39,"menu_order":0,"comment_status":"closed","ping_status":"open","template":"","meta":{"footnotes":""},"class_list":["post-181","page","type-page","status-publish","hentry"],"_links":{"self":[{"href":"https:\/\/mensch-tier-gemeinsam.de\/htdocs\/wp-json\/wp\/v2\/pages\/181","targetHints":{"allow":["GET"]}}],"collection":[{"href":"https:\/\/mensch-tier-gemeinsam.de\/htdocs\/wp-json\/wp\/v2\/pages"}],"about":[{"href":"https:\/\/mensch-tier-gemeinsam.de\/htdocs\/wp-json\/wp\/v2\/types\/page"}],"author":[{"embeddable":true,"href":"https:\/\/mensch-tier-gemeinsam.de\/htdocs\/wp-json\/wp\/v2\/users\/1"}],"replies":[{"embeddable":true,"href":"https:\/\/mensch-tier-gemeinsam.de\/htdocs\/wp-json\/wp\/v2\/comments?post=181"}],"version-history":[{"count":106,"href":"https:\/\/mensch-tier-gemeinsam.de\/htdocs\/wp-json\/wp\/v2\/pages\/181\/revisions"}],"predecessor-version":[{"id":4480,"href":"https:\/\/mensch-tier-gemeinsam.de\/htdocs\/wp-json\/wp\/v2\/pages\/181\/revisions\/4480"}],"up":[{"embeddable":true,"href":"https:\/\/mensch-tier-gemeinsam.de\/htdocs\/wp-json\/wp\/v2\/pages\/39"}],"wp:attachment":[{"href":"https:\/\/mensch-tier-gemeinsam.de\/htdocs\/wp-json\/wp\/v2\/media?parent=181"}],"curies":[{"name":"wp","href":"https:\/\/api.w.org\/{rel}","templated":true}]}}