{"id":2,"date":"2015-02-19T04:39:32","date_gmt":"2015-02-19T04:39:32","guid":{"rendered":"http:\/\/localhost:8080\/wordpress-4.1.1\/wordpress\/?page_id=2"},"modified":"2025-03-27T00:37:17","modified_gmt":"2025-03-27T00:37:17","slug":"start","status":"publish","type":"page","link":"https:\/\/mensch-tier-gemeinsam.de\/htdocs\/","title":{"rendered":"Start"},"content":{"rendered":"<div class=\"csRow\">\n<div class=\"csColumn\" style=\"margin: 5px; padding: 0px; float: left; width: 52.9%; text-align: center;\" data-csid=\"8efe8c6a-fbd3-41f7-b90f-b53ffc596a01\" data-cswidth=\"52.9%\" data-csendpoint=\"734\" data-csstartpoint=\"226\">\u00a0<\/div>\n<\/div>\n<div class=\"csRow\">\n<div class=\"csColumnGap\" style=\"margin: 0px; padding: 0px; float: left; width: 1.56%;\"><img decoding=\"async\" src=\"http:\/\/mensch-tier-gemeinsam.de\/htdocs\/wp-content\/plugins\/advanced-wp-columns\/assets\/js\/plugins\/views\/img\/1x1-pixel.png\" alt=\"\" \/><\/div>\n<div class=\"csColumn\" style=\"margin: 0px; padding: 0px; float: left; width: 20.8%; text-align: center;\" data-csid=\"0acc742f-c35b-8f4a-b374-f2885a124b2c\" data-cswidth=\"20.8%\" data-csendpoint=\"215\" data-csstartpoint=\"15\">\u00a0<\/div>\n<div class=\"csColumn\" style=\"margin: 0px; padding: 0px; float: left; width: 53.1%;\" data-csid=\"06dbd09b-ccc9-b144-ba34-77641276bd9f\" data-cswidth=\"53.1%\" data-csendpoint=\"735\" data-csstartpoint=\"225\">\n<p>\u00a0<\/p>\n<p><span style=\"color: #000000;\"><strong>Veranstaltungen<\/strong> finden Sie <a href=\"https:\/\/mensch-tier-gemeinsam.de\/htdocs\/termine\/\">hier<\/a>.<\/span><\/p>\n<p><strong>Gelungene Verst\u00e4ndigung<\/strong>\u00a0<span style=\"color: #000000;\">ist die beste Grundlage f\u00fcr ein angenehmes Miteinander. Viele Tierarten kommunizieren fast ausschlie\u00dflich \u00fcber\u00a0K\u00f6rpersprache. Wir Menschen sind h\u00e4ufig auf W\u00f6rter fixiert. Dabei kann man herrlich aneinander vorbeireden und sich wunderbar <\/span><span style=\"color: #000000;\">gr\u00fcndlich missverstehen. K\u00f6rpersprachliche Informationen unseres Gegen\u00fcbers nehmen wir meistens \u201enur\u201c unbewusst wahr. Gerade deshalb haben der Eindruck, die Wirkung, die Ausstrahlung eine gro\u00dfe Bedeutung im Umgang miteinander.<\/span><\/p>\n<p><img decoding=\"async\" src=\"http:\/\/mensch-tier-gemeinsam.de\/attachments\/Image\/hunde_5_fuehren_3_kompr.jpg?template=generic&amp;header=headers1&amp;button=buttons1\" alt=\"Alessa Knoop-L\u00fcbke mit ihren &quot;Mitarbeitern&quot; Lissy, Daria, Peppi, Ronja und Pixel\" \/><\/p>\n<p style=\"text-align: center;\">Verst\u00e4ndigung erm\u00f6glichen,<\/p>\n<p style=\"text-align: center;\">Verbindung herstellen,<\/p>\n<p style=\"text-align: center;\">Bed\u00fcrfnisse in Einklang<br \/>bringen<\/p>\n<\/div>\n<div class=\"csColumnGap\" style=\"margin: 0px; padding: 0px; float: left; width: 1.15%;\"><img decoding=\"async\" src=\"http:\/\/mensch-tier-gemeinsam.de\/htdocs\/wp-content\/plugins\/advanced-wp-columns\/assets\/js\/plugins\/views\/img\/1x1-pixel.png\" alt=\"\" \/><\/div>\n<div class=\"csColumn\" style=\"margin: 0px; padding: 0px; float: left; width: 20.7%;\" data-csid=\"21b7c10b-cf2e-99f4-9a27-c1a66cf6e61c\" data-cswidth=\"20.7%\" data-csendpoint=\"945\" data-csstartpoint=\"746\">\u00a0<\/div>\n<\/div>\n<div class=\"csRow\">\n<div data-csid=\"21b7c10b-cf2e-99f4-9a27-c1a66cf6e61c\" data-cswidth=\"20.7%\" data-csendpoint=\"945\" data-csstartpoint=\"746\">\u00a0<\/div>\n<div data-csid=\"21b7c10b-cf2e-99f4-9a27-c1a66cf6e61c\" data-cswidth=\"20.7%\" data-csendpoint=\"945\" data-csstartpoint=\"746\">\u00a0<\/div>\n<div data-csid=\"21b7c10b-cf2e-99f4-9a27-c1a66cf6e61c\" data-cswidth=\"20.7%\" data-csendpoint=\"945\" data-csstartpoint=\"746\">\u00a0<\/div>\n<\/div>\n<div class=\"csRow\">\n<div data-csid=\"21b7c10b-cf2e-99f4-9a27-c1a66cf6e61c\" data-cswidth=\"20.7%\" data-csendpoint=\"945\" data-csstartpoint=\"746\">\u00a0<\/div>\n<\/div>\n<div class=\"csRow\">\n<div class=\"csColumnGap\" style=\"margin: 0px; padding: 0px; float: left; width: 1.56%;\"><img decoding=\"async\" src=\"http:\/\/mensch-tier-gemeinsam.de\/htdocs\/wp-content\/plugins\/advanced-wp-columns\/assets\/js\/plugins\/views\/img\/1x1-pixel.png\" alt=\"\" \/><\/div>\n<\/div>\n\n\n<p><\/p>\n","protected":false},"excerpt":{"rendered":"<p>\u00a0 \u00a0 \u00a0 Veranstaltungen finden Sie hier. Gelungene Verst\u00e4ndigung\u00a0ist die beste Grundlage f\u00fcr ein angenehmes Miteinander. Viele Tierarten kommunizieren fast ausschlie\u00dflich \u00fcber\u00a0K\u00f6rpersprache. Wir Menschen sind h\u00e4ufig auf W\u00f6rter fixiert. Dabei kann man herrlich aneinander vorbeireden und sich wunderbar gr\u00fcndlich missverstehen. K\u00f6rpersprachliche Informationen unseres Gegen\u00fcbers nehmen wir meistens \u201enur\u201c unbewusst wahr. Gerade deshalb haben der Eindruck, [&hellip;]<\/p>\n","protected":false},"author":1,"featured_media":0,"parent":0,"menu_order":0,"comment_status":"closed","ping_status":"closed","template":"","meta":{"footnotes":""},"class_list":["post-2","page","type-page","status-publish","hentry"],"_links":{"self":[{"href":"https:\/\/mensch-tier-gemeinsam.de\/htdocs\/wp-json\/wp\/v2\/pages\/2","targetHints":{"allow":["GET"]}}],"collection":[{"href":"https:\/\/mensch-tier-gemeinsam.de\/htdocs\/wp-json\/wp\/v2\/pages"}],"about":[{"href":"https:\/\/mensch-tier-gemeinsam.de\/htdocs\/wp-json\/wp\/v2\/types\/page"}],"author":[{"embeddable":true,"href":"https:\/\/mensch-tier-gemeinsam.de\/htdocs\/wp-json\/wp\/v2\/users\/1"}],"replies":[{"embeddable":true,"href":"https:\/\/mensch-tier-gemeinsam.de\/htdocs\/wp-json\/wp\/v2\/comments?post=2"}],"version-history":[{"count":434,"href":"https:\/\/mensch-tier-gemeinsam.de\/htdocs\/wp-json\/wp\/v2\/pages\/2\/revisions"}],"predecessor-version":[{"id":4666,"href":"https:\/\/mensch-tier-gemeinsam.de\/htdocs\/wp-json\/wp\/v2\/pages\/2\/revisions\/4666"}],"wp:attachment":[{"href":"https:\/\/mensch-tier-gemeinsam.de\/htdocs\/wp-json\/wp\/v2\/media?parent=2"}],"curies":[{"name":"wp","href":"https:\/\/api.w.org\/{rel}","templated":true}]}}