{"id":205,"date":"2015-03-21T08:54:32","date_gmt":"2015-03-21T08:54:32","guid":{"rendered":"http:\/\/mensch-tier-gemeinsam.de\/htdocs\/?page_id=205"},"modified":"2016-04-11T20:50:20","modified_gmt":"2016-04-11T20:50:20","slug":"mit-huehnern-leben","status":"publish","type":"page","link":"https:\/\/mensch-tier-gemeinsam.de\/htdocs\/fuer-tierhalter\/fuer-menschen-mit-huehnern\/veranstaltungen-fuer-huehnerhalter\/mit-huehnern-leben\/","title":{"rendered":"Mit H\u00fchnern leben"},"content":{"rendered":"<div class=\"csRow\">\n<div class=\"csColumnGap\" style=\"margin: 0px; padding: 0px; float: left; width: 1.56%;\"><img decoding=\"async\" src=\"http:\/\/mensch-tier-gemeinsam.de\/htdocs\/wp-content\/plugins\/advanced-wp-columns\/assets\/js\/plugins\/views\/img\/1x1-pixel.png\" alt=\"\" \/><\/div>\n<div class=\"csColumn\" style=\"margin: 0px; padding: 0px; float: left; width: 20.9%;\" data-csid=\"18862837-42f5-4e10-aa70-5f39698a17a0\" data-cswidth=\"20.9%\" data-csendpoint=\"216\" data-csstartpoint=\"15\">\n<p><span style=\"font-weight: bold; font-size: 14px;\">Seminar:\u00a0<\/span>theoretisch, praktisch und mit konkreten Beispielen<\/p>\n<p><span style=\"font-size: 14px; font-weight: bold;\">Zeit<\/span>: voraussichtlich Fr\u00fchjahr 2017; bei ausreichend Teilnehmern auch fr\u00fcher. Also bei Interesse bitte melden.<\/p>\n<p><span style=\"color: #808080;\">Sonntag, 10.04.2016,\u00a0<span style=\"font-size: 14px;\">9 \u2013 16 Uhr, danach bis ca. 17 Uhr Gelegenheit zum Austausch.<\/span><span style=\"font-weight: bold; font-size: 14px;\">\u00a0<\/span><\/span><\/p>\n<p><span style=\"font-size: 14px; font-weight: bold;\">Ort<\/span>:\u00a0Sanitzer Stra\u00dfe 19, 18190 Sanitz, OT Reppelin<\/p>\n<p><span style=\"font-size: 14px; font-weight: bold;\">Teilnehmer<\/span>:\u00a0H\u00fchnerhalter, H\u00fchnerliebhaber; Tierpfleger, Z\u00fcchter, &#8230;; auch f\u00fcr Jugendliche geeignet; max. 8 Teilnehmer<\/p>\n<p><span style=\"font-size: 14px; font-weight: bold;\">Teilnahmegeb\u00fchr<\/span>:60 \u20ac pro Teilnehmer\u00a0(inkl. kleiner Verpflegung)<\/p>\n<p>Eine <span style=\"font-size: 14px; font-weight: bold;\">Teilnahmebest\u00e4tigung<\/span> kann ausgestellt werden. Bitte bei der Anmeldung angeben.<\/p>\n<\/div>\n<div class=\"csColumnGap\" style=\"margin: 0px; padding: 0px; float: left; width: 1.04%;\"><img decoding=\"async\" src=\"http:\/\/mensch-tier-gemeinsam.de\/htdocs\/wp-content\/plugins\/advanced-wp-columns\/assets\/js\/plugins\/views\/img\/1x1-pixel.png\" alt=\"\" \/><\/div>\n<div class=\"csColumn\" style=\"margin: 0px; padding: 0px; float: left; width: 52.9%;\" data-csid=\"cab6dc95-d5fa-e7cc-ad95-72291141b6d7\" data-cswidth=\"52.9%\" data-csendpoint=\"734\" data-csstartpoint=\"226\">\n<p>H\u00fchner werden \u00fcblicherweise als Nutztiere bezeichnet, sind aber ebenso interessante und anspruchsvolle Tiere wie Pferde, Katzen etc.<\/p>\n<p>Inhalt:<\/p>\n<ul>\n<li>H\u00fchner sind Beutetiere.<\/li>\n<li>Revierverhalten und Rangordnung<\/li>\n<li>R\u00e4umliche Anordnung im Stall und Auslauf<\/li>\n<li>Aufzucht von K\u00fcken: nat\u00fcrliche Erziehung<\/li>\n<li>Verhalten im H\u00fchnerhof: Der Mensch als Eindringling, Gast oder Chef?<\/li>\n<li>Angst, Aggressionen, Apathie, \u2026: Wann handelt es sich um ein typisches Mensch-Tier-Missverst\u00e4ndnis und wann um eine Verhaltensst\u00f6rung? Wie sehen Probleml\u00f6sungen aus?<\/li>\n<li>Manche Menschen m\u00f6chten streicheln, hochnehmen, reden, Spa\u00df haben, trainieren, erziehen, \u2026 &#8211; und das Huhn? Je mehr N\u00e4he und intensiven Kontakt sich der Mensch w\u00fcnscht, umso wichtiger ist es, menschliche Verhaltensweisen zu finden, die dem nat\u00fcrlichen H\u00fchnerverhalten \u00e4hneln.<\/li>\n<\/ul>\n<p>Zur Veranschaulichung sind H\u00fchner anwesend.<\/p>\n<p>Erw\u00fcnscht:\u00a0Ihre konkreten Fragen zu diesem Thema<\/p>\n<p>Sofern es f\u00fcr die Tiere zumutbar ist (abh\u00e4ngig von Belastbarkeit, Gew\u00f6hnung, Kondition, Anfahrtdauer etc.), k\u00f6nnen eigene Tiere nach Absprache mitgebracht werden.\u00a0Das kann z. B. bei einem aggressiven Hahn sinnvoll sein.<\/p>\n<div id=\"attachment_513\" style=\"width: 310px\" class=\"wp-caption alignleft\"><a href=\"http:\/\/mensch-tier-gemeinsam.de\/htdocs\/wp-content\/uploads\/2015\/04\/mit-huehnern-leben___.jpg\"><img loading=\"lazy\" decoding=\"async\" aria-describedby=\"caption-attachment-513\" class=\"size-medium wp-image-513\" src=\"http:\/\/mensch-tier-gemeinsam.de\/htdocs\/wp-content\/uploads\/2015\/04\/mit-huehnern-leben___-300x206.jpg\" alt=\"Mit H\u00fchnern kann man kommunizieren, Beziehungen bilden und Spa\u00df haben, genauso wie mit Hunden oder Katzen.\" width=\"300\" height=\"206\" srcset=\"https:\/\/mensch-tier-gemeinsam.de\/htdocs\/wp-content\/uploads\/2015\/04\/mit-huehnern-leben___-300x206.jpg 300w, https:\/\/mensch-tier-gemeinsam.de\/htdocs\/wp-content\/uploads\/2015\/04\/mit-huehnern-leben___.jpg 1024w, https:\/\/mensch-tier-gemeinsam.de\/htdocs\/wp-content\/uploads\/2015\/04\/mit-huehnern-leben___-624x428.jpg 624w\" sizes=\"auto, (max-width: 300px) 100vw, 300px\" \/><\/a><p id=\"caption-attachment-513\" class=\"wp-caption-text\">Mit H\u00fchnern kann man kommunizieren, Beziehungen bilden und Spa\u00df haben, genauso wie mit Hunden oder Katzen.<\/p><\/div>\n<div id=\"attachment_515\" style=\"width: 310px\" class=\"wp-caption alignleft\"><a href=\"http:\/\/mensch-tier-gemeinsam.de\/htdocs\/wp-content\/uploads\/2015\/04\/haehne_hand_hund___.jpg\"><img loading=\"lazy\" decoding=\"async\" aria-describedby=\"caption-attachment-515\" class=\"size-medium wp-image-515\" src=\"http:\/\/mensch-tier-gemeinsam.de\/htdocs\/wp-content\/uploads\/2015\/04\/haehne_hand_hund___-300x210.jpg\" alt=\"Alessa Knoop-L\u00fcbke f\u00fcttert ihre Hennen und die H\u00e4hne Schumann (links) und Brahms (rechts) aus der Hand, w\u00e4hrend H\u00fcndin Ronja sich davor w\u00e4lzt.\" width=\"300\" height=\"210\" srcset=\"https:\/\/mensch-tier-gemeinsam.de\/htdocs\/wp-content\/uploads\/2015\/04\/haehne_hand_hund___-300x210.jpg 300w, https:\/\/mensch-tier-gemeinsam.de\/htdocs\/wp-content\/uploads\/2015\/04\/haehne_hand_hund___.jpg 1024w, https:\/\/mensch-tier-gemeinsam.de\/htdocs\/wp-content\/uploads\/2015\/04\/haehne_hand_hund___-624x438.jpg 624w\" sizes=\"auto, (max-width: 300px) 100vw, 300px\" \/><\/a><p id=\"caption-attachment-515\" class=\"wp-caption-text\">Alessa Knoop-L\u00fcbke f\u00fcttert ihre Hennen und die H\u00e4hne Schumann (links) und Brahms (rechts) aus der Hand, w\u00e4hrend H\u00fcndin Ronja sich davor w\u00e4lzt.<\/p><\/div>\n<\/div>\n<div class=\"csColumnGap\" style=\"margin: 0px; padding: 0px; float: left; width: 1.15%;\"><img decoding=\"async\" src=\"http:\/\/mensch-tier-gemeinsam.de\/htdocs\/wp-content\/plugins\/advanced-wp-columns\/assets\/js\/plugins\/views\/img\/1x1-pixel.png\" alt=\"\" \/><\/div>\n<div class=\"csColumn\" style=\"margin: 0px; padding: 0px; float: left; width: 20.8%;\" data-csid=\"2acefe47-95d8-b6d0-806b-edb5bed42add\" data-cswidth=\"20.8%\" data-csendpoint=\"945\" data-csstartpoint=\"745\">\n<p>Sie haben eine l\u00e4ngere Anreise? Bei der Vermittlung einer\u00a0Unterkunft\u00a0bin ich gern behilflich. In der \u00a0<a class=\" link\" href=\"http:\/\/vogelparkregion-recknitztal.tv-fdz.de\/willkommen\" target=\"_blank\">Vogelparkregion Recknitztal<\/a>\u00a0 stehen Ihnen einfache bis luxuri\u00f6se, kleine bis gro\u00dfe Unterk\u00fcnfte zur Verf\u00fcgung.<\/p>\n<p>Sie wollen mit \u00f6ffentlichen Verkehrsmitteln zum Seminar kommen? Zwischen Sanitz und Reppelin l\u00e4sst sich meistens etwas organisieren. Fragen Sie mich einfach!<\/p>\n<p>&nbsp;<\/p>\n<p><a class=\" link\" title=\"Individuelle Beratungen f\u00fcr H\u00fchnerhalter\" href=\"http:\/\/mensch-tier-gemeinsam.de\/htdocs\/?page_id=133\">Individuelle Beratung f\u00fcr H\u00fchnerhalter<\/a><\/p>\n<\/div>\n<div class=\"csColumnGap\" style=\"margin: 0px; padding: 0px; float: left; width: 1.56%;\"><img decoding=\"async\" src=\"http:\/\/mensch-tier-gemeinsam.de\/htdocs\/wp-content\/plugins\/advanced-wp-columns\/assets\/js\/plugins\/views\/img\/1x1-pixel.png\" alt=\"\" \/><\/div>\n<div style=\"clear: both; float: none; display: block; visibility: hidden; width: 0px; font-size: 0px; line-height: 0;\"><\/div>\n<\/div>\n<p>&nbsp;<\/p>\n","protected":false},"excerpt":{"rendered":"<p>Seminar:\u00a0theoretisch, praktisch und mit konkreten Beispielen Zeit: voraussichtlich Fr\u00fchjahr 2017; bei ausreichend Teilnehmern auch fr\u00fcher. Also bei Interesse bitte melden. Sonntag, 10.04.2016,\u00a09 \u2013 16 Uhr, danach bis ca. 17 Uhr Gelegenheit zum Austausch.\u00a0 Ort:\u00a0Sanitzer Stra\u00dfe 19, 18190 Sanitz, OT Reppelin Teilnehmer:\u00a0H\u00fchnerhalter, H\u00fchnerliebhaber; Tierpfleger, Z\u00fcchter, &#8230;; auch f\u00fcr Jugendliche geeignet; max. 8 Teilnehmer Teilnahmegeb\u00fchr:60 \u20ac pro [&hellip;]<\/p>\n","protected":false},"author":1,"featured_media":0,"parent":131,"menu_order":0,"comment_status":"closed","ping_status":"open","template":"","meta":{"footnotes":""},"class_list":["post-205","page","type-page","status-publish","hentry"],"_links":{"self":[{"href":"https:\/\/mensch-tier-gemeinsam.de\/htdocs\/wp-json\/wp\/v2\/pages\/205","targetHints":{"allow":["GET"]}}],"collection":[{"href":"https:\/\/mensch-tier-gemeinsam.de\/htdocs\/wp-json\/wp\/v2\/pages"}],"about":[{"href":"https:\/\/mensch-tier-gemeinsam.de\/htdocs\/wp-json\/wp\/v2\/types\/page"}],"author":[{"embeddable":true,"href":"https:\/\/mensch-tier-gemeinsam.de\/htdocs\/wp-json\/wp\/v2\/users\/1"}],"replies":[{"embeddable":true,"href":"https:\/\/mensch-tier-gemeinsam.de\/htdocs\/wp-json\/wp\/v2\/comments?post=205"}],"version-history":[{"count":10,"href":"https:\/\/mensch-tier-gemeinsam.de\/htdocs\/wp-json\/wp\/v2\/pages\/205\/revisions"}],"predecessor-version":[{"id":1136,"href":"https:\/\/mensch-tier-gemeinsam.de\/htdocs\/wp-json\/wp\/v2\/pages\/205\/revisions\/1136"}],"up":[{"embeddable":true,"href":"https:\/\/mensch-tier-gemeinsam.de\/htdocs\/wp-json\/wp\/v2\/pages\/131"}],"wp:attachment":[{"href":"https:\/\/mensch-tier-gemeinsam.de\/htdocs\/wp-json\/wp\/v2\/media?parent=205"}],"curies":[{"name":"wp","href":"https:\/\/api.w.org\/{rel}","templated":true}]}}