{"id":2365,"date":"2019-06-11T10:05:01","date_gmt":"2019-06-11T10:05:01","guid":{"rendered":"http:\/\/mensch-tier-gemeinsam.de\/htdocs\/?page_id=2365"},"modified":"2021-07-27T14:37:11","modified_gmt":"2021-07-27T14:37:11","slug":"ravil","status":"publish","type":"page","link":"https:\/\/mensch-tier-gemeinsam.de\/htdocs\/ueber-uns\/ravil\/","title":{"rendered":"Ravil"},"content":{"rendered":"\n<figure class=\"wp-block-image\"><img loading=\"lazy\" decoding=\"async\" width=\"1024\" height=\"875\" src=\"http:\/\/mensch-tier-gemeinsam.de\/htdocs\/wp-content\/uploads\/2019\/06\/laeuft_skeptisch_neugierig-1024x875.jpg\" alt=\"\" class=\"wp-image-2416\" srcset=\"https:\/\/mensch-tier-gemeinsam.de\/htdocs\/wp-content\/uploads\/2019\/06\/laeuft_skeptisch_neugierig-1024x875.jpg 1024w, https:\/\/mensch-tier-gemeinsam.de\/htdocs\/wp-content\/uploads\/2019\/06\/laeuft_skeptisch_neugierig-300x256.jpg 300w, https:\/\/mensch-tier-gemeinsam.de\/htdocs\/wp-content\/uploads\/2019\/06\/laeuft_skeptisch_neugierig-768x657.jpg 768w, https:\/\/mensch-tier-gemeinsam.de\/htdocs\/wp-content\/uploads\/2019\/06\/laeuft_skeptisch_neugierig-624x533.jpg 624w, https:\/\/mensch-tier-gemeinsam.de\/htdocs\/wp-content\/uploads\/2019\/06\/laeuft_skeptisch_neugierig.jpg 1503w\" sizes=\"auto, (max-width: 1024px) 100vw, 1024px\" \/><figcaption>Der Neue im Rudel! Durch seitliches Vorbeilaufen lernt er kennen und traut sich n\u00e4her heran.<\/figcaption><\/figure>\n\n\n\n<p><strong>Informationen aus dem Tierheim:<\/strong><\/p>\n\n\n\n<ul class=\"wp-block-list\"><li>ab Januar 2018 als Fundhund im Tierheim<\/li><li>Tierheim-Name: Manni<\/li><li>mittelgro\u00dfer wei\u00dfer SH-Mischling<\/li><li>geboren vermutlich 06\/ 2014<\/li><li>&#8222;Angsthund&#8220;<\/li><li> Manni verhielt sich im Tierheim sehr \u00e4ngstlich, teils panisch. Er hatte Angst vor allem und jedem, bis er sich daran gew\u00f6hnt hatte. <br>Zum Beispiel biss er anfangs Leinen durch, um sich zu befreien. <\/li><li>seit Mai 2019 in unserem Rudel<\/li><\/ul>\n\n\n\n<figure class=\"wp-block-image\"><img loading=\"lazy\" decoding=\"async\" width=\"1024\" height=\"440\" src=\"http:\/\/mensch-tier-gemeinsam.de\/htdocs\/wp-content\/uploads\/2019\/06\/angeber__-1024x440.jpg\" alt=\"\" class=\"wp-image-2434\" srcset=\"https:\/\/mensch-tier-gemeinsam.de\/htdocs\/wp-content\/uploads\/2019\/06\/angeber__-1024x440.jpg 1024w, https:\/\/mensch-tier-gemeinsam.de\/htdocs\/wp-content\/uploads\/2019\/06\/angeber__-300x129.jpg 300w, https:\/\/mensch-tier-gemeinsam.de\/htdocs\/wp-content\/uploads\/2019\/06\/angeber__-768x330.jpg 768w, https:\/\/mensch-tier-gemeinsam.de\/htdocs\/wp-content\/uploads\/2019\/06\/angeber__-624x268.jpg 624w\" sizes=\"auto, (max-width: 1024px) 100vw, 1024px\" \/><figcaption>Seine anf\u00e4ngliche Angeberei kam nicht gut an.<\/figcaption><\/figure>\n\n\n\n<figure class=\"wp-block-image\"><img loading=\"lazy\" decoding=\"async\" width=\"1024\" height=\"435\" src=\"http:\/\/mensch-tier-gemeinsam.de\/htdocs\/wp-content\/uploads\/2019\/06\/dreifache_Toleranz-1024x435.jpg\" alt=\"\" class=\"wp-image-2413\" srcset=\"https:\/\/mensch-tier-gemeinsam.de\/htdocs\/wp-content\/uploads\/2019\/06\/dreifache_Toleranz-1024x435.jpg 1024w, https:\/\/mensch-tier-gemeinsam.de\/htdocs\/wp-content\/uploads\/2019\/06\/dreifache_Toleranz-300x127.jpg 300w, https:\/\/mensch-tier-gemeinsam.de\/htdocs\/wp-content\/uploads\/2019\/06\/dreifache_Toleranz-768x326.jpg 768w, https:\/\/mensch-tier-gemeinsam.de\/htdocs\/wp-content\/uploads\/2019\/06\/dreifache_Toleranz-624x265.jpg 624w\" sizes=\"auto, (max-width: 1024px) 100vw, 1024px\" \/><figcaption>Etwas sp\u00e4ter dreifache Toleranz<\/figcaption><\/figure>\n\n\n\n<p><br><strong>Die erste Woche:<\/strong><br><br>Manni ist hier angstfrei. Wenn ihm etwas unbekannt ist, ist es ihm unheimlich. Dann nimmt er sich ausreichend Abstand, so dass er sich sicher f\u00fchlt. Au\u00dferdem versichert er sich anfangs min\u00fctlich, ob sein Weg zum sicheren Versteck noch frei ist. Wenn man Manni betrachtet und behandelt, als sei er ein  menschengepr\u00e4gtes Haustier, dann gibt es Probleme: viele Angst-Situationen f\u00fcr Manni und gro\u00dfe Entt\u00e4uschung f\u00fcr Menschen. Stellt man sich jedoch vor, es handle sich um ein Wildtier, zum Beispiel einen Fuchs, dann gibt es einen erfreulichen Moment nach dem anderen. Die Abst\u00e4nde, die Manni sich anfangs nimmt, sind f\u00fcr ein Wildtier gering, f\u00fcr tierliebende Menschen dagegen gef\u00fchlt riesig. <br><br>Das Wichtigste im Umgang mit scheuen Wildtieren, deren Vertrauen man gewinnen m\u00f6chte: Nicht hingehen! Abwarten, abwarten, abwarten, kommen lassen, weglaufen lassen, abwarten, kommen lassen, weglaufen lassen usw.<br><br>Da ich dieses Verhalten aus Darias erster Zeit bei mir kenne, wei\u00df ich, dass sich meine Entbehrungen (nicht hinsehen, nicht ber\u00fchren, etc.) lohnen werden.<\/p>\n\n\n\n<figure class=\"wp-block-gallery columns-2 is-cropped wp-block-gallery-1 is-layout-flex wp-block-gallery-is-layout-flex\"><ul class=\"blocks-gallery-grid\"><li class=\"blocks-gallery-item\"><figure><img loading=\"lazy\" decoding=\"async\" width=\"577\" height=\"1024\" src=\"http:\/\/mensch-tier-gemeinsam.de\/htdocs\/wp-content\/uploads\/2019\/06\/keine_2m_mehr-1-e1560251381308-577x1024.jpg\" alt=\"\" data-id=\"2427\" data-link=\"http:\/\/mensch-tier-gemeinsam.de\/htdocs\/ueber-uns\/neuer-hund\/keine_2m_mehr-2\/\" class=\"wp-image-2427\" srcset=\"https:\/\/mensch-tier-gemeinsam.de\/htdocs\/wp-content\/uploads\/2019\/06\/keine_2m_mehr-1-e1560251381308-577x1024.jpg 577w, https:\/\/mensch-tier-gemeinsam.de\/htdocs\/wp-content\/uploads\/2019\/06\/keine_2m_mehr-1-e1560251381308-169x300.jpg 169w, https:\/\/mensch-tier-gemeinsam.de\/htdocs\/wp-content\/uploads\/2019\/06\/keine_2m_mehr-1-e1560251381308-768x1362.jpg 768w, https:\/\/mensch-tier-gemeinsam.de\/htdocs\/wp-content\/uploads\/2019\/06\/keine_2m_mehr-1-e1560251381308-624x1107.jpg 624w, https:\/\/mensch-tier-gemeinsam.de\/htdocs\/wp-content\/uploads\/2019\/06\/keine_2m_mehr-1-e1560251381308.jpg 1840w\" sizes=\"auto, (max-width: 577px) 100vw, 577px\" \/><figcaption class=\"blocks-gallery-item__caption\">Nicht mal mehr 2 m Abstand zu mir!<\/figcaption><\/figure><\/li><li class=\"blocks-gallery-item\"><figure><img loading=\"lazy\" decoding=\"async\" width=\"577\" height=\"1024\" src=\"http:\/\/mensch-tier-gemeinsam.de\/htdocs\/wp-content\/uploads\/2019\/06\/20190604_130933-e1560251949502-577x1024.jpg\" alt=\"\" data-id=\"2430\" data-link=\"http:\/\/mensch-tier-gemeinsam.de\/htdocs\/ueber-uns\/neuer-hund\/20190604_130933\/\" class=\"wp-image-2430\" srcset=\"https:\/\/mensch-tier-gemeinsam.de\/htdocs\/wp-content\/uploads\/2019\/06\/20190604_130933-e1560251949502-577x1024.jpg 577w, https:\/\/mensch-tier-gemeinsam.de\/htdocs\/wp-content\/uploads\/2019\/06\/20190604_130933-e1560251949502-169x300.jpg 169w, https:\/\/mensch-tier-gemeinsam.de\/htdocs\/wp-content\/uploads\/2019\/06\/20190604_130933-e1560251949502-768x1362.jpg 768w, https:\/\/mensch-tier-gemeinsam.de\/htdocs\/wp-content\/uploads\/2019\/06\/20190604_130933-e1560251949502-624x1107.jpg 624w, https:\/\/mensch-tier-gemeinsam.de\/htdocs\/wp-content\/uploads\/2019\/06\/20190604_130933-e1560251949502.jpg 1840w\" sizes=\"auto, (max-width: 577px) 100vw, 577px\" \/><figcaption class=\"blocks-gallery-item__caption\">Die Neuentdeckung der Welt verleiht ihm ein jugendliches Aussehen.<\/figcaption><\/figure><\/li><li class=\"blocks-gallery-item\"><figure><img loading=\"lazy\" decoding=\"async\" width=\"1024\" height=\"778\" src=\"http:\/\/mensch-tier-gemeinsam.de\/htdocs\/wp-content\/uploads\/2019\/06\/wachsendes_Vertrauen-1024x778.jpg\" alt=\"\" data-id=\"2418\" data-link=\"http:\/\/mensch-tier-gemeinsam.de\/htdocs\/ueber-uns\/neuer-hund\/wachsendes_vertrauen\/\" class=\"wp-image-2418\" srcset=\"https:\/\/mensch-tier-gemeinsam.de\/htdocs\/wp-content\/uploads\/2019\/06\/wachsendes_Vertrauen-1024x778.jpg 1024w, https:\/\/mensch-tier-gemeinsam.de\/htdocs\/wp-content\/uploads\/2019\/06\/wachsendes_Vertrauen-300x228.jpg 300w, https:\/\/mensch-tier-gemeinsam.de\/htdocs\/wp-content\/uploads\/2019\/06\/wachsendes_Vertrauen-768x584.jpg 768w, https:\/\/mensch-tier-gemeinsam.de\/htdocs\/wp-content\/uploads\/2019\/06\/wachsendes_Vertrauen-624x474.jpg 624w\" sizes=\"auto, (max-width: 1024px) 100vw, 1024px\" \/><figcaption class=\"blocks-gallery-item__caption\">Wachsendes Vertrauen<\/figcaption><\/figure><\/li><\/ul><\/figure>\n\n\n\n<figure class=\"wp-block-image\"><img loading=\"lazy\" decoding=\"async\" width=\"827\" height=\"1024\" src=\"http:\/\/mensch-tier-gemeinsam.de\/htdocs\/wp-content\/uploads\/2019\/06\/hinter_daria-827x1024.jpg\" alt=\"\" class=\"wp-image-2414\" srcset=\"https:\/\/mensch-tier-gemeinsam.de\/htdocs\/wp-content\/uploads\/2019\/06\/hinter_daria-827x1024.jpg 827w, https:\/\/mensch-tier-gemeinsam.de\/htdocs\/wp-content\/uploads\/2019\/06\/hinter_daria-242x300.jpg 242w, https:\/\/mensch-tier-gemeinsam.de\/htdocs\/wp-content\/uploads\/2019\/06\/hinter_daria-768x951.jpg 768w, https:\/\/mensch-tier-gemeinsam.de\/htdocs\/wp-content\/uploads\/2019\/06\/hinter_daria-624x773.jpg 624w, https:\/\/mensch-tier-gemeinsam.de\/htdocs\/wp-content\/uploads\/2019\/06\/hinter_daria.jpg 1573w\" sizes=\"auto, (max-width: 827px) 100vw, 827px\" \/><figcaption>\u00dcberholt wird nicht. Von Daria l\u00e4sst sich das Energieb\u00fcndel ausbremsen und verlangsamen.<\/figcaption><\/figure>\n\n\n\n<p>Diese Fotos sind nach einer Woche Aufenthalt hier entstanden. Mit der Zeit werden weitere Informationen und Fotos folgen.<\/p>\n\n\n\n<p>Die Zeit mit Ravil zu genie\u00dfen, war mir lieber, als diese Seite regelm\u00e4\u00dfig zu aktualisieren. Nach seinem Tod habe ich einiges \u00fcber Ravil aufgeschrieben. Sie finden es hier: <a href=\"https:\/\/mensch-tier-gemeinsam.de\/htdocs\/ueber-uns\/ravil\/in-gedenken-an-ravil\/\">In Gedenken an Ravil<\/a>.<\/p>\n\n\n\n<p><br><\/p>\n","protected":false},"excerpt":{"rendered":"<p>Informationen aus dem Tierheim: ab Januar 2018 als Fundhund im Tierheim Tierheim-Name: Manni mittelgro\u00dfer wei\u00dfer SH-Mischling geboren vermutlich 06\/ 2014 &#8222;Angsthund&#8220; Manni verhielt sich im Tierheim sehr \u00e4ngstlich, teils panisch. Er hatte Angst vor allem und jedem, bis er sich daran gew\u00f6hnt hatte. Zum Beispiel biss er anfangs Leinen durch, um sich zu befreien. seit [&hellip;]<\/p>\n","protected":false},"author":1,"featured_media":0,"parent":8,"menu_order":4,"comment_status":"closed","ping_status":"closed","template":"","meta":{"footnotes":""},"class_list":["post-2365","page","type-page","status-publish","hentry"],"_links":{"self":[{"href":"https:\/\/mensch-tier-gemeinsam.de\/htdocs\/wp-json\/wp\/v2\/pages\/2365","targetHints":{"allow":["GET"]}}],"collection":[{"href":"https:\/\/mensch-tier-gemeinsam.de\/htdocs\/wp-json\/wp\/v2\/pages"}],"about":[{"href":"https:\/\/mensch-tier-gemeinsam.de\/htdocs\/wp-json\/wp\/v2\/types\/page"}],"author":[{"embeddable":true,"href":"https:\/\/mensch-tier-gemeinsam.de\/htdocs\/wp-json\/wp\/v2\/users\/1"}],"replies":[{"embeddable":true,"href":"https:\/\/mensch-tier-gemeinsam.de\/htdocs\/wp-json\/wp\/v2\/comments?post=2365"}],"version-history":[{"count":50,"href":"https:\/\/mensch-tier-gemeinsam.de\/htdocs\/wp-json\/wp\/v2\/pages\/2365\/revisions"}],"predecessor-version":[{"id":3053,"href":"https:\/\/mensch-tier-gemeinsam.de\/htdocs\/wp-json\/wp\/v2\/pages\/2365\/revisions\/3053"}],"up":[{"embeddable":true,"href":"https:\/\/mensch-tier-gemeinsam.de\/htdocs\/wp-json\/wp\/v2\/pages\/8"}],"wp:attachment":[{"href":"https:\/\/mensch-tier-gemeinsam.de\/htdocs\/wp-json\/wp\/v2\/media?parent=2365"}],"curies":[{"name":"wp","href":"https:\/\/api.w.org\/{rel}","templated":true}]}}