{"id":24,"date":"2015-03-18T23:00:06","date_gmt":"2015-03-18T23:00:06","guid":{"rendered":"http:\/\/mensch-tier-gemeinsam.de\/htdocs\/?page_id=24"},"modified":"2020-02-13T21:36:29","modified_gmt":"2020-02-13T21:36:29","slug":"pixel","status":"publish","type":"page","link":"https:\/\/mensch-tier-gemeinsam.de\/htdocs\/ueber-uns\/pixel\/","title":{"rendered":"Pixel"},"content":{"rendered":"<div class=\"csRow\">\n<div class=\"csColumnGap\" style=\"margin: 0px; padding: 0px; float: left; width: 1.56%;\"><img decoding=\"async\" src=\"http:\/\/mensch-tier-gemeinsam.de\/htdocs\/wp-content\/plugins\/advanced-wp-columns\/assets\/js\/plugins\/views\/img\/1x1-pixel.png\" alt=\"\" \/><\/div>\n<div class=\"csColumn\" style=\"margin: 0px; padding: 0px; float: left; width: 20.8%;\" data-csid=\"bfd6bd8c-465f-49a0-a6b8-db1c694c644d\" data-cswidth=\"20.8%\" data-csendpoint=\"215\" data-csstartpoint=\"15\">\n<div id=\"column1-content\">\n<div id=\"column1-content-inner\" class=\"container-content-inner\">\n<div id=\"widget-ba4dd420-6065-c7bd-f3bf-8bf248b51045\" class=\"widget widget-text\">\n<div class=\"widget-content\">\n<p><span style=\"font-size: 16px; font-weight: bold;\">Pixel\u00a0<\/span><\/p>\n<p><span style=\"color: #008000;\">Friedlich eingeschlafen in einer Wohlf\u00fchl-Situation im gro\u00dfen Rudel am 03.02.2016<\/span><\/p>\n<p>geb. ca. 2001<\/p>\n<p>Vorlieben:<\/p>\n<p>&#8211; im Mittelpunkt sein und verw\u00f6hnt werden<\/p>\n<p>&#8211; W\u00fchlm\u00e4use ausbuddeln<\/p>\n<p>&#8211; sich bei neuen Menschen beliebt machen und sie m\u00f6glichst &#8222;um den Finger wickeln&#8220;<\/p>\n<p>Mittlerweile ist Pixel k\u00f6rperlich und geistig ein alter Hund. Seit Pixel akzeptiert hat, dass er schw\u00e4cher geworden ist und vieles nicht mehr kann, ist er gelassener geworden. Das ist typisch f\u00fcr alte Hunde und wie ich finde, sehr angenehm.<\/p>\n<\/div>\n<\/div>\n<\/div>\n<\/div>\n<\/div>\n<div class=\"csColumnGap\" style=\"margin: 0px; padding: 0px; float: left; width: 1.04%;\"><img decoding=\"async\" src=\"http:\/\/mensch-tier-gemeinsam.de\/htdocs\/wp-content\/plugins\/advanced-wp-columns\/assets\/js\/plugins\/views\/img\/1x1-pixel.png\" alt=\"\" \/><\/div>\n<div class=\"csColumn\" style=\"margin: 0px; padding: 0px; float: left; width: 53.1%;\" data-csid=\"ef4d7177-fdc5-4633-a962-030b4e2fa9ef\" data-cswidth=\"53.1%\" data-csendpoint=\"735\" data-csstartpoint=\"225\">\n<div id=\"content-content\">\n<div id=\"content-content-inner\" class=\"container-content-inner\">\n<div id=\"widget-358705b4-ecf9-c710-0f28-6a9f325872a0\" class=\"widget widget-text\">\n<div class=\"widget-content\">\n<p><img loading=\"lazy\" decoding=\"async\" id=\"mce-708\" style=\"display: block; margin-left: auto; margin-right: auto;\" title=\"Bitte nicht st\u00f6ren! Ich genie\u00dfe gerade.\" src=\"..\/..\/..\/..\/..\/..\/..\/..\/attachments\/Image\/100_0318_kompr.jpg?template=generic&amp;header=headers1&amp;button=buttons1\" alt=\"Bitte nicht st\u00f6ren! Ich genie\u00dfe gerade.\" width=\"400\" height=\"277\" \/><\/p>\n<p><img loading=\"lazy\" decoding=\"async\" id=\"mce-789\" style=\"display: block; margin-left: auto; margin-right: auto;\" title=\"Was gibt es Sch\u00f6neres als von allen Seiten bewundert und verw\u00f6hnt zu werden?\" src=\"..\/..\/..\/..\/..\/..\/..\/..\/attachments\/Image\/SDC12465_kompr.jpg?template=generic&amp;header=headers1&amp;button=buttons1\" alt=\"Was gibt es Sch\u00f6neres als von allen Seiten bewundert und verw\u00f6hnt zu werden?\" width=\"400\" height=\"353\" \/><\/p>\n<\/div>\n<\/div>\n<\/div>\n<\/div>\n<div id=\"footer-side\" class=\"side\">\n<div id=\"footer-side2\" class=\"side2\">\n<div class=\"container-content\">\n<p><img decoding=\"async\" id=\"footer-background-image\" class=\"background-image\" src=\"..\/..\/..\/..\/..\/..\/..\/..\/images\/background-none.png?template=generic&amp;header=headers1&amp;button=buttons1&amp;.png\" alt=\"\" \/><\/p>\n<div id=\"footer-content\">\n<div id=\"footer-content-inner\" class=\"container-content-inner\">\n<div id=\"widget-11aca2de-d93a-9c40-ff75-d26f24a91552\" class=\"widget widget-text\">\n<div class=\"widget-content\">\n<p style=\"text-align: center;\">\u00a9 2011 &#8211; 2016. Alessa Knoop-L\u00fcbke. Alle Rechte vorbehalten.<\/p>\n<\/div>\n<\/div>\n<\/div>\n<\/div>\n<\/div>\n<\/div>\n<\/div>\n<\/div>\n<div class=\"csColumnGap\" style=\"margin: 0px; padding: 0px; float: left; width: 1.04%;\"><img decoding=\"async\" src=\"http:\/\/mensch-tier-gemeinsam.de\/htdocs\/wp-content\/plugins\/advanced-wp-columns\/assets\/js\/plugins\/views\/img\/1x1-pixel.png\" alt=\"\" \/><\/div>\n<div class=\"csColumn\" style=\"margin: 0px; padding: 0px; float: left; width: 20.8%;\" data-csid=\"acd1c19b-b53b-8dce-9e4a-8e63f0ef9b55\" data-cswidth=\"20.8%\" data-csendpoint=\"945\" data-csstartpoint=\"745\">\n<p>St\u00e4rken:<\/p>\n<p>Pixel mag grunds\u00e4tzlich alle Menschen, Kinder liebt er. Er\u00a0 begegnet jedem aufgeschlossen und freundlich. Vertrauen bekommt man von Pixel geschenkt. Er wei\u00df Menschen geschickt und unauff\u00e4llig zu manipulieren. Seinen Respekt muss man sich erarbeiten. An Pixels Verhalten kann man deutlich &#8222;ablesen&#8220;, ob ein Mensch beispielsweise eine unsichere, nachgiebige, autorit\u00e4re oder\u00a0souver\u00e4ne Ausstrahlung hat &#8211; und sich mit seiner Hilfe die gew\u00fcnschte Ausstrahlung aneignen.<\/p>\n<p>Unsicheren und \u00fcberdrehten Hunden zeigt Pixel mit seiner Gelassenheit, was innere St\u00e4rke ist. Allerdings ist er manchmal auch ein kleiner Angeber. \u00a0\ud83d\ude09<\/p>\n<\/div>\n<div class=\"csColumnGap\" style=\"margin: 0px; padding: 0px; float: left; width: 1.56%;\"><img decoding=\"async\" src=\"http:\/\/mensch-tier-gemeinsam.de\/htdocs\/wp-content\/plugins\/advanced-wp-columns\/assets\/js\/plugins\/views\/img\/1x1-pixel.png\" alt=\"\" \/><\/div>\n<div style=\"clear: both; float: none; display: block; visibility: hidden; width: 0px; font-size: 0px; line-height: 0;\"><\/div>\n<\/div>\n<p>&nbsp;<\/p>\n","protected":false},"excerpt":{"rendered":"<p>Pixel\u00a0 Friedlich eingeschlafen in einer Wohlf\u00fchl-Situation im gro\u00dfen Rudel am 03.02.2016 geb. ca. 2001 Vorlieben: &#8211; im Mittelpunkt sein und verw\u00f6hnt werden &#8211; W\u00fchlm\u00e4use ausbuddeln &#8211; sich bei neuen Menschen beliebt machen und sie m\u00f6glichst &#8222;um den Finger wickeln&#8220; Mittlerweile ist Pixel k\u00f6rperlich und geistig ein alter Hund. Seit Pixel akzeptiert hat, dass er schw\u00e4cher [&hellip;]<\/p>\n","protected":false},"author":1,"featured_media":0,"parent":8,"menu_order":7,"comment_status":"closed","ping_status":"closed","template":"","meta":{"footnotes":""},"class_list":["post-24","page","type-page","status-publish","hentry"],"_links":{"self":[{"href":"https:\/\/mensch-tier-gemeinsam.de\/htdocs\/wp-json\/wp\/v2\/pages\/24","targetHints":{"allow":["GET"]}}],"collection":[{"href":"https:\/\/mensch-tier-gemeinsam.de\/htdocs\/wp-json\/wp\/v2\/pages"}],"about":[{"href":"https:\/\/mensch-tier-gemeinsam.de\/htdocs\/wp-json\/wp\/v2\/types\/page"}],"author":[{"embeddable":true,"href":"https:\/\/mensch-tier-gemeinsam.de\/htdocs\/wp-json\/wp\/v2\/users\/1"}],"replies":[{"embeddable":true,"href":"https:\/\/mensch-tier-gemeinsam.de\/htdocs\/wp-json\/wp\/v2\/comments?post=24"}],"version-history":[{"count":5,"href":"https:\/\/mensch-tier-gemeinsam.de\/htdocs\/wp-json\/wp\/v2\/pages\/24\/revisions"}],"predecessor-version":[{"id":1066,"href":"https:\/\/mensch-tier-gemeinsam.de\/htdocs\/wp-json\/wp\/v2\/pages\/24\/revisions\/1066"}],"up":[{"embeddable":true,"href":"https:\/\/mensch-tier-gemeinsam.de\/htdocs\/wp-json\/wp\/v2\/pages\/8"}],"wp:attachment":[{"href":"https:\/\/mensch-tier-gemeinsam.de\/htdocs\/wp-json\/wp\/v2\/media?parent=24"}],"curies":[{"name":"wp","href":"https:\/\/api.w.org\/{rel}","templated":true}]}}