{"id":2601,"date":"2020-02-13T21:23:09","date_gmt":"2020-02-13T21:23:09","guid":{"rendered":"http:\/\/mensch-tier-gemeinsam.de\/htdocs\/?page_id=2601"},"modified":"2021-12-11T13:23:37","modified_gmt":"2021-12-11T13:23:37","slug":"daisy","status":"publish","type":"page","link":"https:\/\/mensch-tier-gemeinsam.de\/htdocs\/ueber-uns\/daisy\/","title":{"rendered":"Daisy"},"content":{"rendered":"\n<p>\u00dcbergabe-Informationen: Daisy ist ein Labrador-Mischling, wurde 2009 geboren, lebte bei einer Familie mit Kind. Sie wurde an der Kette gehalten. Bekannten der Vorbesitzer tat sie leid. Sie nahmen Daisy mit und brachten sie nach einigen Wochen ins Tierheim. Von dort holte ich sie im September 2019 zu mir. <\/p>\n\n\n\n<p>Daisy, das Kuschelmonster. Auf Daisy trifft beides zu: Kuschel und Monster. Sie ist ein sehr k\u00f6rperlicher Hund, sowohl wenn sie deutlich zeigt, dass sie eigentlich ein Scho\u00dfhund ist als auch, wenn sie sich k\u00e4mpfend durchsetzen m\u00f6chte. Und auch wenn sie unbedingt irgendwo hin m\u00f6chte: \u00fcber 1,80 m hohe Tore springen, drinnen die Auslegware vernichten, weil sie sich unter der T\u00fcr durchbuddeln will, aus dem Seminarraum durchs offene Fenster springen. Daisy ist ein sehr geselliger Hund, sehnt sich nach N\u00e4he, sucht die N\u00e4he. Gleichzeitig f\u00fchlt sie sich  bedroht, wenn sich ihr jemand n\u00e4hert. Dieser innere Widerspruch f\u00fchrt dazu, dass Daisy sich oft selbst in Situationen bringt, die sie nicht aush\u00e4lt. Zum Gl\u00fcck lernt sie sehr eifrig. <\/p>\n\n\n\n<div class=\"wp-block-cover has-background-dim-40 has-background-dim\"><video class=\"wp-block-cover__video-background intrinsic-ignore\" autoplay muted loop playsinline src=\"http:\/\/mensch-tier-gemeinsam.de\/htdocs\/wp-content\/uploads\/2020\/02\/alle_vier_2020.02.10___.mp4\" data-object-fit=\"cover\"><\/video><div class=\"wp-block-cover__inner-container is-layout-flow wp-block-cover-is-layout-flow\">\n<p class=\"has-text-align-center has-large-font-size\"><\/p>\n<\/div><\/div>\n\n\n\n<p>Fr\u00fchst\u00fcck Februar 2020. Daisy ist die Schwarze. Ihr kleines Anh\u00e4ngsel ist Nero. Hinten ist die alte Daria und rechts Ravil. <\/p>\n\n\n\n<p>Am Neujahrsmorgen 2021 zeigt sie vorbildliches Sozialverhalten bei der Badewannenteilung. Mein Tipp: Sehen Sie sich das Video mehrere Male an, um alle Details zu entdecken, auch im Entenverhalten.  <\/p>\n\n\n\n<p><a rel=\"noreferrer noopener\" href=\"http:\/\/mensch-tier-gemeinsam.de\/htdocs\/wp-content\/uploads\/2021\/12\/badewannenteilung.mp4\" target=\"_blank\">http:\/\/mensch-tier-gemeinsam.de\/htdocs\/wp-content\/uploads\/2021\/12\/badewannenteilung.mp4<\/a><\/p>\n\n\n\n<p>W\u00e4hrend der Coachings (eine Person sitzt mit mir im Seminarraum und wir bearbeiten Menschen-Themen) ist Daisy seit einiger Zeit regelm\u00e4\u00dfig anwesend. Manche Klienten m\u00f6gen Daisy kraulen. Unter bestimmten Bedingungen m\u00f6chte Daisy es auch, aber bitte sch\u00f6n im Liegen. Das finde ich nachvollziehbar. Damit Daisy beim Genie\u00dfen liegen kann und meine Klienten einen geraden R\u00fccken behalten k\u00f6nnen, habe ich ein Feldbett angeschafft. Das hat die perfekte Gr\u00f6\u00dfe und steht dann direkt neben dem Klienten-Stuhl. <\/p>\n\n\n\n<p>Hier noch einige Dateien, in denen Daisy vorkommt (wegen technischer Schwierigkeiten ziemlich weit unten):<\/p>\n\n\n\n<div data-wp-interactive=\"core\/file\" class=\"wp-block-file\"><object data-wp-bind--hidden=\"!state.hasPdfPreview\" hidden class=\"wp-block-file__embed\" data=\"http:\/\/mensch-tier-gemeinsam.de\/htdocs\/wp-content\/uploads\/2021\/12\/daisy_waelzt_sich.pdf\" type=\"application\/pdf\" style=\"width:100%;height:200px\" aria-label=\"Einbettung von Einbettung von daisy_waelzt_sich..\"><\/object><a href=\"http:\/\/mensch-tier-gemeinsam.de\/htdocs\/wp-content\/uploads\/2021\/12\/daisy_waelzt_sich.pdf\">daisy_waelzt_sich<\/a><a href=\"http:\/\/mensch-tier-gemeinsam.de\/htdocs\/wp-content\/uploads\/2021\/12\/daisy_waelzt_sich.pdf\" class=\"wp-block-file__button\" download>Herunterladen<\/a><\/div>\n\n\n\n<div data-wp-interactive=\"core\/file\" class=\"wp-block-file\"><object data-wp-bind--hidden=\"!state.hasPdfPreview\" hidden class=\"wp-block-file__embed\" data=\"http:\/\/mensch-tier-gemeinsam.de\/htdocs\/wp-content\/uploads\/2021\/12\/daisy-bereist-mv_1.pdf\" type=\"application\/pdf\" style=\"width:100%;height:200px\" aria-label=\"Einbettung von Einbettung von daisy-bereist-mv_1..\"><\/object><a href=\"http:\/\/mensch-tier-gemeinsam.de\/htdocs\/wp-content\/uploads\/2021\/12\/daisy-bereist-mv_1.pdf\">daisy-bereist-mv_1<\/a><a href=\"http:\/\/mensch-tier-gemeinsam.de\/htdocs\/wp-content\/uploads\/2021\/12\/daisy-bereist-mv_1.pdf\" class=\"wp-block-file__button\" download>Herunterladen<\/a><\/div>\n\n\n\n<div data-wp-interactive=\"core\/file\" class=\"wp-block-file\"><object data-wp-bind--hidden=\"!state.hasPdfPreview\" hidden class=\"wp-block-file__embed\" data=\"http:\/\/mensch-tier-gemeinsam.de\/htdocs\/wp-content\/uploads\/2021\/12\/daisy-bereist-mv_2.pdf\" type=\"application\/pdf\" style=\"width:100%;height:200px\" aria-label=\"Einbettung von Einbettung von daisy-bereist-mv_2..\"><\/object><a href=\"http:\/\/mensch-tier-gemeinsam.de\/htdocs\/wp-content\/uploads\/2021\/12\/daisy-bereist-mv_2.pdf\">daisy-bereist-mv_2<\/a><a href=\"http:\/\/mensch-tier-gemeinsam.de\/htdocs\/wp-content\/uploads\/2021\/12\/daisy-bereist-mv_2.pdf\" class=\"wp-block-file__button\" download>Herunterladen<\/a><\/div>\n\n\n\n<div data-wp-interactive=\"core\/file\" class=\"wp-block-file\"><object data-wp-bind--hidden=\"!state.hasPdfPreview\" hidden class=\"wp-block-file__embed\" data=\"http:\/\/mensch-tier-gemeinsam.de\/htdocs\/wp-content\/uploads\/2021\/12\/daisy-bereist-mv_3.pdf\" type=\"application\/pdf\" style=\"width:100%;height:200px\" aria-label=\"Einbettung von Einbettung von daisy-bereist-mv_3..\"><\/object><a href=\"http:\/\/mensch-tier-gemeinsam.de\/htdocs\/wp-content\/uploads\/2021\/12\/daisy-bereist-mv_3.pdf\">daisy-bereist-mv_3<\/a><a href=\"http:\/\/mensch-tier-gemeinsam.de\/htdocs\/wp-content\/uploads\/2021\/12\/daisy-bereist-mv_3.pdf\" class=\"wp-block-file__button\" download>Herunterladen<\/a><\/div>\n\n\n\n<div data-wp-interactive=\"core\/file\" class=\"wp-block-file\"><object data-wp-bind--hidden=\"!state.hasPdfPreview\" hidden class=\"wp-block-file__embed\" data=\"http:\/\/mensch-tier-gemeinsam.de\/htdocs\/wp-content\/uploads\/2021\/12\/daisy-bereist-mv_4.pdf\" type=\"application\/pdf\" style=\"width:100%;height:200px\" aria-label=\"Einbettung von Einbettung von daisy-bereist-mv_4..\"><\/object><a href=\"http:\/\/mensch-tier-gemeinsam.de\/htdocs\/wp-content\/uploads\/2021\/12\/daisy-bereist-mv_4.pdf\">daisy-bereist-mv_4<\/a><a href=\"http:\/\/mensch-tier-gemeinsam.de\/htdocs\/wp-content\/uploads\/2021\/12\/daisy-bereist-mv_4.pdf\" class=\"wp-block-file__button\" download>Herunterladen<\/a><\/div>\n","protected":false},"excerpt":{"rendered":"<p>\u00dcbergabe-Informationen: Daisy ist ein Labrador-Mischling, wurde 2009 geboren, lebte bei einer Familie mit Kind. Sie wurde an der Kette gehalten. Bekannten der Vorbesitzer tat sie leid. Sie nahmen Daisy mit und brachten sie nach einigen Wochen ins Tierheim. Von dort holte ich sie im September 2019 zu mir. Daisy, das Kuschelmonster. Auf Daisy trifft beides [&hellip;]<\/p>\n","protected":false},"author":1,"featured_media":0,"parent":8,"menu_order":2,"comment_status":"closed","ping_status":"closed","template":"","meta":{"footnotes":""},"class_list":["post-2601","page","type-page","status-publish","hentry"],"_links":{"self":[{"href":"https:\/\/mensch-tier-gemeinsam.de\/htdocs\/wp-json\/wp\/v2\/pages\/2601","targetHints":{"allow":["GET"]}}],"collection":[{"href":"https:\/\/mensch-tier-gemeinsam.de\/htdocs\/wp-json\/wp\/v2\/pages"}],"about":[{"href":"https:\/\/mensch-tier-gemeinsam.de\/htdocs\/wp-json\/wp\/v2\/types\/page"}],"author":[{"embeddable":true,"href":"https:\/\/mensch-tier-gemeinsam.de\/htdocs\/wp-json\/wp\/v2\/users\/1"}],"replies":[{"embeddable":true,"href":"https:\/\/mensch-tier-gemeinsam.de\/htdocs\/wp-json\/wp\/v2\/comments?post=2601"}],"version-history":[{"count":25,"href":"https:\/\/mensch-tier-gemeinsam.de\/htdocs\/wp-json\/wp\/v2\/pages\/2601\/revisions"}],"predecessor-version":[{"id":3280,"href":"https:\/\/mensch-tier-gemeinsam.de\/htdocs\/wp-json\/wp\/v2\/pages\/2601\/revisions\/3280"}],"up":[{"embeddable":true,"href":"https:\/\/mensch-tier-gemeinsam.de\/htdocs\/wp-json\/wp\/v2\/pages\/8"}],"wp:attachment":[{"href":"https:\/\/mensch-tier-gemeinsam.de\/htdocs\/wp-json\/wp\/v2\/media?parent=2601"}],"curies":[{"name":"wp","href":"https:\/\/api.w.org\/{rel}","templated":true}]}}