{"id":2670,"date":"2020-05-10T20:05:40","date_gmt":"2020-05-10T20:05:40","guid":{"rendered":"http:\/\/mensch-tier-gemeinsam.de\/htdocs\/?page_id=2670"},"modified":"2020-07-26T22:01:27","modified_gmt":"2020-07-26T22:01:27","slug":"eine-moehre-drei-verwerter","status":"publish","type":"page","link":"https:\/\/mensch-tier-gemeinsam.de\/htdocs\/fotos-2\/eine-moehre-drei-verwerter\/","title":{"rendered":"Eine M\u00f6hre, drei Verwerter"},"content":{"rendered":"\n<p>Jeder frisst auf seine Art. Der Eine frisst lieber Gro\u00dfes, der Andere lieber Kleines. Daisy bevorzugt bei der Nahrungsaufnahme die Methode des Schredderns. Da bleibt viel Mittleres und Kleines \u00fcbrig. <\/p>\n\n\n\n<figure class=\"wp-block-image\"><img loading=\"lazy\" decoding=\"async\" width=\"1024\" height=\"739\" src=\"http:\/\/mensch-tier-gemeinsam.de\/htdocs\/wp-content\/uploads\/2020\/05\/1_daisy_schreddert_moehre-1-1024x739.jpg\" alt=\"\" class=\"wp-image-2675\" srcset=\"https:\/\/mensch-tier-gemeinsam.de\/htdocs\/wp-content\/uploads\/2020\/05\/1_daisy_schreddert_moehre-1-1024x739.jpg 1024w, https:\/\/mensch-tier-gemeinsam.de\/htdocs\/wp-content\/uploads\/2020\/05\/1_daisy_schreddert_moehre-1-300x216.jpg 300w, https:\/\/mensch-tier-gemeinsam.de\/htdocs\/wp-content\/uploads\/2020\/05\/1_daisy_schreddert_moehre-1-768x554.jpg 768w, https:\/\/mensch-tier-gemeinsam.de\/htdocs\/wp-content\/uploads\/2020\/05\/1_daisy_schreddert_moehre-1-624x450.jpg 624w, https:\/\/mensch-tier-gemeinsam.de\/htdocs\/wp-content\/uploads\/2020\/05\/1_daisy_schreddert_moehre-1.jpg 1117w\" sizes=\"auto, (max-width: 1024px) 100vw, 1024px\" \/><figcaption>So sieht es aus, wenn Daisy eine M\u00f6hre frisst: Sie schreddert.<\/figcaption><\/figure>\n\n\n\n<figure class=\"wp-block-image\"><img loading=\"lazy\" decoding=\"async\" width=\"1024\" height=\"962\" src=\"http:\/\/mensch-tier-gemeinsam.de\/htdocs\/wp-content\/uploads\/2020\/05\/2_nero_moechte_auch_moehre-1024x962.jpg\" alt=\"\" class=\"wp-image-2677\" srcset=\"https:\/\/mensch-tier-gemeinsam.de\/htdocs\/wp-content\/uploads\/2020\/05\/2_nero_moechte_auch_moehre-1024x962.jpg 1024w, https:\/\/mensch-tier-gemeinsam.de\/htdocs\/wp-content\/uploads\/2020\/05\/2_nero_moechte_auch_moehre-300x282.jpg 300w, https:\/\/mensch-tier-gemeinsam.de\/htdocs\/wp-content\/uploads\/2020\/05\/2_nero_moechte_auch_moehre-768x722.jpg 768w, https:\/\/mensch-tier-gemeinsam.de\/htdocs\/wp-content\/uploads\/2020\/05\/2_nero_moechte_auch_moehre-624x586.jpg 624w, https:\/\/mensch-tier-gemeinsam.de\/htdocs\/wp-content\/uploads\/2020\/05\/2_nero_moechte_auch_moehre.jpg 1374w\" sizes=\"auto, (max-width: 1024px) 100vw, 1024px\" \/><figcaption>Nero m\u00f6chte auch M\u00f6hre fressen.<\/figcaption><\/figure>\n\n\n\n<p>Eine eigene M\u00f6hre zu suchen kann lange dauern und anstrengend sein. Nero nutzt lieber sein besonderes Talent: Er wartet. <\/p>\n\n\n\n<figure class=\"wp-block-image\"><img loading=\"lazy\" decoding=\"async\" width=\"1024\" height=\"832\" src=\"http:\/\/mensch-tier-gemeinsam.de\/htdocs\/wp-content\/uploads\/2020\/05\/3_nero_wartet-1024x832.jpg\" alt=\"\" class=\"wp-image-2680\" srcset=\"https:\/\/mensch-tier-gemeinsam.de\/htdocs\/wp-content\/uploads\/2020\/05\/3_nero_wartet-1024x832.jpg 1024w, https:\/\/mensch-tier-gemeinsam.de\/htdocs\/wp-content\/uploads\/2020\/05\/3_nero_wartet-300x244.jpg 300w, https:\/\/mensch-tier-gemeinsam.de\/htdocs\/wp-content\/uploads\/2020\/05\/3_nero_wartet-768x624.jpg 768w, https:\/\/mensch-tier-gemeinsam.de\/htdocs\/wp-content\/uploads\/2020\/05\/3_nero_wartet-624x507.jpg 624w, https:\/\/mensch-tier-gemeinsam.de\/htdocs\/wp-content\/uploads\/2020\/05\/3_nero_wartet.jpg 1353w\" sizes=\"auto, (max-width: 1024px) 100vw, 1024px\" \/><figcaption>Nero wartet&#8230;<\/figcaption><\/figure>\n\n\n\n<figure class=\"wp-block-image\"><img loading=\"lazy\" decoding=\"async\" width=\"1024\" height=\"859\" src=\"http:\/\/mensch-tier-gemeinsam.de\/htdocs\/wp-content\/uploads\/2020\/05\/4_und_wartet-1024x859.jpg\" alt=\"\" class=\"wp-image-2682\" srcset=\"https:\/\/mensch-tier-gemeinsam.de\/htdocs\/wp-content\/uploads\/2020\/05\/4_und_wartet-1024x859.jpg 1024w, https:\/\/mensch-tier-gemeinsam.de\/htdocs\/wp-content\/uploads\/2020\/05\/4_und_wartet-300x252.jpg 300w, https:\/\/mensch-tier-gemeinsam.de\/htdocs\/wp-content\/uploads\/2020\/05\/4_und_wartet-768x644.jpg 768w, https:\/\/mensch-tier-gemeinsam.de\/htdocs\/wp-content\/uploads\/2020\/05\/4_und_wartet-624x524.jpg 624w, https:\/\/mensch-tier-gemeinsam.de\/htdocs\/wp-content\/uploads\/2020\/05\/4_und_wartet.jpg 1360w\" sizes=\"auto, (max-width: 1024px) 100vw, 1024px\" \/><figcaption>und wartet&#8230;<\/figcaption><\/figure>\n\n\n\n<figure class=\"wp-block-image\"><img loading=\"lazy\" decoding=\"async\" width=\"1024\" height=\"922\" src=\"http:\/\/mensch-tier-gemeinsam.de\/htdocs\/wp-content\/uploads\/2020\/05\/5_und_wartet-1024x922.jpg\" alt=\"\" class=\"wp-image-2684\" srcset=\"https:\/\/mensch-tier-gemeinsam.de\/htdocs\/wp-content\/uploads\/2020\/05\/5_und_wartet-1024x922.jpg 1024w, https:\/\/mensch-tier-gemeinsam.de\/htdocs\/wp-content\/uploads\/2020\/05\/5_und_wartet-300x270.jpg 300w, https:\/\/mensch-tier-gemeinsam.de\/htdocs\/wp-content\/uploads\/2020\/05\/5_und_wartet-768x692.jpg 768w, https:\/\/mensch-tier-gemeinsam.de\/htdocs\/wp-content\/uploads\/2020\/05\/5_und_wartet-624x562.jpg 624w, https:\/\/mensch-tier-gemeinsam.de\/htdocs\/wp-content\/uploads\/2020\/05\/5_und_wartet.jpg 1271w\" sizes=\"auto, (max-width: 1024px) 100vw, 1024px\" \/><figcaption>und wartet&#8230;<\/figcaption><\/figure>\n\n\n\n<figure class=\"wp-block-image\"><img loading=\"lazy\" decoding=\"async\" width=\"1024\" height=\"931\" src=\"http:\/\/mensch-tier-gemeinsam.de\/htdocs\/wp-content\/uploads\/2020\/05\/6_und_wartet-1024x931.jpg\" alt=\"\" class=\"wp-image-2686\" srcset=\"https:\/\/mensch-tier-gemeinsam.de\/htdocs\/wp-content\/uploads\/2020\/05\/6_und_wartet-1024x931.jpg 1024w, https:\/\/mensch-tier-gemeinsam.de\/htdocs\/wp-content\/uploads\/2020\/05\/6_und_wartet-300x273.jpg 300w, https:\/\/mensch-tier-gemeinsam.de\/htdocs\/wp-content\/uploads\/2020\/05\/6_und_wartet-768x698.jpg 768w, https:\/\/mensch-tier-gemeinsam.de\/htdocs\/wp-content\/uploads\/2020\/05\/6_und_wartet-624x567.jpg 624w, https:\/\/mensch-tier-gemeinsam.de\/htdocs\/wp-content\/uploads\/2020\/05\/6_und_wartet.jpg 1258w\" sizes=\"auto, (max-width: 1024px) 100vw, 1024px\" \/><figcaption>und wartet&#8230;<\/figcaption><\/figure>\n\n\n\n<figure class=\"wp-block-image\"><img loading=\"lazy\" decoding=\"async\" width=\"1024\" height=\"921\" src=\"http:\/\/mensch-tier-gemeinsam.de\/htdocs\/wp-content\/uploads\/2020\/05\/7_und_wartet-1024x921.jpg\" alt=\"\" class=\"wp-image-2688\" srcset=\"https:\/\/mensch-tier-gemeinsam.de\/htdocs\/wp-content\/uploads\/2020\/05\/7_und_wartet-1024x921.jpg 1024w, https:\/\/mensch-tier-gemeinsam.de\/htdocs\/wp-content\/uploads\/2020\/05\/7_und_wartet-300x270.jpg 300w, https:\/\/mensch-tier-gemeinsam.de\/htdocs\/wp-content\/uploads\/2020\/05\/7_und_wartet-768x691.jpg 768w, https:\/\/mensch-tier-gemeinsam.de\/htdocs\/wp-content\/uploads\/2020\/05\/7_und_wartet-624x561.jpg 624w, https:\/\/mensch-tier-gemeinsam.de\/htdocs\/wp-content\/uploads\/2020\/05\/7_und_wartet.jpg 1231w\" sizes=\"auto, (max-width: 1024px) 100vw, 1024px\" \/><figcaption>und wartet&#8230;<\/figcaption><\/figure>\n\n\n\n<figure class=\"wp-block-image\"><img loading=\"lazy\" decoding=\"async\" width=\"1024\" height=\"968\" src=\"http:\/\/mensch-tier-gemeinsam.de\/htdocs\/wp-content\/uploads\/2020\/05\/8_und_wartet-1024x968.jpg\" alt=\"\" class=\"wp-image-2690\" srcset=\"https:\/\/mensch-tier-gemeinsam.de\/htdocs\/wp-content\/uploads\/2020\/05\/8_und_wartet-1024x968.jpg 1024w, https:\/\/mensch-tier-gemeinsam.de\/htdocs\/wp-content\/uploads\/2020\/05\/8_und_wartet-300x284.jpg 300w, https:\/\/mensch-tier-gemeinsam.de\/htdocs\/wp-content\/uploads\/2020\/05\/8_und_wartet-768x726.jpg 768w, https:\/\/mensch-tier-gemeinsam.de\/htdocs\/wp-content\/uploads\/2020\/05\/8_und_wartet-624x590.jpg 624w, https:\/\/mensch-tier-gemeinsam.de\/htdocs\/wp-content\/uploads\/2020\/05\/8_und_wartet.jpg 1190w\" sizes=\"auto, (max-width: 1024px) 100vw, 1024px\" \/><figcaption>und wartet.<\/figcaption><\/figure>\n\n\n\n<figure class=\"wp-block-image\"><img loading=\"lazy\" decoding=\"async\" width=\"1024\" height=\"1019\" src=\"http:\/\/mensch-tier-gemeinsam.de\/htdocs\/wp-content\/uploads\/2020\/05\/9_das_ziel_rueckt_naeher-1024x1019.jpg\" alt=\"\" class=\"wp-image-2692\" srcset=\"https:\/\/mensch-tier-gemeinsam.de\/htdocs\/wp-content\/uploads\/2020\/05\/9_das_ziel_rueckt_naeher-1024x1019.jpg 1024w, https:\/\/mensch-tier-gemeinsam.de\/htdocs\/wp-content\/uploads\/2020\/05\/9_das_ziel_rueckt_naeher-150x150.jpg 150w, https:\/\/mensch-tier-gemeinsam.de\/htdocs\/wp-content\/uploads\/2020\/05\/9_das_ziel_rueckt_naeher-300x300.jpg 300w, https:\/\/mensch-tier-gemeinsam.de\/htdocs\/wp-content\/uploads\/2020\/05\/9_das_ziel_rueckt_naeher-768x764.jpg 768w, https:\/\/mensch-tier-gemeinsam.de\/htdocs\/wp-content\/uploads\/2020\/05\/9_das_ziel_rueckt_naeher-624x621.jpg 624w, https:\/\/mensch-tier-gemeinsam.de\/htdocs\/wp-content\/uploads\/2020\/05\/9_das_ziel_rueckt_naeher.jpg 1212w\" sizes=\"auto, (max-width: 1024px) 100vw, 1024px\" \/><figcaption>Das Ziel r\u00fcckt n\u00e4her.<\/figcaption><\/figure>\n\n\n\n<figure class=\"wp-block-image\"><img loading=\"lazy\" decoding=\"async\" width=\"1024\" height=\"935\" src=\"http:\/\/mensch-tier-gemeinsam.de\/htdocs\/wp-content\/uploads\/2020\/05\/10_bald_ist_es_so_weit-1024x935.jpg\" alt=\"\" class=\"wp-image-2694\" srcset=\"https:\/\/mensch-tier-gemeinsam.de\/htdocs\/wp-content\/uploads\/2020\/05\/10_bald_ist_es_so_weit-1024x935.jpg 1024w, https:\/\/mensch-tier-gemeinsam.de\/htdocs\/wp-content\/uploads\/2020\/05\/10_bald_ist_es_so_weit-300x274.jpg 300w, https:\/\/mensch-tier-gemeinsam.de\/htdocs\/wp-content\/uploads\/2020\/05\/10_bald_ist_es_so_weit-768x701.jpg 768w, https:\/\/mensch-tier-gemeinsam.de\/htdocs\/wp-content\/uploads\/2020\/05\/10_bald_ist_es_so_weit-624x570.jpg 624w, https:\/\/mensch-tier-gemeinsam.de\/htdocs\/wp-content\/uploads\/2020\/05\/10_bald_ist_es_so_weit.jpg 1217w\" sizes=\"auto, (max-width: 1024px) 100vw, 1024px\" \/><figcaption>Bald ist es soweit!<\/figcaption><\/figure>\n\n\n\n<figure class=\"wp-block-image\"><img loading=\"lazy\" decoding=\"async\" width=\"1024\" height=\"897\" src=\"http:\/\/mensch-tier-gemeinsam.de\/htdocs\/wp-content\/uploads\/2020\/05\/11_schichtwechsel-1024x897.jpg\" alt=\"\" class=\"wp-image-2696\" srcset=\"https:\/\/mensch-tier-gemeinsam.de\/htdocs\/wp-content\/uploads\/2020\/05\/11_schichtwechsel-1024x897.jpg 1024w, https:\/\/mensch-tier-gemeinsam.de\/htdocs\/wp-content\/uploads\/2020\/05\/11_schichtwechsel-300x263.jpg 300w, https:\/\/mensch-tier-gemeinsam.de\/htdocs\/wp-content\/uploads\/2020\/05\/11_schichtwechsel-768x673.jpg 768w, https:\/\/mensch-tier-gemeinsam.de\/htdocs\/wp-content\/uploads\/2020\/05\/11_schichtwechsel-624x547.jpg 624w, https:\/\/mensch-tier-gemeinsam.de\/htdocs\/wp-content\/uploads\/2020\/05\/11_schichtwechsel.jpg 1243w\" sizes=\"auto, (max-width: 1024px) 100vw, 1024px\" \/><figcaption>Schichtwechsel<\/figcaption><\/figure>\n\n\n\n<figure class=\"wp-block-image\"><img loading=\"lazy\" decoding=\"async\" width=\"1024\" height=\"907\" src=\"http:\/\/mensch-tier-gemeinsam.de\/htdocs\/wp-content\/uploads\/2020\/05\/12_endlich_reste_fressen-1024x907.jpg\" alt=\"\" class=\"wp-image-2699\" srcset=\"https:\/\/mensch-tier-gemeinsam.de\/htdocs\/wp-content\/uploads\/2020\/05\/12_endlich_reste_fressen-1024x907.jpg 1024w, https:\/\/mensch-tier-gemeinsam.de\/htdocs\/wp-content\/uploads\/2020\/05\/12_endlich_reste_fressen-300x266.jpg 300w, https:\/\/mensch-tier-gemeinsam.de\/htdocs\/wp-content\/uploads\/2020\/05\/12_endlich_reste_fressen-768x680.jpg 768w, https:\/\/mensch-tier-gemeinsam.de\/htdocs\/wp-content\/uploads\/2020\/05\/12_endlich_reste_fressen-624x552.jpg 624w, https:\/\/mensch-tier-gemeinsam.de\/htdocs\/wp-content\/uploads\/2020\/05\/12_endlich_reste_fressen.jpg 1317w\" sizes=\"auto, (max-width: 1024px) 100vw, 1024px\" \/><figcaption>Endlich Reste fressen!<\/figcaption><\/figure>\n\n\n\n<p><\/p>\n\n\n\n<figure class=\"wp-block-image\"><img loading=\"lazy\" decoding=\"async\" width=\"890\" height=\"747\" src=\"http:\/\/mensch-tier-gemeinsam.de\/htdocs\/wp-content\/uploads\/2020\/05\/13_reste_der_reste_fressen.jpg\" alt=\"\" class=\"wp-image-2703\" srcset=\"https:\/\/mensch-tier-gemeinsam.de\/htdocs\/wp-content\/uploads\/2020\/05\/13_reste_der_reste_fressen.jpg 890w, https:\/\/mensch-tier-gemeinsam.de\/htdocs\/wp-content\/uploads\/2020\/05\/13_reste_der_reste_fressen-300x252.jpg 300w, https:\/\/mensch-tier-gemeinsam.de\/htdocs\/wp-content\/uploads\/2020\/05\/13_reste_der_reste_fressen-768x645.jpg 768w, https:\/\/mensch-tier-gemeinsam.de\/htdocs\/wp-content\/uploads\/2020\/05\/13_reste_der_reste_fressen-624x524.jpg 624w\" sizes=\"auto, (max-width: 890px) 100vw, 890px\" \/><figcaption>Reste der Reste der M\u00f6hre fressen<\/figcaption><\/figure>\n\n\n\n<p>Daisy ist f\u00fcrs Grobe, Nero f\u00fcrs Mittlere, da bleibt immer noch was Kleines \u00fcbrig.  <\/p>\n\n\n\n<p><\/p>\n\n\n\n<p><\/p>\n\n\n\n<p><\/p>\n\n\n\n<p><\/p>\n","protected":false},"excerpt":{"rendered":"<p>Jeder frisst auf seine Art. Der Eine frisst lieber Gro\u00dfes, der Andere lieber Kleines. Daisy bevorzugt bei der Nahrungsaufnahme die Methode des Schredderns. Da bleibt viel Mittleres und Kleines \u00fcbrig. Eine eigene M\u00f6hre zu suchen kann lange dauern und anstrengend sein. Nero nutzt lieber sein besonderes Talent: Er wartet. Daisy ist f\u00fcrs Grobe, Nero f\u00fcrs [&hellip;]<\/p>\n","protected":false},"author":1,"featured_media":0,"parent":2843,"menu_order":2,"comment_status":"closed","ping_status":"closed","template":"","meta":{"footnotes":""},"class_list":["post-2670","page","type-page","status-publish","hentry"],"_links":{"self":[{"href":"https:\/\/mensch-tier-gemeinsam.de\/htdocs\/wp-json\/wp\/v2\/pages\/2670","targetHints":{"allow":["GET"]}}],"collection":[{"href":"https:\/\/mensch-tier-gemeinsam.de\/htdocs\/wp-json\/wp\/v2\/pages"}],"about":[{"href":"https:\/\/mensch-tier-gemeinsam.de\/htdocs\/wp-json\/wp\/v2\/types\/page"}],"author":[{"embeddable":true,"href":"https:\/\/mensch-tier-gemeinsam.de\/htdocs\/wp-json\/wp\/v2\/users\/1"}],"replies":[{"embeddable":true,"href":"https:\/\/mensch-tier-gemeinsam.de\/htdocs\/wp-json\/wp\/v2\/comments?post=2670"}],"version-history":[{"count":18,"href":"https:\/\/mensch-tier-gemeinsam.de\/htdocs\/wp-json\/wp\/v2\/pages\/2670\/revisions"}],"predecessor-version":[{"id":2704,"href":"https:\/\/mensch-tier-gemeinsam.de\/htdocs\/wp-json\/wp\/v2\/pages\/2670\/revisions\/2704"}],"up":[{"embeddable":true,"href":"https:\/\/mensch-tier-gemeinsam.de\/htdocs\/wp-json\/wp\/v2\/pages\/2843"}],"wp:attachment":[{"href":"https:\/\/mensch-tier-gemeinsam.de\/htdocs\/wp-json\/wp\/v2\/media?parent=2670"}],"curies":[{"name":"wp","href":"https:\/\/api.w.org\/{rel}","templated":true}]}}