{"id":2707,"date":"2020-05-24T20:29:37","date_gmt":"2020-05-24T20:29:37","guid":{"rendered":"http:\/\/mensch-tier-gemeinsam.de\/htdocs\/?page_id=2707"},"modified":"2020-07-23T22:56:19","modified_gmt":"2020-07-23T22:56:19","slug":"freundschaften-in-schwarz-weiss","status":"publish","type":"page","link":"https:\/\/mensch-tier-gemeinsam.de\/htdocs\/fotos-2\/freundschaften-in-schwarz-weiss\/","title":{"rendered":"Freundschaften in schwarz-wei\u00df"},"content":{"rendered":"\n<p>In einer vertrauensvollen Beziehung sind die Bewegungen aufeinander abgestimmt. <\/p>\n\n\n\n<p>Auf den folgenden Fotos sind Bodo und Pixel (2008) zu sehen. <\/p>\n\n\n\n<div class=\"wp-block-image\"><figure class=\"aligncenter\"><img loading=\"lazy\" decoding=\"async\" width=\"908\" height=\"1024\" src=\"http:\/\/mensch-tier-gemeinsam.de\/htdocs\/wp-content\/uploads\/2020\/05\/bodo_pixel_1-908x1024.jpg\" alt=\"\" class=\"wp-image-2708\" srcset=\"https:\/\/mensch-tier-gemeinsam.de\/htdocs\/wp-content\/uploads\/2020\/05\/bodo_pixel_1-908x1024.jpg 908w, https:\/\/mensch-tier-gemeinsam.de\/htdocs\/wp-content\/uploads\/2020\/05\/bodo_pixel_1-266x300.jpg 266w, https:\/\/mensch-tier-gemeinsam.de\/htdocs\/wp-content\/uploads\/2020\/05\/bodo_pixel_1-768x866.jpg 768w, https:\/\/mensch-tier-gemeinsam.de\/htdocs\/wp-content\/uploads\/2020\/05\/bodo_pixel_1-624x704.jpg 624w, https:\/\/mensch-tier-gemeinsam.de\/htdocs\/wp-content\/uploads\/2020\/05\/bodo_pixel_1.jpg 1348w\" sizes=\"auto, (max-width: 908px) 100vw, 908px\" \/><\/figure><\/div>\n\n\n\n<figure class=\"wp-block-image\"><img loading=\"lazy\" decoding=\"async\" width=\"955\" height=\"1024\" src=\"http:\/\/mensch-tier-gemeinsam.de\/htdocs\/wp-content\/uploads\/2020\/05\/bodo_pixel_2-955x1024.jpg\" alt=\"\" class=\"wp-image-2709\" srcset=\"https:\/\/mensch-tier-gemeinsam.de\/htdocs\/wp-content\/uploads\/2020\/05\/bodo_pixel_2-955x1024.jpg 955w, https:\/\/mensch-tier-gemeinsam.de\/htdocs\/wp-content\/uploads\/2020\/05\/bodo_pixel_2-280x300.jpg 280w, https:\/\/mensch-tier-gemeinsam.de\/htdocs\/wp-content\/uploads\/2020\/05\/bodo_pixel_2-768x824.jpg 768w, https:\/\/mensch-tier-gemeinsam.de\/htdocs\/wp-content\/uploads\/2020\/05\/bodo_pixel_2-624x669.jpg 624w, https:\/\/mensch-tier-gemeinsam.de\/htdocs\/wp-content\/uploads\/2020\/05\/bodo_pixel_2.jpg 1340w\" sizes=\"auto, (max-width: 955px) 100vw, 955px\" \/><\/figure>\n\n\n\n<figure class=\"wp-block-image\"><img loading=\"lazy\" decoding=\"async\" width=\"981\" height=\"1024\" src=\"http:\/\/mensch-tier-gemeinsam.de\/htdocs\/wp-content\/uploads\/2020\/05\/bodo_pixel_3-981x1024.jpg\" alt=\"\" class=\"wp-image-2711\" srcset=\"https:\/\/mensch-tier-gemeinsam.de\/htdocs\/wp-content\/uploads\/2020\/05\/bodo_pixel_3-981x1024.jpg 981w, https:\/\/mensch-tier-gemeinsam.de\/htdocs\/wp-content\/uploads\/2020\/05\/bodo_pixel_3-287x300.jpg 287w, https:\/\/mensch-tier-gemeinsam.de\/htdocs\/wp-content\/uploads\/2020\/05\/bodo_pixel_3-768x802.jpg 768w, https:\/\/mensch-tier-gemeinsam.de\/htdocs\/wp-content\/uploads\/2020\/05\/bodo_pixel_3-624x651.jpg 624w, https:\/\/mensch-tier-gemeinsam.de\/htdocs\/wp-content\/uploads\/2020\/05\/bodo_pixel_3.jpg 1325w\" sizes=\"auto, (max-width: 981px) 100vw, 981px\" \/><\/figure>\n\n\n\n<p>Auf den n\u00e4chsten Fotos sind Daisy und Ravil (2019) zu sehen.<\/p>\n\n\n\n<figure class=\"wp-block-image\"><img loading=\"lazy\" decoding=\"async\" width=\"1024\" height=\"660\" src=\"http:\/\/mensch-tier-gemeinsam.de\/htdocs\/wp-content\/uploads\/2020\/05\/daisy_ravil_1-1024x660.jpg\" alt=\"\" class=\"wp-image-2715\" srcset=\"https:\/\/mensch-tier-gemeinsam.de\/htdocs\/wp-content\/uploads\/2020\/05\/daisy_ravil_1-1024x660.jpg 1024w, https:\/\/mensch-tier-gemeinsam.de\/htdocs\/wp-content\/uploads\/2020\/05\/daisy_ravil_1-300x193.jpg 300w, https:\/\/mensch-tier-gemeinsam.de\/htdocs\/wp-content\/uploads\/2020\/05\/daisy_ravil_1-768x495.jpg 768w, https:\/\/mensch-tier-gemeinsam.de\/htdocs\/wp-content\/uploads\/2020\/05\/daisy_ravil_1-624x402.jpg 624w, https:\/\/mensch-tier-gemeinsam.de\/htdocs\/wp-content\/uploads\/2020\/05\/daisy_ravil_1.jpg 1402w\" sizes=\"auto, (max-width: 1024px) 100vw, 1024px\" \/><\/figure>\n\n\n\n<figure class=\"wp-block-image\"><img loading=\"lazy\" decoding=\"async\" width=\"1024\" height=\"568\" src=\"http:\/\/mensch-tier-gemeinsam.de\/htdocs\/wp-content\/uploads\/2020\/05\/daisy_ravil_2-1024x568.jpg\" alt=\"\" class=\"wp-image-2717\" srcset=\"https:\/\/mensch-tier-gemeinsam.de\/htdocs\/wp-content\/uploads\/2020\/05\/daisy_ravil_2-1024x568.jpg 1024w, https:\/\/mensch-tier-gemeinsam.de\/htdocs\/wp-content\/uploads\/2020\/05\/daisy_ravil_2-300x166.jpg 300w, https:\/\/mensch-tier-gemeinsam.de\/htdocs\/wp-content\/uploads\/2020\/05\/daisy_ravil_2-768x426.jpg 768w, https:\/\/mensch-tier-gemeinsam.de\/htdocs\/wp-content\/uploads\/2020\/05\/daisy_ravil_2-624x346.jpg 624w, https:\/\/mensch-tier-gemeinsam.de\/htdocs\/wp-content\/uploads\/2020\/05\/daisy_ravil_2.jpg 1515w\" sizes=\"auto, (max-width: 1024px) 100vw, 1024px\" \/><\/figure>\n\n\n\n<figure class=\"wp-block-image\"><img loading=\"lazy\" decoding=\"async\" width=\"1024\" height=\"572\" src=\"http:\/\/mensch-tier-gemeinsam.de\/htdocs\/wp-content\/uploads\/2020\/05\/daisy_ravil_3-1024x572.jpg\" alt=\"\" class=\"wp-image-2719\" srcset=\"https:\/\/mensch-tier-gemeinsam.de\/htdocs\/wp-content\/uploads\/2020\/05\/daisy_ravil_3-1024x572.jpg 1024w, https:\/\/mensch-tier-gemeinsam.de\/htdocs\/wp-content\/uploads\/2020\/05\/daisy_ravil_3-300x168.jpg 300w, https:\/\/mensch-tier-gemeinsam.de\/htdocs\/wp-content\/uploads\/2020\/05\/daisy_ravil_3-768x429.jpg 768w, https:\/\/mensch-tier-gemeinsam.de\/htdocs\/wp-content\/uploads\/2020\/05\/daisy_ravil_3-624x348.jpg 624w, https:\/\/mensch-tier-gemeinsam.de\/htdocs\/wp-content\/uploads\/2020\/05\/daisy_ravil_3.jpg 1522w\" sizes=\"auto, (max-width: 1024px) 100vw, 1024px\" \/><\/figure>\n\n\n\n<p>Und nochmal schwarz-wei\u00df: Jugendliche Enten (2014). <\/p>\n\n\n\n<p>Auf dem zweiten Entenfoto k\u00f6nnen Sie zus\u00e4tzlich im Hintergrund noch ein fast wei\u00dfes und ein schwarzes Tier entdecken. <\/p>\n\n\n\n<figure class=\"wp-block-image\"><img loading=\"lazy\" decoding=\"async\" width=\"1024\" height=\"681\" src=\"http:\/\/mensch-tier-gemeinsam.de\/htdocs\/wp-content\/uploads\/2020\/05\/enten_schwarz-weiss_1-1024x681.jpg\" alt=\"\" class=\"wp-image-2725\" srcset=\"https:\/\/mensch-tier-gemeinsam.de\/htdocs\/wp-content\/uploads\/2020\/05\/enten_schwarz-weiss_1-1024x681.jpg 1024w, https:\/\/mensch-tier-gemeinsam.de\/htdocs\/wp-content\/uploads\/2020\/05\/enten_schwarz-weiss_1-300x199.jpg 300w, https:\/\/mensch-tier-gemeinsam.de\/htdocs\/wp-content\/uploads\/2020\/05\/enten_schwarz-weiss_1-768x511.jpg 768w, https:\/\/mensch-tier-gemeinsam.de\/htdocs\/wp-content\/uploads\/2020\/05\/enten_schwarz-weiss_1-624x415.jpg 624w\" sizes=\"auto, (max-width: 1024px) 100vw, 1024px\" \/><\/figure>\n\n\n\n<figure class=\"wp-block-image\"><img loading=\"lazy\" decoding=\"async\" width=\"1024\" height=\"650\" src=\"http:\/\/mensch-tier-gemeinsam.de\/htdocs\/wp-content\/uploads\/2020\/05\/enten_schwarz-weiss_2-1024x650.jpg\" alt=\"\" class=\"wp-image-2727\" srcset=\"https:\/\/mensch-tier-gemeinsam.de\/htdocs\/wp-content\/uploads\/2020\/05\/enten_schwarz-weiss_2-1024x650.jpg 1024w, https:\/\/mensch-tier-gemeinsam.de\/htdocs\/wp-content\/uploads\/2020\/05\/enten_schwarz-weiss_2-300x190.jpg 300w, https:\/\/mensch-tier-gemeinsam.de\/htdocs\/wp-content\/uploads\/2020\/05\/enten_schwarz-weiss_2-768x488.jpg 768w, https:\/\/mensch-tier-gemeinsam.de\/htdocs\/wp-content\/uploads\/2020\/05\/enten_schwarz-weiss_2-624x396.jpg 624w\" sizes=\"auto, (max-width: 1024px) 100vw, 1024px\" \/><\/figure>\n\n\n\n<p><\/p>\n\n\n\n<p><\/p>\n","protected":false},"excerpt":{"rendered":"<p>In einer vertrauensvollen Beziehung sind die Bewegungen aufeinander abgestimmt. Auf den folgenden Fotos sind Bodo und Pixel (2008) zu sehen. Auf den n\u00e4chsten Fotos sind Daisy und Ravil (2019) zu sehen. Und nochmal schwarz-wei\u00df: Jugendliche Enten (2014). Auf dem zweiten Entenfoto k\u00f6nnen Sie zus\u00e4tzlich im Hintergrund noch ein fast wei\u00dfes und ein schwarzes Tier entdecken.<\/p>\n","protected":false},"author":1,"featured_media":0,"parent":2843,"menu_order":3,"comment_status":"closed","ping_status":"closed","template":"","meta":{"footnotes":""},"class_list":["post-2707","page","type-page","status-publish","hentry"],"_links":{"self":[{"href":"https:\/\/mensch-tier-gemeinsam.de\/htdocs\/wp-json\/wp\/v2\/pages\/2707","targetHints":{"allow":["GET"]}}],"collection":[{"href":"https:\/\/mensch-tier-gemeinsam.de\/htdocs\/wp-json\/wp\/v2\/pages"}],"about":[{"href":"https:\/\/mensch-tier-gemeinsam.de\/htdocs\/wp-json\/wp\/v2\/types\/page"}],"author":[{"embeddable":true,"href":"https:\/\/mensch-tier-gemeinsam.de\/htdocs\/wp-json\/wp\/v2\/users\/1"}],"replies":[{"embeddable":true,"href":"https:\/\/mensch-tier-gemeinsam.de\/htdocs\/wp-json\/wp\/v2\/comments?post=2707"}],"version-history":[{"count":16,"href":"https:\/\/mensch-tier-gemeinsam.de\/htdocs\/wp-json\/wp\/v2\/pages\/2707\/revisions"}],"predecessor-version":[{"id":2733,"href":"https:\/\/mensch-tier-gemeinsam.de\/htdocs\/wp-json\/wp\/v2\/pages\/2707\/revisions\/2733"}],"up":[{"embeddable":true,"href":"https:\/\/mensch-tier-gemeinsam.de\/htdocs\/wp-json\/wp\/v2\/pages\/2843"}],"wp:attachment":[{"href":"https:\/\/mensch-tier-gemeinsam.de\/htdocs\/wp-json\/wp\/v2\/media?parent=2707"}],"curies":[{"name":"wp","href":"https:\/\/api.w.org\/{rel}","templated":true}]}}