{"id":2736,"date":"2020-06-13T21:17:29","date_gmt":"2020-06-13T21:17:29","guid":{"rendered":"http:\/\/mensch-tier-gemeinsam.de\/htdocs\/?page_id=2736"},"modified":"2020-07-23T22:56:30","modified_gmt":"2020-07-23T22:56:30","slug":"maulkorb-modenschau","status":"publish","type":"page","link":"https:\/\/mensch-tier-gemeinsam.de\/htdocs\/fotos-2\/maulkorb-modenschau\/","title":{"rendered":"Maulkorb-Modenschau"},"content":{"rendered":"\n<p>Grunds\u00e4tzlich bin ich daf\u00fcr, dass jeder Hund einen Maulkorb gew\u00f6hnt ist. Bei Daisy, der Schmusebacke mit dem Hang zur Antipathie gegen\u00fcber fremden Hunden, ist mir eine positive Einstellung zum Maulkorb besonders wichtig. Anfangs \u00fcberkam Daisy die blanke Panik, wenn sie mit Maulkorb gehen sollte. Deshalb habe ich sehr viel Zeit investiert, damit sie eine positive Verkn\u00fcpfung zum Maulkorb erstellt. Das hat \u00fcber die Ma\u00dfen gut funktioniert: Sobald Daisy einen Maulkorb in Menschenhand sieht, steckt sie ihre Schnauze freudig hinein. Das brachte mich auf die Idee, eine Maulkorb-Modenschau mit ihr zu machen, Maulkorb als modisches Accessoire.<\/p>\n\n\n\n<p>Als erstes sehen Sie die Kollektion in brombeer\/ weinrot.<\/p>\n\n\n\n<figure class=\"wp-block-image\"><img loading=\"lazy\" decoding=\"async\" width=\"675\" height=\"554\" src=\"http:\/\/mensch-tier-gemeinsam.de\/htdocs\/wp-content\/uploads\/2020\/06\/1_daisy_maulkorb_brmbeer_1.jpg\" alt=\"\" class=\"wp-image-2742\" srcset=\"https:\/\/mensch-tier-gemeinsam.de\/htdocs\/wp-content\/uploads\/2020\/06\/1_daisy_maulkorb_brmbeer_1.jpg 675w, https:\/\/mensch-tier-gemeinsam.de\/htdocs\/wp-content\/uploads\/2020\/06\/1_daisy_maulkorb_brmbeer_1-300x246.jpg 300w, https:\/\/mensch-tier-gemeinsam.de\/htdocs\/wp-content\/uploads\/2020\/06\/1_daisy_maulkorb_brmbeer_1-624x512.jpg 624w\" sizes=\"auto, (max-width: 675px) 100vw, 675px\" \/><\/figure>\n\n\n\n<p>Mit diesem Maulkorb habe ich die Gew\u00f6hnung begonnen. <\/p>\n\n\n\n<figure class=\"wp-block-image\"><img loading=\"lazy\" decoding=\"async\" width=\"761\" height=\"1024\" src=\"http:\/\/mensch-tier-gemeinsam.de\/htdocs\/wp-content\/uploads\/2020\/06\/1_daisy_maulkorb_brmbeer_2-761x1024.jpg\" alt=\"\" class=\"wp-image-2745\" srcset=\"https:\/\/mensch-tier-gemeinsam.de\/htdocs\/wp-content\/uploads\/2020\/06\/1_daisy_maulkorb_brmbeer_2-761x1024.jpg 761w, https:\/\/mensch-tier-gemeinsam.de\/htdocs\/wp-content\/uploads\/2020\/06\/1_daisy_maulkorb_brmbeer_2-223x300.jpg 223w, https:\/\/mensch-tier-gemeinsam.de\/htdocs\/wp-content\/uploads\/2020\/06\/1_daisy_maulkorb_brmbeer_2-768x1034.jpg 768w, https:\/\/mensch-tier-gemeinsam.de\/htdocs\/wp-content\/uploads\/2020\/06\/1_daisy_maulkorb_brmbeer_2-624x840.jpg 624w, https:\/\/mensch-tier-gemeinsam.de\/htdocs\/wp-content\/uploads\/2020\/06\/1_daisy_maulkorb_brmbeer_2.jpg 1626w\" sizes=\"auto, (max-width: 761px) 100vw, 761px\" \/><figcaption>Das war unser Deal: Daisy bekommt meine ungeteilte Aufmerksamkeit, Zuwendung und Kraulen. Im Gegenzug toleriert sie den Maulkorb.  <\/figcaption><\/figure>\n\n\n\n<p>Als n\u00e4chstes sehen Sie das Outfit in Blaut\u00f6nen.<\/p>\n\n\n\n<figure class=\"wp-block-image\"><img loading=\"lazy\" decoding=\"async\" width=\"527\" height=\"439\" src=\"http:\/\/mensch-tier-gemeinsam.de\/htdocs\/wp-content\/uploads\/2020\/06\/2_daisy_maulkorb_hellblau_1.jpg\" alt=\"\" class=\"wp-image-2747\" srcset=\"https:\/\/mensch-tier-gemeinsam.de\/htdocs\/wp-content\/uploads\/2020\/06\/2_daisy_maulkorb_hellblau_1.jpg 527w, https:\/\/mensch-tier-gemeinsam.de\/htdocs\/wp-content\/uploads\/2020\/06\/2_daisy_maulkorb_hellblau_1-300x250.jpg 300w\" sizes=\"auto, (max-width: 527px) 100vw, 527px\" \/><\/figure>\n\n\n\n<figure class=\"wp-block-image\"><img loading=\"lazy\" decoding=\"async\" width=\"963\" height=\"1024\" src=\"http:\/\/mensch-tier-gemeinsam.de\/htdocs\/wp-content\/uploads\/2020\/06\/2_daisy_maulkorb_hellblau_3-963x1024.jpg\" alt=\"\" class=\"wp-image-2749\" srcset=\"https:\/\/mensch-tier-gemeinsam.de\/htdocs\/wp-content\/uploads\/2020\/06\/2_daisy_maulkorb_hellblau_3-963x1024.jpg 963w, https:\/\/mensch-tier-gemeinsam.de\/htdocs\/wp-content\/uploads\/2020\/06\/2_daisy_maulkorb_hellblau_3-282x300.jpg 282w, https:\/\/mensch-tier-gemeinsam.de\/htdocs\/wp-content\/uploads\/2020\/06\/2_daisy_maulkorb_hellblau_3-768x817.jpg 768w, https:\/\/mensch-tier-gemeinsam.de\/htdocs\/wp-content\/uploads\/2020\/06\/2_daisy_maulkorb_hellblau_3-624x663.jpg 624w, https:\/\/mensch-tier-gemeinsam.de\/htdocs\/wp-content\/uploads\/2020\/06\/2_daisy_maulkorb_hellblau_3.jpg 1376w\" sizes=\"auto, (max-width: 963px) 100vw, 963px\" \/><\/figure>\n\n\n\n<figure class=\"wp-block-image\"><img loading=\"lazy\" decoding=\"async\" width=\"900\" height=\"1024\" src=\"http:\/\/mensch-tier-gemeinsam.de\/htdocs\/wp-content\/uploads\/2020\/06\/2_daisy_maulkorb_hellblau_2-900x1024.jpg\" alt=\"\" class=\"wp-image-2751\" srcset=\"https:\/\/mensch-tier-gemeinsam.de\/htdocs\/wp-content\/uploads\/2020\/06\/2_daisy_maulkorb_hellblau_2-900x1024.jpg 900w, https:\/\/mensch-tier-gemeinsam.de\/htdocs\/wp-content\/uploads\/2020\/06\/2_daisy_maulkorb_hellblau_2-264x300.jpg 264w, https:\/\/mensch-tier-gemeinsam.de\/htdocs\/wp-content\/uploads\/2020\/06\/2_daisy_maulkorb_hellblau_2-768x874.jpg 768w, https:\/\/mensch-tier-gemeinsam.de\/htdocs\/wp-content\/uploads\/2020\/06\/2_daisy_maulkorb_hellblau_2-624x710.jpg 624w, https:\/\/mensch-tier-gemeinsam.de\/htdocs\/wp-content\/uploads\/2020\/06\/2_daisy_maulkorb_hellblau_2.jpg 1818w\" sizes=\"auto, (max-width: 900px) 100vw, 900px\" \/><\/figure>\n\n\n\n<p>Zum Schluss das Highlight: Die rot-schwarze Dreier-Kombination!<\/p>\n\n\n\n<figure class=\"wp-block-image\"><img loading=\"lazy\" decoding=\"async\" width=\"723\" height=\"1024\" src=\"http:\/\/mensch-tier-gemeinsam.de\/htdocs\/wp-content\/uploads\/2020\/06\/3_daisy_nero_maulkorb_rotschwarz_1-723x1024.jpg\" alt=\"\" class=\"wp-image-2755\" srcset=\"https:\/\/mensch-tier-gemeinsam.de\/htdocs\/wp-content\/uploads\/2020\/06\/3_daisy_nero_maulkorb_rotschwarz_1-723x1024.jpg 723w, https:\/\/mensch-tier-gemeinsam.de\/htdocs\/wp-content\/uploads\/2020\/06\/3_daisy_nero_maulkorb_rotschwarz_1-212x300.jpg 212w, https:\/\/mensch-tier-gemeinsam.de\/htdocs\/wp-content\/uploads\/2020\/06\/3_daisy_nero_maulkorb_rotschwarz_1-768x1088.jpg 768w, https:\/\/mensch-tier-gemeinsam.de\/htdocs\/wp-content\/uploads\/2020\/06\/3_daisy_nero_maulkorb_rotschwarz_1-624x884.jpg 624w, https:\/\/mensch-tier-gemeinsam.de\/htdocs\/wp-content\/uploads\/2020\/06\/3_daisy_nero_maulkorb_rotschwarz_1.jpg 1827w\" sizes=\"auto, (max-width: 723px) 100vw, 723px\" \/><figcaption>Bei den Fotos der rot-schwarzen Kollektion hatten wir den meisten Spa\u00df. (Neben-Info: Neros Geschirr ist nat\u00fcrlich nicht gut f\u00fcr die Schulterbewegungen. Aber er sollte f\u00fcr die Fotos unbedingt ein schwarzes Geschirr tragen. Manchmal geht farbliche Eitelkeit vor Bequemlichkeit.)<\/figcaption><\/figure>\n\n\n\n<figure class=\"wp-block-image\"><img loading=\"lazy\" decoding=\"async\" width=\"819\" height=\"1024\" src=\"http:\/\/mensch-tier-gemeinsam.de\/htdocs\/wp-content\/uploads\/2020\/06\/3_daisy_nero_maulkorb_rotschwarz_5-819x1024.jpg\" alt=\"\" class=\"wp-image-2758\" srcset=\"https:\/\/mensch-tier-gemeinsam.de\/htdocs\/wp-content\/uploads\/2020\/06\/3_daisy_nero_maulkorb_rotschwarz_5-819x1024.jpg 819w, https:\/\/mensch-tier-gemeinsam.de\/htdocs\/wp-content\/uploads\/2020\/06\/3_daisy_nero_maulkorb_rotschwarz_5-240x300.jpg 240w, https:\/\/mensch-tier-gemeinsam.de\/htdocs\/wp-content\/uploads\/2020\/06\/3_daisy_nero_maulkorb_rotschwarz_5-768x960.jpg 768w, https:\/\/mensch-tier-gemeinsam.de\/htdocs\/wp-content\/uploads\/2020\/06\/3_daisy_nero_maulkorb_rotschwarz_5-624x780.jpg 624w, https:\/\/mensch-tier-gemeinsam.de\/htdocs\/wp-content\/uploads\/2020\/06\/3_daisy_nero_maulkorb_rotschwarz_5.jpg 1763w\" sizes=\"auto, (max-width: 819px) 100vw, 819px\" \/><\/figure>\n\n\n\n<figure class=\"wp-block-image\"><img loading=\"lazy\" decoding=\"async\" width=\"683\" height=\"1024\" src=\"http:\/\/mensch-tier-gemeinsam.de\/htdocs\/wp-content\/uploads\/2020\/06\/3_daisy_nero_maulkorb_rotschwarz_6-683x1024.jpg\" alt=\"\" class=\"wp-image-2763\" srcset=\"https:\/\/mensch-tier-gemeinsam.de\/htdocs\/wp-content\/uploads\/2020\/06\/3_daisy_nero_maulkorb_rotschwarz_6-683x1024.jpg 683w, https:\/\/mensch-tier-gemeinsam.de\/htdocs\/wp-content\/uploads\/2020\/06\/3_daisy_nero_maulkorb_rotschwarz_6-200x300.jpg 200w, https:\/\/mensch-tier-gemeinsam.de\/htdocs\/wp-content\/uploads\/2020\/06\/3_daisy_nero_maulkorb_rotschwarz_6-768x1152.jpg 768w, https:\/\/mensch-tier-gemeinsam.de\/htdocs\/wp-content\/uploads\/2020\/06\/3_daisy_nero_maulkorb_rotschwarz_6-624x936.jpg 624w, https:\/\/mensch-tier-gemeinsam.de\/htdocs\/wp-content\/uploads\/2020\/06\/3_daisy_nero_maulkorb_rotschwarz_6.jpg 1829w\" sizes=\"auto, (max-width: 683px) 100vw, 683px\" \/><figcaption>Am Ende war ich den Hunden sehr dankbar f\u00fcr das geduldige Posieren vor der Kamera und daf\u00fcr dass sie \u00fcberhaupt immer helfen, meine spinnerten Ideen umzusetzen.<\/figcaption><\/figure>\n\n\n\n<figure class=\"wp-block-image\"><img loading=\"lazy\" decoding=\"async\" width=\"689\" height=\"1024\" src=\"http:\/\/mensch-tier-gemeinsam.de\/htdocs\/wp-content\/uploads\/2020\/06\/hoehle_daisy_maulkorb_rot_3-689x1024.jpg\" alt=\"\" class=\"wp-image-2762\" srcset=\"https:\/\/mensch-tier-gemeinsam.de\/htdocs\/wp-content\/uploads\/2020\/06\/hoehle_daisy_maulkorb_rot_3-689x1024.jpg 689w, https:\/\/mensch-tier-gemeinsam.de\/htdocs\/wp-content\/uploads\/2020\/06\/hoehle_daisy_maulkorb_rot_3-202x300.jpg 202w, https:\/\/mensch-tier-gemeinsam.de\/htdocs\/wp-content\/uploads\/2020\/06\/hoehle_daisy_maulkorb_rot_3-768x1142.jpg 768w, https:\/\/mensch-tier-gemeinsam.de\/htdocs\/wp-content\/uploads\/2020\/06\/hoehle_daisy_maulkorb_rot_3-624x928.jpg 624w, https:\/\/mensch-tier-gemeinsam.de\/htdocs\/wp-content\/uploads\/2020\/06\/hoehle_daisy_maulkorb_rot_3.jpg 1324w\" sizes=\"auto, (max-width: 689px) 100vw, 689px\" \/><\/figure>\n\n\n\n<p>Als Arbeitslohn bekamen Daisy und Nero jeweils eine H\u00f6hle in meinem K\u00f6rper zur Entspannung.<\/p>\n\n\n\n<figure class=\"wp-block-image\"><img loading=\"lazy\" decoding=\"async\" width=\"885\" height=\"868\" src=\"http:\/\/mensch-tier-gemeinsam.de\/htdocs\/wp-content\/uploads\/2020\/06\/hoehle_nero_maulkorb_2.jpg\" alt=\"\" class=\"wp-image-2765\" srcset=\"https:\/\/mensch-tier-gemeinsam.de\/htdocs\/wp-content\/uploads\/2020\/06\/hoehle_nero_maulkorb_2.jpg 885w, https:\/\/mensch-tier-gemeinsam.de\/htdocs\/wp-content\/uploads\/2020\/06\/hoehle_nero_maulkorb_2-300x294.jpg 300w, https:\/\/mensch-tier-gemeinsam.de\/htdocs\/wp-content\/uploads\/2020\/06\/hoehle_nero_maulkorb_2-768x753.jpg 768w, https:\/\/mensch-tier-gemeinsam.de\/htdocs\/wp-content\/uploads\/2020\/06\/hoehle_nero_maulkorb_2-624x612.jpg 624w\" sizes=\"auto, (max-width: 885px) 100vw, 885px\" \/><\/figure>\n\n\n\n<p><\/p>\n","protected":false},"excerpt":{"rendered":"<p>Grunds\u00e4tzlich bin ich daf\u00fcr, dass jeder Hund einen Maulkorb gew\u00f6hnt ist. Bei Daisy, der Schmusebacke mit dem Hang zur Antipathie gegen\u00fcber fremden Hunden, ist mir eine positive Einstellung zum Maulkorb besonders wichtig. Anfangs \u00fcberkam Daisy die blanke Panik, wenn sie mit Maulkorb gehen sollte. Deshalb habe ich sehr viel Zeit investiert, damit sie eine positive [&hellip;]<\/p>\n","protected":false},"author":1,"featured_media":0,"parent":2843,"menu_order":4,"comment_status":"closed","ping_status":"closed","template":"","meta":{"footnotes":""},"class_list":["post-2736","page","type-page","status-publish","hentry"],"_links":{"self":[{"href":"https:\/\/mensch-tier-gemeinsam.de\/htdocs\/wp-json\/wp\/v2\/pages\/2736","targetHints":{"allow":["GET"]}}],"collection":[{"href":"https:\/\/mensch-tier-gemeinsam.de\/htdocs\/wp-json\/wp\/v2\/pages"}],"about":[{"href":"https:\/\/mensch-tier-gemeinsam.de\/htdocs\/wp-json\/wp\/v2\/types\/page"}],"author":[{"embeddable":true,"href":"https:\/\/mensch-tier-gemeinsam.de\/htdocs\/wp-json\/wp\/v2\/users\/1"}],"replies":[{"embeddable":true,"href":"https:\/\/mensch-tier-gemeinsam.de\/htdocs\/wp-json\/wp\/v2\/comments?post=2736"}],"version-history":[{"count":16,"href":"https:\/\/mensch-tier-gemeinsam.de\/htdocs\/wp-json\/wp\/v2\/pages\/2736\/revisions"}],"predecessor-version":[{"id":2769,"href":"https:\/\/mensch-tier-gemeinsam.de\/htdocs\/wp-json\/wp\/v2\/pages\/2736\/revisions\/2769"}],"up":[{"embeddable":true,"href":"https:\/\/mensch-tier-gemeinsam.de\/htdocs\/wp-json\/wp\/v2\/pages\/2843"}],"wp:attachment":[{"href":"https:\/\/mensch-tier-gemeinsam.de\/htdocs\/wp-json\/wp\/v2\/media?parent=2736"}],"curies":[{"name":"wp","href":"https:\/\/api.w.org\/{rel}","templated":true}]}}