{"id":2771,"date":"2020-07-05T11:37:00","date_gmt":"2020-07-05T11:37:00","guid":{"rendered":"http:\/\/mensch-tier-gemeinsam.de\/htdocs\/?page_id=2771"},"modified":"2021-12-10T21:30:55","modified_gmt":"2021-12-10T21:30:55","slug":"das-neue-rudel-unterwegs","status":"publish","type":"page","link":"https:\/\/mensch-tier-gemeinsam.de\/htdocs\/ueber-uns\/das-neue-rudel-unterwegs\/","title":{"rendered":"Das einst neue Rudel unterwegs (2019\/ 2020)"},"content":{"rendered":"\n<p>Einige Jahre lang haben Daria, Ronja und Nero ein Rudel gebildet. Im Dezember 2018 ist Ronja gestorben. Im Mai 2019 ist Ravil dazugekommen und hat sich noch eine Zeit lang an Daria orientieren k\u00f6nnen, was die Situationen innerhalb des Hunderudels und auf dem Hof betrifft. Im September 2019 ist Daisy als Lebensgef\u00e4hrtin f\u00fcr Ravil dazugekommen. Zum Schutz der alten, gebrechlichen und sp\u00e4ter kranken Daria, habe ich mit Daisy nur soweit gearbeitet, dass sie mit Ravil gut auskommt und es innerhalb unseres Grundst\u00fccks im Alltag keine Probleme gibt. Nero ist seit 2016 bei mir und wei\u00df genau, was ich erwarte. F\u00fcrs neue Rudel n\u00fctzt das allerdings nichts, weil sich niemand an Nero orientiert. Nero orientiert sich an anderen. Seit Darias Tod (Mai 2020) arbeite ich mit Ravil und Daisy verst\u00e4rkt daran, dass ich mit ihnen in die Welt hinausgehen k\u00f6nnen werde. Erkundungs- und Gew\u00f6hnungstouren mit Ravil, wobei ich k\u00f6rpersprachlich sehr fein kommuniziere und k\u00f6rperlich eher leichtf\u00fc\u00dfig nach oben ausgerichtet bin. B\u00e4ndigungstouren und Disziplin\u00fcbungen mit Daisy: Mit der komplett bekleideten Daisy marschiere und begrenze ich, wobei ich k\u00f6rpersprachlich vorrangig Entschlossenheit zum Ausdruck bringe und k\u00f6rperlich eher kraftvoll nach unten ausgerichtet bin. Nero best\u00e4tigt mir immer wieder, dass faul sein sch\u00f6n ist, also sind wir beide zusammen faul. Deshalb hat der kurzbeinige Nero keine Kondition mehr. Auf dem Hof kann jeder seine Individualit\u00e4t leben. Aber zusammen spazieren gehen?<\/p>\n\n\n\n<p>Beim ersten Versuch Anfang Juli 2020 hat mich der Spaziergangs-T\u00dcV mit einer M\u00e4ngelliste nach Hause geschickt. Inzwischen habe ich viele dieser M\u00e4ngel behoben. Wir bekommen noch keinen Spaziergangs-T\u00dcV, aber wir k\u00f6nnen zusammen unterwegs sein. Die ersten beiden Zusammenunterwegssein haben sich so traumhaft irreal angef\u00fchlt, dass ich f\u00fcr mich Beweisfotos gemacht habe. <\/p>\n\n\n\n<figure class=\"wp-block-image size-large\"><img loading=\"lazy\" decoding=\"async\" width=\"1024\" height=\"1006\" src=\"https:\/\/mensch-tier-gemeinsam.de\/htdocs\/wp-content\/uploads\/2020\/07\/zusammenunterwegssein_2020.07.02-1024x1006.jpg\" alt=\"\" class=\"wp-image-2777\" srcset=\"https:\/\/mensch-tier-gemeinsam.de\/htdocs\/wp-content\/uploads\/2020\/07\/zusammenunterwegssein_2020.07.02-1024x1006.jpg 1024w, https:\/\/mensch-tier-gemeinsam.de\/htdocs\/wp-content\/uploads\/2020\/07\/zusammenunterwegssein_2020.07.02-300x295.jpg 300w, https:\/\/mensch-tier-gemeinsam.de\/htdocs\/wp-content\/uploads\/2020\/07\/zusammenunterwegssein_2020.07.02-768x755.jpg 768w, https:\/\/mensch-tier-gemeinsam.de\/htdocs\/wp-content\/uploads\/2020\/07\/zusammenunterwegssein_2020.07.02-1536x1510.jpg 1536w, https:\/\/mensch-tier-gemeinsam.de\/htdocs\/wp-content\/uploads\/2020\/07\/zusammenunterwegssein_2020.07.02-624x613.jpg 624w, https:\/\/mensch-tier-gemeinsam.de\/htdocs\/wp-content\/uploads\/2020\/07\/zusammenunterwegssein_2020.07.02.jpg 1803w\" sizes=\"auto, (max-width: 1024px) 100vw, 1024px\" \/><\/figure>\n\n\n\n<p>Beim ersten Zusammenunterwegssein waren wir eigentlich alle zu angespannt, um Fotos zu machen. Ravil in seiner konsequenten Art ging danach allein weiter. Zweibeiner haben echt bl\u00f6de Ideen.<\/p>\n\n\n\n<figure class=\"wp-block-image size-large\"><img loading=\"lazy\" decoding=\"async\" width=\"1024\" height=\"624\" src=\"https:\/\/mensch-tier-gemeinsam.de\/htdocs\/wp-content\/uploads\/2020\/07\/zusammenunterwegssein_2020.07.04_01-1024x624.jpg\" alt=\"\" class=\"wp-image-2780\" srcset=\"https:\/\/mensch-tier-gemeinsam.de\/htdocs\/wp-content\/uploads\/2020\/07\/zusammenunterwegssein_2020.07.04_01-1024x624.jpg 1024w, https:\/\/mensch-tier-gemeinsam.de\/htdocs\/wp-content\/uploads\/2020\/07\/zusammenunterwegssein_2020.07.04_01-300x183.jpg 300w, https:\/\/mensch-tier-gemeinsam.de\/htdocs\/wp-content\/uploads\/2020\/07\/zusammenunterwegssein_2020.07.04_01-768x468.jpg 768w, https:\/\/mensch-tier-gemeinsam.de\/htdocs\/wp-content\/uploads\/2020\/07\/zusammenunterwegssein_2020.07.04_01-1536x936.jpg 1536w, https:\/\/mensch-tier-gemeinsam.de\/htdocs\/wp-content\/uploads\/2020\/07\/zusammenunterwegssein_2020.07.04_01-2048x1248.jpg 2048w, https:\/\/mensch-tier-gemeinsam.de\/htdocs\/wp-content\/uploads\/2020\/07\/zusammenunterwegssein_2020.07.04_01-624x380.jpg 624w\" sizes=\"auto, (max-width: 1024px) 100vw, 1024px\" \/><\/figure>\n\n\n\n<p>Das zweite Zusammenunterwegssein war schon ein wenig lockerer.  Mein typisch menschliches Ansinnen war, alle drei Hunde auf einer H\u00f6he stehend zu fotografieren. Daisy wollte einfach nicht stehenbleiben. Sie ist immer wieder auf mich zugegangen. Ich habe sie immer wieder zur\u00fcckgeschickt. Als Orientierung k\u00f6nnen Sie auf die Grasb\u00fcschel vor Nero sehen. Nero fiel es nat\u00fcrlich unglaublich schwer stehenzubleiben, w\u00e4hrend er sah, dass Daisy auf mich zuging.<\/p>\n\n\n\n<figure class=\"wp-block-image size-large\"><img loading=\"lazy\" decoding=\"async\" width=\"1024\" height=\"729\" src=\"https:\/\/mensch-tier-gemeinsam.de\/htdocs\/wp-content\/uploads\/2020\/07\/zusammenunterwegssein_2020.07.04_02-1024x729.jpg\" alt=\"\" class=\"wp-image-2786\" srcset=\"https:\/\/mensch-tier-gemeinsam.de\/htdocs\/wp-content\/uploads\/2020\/07\/zusammenunterwegssein_2020.07.04_02-1024x729.jpg 1024w, https:\/\/mensch-tier-gemeinsam.de\/htdocs\/wp-content\/uploads\/2020\/07\/zusammenunterwegssein_2020.07.04_02-300x214.jpg 300w, https:\/\/mensch-tier-gemeinsam.de\/htdocs\/wp-content\/uploads\/2020\/07\/zusammenunterwegssein_2020.07.04_02-768x547.jpg 768w, https:\/\/mensch-tier-gemeinsam.de\/htdocs\/wp-content\/uploads\/2020\/07\/zusammenunterwegssein_2020.07.04_02-1536x1094.jpg 1536w, https:\/\/mensch-tier-gemeinsam.de\/htdocs\/wp-content\/uploads\/2020\/07\/zusammenunterwegssein_2020.07.04_02-2048x1459.jpg 2048w, https:\/\/mensch-tier-gemeinsam.de\/htdocs\/wp-content\/uploads\/2020\/07\/zusammenunterwegssein_2020.07.04_02-624x444.jpg 624w\" sizes=\"auto, (max-width: 1024px) 100vw, 1024px\" \/><\/figure>\n\n\n\n<p>Ravil mochte sich meine Unf\u00e4higkeit irgendwann nicht mehr ansehen und stellte sich quer, um das Hin und Her zwischen Daisy und mir zu unterbrechen. <\/p>\n\n\n\n<figure class=\"wp-block-image size-large\"><img loading=\"lazy\" decoding=\"async\" width=\"1024\" height=\"960\" src=\"https:\/\/mensch-tier-gemeinsam.de\/htdocs\/wp-content\/uploads\/2020\/07\/zusammenunterwegssein_2020.07.04_03-1024x960.jpg\" alt=\"\" class=\"wp-image-2789\" srcset=\"https:\/\/mensch-tier-gemeinsam.de\/htdocs\/wp-content\/uploads\/2020\/07\/zusammenunterwegssein_2020.07.04_03-1024x960.jpg 1024w, https:\/\/mensch-tier-gemeinsam.de\/htdocs\/wp-content\/uploads\/2020\/07\/zusammenunterwegssein_2020.07.04_03-300x281.jpg 300w, https:\/\/mensch-tier-gemeinsam.de\/htdocs\/wp-content\/uploads\/2020\/07\/zusammenunterwegssein_2020.07.04_03-768x720.jpg 768w, https:\/\/mensch-tier-gemeinsam.de\/htdocs\/wp-content\/uploads\/2020\/07\/zusammenunterwegssein_2020.07.04_03-1536x1441.jpg 1536w, https:\/\/mensch-tier-gemeinsam.de\/htdocs\/wp-content\/uploads\/2020\/07\/zusammenunterwegssein_2020.07.04_03-624x585.jpg 624w, https:\/\/mensch-tier-gemeinsam.de\/htdocs\/wp-content\/uploads\/2020\/07\/zusammenunterwegssein_2020.07.04_03.jpg 1806w\" sizes=\"auto, (max-width: 1024px) 100vw, 1024px\" \/><\/figure>\n\n\n\n<p>Doch auch das hielt Daisy nicht auf. <\/p>\n\n\n\n<figure class=\"wp-block-image size-large\"><img loading=\"lazy\" decoding=\"async\" width=\"1012\" height=\"1024\" src=\"https:\/\/mensch-tier-gemeinsam.de\/htdocs\/wp-content\/uploads\/2020\/07\/zusammenunterwegssein_2020.07.04_04-1012x1024.jpg\" alt=\"\" class=\"wp-image-2793\" srcset=\"https:\/\/mensch-tier-gemeinsam.de\/htdocs\/wp-content\/uploads\/2020\/07\/zusammenunterwegssein_2020.07.04_04-1012x1024.jpg 1012w, https:\/\/mensch-tier-gemeinsam.de\/htdocs\/wp-content\/uploads\/2020\/07\/zusammenunterwegssein_2020.07.04_04-296x300.jpg 296w, https:\/\/mensch-tier-gemeinsam.de\/htdocs\/wp-content\/uploads\/2020\/07\/zusammenunterwegssein_2020.07.04_04-768x777.jpg 768w, https:\/\/mensch-tier-gemeinsam.de\/htdocs\/wp-content\/uploads\/2020\/07\/zusammenunterwegssein_2020.07.04_04-1518x1536.jpg 1518w, https:\/\/mensch-tier-gemeinsam.de\/htdocs\/wp-content\/uploads\/2020\/07\/zusammenunterwegssein_2020.07.04_04-624x632.jpg 624w, https:\/\/mensch-tier-gemeinsam.de\/htdocs\/wp-content\/uploads\/2020\/07\/zusammenunterwegssein_2020.07.04_04.jpg 1805w\" sizes=\"auto, (max-width: 1012px) 100vw, 1012px\" \/><\/figure>\n\n\n\n<p>Nach einer Weile haben die Hunde eine ihnen passende Ordnung gefunden. Ich habe meinen Wunsch nach dem Nebeneinander aufgegeben und das Hintereinander akzeptiert. Dann war es sch\u00f6n. <\/p>\n\n\n\n<figure class=\"wp-block-image size-large\"><img loading=\"lazy\" decoding=\"async\" width=\"935\" height=\"1024\" src=\"https:\/\/mensch-tier-gemeinsam.de\/htdocs\/wp-content\/uploads\/2020\/07\/zusammenunterwegssein_2020.07.04_05-1-935x1024.jpg\" alt=\"\" class=\"wp-image-2799\" srcset=\"https:\/\/mensch-tier-gemeinsam.de\/htdocs\/wp-content\/uploads\/2020\/07\/zusammenunterwegssein_2020.07.04_05-1-935x1024.jpg 935w, https:\/\/mensch-tier-gemeinsam.de\/htdocs\/wp-content\/uploads\/2020\/07\/zusammenunterwegssein_2020.07.04_05-1-274x300.jpg 274w, https:\/\/mensch-tier-gemeinsam.de\/htdocs\/wp-content\/uploads\/2020\/07\/zusammenunterwegssein_2020.07.04_05-1-768x841.jpg 768w, https:\/\/mensch-tier-gemeinsam.de\/htdocs\/wp-content\/uploads\/2020\/07\/zusammenunterwegssein_2020.07.04_05-1-1403x1536.jpg 1403w, https:\/\/mensch-tier-gemeinsam.de\/htdocs\/wp-content\/uploads\/2020\/07\/zusammenunterwegssein_2020.07.04_05-1-624x683.jpg 624w, https:\/\/mensch-tier-gemeinsam.de\/htdocs\/wp-content\/uploads\/2020\/07\/zusammenunterwegssein_2020.07.04_05-1.jpg 1815w\" sizes=\"auto, (max-width: 935px) 100vw, 935px\" \/><\/figure>\n\n\n\n<p>Zum Gl\u00fcck waren Ravil und Daisy verantwortungsbewusster als ich: Ich sah nur nach vorn-unten zu den Hunden. Ravil und Daisy hielten Ausschau nach fremden Menschen, Hunden, Wildschweinen, Quads etc.<\/p>\n","protected":false},"excerpt":{"rendered":"<p>Einige Jahre lang haben Daria, Ronja und Nero ein Rudel gebildet. Im Dezember 2018 ist Ronja gestorben. Im Mai 2019 ist Ravil dazugekommen und hat sich noch eine Zeit lang an Daria orientieren k\u00f6nnen, was die Situationen innerhalb des Hunderudels und auf dem Hof betrifft. Im September 2019 ist Daisy als Lebensgef\u00e4hrtin f\u00fcr Ravil dazugekommen. [&hellip;]<\/p>\n","protected":false},"author":1,"featured_media":0,"parent":8,"menu_order":5,"comment_status":"closed","ping_status":"closed","template":"","meta":{"footnotes":""},"class_list":["post-2771","page","type-page","status-publish","hentry"],"_links":{"self":[{"href":"https:\/\/mensch-tier-gemeinsam.de\/htdocs\/wp-json\/wp\/v2\/pages\/2771","targetHints":{"allow":["GET"]}}],"collection":[{"href":"https:\/\/mensch-tier-gemeinsam.de\/htdocs\/wp-json\/wp\/v2\/pages"}],"about":[{"href":"https:\/\/mensch-tier-gemeinsam.de\/htdocs\/wp-json\/wp\/v2\/types\/page"}],"author":[{"embeddable":true,"href":"https:\/\/mensch-tier-gemeinsam.de\/htdocs\/wp-json\/wp\/v2\/users\/1"}],"replies":[{"embeddable":true,"href":"https:\/\/mensch-tier-gemeinsam.de\/htdocs\/wp-json\/wp\/v2\/comments?post=2771"}],"version-history":[{"count":21,"href":"https:\/\/mensch-tier-gemeinsam.de\/htdocs\/wp-json\/wp\/v2\/pages\/2771\/revisions"}],"predecessor-version":[{"id":3238,"href":"https:\/\/mensch-tier-gemeinsam.de\/htdocs\/wp-json\/wp\/v2\/pages\/2771\/revisions\/3238"}],"up":[{"embeddable":true,"href":"https:\/\/mensch-tier-gemeinsam.de\/htdocs\/wp-json\/wp\/v2\/pages\/8"}],"wp:attachment":[{"href":"https:\/\/mensch-tier-gemeinsam.de\/htdocs\/wp-json\/wp\/v2\/media?parent=2771"}],"curies":[{"name":"wp","href":"https:\/\/api.w.org\/{rel}","templated":true}]}}