{"id":2843,"date":"2020-07-23T21:24:38","date_gmt":"2020-07-23T21:24:38","guid":{"rendered":"http:\/\/mensch-tier-gemeinsam.de\/htdocs\/?page_id=2843"},"modified":"2020-07-23T21:57:47","modified_gmt":"2020-07-23T21:57:47","slug":"fotos-2","status":"publish","type":"page","link":"https:\/\/mensch-tier-gemeinsam.de\/htdocs\/fotos-2\/","title":{"rendered":"Fotos"},"content":{"rendered":"\n<p>Hunde fressen M\u00f6hren<\/p>\n\n\n\n<p>Eine M\u00f6hre, drei Verwerter<\/p>\n\n\n\n<p>Freundschaften in schwarz-wei\u00df<\/p>\n\n\n\n<p>Maulkorb-Modenschau<\/p>\n\n\n\n<p>\u00c4lteres Sammelsurium heiterer Fotos<\/p>\n\n\n\n<p><\/p>\n","protected":false},"excerpt":{"rendered":"<p>Hunde fressen M\u00f6hren Eine M\u00f6hre, drei Verwerter Freundschaften in schwarz-wei\u00df Maulkorb-Modenschau \u00c4lteres Sammelsurium heiterer Fotos<\/p>\n","protected":false},"author":1,"featured_media":0,"parent":0,"menu_order":8,"comment_status":"closed","ping_status":"closed","template":"","meta":{"footnotes":""},"class_list":["post-2843","page","type-page","status-publish","hentry"],"_links":{"self":[{"href":"https:\/\/mensch-tier-gemeinsam.de\/htdocs\/wp-json\/wp\/v2\/pages\/2843","targetHints":{"allow":["GET"]}}],"collection":[{"href":"https:\/\/mensch-tier-gemeinsam.de\/htdocs\/wp-json\/wp\/v2\/pages"}],"about":[{"href":"https:\/\/mensch-tier-gemeinsam.de\/htdocs\/wp-json\/wp\/v2\/types\/page"}],"author":[{"embeddable":true,"href":"https:\/\/mensch-tier-gemeinsam.de\/htdocs\/wp-json\/wp\/v2\/users\/1"}],"replies":[{"embeddable":true,"href":"https:\/\/mensch-tier-gemeinsam.de\/htdocs\/wp-json\/wp\/v2\/comments?post=2843"}],"version-history":[{"count":2,"href":"https:\/\/mensch-tier-gemeinsam.de\/htdocs\/wp-json\/wp\/v2\/pages\/2843\/revisions"}],"predecessor-version":[{"id":2846,"href":"https:\/\/mensch-tier-gemeinsam.de\/htdocs\/wp-json\/wp\/v2\/pages\/2843\/revisions\/2846"}],"wp:attachment":[{"href":"https:\/\/mensch-tier-gemeinsam.de\/htdocs\/wp-json\/wp\/v2\/media?parent=2843"}],"curies":[{"name":"wp","href":"https:\/\/api.w.org\/{rel}","templated":true}]}}