{"id":2847,"date":"2020-07-23T22:20:13","date_gmt":"2020-07-23T22:20:13","guid":{"rendered":"http:\/\/mensch-tier-gemeinsam.de\/htdocs\/?page_id=2847"},"modified":"2020-07-26T22:01:40","modified_gmt":"2020-07-26T22:01:40","slug":"hunde-fressen-moehren","status":"publish","type":"page","link":"https:\/\/mensch-tier-gemeinsam.de\/htdocs\/fotos-2\/hunde-fressen-moehren\/","title":{"rendered":"Hunde fressen M\u00f6hren"},"content":{"rendered":"\n<p>B\u00e4belitz, 25.04.2020. Anfangs war Daria noch zu m\u00fcde. Den anderen Dreien habe ich die M\u00f6hren so hingehalten, dass die Hunde von der Sonne angestrahlt werden, damit sie auf den Fotos gut aussehen. Pustekuchen. Alle drei haben sich mit dem Po zur Sonne gelegt. Wer will schon beim Fressen geblendet werden. Die Premiere: Ravil hat vorher NIE M\u00f6hre gefressen. Daria und Nero lieben M\u00f6hre. Daisy liebt alles, was sich fressen l\u00e4sst. Direkt davor hatte ich eine andere Fotoreihe mit M\u00f6hren gemacht. Meine pl\u00f6tzlich krasse Aufmerksamkeit zum Thema &#8222;Hunde fressen M\u00f6hren&#8220; muss Ravil neugierig gemacht haben. Zum allerersten Mal hat er sich an einer M\u00f6hre versucht. Die Nagespuren waren niedlich klein. Die Zukunft wird zeigen, ob er ohne Fotosession nochmal M\u00f6hre fressen wird. Nero genie\u00dft seine M\u00f6hre wie immer, senkrecht zwischen den Pfoten. Daisy schreddert ihre M\u00f6hre wie immer. Daria geht aufgrund ihrer altersbedingten Schw\u00e4che mit der M\u00f6hre ins Abseits und vermeidet Blickkontakt zu den Konkurrenten. Eine ganze M\u00f6hre schafft sie nicht mehr, aber der erste Teil schmeckt ihr sehr gut.<\/p>\n\n\n\n<figure class=\"wp-block-image size-large\"><img loading=\"lazy\" decoding=\"async\" width=\"828\" height=\"1024\" src=\"https:\/\/mensch-tier-gemeinsam.de\/htdocs\/wp-content\/uploads\/2020\/07\/1_moehrenknabbern_in_reihe-1-828x1024.jpg\" alt=\"\" class=\"wp-image-2850\" srcset=\"https:\/\/mensch-tier-gemeinsam.de\/htdocs\/wp-content\/uploads\/2020\/07\/1_moehrenknabbern_in_reihe-1-828x1024.jpg 828w, https:\/\/mensch-tier-gemeinsam.de\/htdocs\/wp-content\/uploads\/2020\/07\/1_moehrenknabbern_in_reihe-1-243x300.jpg 243w, https:\/\/mensch-tier-gemeinsam.de\/htdocs\/wp-content\/uploads\/2020\/07\/1_moehrenknabbern_in_reihe-1-768x950.jpg 768w, https:\/\/mensch-tier-gemeinsam.de\/htdocs\/wp-content\/uploads\/2020\/07\/1_moehrenknabbern_in_reihe-1-624x772.jpg 624w, https:\/\/mensch-tier-gemeinsam.de\/htdocs\/wp-content\/uploads\/2020\/07\/1_moehrenknabbern_in_reihe-1.jpg 901w\" sizes=\"auto, (max-width: 828px) 100vw, 828px\" \/><figcaption>M\u00f6hren knabbern in Reihe<\/figcaption><\/figure>\n\n\n\n<figure class=\"wp-block-image size-large\"><img loading=\"lazy\" decoding=\"async\" width=\"1024\" height=\"643\" src=\"https:\/\/mensch-tier-gemeinsam.de\/htdocs\/wp-content\/uploads\/2020\/07\/2_daria_frisst_im_abseits-5-1024x643.jpg\" alt=\"\" class=\"wp-image-2864\" srcset=\"https:\/\/mensch-tier-gemeinsam.de\/htdocs\/wp-content\/uploads\/2020\/07\/2_daria_frisst_im_abseits-5-1024x643.jpg 1024w, https:\/\/mensch-tier-gemeinsam.de\/htdocs\/wp-content\/uploads\/2020\/07\/2_daria_frisst_im_abseits-5-300x188.jpg 300w, https:\/\/mensch-tier-gemeinsam.de\/htdocs\/wp-content\/uploads\/2020\/07\/2_daria_frisst_im_abseits-5-768x482.jpg 768w, https:\/\/mensch-tier-gemeinsam.de\/htdocs\/wp-content\/uploads\/2020\/07\/2_daria_frisst_im_abseits-5-1536x965.jpg 1536w, https:\/\/mensch-tier-gemeinsam.de\/htdocs\/wp-content\/uploads\/2020\/07\/2_daria_frisst_im_abseits-5-2048x1287.jpg 2048w, https:\/\/mensch-tier-gemeinsam.de\/htdocs\/wp-content\/uploads\/2020\/07\/2_daria_frisst_im_abseits-5-624x392.jpg 624w\" sizes=\"auto, (max-width: 1024px) 100vw, 1024px\" \/><figcaption>Daria frisst im Abseits.<\/figcaption><\/figure>\n\n\n\n<figure class=\"wp-block-image size-large\"><img loading=\"lazy\" decoding=\"async\" width=\"1024\" height=\"708\" src=\"https:\/\/mensch-tier-gemeinsam.de\/htdocs\/wp-content\/uploads\/2020\/07\/3_daria_frisst_moehre-1024x708.jpg\" alt=\"\" class=\"wp-image-2865\" srcset=\"https:\/\/mensch-tier-gemeinsam.de\/htdocs\/wp-content\/uploads\/2020\/07\/3_daria_frisst_moehre-1024x708.jpg 1024w, https:\/\/mensch-tier-gemeinsam.de\/htdocs\/wp-content\/uploads\/2020\/07\/3_daria_frisst_moehre-300x207.jpg 300w, https:\/\/mensch-tier-gemeinsam.de\/htdocs\/wp-content\/uploads\/2020\/07\/3_daria_frisst_moehre-768x531.jpg 768w, https:\/\/mensch-tier-gemeinsam.de\/htdocs\/wp-content\/uploads\/2020\/07\/3_daria_frisst_moehre-624x431.jpg 624w, https:\/\/mensch-tier-gemeinsam.de\/htdocs\/wp-content\/uploads\/2020\/07\/3_daria_frisst_moehre.jpg 1152w\" sizes=\"auto, (max-width: 1024px) 100vw, 1024px\" \/><figcaption>Daria frisst M\u00f6hre.<\/figcaption><\/figure>\n\n\n\n<figure class=\"wp-block-image size-large\"><img loading=\"lazy\" decoding=\"async\" width=\"394\" height=\"522\" src=\"https:\/\/mensch-tier-gemeinsam.de\/htdocs\/wp-content\/uploads\/2020\/07\/4_ravil_nagt_moehre-1.jpg\" alt=\"\" class=\"wp-image-2861\" srcset=\"https:\/\/mensch-tier-gemeinsam.de\/htdocs\/wp-content\/uploads\/2020\/07\/4_ravil_nagt_moehre-1.jpg 394w, https:\/\/mensch-tier-gemeinsam.de\/htdocs\/wp-content\/uploads\/2020\/07\/4_ravil_nagt_moehre-1-226x300.jpg 226w\" sizes=\"auto, (max-width: 394px) 100vw, 394px\" \/><figcaption>Ravil nagt M\u00f6hre.<\/figcaption><\/figure>\n\n\n\n<figure class=\"wp-block-image size-large\"><img loading=\"lazy\" decoding=\"async\" width=\"392\" height=\"456\" src=\"https:\/\/mensch-tier-gemeinsam.de\/htdocs\/wp-content\/uploads\/2020\/07\/5_nero_geniesst_moehre.jpg\" alt=\"\" class=\"wp-image-2862\" srcset=\"https:\/\/mensch-tier-gemeinsam.de\/htdocs\/wp-content\/uploads\/2020\/07\/5_nero_geniesst_moehre.jpg 392w, https:\/\/mensch-tier-gemeinsam.de\/htdocs\/wp-content\/uploads\/2020\/07\/5_nero_geniesst_moehre-258x300.jpg 258w\" sizes=\"auto, (max-width: 392px) 100vw, 392px\" \/><figcaption>Nero genie\u00dft M\u00f6hre.<\/figcaption><\/figure>\n\n\n\n<figure class=\"wp-block-image size-large\"><img loading=\"lazy\" decoding=\"async\" width=\"1024\" height=\"739\" src=\"https:\/\/mensch-tier-gemeinsam.de\/htdocs\/wp-content\/uploads\/2020\/07\/6_daisy_schreddert_moehre-1024x739.jpg\" alt=\"\" class=\"wp-image-2863\" srcset=\"https:\/\/mensch-tier-gemeinsam.de\/htdocs\/wp-content\/uploads\/2020\/07\/6_daisy_schreddert_moehre-1024x739.jpg 1024w, https:\/\/mensch-tier-gemeinsam.de\/htdocs\/wp-content\/uploads\/2020\/07\/6_daisy_schreddert_moehre-300x216.jpg 300w, https:\/\/mensch-tier-gemeinsam.de\/htdocs\/wp-content\/uploads\/2020\/07\/6_daisy_schreddert_moehre-768x554.jpg 768w, https:\/\/mensch-tier-gemeinsam.de\/htdocs\/wp-content\/uploads\/2020\/07\/6_daisy_schreddert_moehre-624x450.jpg 624w, https:\/\/mensch-tier-gemeinsam.de\/htdocs\/wp-content\/uploads\/2020\/07\/6_daisy_schreddert_moehre.jpg 1117w\" sizes=\"auto, (max-width: 1024px) 100vw, 1024px\" \/><figcaption>Daisy schreddert M\u00f6hre.<\/figcaption><\/figure>\n","protected":false},"excerpt":{"rendered":"<p>B\u00e4belitz, 25.04.2020. Anfangs war Daria noch zu m\u00fcde. Den anderen Dreien habe ich die M\u00f6hren so hingehalten, dass die Hunde von der Sonne angestrahlt werden, damit sie auf den Fotos gut aussehen. Pustekuchen. Alle drei haben sich mit dem Po zur Sonne gelegt. Wer will schon beim Fressen geblendet werden. Die Premiere: Ravil hat vorher [&hellip;]<\/p>\n","protected":false},"author":1,"featured_media":0,"parent":2843,"menu_order":1,"comment_status":"closed","ping_status":"closed","template":"","meta":{"footnotes":""},"class_list":["post-2847","page","type-page","status-publish","hentry"],"_links":{"self":[{"href":"https:\/\/mensch-tier-gemeinsam.de\/htdocs\/wp-json\/wp\/v2\/pages\/2847","targetHints":{"allow":["GET"]}}],"collection":[{"href":"https:\/\/mensch-tier-gemeinsam.de\/htdocs\/wp-json\/wp\/v2\/pages"}],"about":[{"href":"https:\/\/mensch-tier-gemeinsam.de\/htdocs\/wp-json\/wp\/v2\/types\/page"}],"author":[{"embeddable":true,"href":"https:\/\/mensch-tier-gemeinsam.de\/htdocs\/wp-json\/wp\/v2\/users\/1"}],"replies":[{"embeddable":true,"href":"https:\/\/mensch-tier-gemeinsam.de\/htdocs\/wp-json\/wp\/v2\/comments?post=2847"}],"version-history":[{"count":4,"href":"https:\/\/mensch-tier-gemeinsam.de\/htdocs\/wp-json\/wp\/v2\/pages\/2847\/revisions"}],"predecessor-version":[{"id":2866,"href":"https:\/\/mensch-tier-gemeinsam.de\/htdocs\/wp-json\/wp\/v2\/pages\/2847\/revisions\/2866"}],"up":[{"embeddable":true,"href":"https:\/\/mensch-tier-gemeinsam.de\/htdocs\/wp-json\/wp\/v2\/pages\/2843"}],"wp:attachment":[{"href":"https:\/\/mensch-tier-gemeinsam.de\/htdocs\/wp-json\/wp\/v2\/media?parent=2847"}],"curies":[{"name":"wp","href":"https:\/\/api.w.org\/{rel}","templated":true}]}}