{"id":2887,"date":"2020-07-26T21:29:49","date_gmt":"2020-07-26T21:29:49","guid":{"rendered":"http:\/\/mensch-tier-gemeinsam.de\/htdocs\/?page_id=2887"},"modified":"2020-07-26T21:39:41","modified_gmt":"2020-07-26T21:39:41","slug":"in-gedenken-an-daria","status":"publish","type":"page","link":"https:\/\/mensch-tier-gemeinsam.de\/htdocs\/ueber-uns\/daria\/in-gedenken-an-daria\/","title":{"rendered":"In Gedenken an Daria"},"content":{"rendered":"\n<p>F\u00fcr meine Klienten hatte ich nach Darias Tod im Seminarraum Fotos und einen Text ausgelegt. Diese Dateien k\u00f6nnen Sie sich hier ansehen. \u00dcberlegen Sie sich, ob Sie den Text bzw. den Schluss lesen m\u00f6chten. <\/p>\n\n\n\n<div class=\"wp-block-file\"><a href=\"http:\/\/mensch-tier-gemeinsam.de\/htdocs\/wp-content\/uploads\/2020\/07\/in_gedenken_bild.pdf\">in_gedenken_bild<\/a><a href=\"http:\/\/mensch-tier-gemeinsam.de\/htdocs\/wp-content\/uploads\/2020\/07\/in_gedenken_bild.pdf\" class=\"wp-block-file__button\" download>Herunterladen<\/a><\/div>\n\n\n\n<div class=\"wp-block-file\"><a href=\"http:\/\/mensch-tier-gemeinsam.de\/htdocs\/wp-content\/uploads\/2020\/07\/darias_leben_und_sterben.pdf\">darias_leben_und_sterben<\/a><a href=\"http:\/\/mensch-tier-gemeinsam.de\/htdocs\/wp-content\/uploads\/2020\/07\/darias_leben_und_sterben.pdf\" class=\"wp-block-file__button\" download>Herunterladen<\/a><\/div>\n","protected":false},"excerpt":{"rendered":"<p>F\u00fcr meine Klienten hatte ich nach Darias Tod im Seminarraum Fotos und einen Text ausgelegt. Diese Dateien k\u00f6nnen Sie sich hier ansehen. \u00dcberlegen Sie sich, ob Sie den Text bzw. den Schluss lesen m\u00f6chten.<\/p>\n","protected":false},"author":1,"featured_media":0,"parent":27,"menu_order":0,"comment_status":"closed","ping_status":"closed","template":"","meta":{"footnotes":""},"class_list":["post-2887","page","type-page","status-publish","hentry"],"_links":{"self":[{"href":"https:\/\/mensch-tier-gemeinsam.de\/htdocs\/wp-json\/wp\/v2\/pages\/2887","targetHints":{"allow":["GET"]}}],"collection":[{"href":"https:\/\/mensch-tier-gemeinsam.de\/htdocs\/wp-json\/wp\/v2\/pages"}],"about":[{"href":"https:\/\/mensch-tier-gemeinsam.de\/htdocs\/wp-json\/wp\/v2\/types\/page"}],"author":[{"embeddable":true,"href":"https:\/\/mensch-tier-gemeinsam.de\/htdocs\/wp-json\/wp\/v2\/users\/1"}],"replies":[{"embeddable":true,"href":"https:\/\/mensch-tier-gemeinsam.de\/htdocs\/wp-json\/wp\/v2\/comments?post=2887"}],"version-history":[{"count":3,"href":"https:\/\/mensch-tier-gemeinsam.de\/htdocs\/wp-json\/wp\/v2\/pages\/2887\/revisions"}],"predecessor-version":[{"id":2893,"href":"https:\/\/mensch-tier-gemeinsam.de\/htdocs\/wp-json\/wp\/v2\/pages\/2887\/revisions\/2893"}],"up":[{"embeddable":true,"href":"https:\/\/mensch-tier-gemeinsam.de\/htdocs\/wp-json\/wp\/v2\/pages\/27"}],"wp:attachment":[{"href":"https:\/\/mensch-tier-gemeinsam.de\/htdocs\/wp-json\/wp\/v2\/media?parent=2887"}],"curies":[{"name":"wp","href":"https:\/\/api.w.org\/{rel}","templated":true}]}}