{"id":29,"date":"2015-03-18T23:07:10","date_gmt":"2015-03-18T23:07:10","guid":{"rendered":"http:\/\/mensch-tier-gemeinsam.de\/htdocs\/?page_id=29"},"modified":"2020-02-13T21:35:55","modified_gmt":"2020-02-13T21:35:55","slug":"ronja","status":"publish","type":"page","link":"https:\/\/mensch-tier-gemeinsam.de\/htdocs\/ueber-uns\/ronja\/","title":{"rendered":"Ronja"},"content":{"rendered":"<div class=\"csRow\">\n<div class=\"csColumnGap\" style=\"margin: 0px; padding: 0px; float: left; width: 1.56%;\"><img decoding=\"async\" src=\"http:\/\/mensch-tier-gemeinsam.de\/htdocs\/wp-content\/plugins\/advanced-wp-columns\/assets\/js\/plugins\/views\/img\/1x1-pixel.png\" alt=\"\" \/><\/div>\n<div class=\"csColumn\" style=\"margin: 0px; padding: 0px; float: left; width: 20.9%;\" data-csid=\"44ad14ec-1f20-6416-97b0-1915107973c8\" data-cswidth=\"20.9%\" data-csendpoint=\"216\" data-csstartpoint=\"15\">\n<div id=\"column1-content\">\n<div id=\"column1-content-inner\" class=\"container-content-inner\">\n<div id=\"widget-30af016f-1578-40e9-be95-c1d4ac2cad6a\" class=\"widget widget-text\">\n<div class=\"widget-content\">\n<h1><span style=\"color: #000000;\">Ronja<\/span><\/h1>\n<p>gestorben am 18.12.2018<\/p>\n<p>geb. 22.05.2004<\/p>\n<p>Ronja ist seit August 2012 in unserem Rudel.<\/p>\n<p>Vorlieben:<\/p>\n<p>&#8211; Frauchens Liebling sein<\/p>\n<p>&#8211; Ronja versucht unerm\u00fcdlich in allem besser zu sein als Daria.<\/p>\n<p>&#8211; erst mit Pixel, danach mit Nero Seite an Seite etwas anstellen<\/p>\n<p>&#8211; Frauchen herauszufordern und\u00a0somit zum Lernen zu zwingen<\/p>\n<p>&#8211; Abenteuer, Abenteuer, Abenteuer<\/p>\n<\/div>\n<\/div>\n<\/div>\n<\/div>\n<\/div>\n<div class=\"csColumnGap\" style=\"margin: 0px; padding: 0px; float: left; width: 0.938%;\"><img decoding=\"async\" src=\"http:\/\/mensch-tier-gemeinsam.de\/htdocs\/wp-content\/plugins\/advanced-wp-columns\/assets\/js\/plugins\/views\/img\/1x1-pixel.png\" alt=\"\" \/><\/div>\n<div class=\"csColumn\" style=\"margin: 0px; padding: 0px; float: left; width: 53.1%;\" data-csid=\"d46bc14c-9c52-3ad2-a606-1202f3e3d265\" data-cswidth=\"53.1%\" data-csendpoint=\"735\" data-csstartpoint=\"225\">\n<div id=\"content-content\">\n<div id=\"content-content-inner\" class=\"container-content-inner\">\n<div id=\"widget-e55210b4-16a2-4350-a24b-1061214cf8bb\" class=\"widget widget-text\">\n<div class=\"widget-content\">\n<p><img loading=\"lazy\" decoding=\"async\" id=\"mce-4069\" style=\"display: block; margin-left: auto; margin-right: auto;\" title=\"Ronja\" src=\"..\/..\/..\/..\/..\/..\/..\/..\/attachments\/Image\/fiona_1_kompr.jpg?template=generic&amp;header=headers1&amp;button=buttons1\" alt=\"Ronja\" width=\"214\" height=\"365\" \/><\/p>\n<p style=\"text-align: center;\">\u00a0<img loading=\"lazy\" decoding=\"async\" id=\"mce-4305\" title=\"Ronja: Nase hoch, Rute hoch\" src=\"..\/..\/..\/..\/..\/..\/..\/..\/attachments\/Image\/ronja_nase_hoch.jpg?template=generic&amp;header=headers1&amp;button=buttons1\" alt=\"Ronja: Nase hoch, Rute hoch\" width=\"400\" height=\"441\" \/><\/p>\n<p>\u00a0\u00a0<img loading=\"lazy\" decoding=\"async\" id=\"mce-5336\" style=\"display: block; margin-left: auto; margin-right: auto;\" title=\"Terrier und H\u00fchner friedlich miteinander\" src=\"..\/..\/..\/..\/..\/..\/..\/..\/attachments\/Image\/Terrier%3D20und%3D20H%3DC3%3DBChner%3D20in%3D20Harmonie.jpg?template=generic&amp;header=headers1&amp;button=buttons1\" alt=\"Terrier und H\u00fchner friedlich miteinander\" width=\"400\" height=\"343\" \/><\/p>\n<\/div>\n<\/div>\n<\/div>\n<\/div>\n<div id=\"footer-side\" class=\"side\">\n<div id=\"footer-side2\" class=\"side2\">\n<div class=\"container-content\">\n<p><img decoding=\"async\" id=\"footer-background-image\" class=\"background-image\" src=\"..\/..\/..\/..\/..\/..\/..\/..\/images\/background-none.png?template=generic&amp;header=headers1&amp;button=buttons1&amp;.png\" alt=\"\" \/><\/p>\n<div id=\"footer-content\">\n<div id=\"footer-content-inner\" class=\"container-content-inner\">\n<div id=\"widget-11aca2de-d93a-9c40-ff75-d26f24a91552\" class=\"widget widget-text\">\n<div class=\"widget-content\">\n<p style=\"text-align: center;\">\u00a9 ab 2011. Alessa Knoop-L\u00fcbke. Alle Rechte vorbehalten.<\/p>\n<\/div>\n<\/div>\n<\/div>\n<\/div>\n<\/div>\n<\/div>\n<\/div>\n<\/div>\n<div class=\"csColumnGap\" style=\"margin: 0px; padding: 0px; float: left; width: 1.04%;\"><img decoding=\"async\" src=\"http:\/\/mensch-tier-gemeinsam.de\/htdocs\/wp-content\/plugins\/advanced-wp-columns\/assets\/js\/plugins\/views\/img\/1x1-pixel.png\" alt=\"\" \/><\/div>\n<div class=\"csColumn\" style=\"margin: 0px; padding: 0px; float: left; width: 20.8%;\" data-csid=\"043e5991-9059-a3da-8bdc-e82dc4399c2a\" data-cswidth=\"20.8%\" data-csendpoint=\"945\" data-csstartpoint=\"745\">\n<p>St\u00e4rken:<\/p>\n<p>Ronja ist sehr aufmerksam und schnell, vor allem geistig sehr schnell. Sie bemerkt jede noch so kleine Ver\u00e4nderung in ihrer gewohnten Umgebung und reagiert sehr empfindsam darauf. Das bedeutet z. B., dass sie sofort anzeigt, wenn sich ein Huhn\u00a0anders verh\u00e4lt als sonst. Dadurch k\u00f6nnen Menschen an ihr viel ablesen, weil Ronja direkt und sehr deutlich auf kleinste Verhaltens\u00e4nderungen des Menschen reagiert. Das nutze ich f\u00fcr meine Weiterbildung: Ich kann vieles an und mit Ronja ausprobieren, und sie ist kein bisschen nachtragend, wenn ich etwas falsch mache.<\/p>\n<\/div>\n<div class=\"csColumnGap\" style=\"margin: 0px; padding: 0px; float: left; width: 1.56%;\"><img decoding=\"async\" src=\"http:\/\/mensch-tier-gemeinsam.de\/htdocs\/wp-content\/plugins\/advanced-wp-columns\/assets\/js\/plugins\/views\/img\/1x1-pixel.png\" alt=\"\" \/><\/div>\n<div style=\"clear: both; float: none; display: block; visibility: hidden; width: 0px; font-size: 0px; line-height: 0;\"><\/div>\n<\/div>\n","protected":false},"excerpt":{"rendered":"<p>Ronja gestorben am 18.12.2018 geb. 22.05.2004 Ronja ist seit August 2012 in unserem Rudel. Vorlieben: &#8211; Frauchens Liebling sein &#8211; Ronja versucht unerm\u00fcdlich in allem besser zu sein als Daria. &#8211; erst mit Pixel, danach mit Nero Seite an Seite etwas anstellen &#8211; Frauchen herauszufordern und\u00a0somit zum Lernen zu zwingen &#8211; Abenteuer, Abenteuer, Abenteuer \u00a0 [&hellip;]<\/p>\n","protected":false},"author":1,"featured_media":0,"parent":8,"menu_order":6,"comment_status":"closed","ping_status":"closed","template":"","meta":{"footnotes":""},"class_list":["post-29","page","type-page","status-publish","hentry"],"_links":{"self":[{"href":"https:\/\/mensch-tier-gemeinsam.de\/htdocs\/wp-json\/wp\/v2\/pages\/29","targetHints":{"allow":["GET"]}}],"collection":[{"href":"https:\/\/mensch-tier-gemeinsam.de\/htdocs\/wp-json\/wp\/v2\/pages"}],"about":[{"href":"https:\/\/mensch-tier-gemeinsam.de\/htdocs\/wp-json\/wp\/v2\/types\/page"}],"author":[{"embeddable":true,"href":"https:\/\/mensch-tier-gemeinsam.de\/htdocs\/wp-json\/wp\/v2\/users\/1"}],"replies":[{"embeddable":true,"href":"https:\/\/mensch-tier-gemeinsam.de\/htdocs\/wp-json\/wp\/v2\/comments?post=29"}],"version-history":[{"count":5,"href":"https:\/\/mensch-tier-gemeinsam.de\/htdocs\/wp-json\/wp\/v2\/pages\/29\/revisions"}],"predecessor-version":[{"id":2600,"href":"https:\/\/mensch-tier-gemeinsam.de\/htdocs\/wp-json\/wp\/v2\/pages\/29\/revisions\/2600"}],"up":[{"embeddable":true,"href":"https:\/\/mensch-tier-gemeinsam.de\/htdocs\/wp-json\/wp\/v2\/pages\/8"}],"wp:attachment":[{"href":"https:\/\/mensch-tier-gemeinsam.de\/htdocs\/wp-json\/wp\/v2\/media?parent=29"}],"curies":[{"name":"wp","href":"https:\/\/api.w.org\/{rel}","templated":true}]}}