{"id":2987,"date":"2021-01-26T19:41:52","date_gmt":"2021-01-26T19:41:52","guid":{"rendered":"http:\/\/mensch-tier-gemeinsam.de\/htdocs\/?page_id=2987"},"modified":"2023-01-21T19:09:54","modified_gmt":"2023-01-21T19:09:54","slug":"agb","status":"publish","type":"page","link":"https:\/\/mensch-tier-gemeinsam.de\/htdocs\/agb\/","title":{"rendered":"AGB"},"content":{"rendered":"\n<p><strong>Allgemeine Gesch\u00e4ftsbedingungen<\/strong><\/p>\n\n\n\n<p><strong>des Unternehmens Alessa Knoop-L\u00fcbke<\/strong><\/p>\n\n\n\n<p><strong>mit der Marke Mensch &amp; Tier gemeinsam <\/strong><\/p>\n\n\n\n<p>g\u00fcltig ab 03.01.2023<\/p>\n\n\n\n<p>pdf-Datei (weiter unten): <\/p>\n\n\n\n<div class=\"wp-block-group\"><div class=\"wp-block-group__inner-container is-layout-constrained wp-block-group-is-layout-constrained\">\n<div data-wp-interactive=\"core\/file\" class=\"wp-block-file\"><object data-wp-bind--hidden=\"!state.hasPdfPreview\" hidden class=\"wp-block-file__embed\" data=\"http:\/\/mensch-tier-gemeinsam.de\/htdocs\/wp-content\/uploads\/2023\/01\/agb__alessa_knoop-luebke_2023.01.03.pdf\" type=\"application\/pdf\" style=\"width:100%;height:200px\" aria-label=\"Einbettung von agb__alessa_knoop-luebke_2023.01.03.\"><\/object><a id=\"wp-block-file--media-a1aeb006-d584-4c4e-a8fd-38e5454b6cc8\" href=\"http:\/\/mensch-tier-gemeinsam.de\/htdocs\/wp-content\/uploads\/2023\/01\/agb__alessa_knoop-luebke_2023.01.03.pdf\" target=\"_blank\" rel=\"noreferrer noopener\">agb__alessa_knoop-luebke_2023.01.03<\/a><a href=\"http:\/\/mensch-tier-gemeinsam.de\/htdocs\/wp-content\/uploads\/2023\/01\/agb__alessa_knoop-luebke_2023.01.03.pdf\" class=\"wp-block-file__button wp-element-button\" download aria-describedby=\"wp-block-file--media-a1aeb006-d584-4c4e-a8fd-38e5454b6cc8\">Herunterladen<\/a><\/div>\n<\/div><\/div>\n","protected":false},"excerpt":{"rendered":"<p>Allgemeine Gesch\u00e4ftsbedingungen des Unternehmens Alessa Knoop-L\u00fcbke mit der Marke Mensch &amp; Tier gemeinsam g\u00fcltig ab 03.01.2023 pdf-Datei (weiter unten):<\/p>\n","protected":false},"author":1,"featured_media":0,"parent":0,"menu_order":10,"comment_status":"closed","ping_status":"closed","template":"","meta":{"footnotes":""},"class_list":["post-2987","page","type-page","status-publish","hentry"],"_links":{"self":[{"href":"https:\/\/mensch-tier-gemeinsam.de\/htdocs\/wp-json\/wp\/v2\/pages\/2987","targetHints":{"allow":["GET"]}}],"collection":[{"href":"https:\/\/mensch-tier-gemeinsam.de\/htdocs\/wp-json\/wp\/v2\/pages"}],"about":[{"href":"https:\/\/mensch-tier-gemeinsam.de\/htdocs\/wp-json\/wp\/v2\/types\/page"}],"author":[{"embeddable":true,"href":"https:\/\/mensch-tier-gemeinsam.de\/htdocs\/wp-json\/wp\/v2\/users\/1"}],"replies":[{"embeddable":true,"href":"https:\/\/mensch-tier-gemeinsam.de\/htdocs\/wp-json\/wp\/v2\/comments?post=2987"}],"version-history":[{"count":38,"href":"https:\/\/mensch-tier-gemeinsam.de\/htdocs\/wp-json\/wp\/v2\/pages\/2987\/revisions"}],"predecessor-version":[{"id":3816,"href":"https:\/\/mensch-tier-gemeinsam.de\/htdocs\/wp-json\/wp\/v2\/pages\/2987\/revisions\/3816"}],"wp:attachment":[{"href":"https:\/\/mensch-tier-gemeinsam.de\/htdocs\/wp-json\/wp\/v2\/media?parent=2987"}],"curies":[{"name":"wp","href":"https:\/\/api.w.org\/{rel}","templated":true}]}}