{"id":3046,"date":"2021-02-10T11:18:33","date_gmt":"2021-02-10T11:18:33","guid":{"rendered":"http:\/\/mensch-tier-gemeinsam.de\/htdocs\/?page_id=3046"},"modified":"2021-02-10T11:26:20","modified_gmt":"2021-02-10T11:26:20","slug":"in-gedenken-an-ravil","status":"publish","type":"page","link":"https:\/\/mensch-tier-gemeinsam.de\/htdocs\/ueber-uns\/ravil\/in-gedenken-an-ravil\/","title":{"rendered":"In Gedenken an Ravil"},"content":{"rendered":"\n<p>Im Dezember 2020 starb Ravil. Nach seinem Tod habe ich die markantesten Dinge \u00fcber seine erste Zeit bei mir, seine Entwicklung und sein Ende aufgeschrieben. Der Text ist gegliedert, so dass Sie sich aussuchen k\u00f6nnen, was Sie lesen m\u00f6chten und vor allem, ob Sie \u00fcber Ravils letzte Minuten lesen m\u00f6chten.<\/p>\n\n\n\n<div class=\"wp-block-file\"><a href=\"http:\/\/mensch-tier-gemeinsam.de\/htdocs\/wp-content\/uploads\/2021\/02\/ravils_leben_und_sterben.pdf\">ravils_leben_und_sterben<\/a><a href=\"http:\/\/mensch-tier-gemeinsam.de\/htdocs\/wp-content\/uploads\/2021\/02\/ravils_leben_und_sterben.pdf\" class=\"wp-block-file__button\" download>Herunterladen<\/a><\/div>\n","protected":false},"excerpt":{"rendered":"<p>Im Dezember 2020 starb Ravil. Nach seinem Tod habe ich die markantesten Dinge \u00fcber seine erste Zeit bei mir, seine Entwicklung und sein Ende aufgeschrieben. Der Text ist gegliedert, so dass Sie sich aussuchen k\u00f6nnen, was Sie lesen m\u00f6chten und vor allem, ob Sie \u00fcber Ravils letzte Minuten lesen m\u00f6chten.<\/p>\n","protected":false},"author":1,"featured_media":0,"parent":2365,"menu_order":0,"comment_status":"closed","ping_status":"closed","template":"","meta":{"footnotes":""},"class_list":["post-3046","page","type-page","status-publish","hentry"],"_links":{"self":[{"href":"https:\/\/mensch-tier-gemeinsam.de\/htdocs\/wp-json\/wp\/v2\/pages\/3046","targetHints":{"allow":["GET"]}}],"collection":[{"href":"https:\/\/mensch-tier-gemeinsam.de\/htdocs\/wp-json\/wp\/v2\/pages"}],"about":[{"href":"https:\/\/mensch-tier-gemeinsam.de\/htdocs\/wp-json\/wp\/v2\/types\/page"}],"author":[{"embeddable":true,"href":"https:\/\/mensch-tier-gemeinsam.de\/htdocs\/wp-json\/wp\/v2\/users\/1"}],"replies":[{"embeddable":true,"href":"https:\/\/mensch-tier-gemeinsam.de\/htdocs\/wp-json\/wp\/v2\/comments?post=3046"}],"version-history":[{"count":2,"href":"https:\/\/mensch-tier-gemeinsam.de\/htdocs\/wp-json\/wp\/v2\/pages\/3046\/revisions"}],"predecessor-version":[{"id":3049,"href":"https:\/\/mensch-tier-gemeinsam.de\/htdocs\/wp-json\/wp\/v2\/pages\/3046\/revisions\/3049"}],"up":[{"embeddable":true,"href":"https:\/\/mensch-tier-gemeinsam.de\/htdocs\/wp-json\/wp\/v2\/pages\/2365"}],"wp:attachment":[{"href":"https:\/\/mensch-tier-gemeinsam.de\/htdocs\/wp-json\/wp\/v2\/media?parent=3046"}],"curies":[{"name":"wp","href":"https:\/\/api.w.org\/{rel}","templated":true}]}}