{"id":31,"date":"2015-03-18T23:09:33","date_gmt":"2015-03-18T23:09:33","guid":{"rendered":"http:\/\/mensch-tier-gemeinsam.de\/htdocs\/?page_id=31"},"modified":"2015-03-19T23:08:19","modified_gmt":"2015-03-19T23:08:19","slug":"fuer-tierhalter","status":"publish","type":"page","link":"https:\/\/mensch-tier-gemeinsam.de\/htdocs\/fuer-tierhalter\/","title":{"rendered":"F\u00fcr Tierhalter"},"content":{"rendered":"<h1>Das Verhalten des Menschen beeinflusst das Verhalten des Tiers<\/h1>\n<p>&nbsp;<\/p>\n<p>Haustiere, deren Vorfahren in der Natur im Sozialverband gelebt haben, brauchen Sozialpartner f\u00fcr ihr Wohlbefinden. Sie bilden Beziehungen untereinander, sie kommunizieren miteinander und es entstehen Bindungen zueinander. Sie reagieren auf das Verhalten ihrer Sozialpartner. Deshalb macht es kaum Sinn, ein Tier von einem Au\u00dfenstehenden ver\u00e4ndern zu lassen. Nur die Person, die mit dem Tier lebt, kann langfristige und tiefgreifende \u00c4nderungen des Tierverhaltens bewirken. Deshalb arbeite ich nicht direkt mit einem Tier, sondern leite den Tierhalter an. Daf\u00fcr biete ich Individuelle Beratungen und Veranstaltungen an:<\/p>\n<ul>\n<li><a title=\"F\u00fcr Menschen mit Hunden\" href=\"http:\/\/mensch-tier-gemeinsam.de\/htdocs\/?page_id=55\">F\u00fcr Menschen mit Hunden<\/a><\/li>\n<li><a title=\"F\u00fcr Menschen mit Kaninchen\" href=\"http:\/\/mensch-tier-gemeinsam.de\/htdocs\/?page_id=116\">F\u00fcr Menschen mit Kaninchen<\/a><\/li>\n<li><a class=\" link\" title=\"F\u00fcr Menschen mit Katzen\" href=\"http:\/\/mensch-tier-gemeinsam.de\/htdocs\/?page_id=122\">F\u00fcr Menschen mit Katzen<\/a><\/li>\n<li><a title=\"F\u00fcr Menschen mit H\u00fchnern\" href=\"http:\/\/mensch-tier-gemeinsam.de\/htdocs\/?page_id=129\">F\u00fcr Menschen mit H\u00fchnern<\/a><\/li>\n<li><a title=\"F\u00fcr Menschen mit anderen Tieren\" href=\"http:\/\/mensch-tier-gemeinsam.de\/htdocs\/?page_id=135\">F\u00fcr Menschen mit anderen Tieren<\/a><\/li>\n<\/ul>\n<p>&nbsp;<\/p>\n<p>Grundlage f\u00fcr ein\u00a0zufriedenstellendes Zusammenleben\u00a0ist\u00a0eine gelungene Verst\u00e4ndigung\u00a0zwischen Mensch und Tier bzw. Tier und Tier. Jeder versteht immer irgendetwas. Wichtig ist, dass jede Seite genau das versteht, was die andere Seite meint. Um das zu erreichen, muss der Mensch sich selbst ebenso wie sein Tier\u00a0beobachten. Au\u00dferdem ben\u00f6tigt der Mensch ein artspezifisches\u00a0Grundwissen \u00fcber Verhalten und K\u00f6rpersprache\u00a0seines Tieres. Die Aussage &#8222;Ich bin mit Tieren aufgewachsen.&#8220; kann viel bedeuten und nichts. Eher im Gegenteil, denn fr\u00fcher betrachtete man Tiere h\u00e4ufig stark vereinfacht und teilweise falsch. Gerade in den letzten Jahren sind viele wichtige Erkenntnisse gewonnen worden, besonders bzgl. des Verhaltens von Hunden und Kaninchen.<\/p>\n","protected":false},"excerpt":{"rendered":"<p>Das Verhalten des Menschen beeinflusst das Verhalten des Tiers &nbsp; Haustiere, deren Vorfahren in der Natur im Sozialverband gelebt haben, brauchen Sozialpartner f\u00fcr ihr Wohlbefinden. Sie bilden Beziehungen untereinander, sie kommunizieren miteinander und es entstehen Bindungen zueinander. Sie reagieren auf das Verhalten ihrer Sozialpartner. Deshalb macht es kaum Sinn, ein Tier von einem Au\u00dfenstehenden ver\u00e4ndern [&hellip;]<\/p>\n","protected":false},"author":1,"featured_media":0,"parent":0,"menu_order":2,"comment_status":"closed","ping_status":"closed","template":"page-templates\/full-width-wide.php","meta":{"footnotes":""},"class_list":["post-31","page","type-page","status-publish","hentry"],"_links":{"self":[{"href":"https:\/\/mensch-tier-gemeinsam.de\/htdocs\/wp-json\/wp\/v2\/pages\/31","targetHints":{"allow":["GET"]}}],"collection":[{"href":"https:\/\/mensch-tier-gemeinsam.de\/htdocs\/wp-json\/wp\/v2\/pages"}],"about":[{"href":"https:\/\/mensch-tier-gemeinsam.de\/htdocs\/wp-json\/wp\/v2\/types\/page"}],"author":[{"embeddable":true,"href":"https:\/\/mensch-tier-gemeinsam.de\/htdocs\/wp-json\/wp\/v2\/users\/1"}],"replies":[{"embeddable":true,"href":"https:\/\/mensch-tier-gemeinsam.de\/htdocs\/wp-json\/wp\/v2\/comments?post=31"}],"version-history":[{"count":4,"href":"https:\/\/mensch-tier-gemeinsam.de\/htdocs\/wp-json\/wp\/v2\/pages\/31\/revisions"}],"predecessor-version":[{"id":187,"href":"https:\/\/mensch-tier-gemeinsam.de\/htdocs\/wp-json\/wp\/v2\/pages\/31\/revisions\/187"}],"wp:attachment":[{"href":"https:\/\/mensch-tier-gemeinsam.de\/htdocs\/wp-json\/wp\/v2\/media?parent=31"}],"curies":[{"name":"wp","href":"https:\/\/api.w.org\/{rel}","templated":true}]}}