{"id":3119,"date":"2021-08-26T20:34:07","date_gmt":"2021-08-26T20:34:07","guid":{"rendered":"https:\/\/mensch-tier-gemeinsam.de\/htdocs\/?page_id=3119"},"modified":"2021-08-28T20:14:49","modified_gmt":"2021-08-28T20:14:49","slug":"10-jahre-mensch-tier-gemeinsam","status":"publish","type":"page","link":"https:\/\/mensch-tier-gemeinsam.de\/htdocs\/ueber-uns\/10-jahre-mensch-tier-gemeinsam\/","title":{"rendered":"10 Jahre Mensch &#038; Tier gemeinsam"},"content":{"rendered":"\n<p>Im Fr\u00fchjahr 2011 machte ich mich selbst\u00e4ndig. Zum zehnj\u00e4hrigen Jubil\u00e4um habe ich eine Brosch\u00fcre \u00fcber die Entstehung, den Anfang und die Entwicklung meines Unternehmens erstellt. Drei Ausz\u00fcge aus der Brosch\u00fcre finden Sie unten. <\/p>\n\n\n\n<ul class=\"wp-block-list\"><li>Seitenanzahl: 60<\/li><li>Gr\u00f6\u00dfe: 24 cm hoch, 17 cm breit<\/li><li>Preis: 7 \u20ac (inkl. 19 % Umsatzsteuer)<\/li><li>Bestellung: Bei mir per e-Mail, WA, SMS oder telefonisch. <a href=\"https:\/\/mensch-tier-gemeinsam.de\/htdocs\/kontaktimpressum\/\">Kontakt<\/a><\/li><li>Bezug: Abholung oder Versand gegen zzgl. 2 \u20ac <\/li><\/ul>\n\n\n\n<p>Auszug 1:<\/p>\n\n\n\n<div data-wp-interactive=\"core\/file\" class=\"wp-block-file\"><object data-wp-bind--hidden=\"!state.hasPdfPreview\" hidden class=\"wp-block-file__embed\" data=\"https:\/\/mensch-tier-gemeinsam.de\/htdocs\/wp-content\/uploads\/2021\/08\/10jahre_broschuere_auszug_1-1.pdf\" type=\"application\/pdf\" style=\"width:100%;height:600px\" aria-label=\"Einbettung von Einbettung von 10jahre_broschuere_auszug_1..\"><\/object><a href=\"https:\/\/mensch-tier-gemeinsam.de\/htdocs\/wp-content\/uploads\/2021\/08\/10jahre_broschuere_auszug_1-1.pdf\">10jahre_broschuere_auszug_1<\/a><a href=\"https:\/\/mensch-tier-gemeinsam.de\/htdocs\/wp-content\/uploads\/2021\/08\/10jahre_broschuere_auszug_1-1.pdf\" class=\"wp-block-file__button\" download>Herunterladen<\/a><\/div>\n\n\n\n<p><\/p>\n\n\n\n<p>Auszug 2:<\/p>\n\n\n\n<div data-wp-interactive=\"core\/file\" class=\"wp-block-file\"><object data-wp-bind--hidden=\"!state.hasPdfPreview\" hidden class=\"wp-block-file__embed\" data=\"https:\/\/mensch-tier-gemeinsam.de\/htdocs\/wp-content\/uploads\/2021\/08\/10jahre_broschuere_auszug_2-1.pdf\" type=\"application\/pdf\" style=\"width:100%;height:600px\" aria-label=\"Einbettung von Einbettung von 10jahre_broschuere_auszug_2..\"><\/object><a href=\"https:\/\/mensch-tier-gemeinsam.de\/htdocs\/wp-content\/uploads\/2021\/08\/10jahre_broschuere_auszug_2-1.pdf\">10jahre_broschuere_auszug_2<\/a><a href=\"https:\/\/mensch-tier-gemeinsam.de\/htdocs\/wp-content\/uploads\/2021\/08\/10jahre_broschuere_auszug_2-1.pdf\" class=\"wp-block-file__button\" download>Herunterladen<\/a><\/div>\n\n\n\n<p><\/p>\n\n\n\n<p>Auszug 3:<\/p>\n\n\n\n<div data-wp-interactive=\"core\/file\" class=\"wp-block-file\"><object data-wp-bind--hidden=\"!state.hasPdfPreview\" hidden class=\"wp-block-file__embed\" data=\"https:\/\/mensch-tier-gemeinsam.de\/htdocs\/wp-content\/uploads\/2021\/08\/10jahre_broschuere_auszug_3-1.pdf\" type=\"application\/pdf\" style=\"width:100%;height:600px\" aria-label=\"Einbettung von Einbettung von 10jahre_broschuere_auszug_3..\"><\/object><a href=\"https:\/\/mensch-tier-gemeinsam.de\/htdocs\/wp-content\/uploads\/2021\/08\/10jahre_broschuere_auszug_3-1.pdf\">10jahre_broschuere_auszug_3<\/a><a href=\"https:\/\/mensch-tier-gemeinsam.de\/htdocs\/wp-content\/uploads\/2021\/08\/10jahre_broschuere_auszug_3-1.pdf\" class=\"wp-block-file__button\" download>Herunterladen<\/a><\/div>\n\n\n\n<p><\/p>\n","protected":false},"excerpt":{"rendered":"<p>Im Fr\u00fchjahr 2011 machte ich mich selbst\u00e4ndig. Zum zehnj\u00e4hrigen Jubil\u00e4um habe ich eine Brosch\u00fcre \u00fcber die Entstehung, den Anfang und die Entwicklung meines Unternehmens erstellt. Drei Ausz\u00fcge aus der Brosch\u00fcre finden Sie unten. Seitenanzahl: 60 Gr\u00f6\u00dfe: 24 cm hoch, 17 cm breit Preis: 7 \u20ac (inkl. 19 % Umsatzsteuer) Bestellung: Bei mir per e-Mail, WA, [&hellip;]<\/p>\n","protected":false},"author":1,"featured_media":0,"parent":8,"menu_order":10,"comment_status":"closed","ping_status":"closed","template":"","meta":{"footnotes":""},"class_list":["post-3119","page","type-page","status-publish","hentry"],"_links":{"self":[{"href":"https:\/\/mensch-tier-gemeinsam.de\/htdocs\/wp-json\/wp\/v2\/pages\/3119","targetHints":{"allow":["GET"]}}],"collection":[{"href":"https:\/\/mensch-tier-gemeinsam.de\/htdocs\/wp-json\/wp\/v2\/pages"}],"about":[{"href":"https:\/\/mensch-tier-gemeinsam.de\/htdocs\/wp-json\/wp\/v2\/types\/page"}],"author":[{"embeddable":true,"href":"https:\/\/mensch-tier-gemeinsam.de\/htdocs\/wp-json\/wp\/v2\/users\/1"}],"replies":[{"embeddable":true,"href":"https:\/\/mensch-tier-gemeinsam.de\/htdocs\/wp-json\/wp\/v2\/comments?post=3119"}],"version-history":[{"count":29,"href":"https:\/\/mensch-tier-gemeinsam.de\/htdocs\/wp-json\/wp\/v2\/pages\/3119\/revisions"}],"predecessor-version":[{"id":3176,"href":"https:\/\/mensch-tier-gemeinsam.de\/htdocs\/wp-json\/wp\/v2\/pages\/3119\/revisions\/3176"}],"up":[{"embeddable":true,"href":"https:\/\/mensch-tier-gemeinsam.de\/htdocs\/wp-json\/wp\/v2\/pages\/8"}],"wp:attachment":[{"href":"https:\/\/mensch-tier-gemeinsam.de\/htdocs\/wp-json\/wp\/v2\/media?parent=3119"}],"curies":[{"name":"wp","href":"https:\/\/api.w.org\/{rel}","templated":true}]}}