{"id":33,"date":"2015-03-18T23:10:08","date_gmt":"2015-03-18T23:10:08","guid":{"rendered":"http:\/\/mensch-tier-gemeinsam.de\/htdocs\/?page_id=33"},"modified":"2015-03-25T12:49:00","modified_gmt":"2015-03-25T12:49:00","slug":"kommunikation-persoenlichkeitsentwicklung","status":"publish","type":"page","link":"https:\/\/mensch-tier-gemeinsam.de\/htdocs\/kommunikation-persoenlichkeitsentwicklung\/","title":{"rendered":"Kommunik., Pers\u00f6nlichkeitsentw."},"content":{"rendered":"<h1>Angebote zur<\/h1>\n<h1>Unterst\u00fctzung einer pers\u00f6nlichen Entwicklung und<\/h1>\n<h1>Verbesserung der Kommunikation<\/h1>\n<p>&nbsp;<\/p>\n<p>Die Begriffe Kommunikation und Verst\u00e4ndigung beziehen sich hier \u00fcberwiegend auf die K\u00f6rpersprache oder gleicherma\u00dfen auf K\u00f6rpersprache und Sprache mittels Worten.<\/p>\n<ul>\n<li><a class=\" link\" title=\"Veranstaltungen zur Kommunikation\u2026\" href=\"http:\/\/mensch-tier-gemeinsam.de\/htdocs\/?page_id=80\">Veranstaltungen<\/a><\/li>\n<li><a class=\" link\" title=\"Coaching\" href=\"http:\/\/mensch-tier-gemeinsam.de\/htdocs\/?page_id=100\">Coaching<\/a>\u00a0f\u00fcr\n<ul>\n<li>Berufst\u00e4tige<\/li>\n<li>Eltern<\/li>\n<li>Tierhalter<\/li>\n<\/ul>\n<\/li>\n<li><a class=\" link\" title=\"Therapie Unterst\u00fctzend\" href=\"http:\/\/mensch-tier-gemeinsam.de\/htdocs\/?page_id=108\">Therapie-unterst\u00fctzende Ma\u00dfnahmen mit Tieren<\/a><\/li>\n<li><a class=\" link\" title=\"Angst vor Hunden (Tieren)\" href=\"http:\/\/mensch-tier-gemeinsam.de\/htdocs\/?page_id=110\">Angst vor Hunden (Tieren)<\/a>\n<ul>\n<li>zu Hause<\/li>\n<li>intensiv und entspannt im Urlaub<\/li>\n<\/ul>\n<\/li>\n<\/ul>\n<p>Wenn Menschen sich weiterentwickeln m\u00f6chten, ist eine Grundlage daf\u00fcr, dass ihnen ihre derzeitigen Verhaltensweisen und Gef\u00fchle bewusst sind. Erst dann wissen sie, was sie ver\u00e4ndern m\u00f6chten und was nicht. Hierf\u00fcr und\u00a0f\u00fcr den n\u00e4chsten\u00a0Schritt, das Ausprobieren neuer Verhaltensweisen, sind Tiere wertvolle Assistenten. Tier spiegeln die k\u00f6rpersprachlichen Aussagen, die Wirkung der Stimme und die Gef\u00fchlslage wesentlich deutlicher als Menschen, die sich im allgemeinen auf W\u00f6rter konzentrieren. Zudem genie\u00dfen Tiere bei vielen Menschen eine wesentlich h\u00f6here Glaubw\u00fcrdigkeit als ein anderer Mensch. Im Einzelfall kann es\u00a0ohne Tiere\u00a0sinnvoll sein. Meistens ist\u00a0die\u00a0Beratung, das Coaching\u00a0mit Tieren\u00a0effektiver.<\/p>\n","protected":false},"excerpt":{"rendered":"<p>Angebote zur Unterst\u00fctzung einer pers\u00f6nlichen Entwicklung und Verbesserung der Kommunikation &nbsp; Die Begriffe Kommunikation und Verst\u00e4ndigung beziehen sich hier \u00fcberwiegend auf die K\u00f6rpersprache oder gleicherma\u00dfen auf K\u00f6rpersprache und Sprache mittels Worten. Veranstaltungen Coaching\u00a0f\u00fcr Berufst\u00e4tige Eltern Tierhalter Therapie-unterst\u00fctzende Ma\u00dfnahmen mit Tieren Angst vor Hunden (Tieren) zu Hause intensiv und entspannt im Urlaub Wenn Menschen sich weiterentwickeln [&hellip;]<\/p>\n","protected":false},"author":1,"featured_media":0,"parent":0,"menu_order":3,"comment_status":"closed","ping_status":"closed","template":"","meta":{"footnotes":""},"class_list":["post-33","page","type-page","status-publish","hentry"],"_links":{"self":[{"href":"https:\/\/mensch-tier-gemeinsam.de\/htdocs\/wp-json\/wp\/v2\/pages\/33","targetHints":{"allow":["GET"]}}],"collection":[{"href":"https:\/\/mensch-tier-gemeinsam.de\/htdocs\/wp-json\/wp\/v2\/pages"}],"about":[{"href":"https:\/\/mensch-tier-gemeinsam.de\/htdocs\/wp-json\/wp\/v2\/types\/page"}],"author":[{"embeddable":true,"href":"https:\/\/mensch-tier-gemeinsam.de\/htdocs\/wp-json\/wp\/v2\/users\/1"}],"replies":[{"embeddable":true,"href":"https:\/\/mensch-tier-gemeinsam.de\/htdocs\/wp-json\/wp\/v2\/comments?post=33"}],"version-history":[{"count":5,"href":"https:\/\/mensch-tier-gemeinsam.de\/htdocs\/wp-json\/wp\/v2\/pages\/33\/revisions"}],"predecessor-version":[{"id":368,"href":"https:\/\/mensch-tier-gemeinsam.de\/htdocs\/wp-json\/wp\/v2\/pages\/33\/revisions\/368"}],"wp:attachment":[{"href":"https:\/\/mensch-tier-gemeinsam.de\/htdocs\/wp-json\/wp\/v2\/media?parent=33"}],"curies":[{"name":"wp","href":"https:\/\/api.w.org\/{rel}","templated":true}]}}