{"id":3333,"date":"2022-01-15T19:15:27","date_gmt":"2022-01-15T19:15:27","guid":{"rendered":"https:\/\/mensch-tier-gemeinsam.de\/htdocs\/?page_id=3333"},"modified":"2022-10-15T20:58:52","modified_gmt":"2022-10-15T20:58:52","slug":"die-vier-entwicklung","status":"publish","type":"page","link":"https:\/\/mensch-tier-gemeinsam.de\/htdocs\/ueber-uns\/die-vier\/die-vier-entwicklung\/","title":{"rendered":"DIE VIER: Entwicklung bis 01\/2022"},"content":{"rendered":"\n<p><strong>Anfang Dezember 2021<\/strong>: Zur Zeit (knapp vier Wochen hier) kommen nachts alle VIER regelm\u00e4\u00dfig aus ihren sicheren Unterk\u00fcnften raus. Zwischen 22 und 24 Uhr h\u00f6re ich oft Tobe-Ger\u00e4usche. Um Mitternacht mache ich meistens die gr\u00f6\u00dften Fortschritte mit den VIERen. Bei Tageslicht agieren Moby und Fenya schon ziemlich h\u00e4ufig mit mir, allerdings zur\u00fcckhaltender als nachts. Jeannot kommt nun auch manchmal tags\u00fcber so weit vor, dass er mich beobachten kann. Wenn weder die Nachbarn noch ich irgendwelche Ger\u00e4usche machen, kommen Jeannot und Rika tags\u00fcber raus. Fenya und Moby kommen h\u00e4ufig raus und vor, langweilen sich sogar manchmal schon und freuen sich \u00fcber neue Erlebnisse. Nach jedem Erlebnis nehmen sie sich viel Zeit zum Abspeichern. Um Mitternacht ist es am sch\u00f6nsten. Alle Nachbarn schlafen, Stille. Wenn ich eine Aktivit\u00e4t von mir oder eine neue Fl\u00e4che anbiete, verhalten sich Fenya und Moby unterschiedlich: mal reagieren sie, mal beobachten sie. Jeannot und Rika wechseln zwischen Beobachten und Abspeichern. Die Konzentrationsdauer liegt zur Zeit bei zehn bis zwanzig Minuten. W\u00e4hrend ich pr\u00fcfend und sch\u00fctzend die Grenzen abschreite oder Dinge verr\u00e4ume oder mich hinsetze und Selbstgespr\u00e4che f\u00fchre, haben DIE VIER den Dokumentar-Sender eingeschaltet und sehen sich die Knoop-L\u00fcbke-Serie an.<\/p>\n\n\n\n<p><strong>Ende Dezember 2021<\/strong>: Von Beginn an habe ich mit einer Wildkamera gelieb\u00e4ugelt. Als ich fr\u00fcher eine Zeit lang beim Auto Fahren ein Navigationsger\u00e4t benutzt hatte, begab sich mein Orientierungssinn ins Koma. Mit den VIERen sollte mir nicht das gleiche passieren. Mein intuitives Gesp\u00fcr und das Vertrauen in meine Wahrnehmung durch H\u00f6ren, Riechen und Beobachten der anderen Tiere wollte ich unbedingt behalten. Als ich Rika einige Tage nicht gesehen hatte, \u00fcberpr\u00fcfte ich sicherheitshalber, indem ich mich auf einen &#8222;geheimen Beobachtungsplatz&#8220; setzte, ob mein klares inneres Bild zutraf. Tats\u00e4chlich, Rika verhielt sich genauso, wie ich es die Tage \u00fcber vermutet hatte. Rika ist Nachz\u00fcglerin und zeigt sich mir kaum, bewegte sich aber routiniert und vertraut, als ich DIE VIER auf dem Grundst\u00fcck laufen lie\u00df. So, wie ich es vermutet hatte aufgrund von Kothaufen, Verhalten der anderen drei, Geruch aus der H\u00fctte etc. An diesem Abend habe ich mir erlaubt, eine Wildkamera zu kaufen und ab und zu, zus\u00e4tzlich zu meinem Gesp\u00fcr, zu benutzen. Hier sind die ersten halbwegs brauchbaren Fotos aus der Wildkamera.  <\/p>\n\n\n<div class=\"wp-block-image\">\n<figure class=\"alignleft size-full is-resized\"><a href=\"http:\/\/mensch-tier-gemeinsam.de\/htdocs\/wp-content\/uploads\/2022\/01\/jeannot2.jpg\"><img loading=\"lazy\" decoding=\"async\" src=\"http:\/\/mensch-tier-gemeinsam.de\/htdocs\/wp-content\/uploads\/2022\/01\/jeannot2.jpg\" alt=\"\" class=\"wp-image-3345\" width=\"278\" height=\"493\"\/><\/a><figcaption> Wildkamera: Jeannot auf dem R\u00fcckweg von der Hoferkundung in den Auslauf der VIER.  <\/figcaption><\/figure>\n<\/div>\n\n<div class=\"wp-block-image\">\n<figure class=\"alignleft size-full is-resized\"><a href=\"http:\/\/mensch-tier-gemeinsam.de\/htdocs\/wp-content\/uploads\/2022\/01\/fenya1.jpg\"><img loading=\"lazy\" decoding=\"async\" src=\"http:\/\/mensch-tier-gemeinsam.de\/htdocs\/wp-content\/uploads\/2022\/01\/fenya1.jpg\" alt=\"\" class=\"wp-image-3344\" width=\"340\" height=\"493\"\/><\/a><figcaption>Wildkamera: Fenya auf dem R\u00fcckweg von der Hoferkundung in den Auslauf der VIER.<br><br><\/figcaption><\/figure>\n<\/div>\n\n<div class=\"wp-block-image\">\n<figure class=\"alignleft size-full\"><a href=\"http:\/\/mensch-tier-gemeinsam.de\/htdocs\/wp-content\/uploads\/2022\/01\/moby.jpg\"><img loading=\"lazy\" decoding=\"async\" width=\"701\" height=\"529\" src=\"http:\/\/mensch-tier-gemeinsam.de\/htdocs\/wp-content\/uploads\/2022\/01\/moby.jpg\" alt=\"\" class=\"wp-image-3346\" srcset=\"https:\/\/mensch-tier-gemeinsam.de\/htdocs\/wp-content\/uploads\/2022\/01\/moby.jpg 701w, https:\/\/mensch-tier-gemeinsam.de\/htdocs\/wp-content\/uploads\/2022\/01\/moby-300x226.jpg 300w, https:\/\/mensch-tier-gemeinsam.de\/htdocs\/wp-content\/uploads\/2022\/01\/moby-624x471.jpg 624w\" sizes=\"auto, (max-width: 701px) 100vw, 701px\" \/><\/a><figcaption>DIE VIER gehen kurz erkunden, versichern sich, ob der R\u00fcckweg zum sicheren Ort frei ist, gehen wieder erkunden usw. Meistens geht Fenya als erste und Moby direkt hinter ihr. Wildkamera: Hier l\u00e4uft Moby sehr schnell Richtung hintere Freilauffl\u00e4chen. Anscheinend hat er &#8222;verschlafen&#8220;, dass Fenya bereits wieder auf Erkundungstour ist. <\/figcaption><\/figure>\n<\/div>\n\n\n<figure class=\"wp-block-image size-large is-resized\"><a href=\"http:\/\/mensch-tier-gemeinsam.de\/htdocs\/wp-content\/uploads\/2022\/01\/rika_.jpg\"><img loading=\"lazy\" decoding=\"async\" src=\"http:\/\/mensch-tier-gemeinsam.de\/htdocs\/wp-content\/uploads\/2022\/01\/rika_-1024x606.jpg\" alt=\"\" class=\"wp-image-3347\" width=\"644\" height=\"381\" srcset=\"https:\/\/mensch-tier-gemeinsam.de\/htdocs\/wp-content\/uploads\/2022\/01\/rika_-1024x606.jpg 1024w, https:\/\/mensch-tier-gemeinsam.de\/htdocs\/wp-content\/uploads\/2022\/01\/rika_-300x178.jpg 300w, https:\/\/mensch-tier-gemeinsam.de\/htdocs\/wp-content\/uploads\/2022\/01\/rika_-768x454.jpg 768w, https:\/\/mensch-tier-gemeinsam.de\/htdocs\/wp-content\/uploads\/2022\/01\/rika_-1536x909.jpg 1536w, https:\/\/mensch-tier-gemeinsam.de\/htdocs\/wp-content\/uploads\/2022\/01\/rika_-624x369.jpg 624w, https:\/\/mensch-tier-gemeinsam.de\/htdocs\/wp-content\/uploads\/2022\/01\/rika_.jpg 1543w\" sizes=\"auto, (max-width: 644px) 100vw, 644px\" \/><\/a><figcaption>Auch mit der Wildkamera ist es auf meinem gro\u00dfen Grundst\u00fcck nicht so einfach, brauchbare Fotos von Rika  zu bekommen. Rika besch\u00e4ftigt und vergn\u00fcgt sich regelm\u00e4\u00dfig. Nur nicht auf die f\u00fcr Menschen sichtbare Art. Dieses wildtier\u00e4hnliche Verhalten ist genau das, was ich mir von den VIERen erhofft hatte. Die Nat\u00fcrlichkeit beschert mir besonders tiefe Wohlgef\u00fchle. \u00dcbrigens: Die Temperatur wird von der Kamera nicht richtig erfasst, doch die Uhrzeit ist korrekt. Nachts haben wir die sch\u00f6nsten gemeinsamen Erlebnisse. Zur Orientierung: Rechts weit ab vom Bild sind Auslauf und Stall, links weit ab vom Bild sitze ich, sichere nach au\u00dfen ab und genie\u00dfe die Ger\u00e4usche. Fenya,  Jeannot und Moby halten sich auch auf dieser Teilfl\u00e4che auf.<\/figcaption><\/figure>\n\n\n\n<p><strong>Anfang Januar 2022<\/strong>: Mit der Wildkamera sind mir Fotos gegl\u00fcckt, deren Aussage f\u00fcr mich begl\u00fcckend ist. Mein Grundst\u00fcck ist mehrfach unterteilt. Die Teilfl\u00e4chen sind durch Z\u00e4une und Tore voneinander getrennt. Stall und Auslauf stehen den VIERen st\u00e4ndig zur Verf\u00fcgung. Auf die anderen Fl\u00e4chen gelangen DIE VIER nur, wenn ich sie dort hinf\u00fchre. Auf den folgenden Fotos sehen Sie die Mittelfl\u00e4che meines Grundst\u00fccks. Die finden DIE VIER gut, aber von der hinteren Fl\u00e4che sind sie begeistert. Ich gehe vor zum Tor, \u00f6ffne das Tor, bleibe im Durchgang stehen, \u00fcberpr\u00fcfe die hintere Fl\u00e4che auf Feinde und Gefahren. Fenya beobachtet mich dabei genau. Dann zeige ich, dass alles sicher ist und gehe nach rechts. Innerhalb von 48 Sekunden folgen mir nacheinander Fenya, Moby, Jeannot und Rika. Wunderbares Rudelleben.   <\/p>\n\n\n\n<figure class=\"wp-block-image size-large\"><a href=\"http:\/\/mensch-tier-gemeinsam.de\/htdocs\/wp-content\/uploads\/2022\/01\/nacht_nachhinten_1_fenya-wartet_-1.jpg\"><img loading=\"lazy\" decoding=\"async\" width=\"1024\" height=\"588\" src=\"http:\/\/mensch-tier-gemeinsam.de\/htdocs\/wp-content\/uploads\/2022\/01\/nacht_nachhinten_1_fenya-wartet_-1-1024x588.jpg\" alt=\"\" class=\"wp-image-3394\" srcset=\"https:\/\/mensch-tier-gemeinsam.de\/htdocs\/wp-content\/uploads\/2022\/01\/nacht_nachhinten_1_fenya-wartet_-1-1024x588.jpg 1024w, https:\/\/mensch-tier-gemeinsam.de\/htdocs\/wp-content\/uploads\/2022\/01\/nacht_nachhinten_1_fenya-wartet_-1-300x172.jpg 300w, https:\/\/mensch-tier-gemeinsam.de\/htdocs\/wp-content\/uploads\/2022\/01\/nacht_nachhinten_1_fenya-wartet_-1-768x441.jpg 768w, https:\/\/mensch-tier-gemeinsam.de\/htdocs\/wp-content\/uploads\/2022\/01\/nacht_nachhinten_1_fenya-wartet_-1-624x358.jpg 624w, https:\/\/mensch-tier-gemeinsam.de\/htdocs\/wp-content\/uploads\/2022\/01\/nacht_nachhinten_1_fenya-wartet_-1.jpg 1485w\" sizes=\"auto, (max-width: 1024px) 100vw, 1024px\" \/><\/a><figcaption>Als verantwortungsbewusste Rudelf\u00fchrerin \u00fcberpr\u00fcfe ich die n\u00e4chste Fl\u00e4che. Fenya beobachtet mich dabei. <\/figcaption><\/figure>\n\n\n\n<figure class=\"wp-block-image size-large\"><a href=\"http:\/\/mensch-tier-gemeinsam.de\/htdocs\/wp-content\/uploads\/2022\/01\/nacht_nachhinten_2_fenya_.jpg\"><img loading=\"lazy\" decoding=\"async\" width=\"1024\" height=\"583\" src=\"http:\/\/mensch-tier-gemeinsam.de\/htdocs\/wp-content\/uploads\/2022\/01\/nacht_nachhinten_2_fenya_-1024x583.jpg\" alt=\"\" class=\"wp-image-3395\" srcset=\"https:\/\/mensch-tier-gemeinsam.de\/htdocs\/wp-content\/uploads\/2022\/01\/nacht_nachhinten_2_fenya_-1024x583.jpg 1024w, https:\/\/mensch-tier-gemeinsam.de\/htdocs\/wp-content\/uploads\/2022\/01\/nacht_nachhinten_2_fenya_-300x171.jpg 300w, https:\/\/mensch-tier-gemeinsam.de\/htdocs\/wp-content\/uploads\/2022\/01\/nacht_nachhinten_2_fenya_-768x437.jpg 768w, https:\/\/mensch-tier-gemeinsam.de\/htdocs\/wp-content\/uploads\/2022\/01\/nacht_nachhinten_2_fenya_-624x355.jpg 624w, https:\/\/mensch-tier-gemeinsam.de\/htdocs\/wp-content\/uploads\/2022\/01\/nacht_nachhinten_2_fenya_.jpg 1518w\" sizes=\"auto, (max-width: 1024px) 100vw, 1024px\" \/><\/a><figcaption>Das Ergebnis meiner \u00dcberpr\u00fcfung: alles sicher. Ich gehe hinterm Zaun nach rechts. Fenya sprintet los. <\/figcaption><\/figure>\n\n\n\n<figure class=\"wp-block-image size-large\"><a href=\"http:\/\/mensch-tier-gemeinsam.de\/htdocs\/wp-content\/uploads\/2022\/01\/nacht_nachhinten_3_moby_.jpg\"><img loading=\"lazy\" decoding=\"async\" width=\"1024\" height=\"587\" src=\"http:\/\/mensch-tier-gemeinsam.de\/htdocs\/wp-content\/uploads\/2022\/01\/nacht_nachhinten_3_moby_-1024x587.jpg\" alt=\"\" class=\"wp-image-3396\" srcset=\"https:\/\/mensch-tier-gemeinsam.de\/htdocs\/wp-content\/uploads\/2022\/01\/nacht_nachhinten_3_moby_-1024x587.jpg 1024w, https:\/\/mensch-tier-gemeinsam.de\/htdocs\/wp-content\/uploads\/2022\/01\/nacht_nachhinten_3_moby_-300x172.jpg 300w, https:\/\/mensch-tier-gemeinsam.de\/htdocs\/wp-content\/uploads\/2022\/01\/nacht_nachhinten_3_moby_-768x440.jpg 768w, https:\/\/mensch-tier-gemeinsam.de\/htdocs\/wp-content\/uploads\/2022\/01\/nacht_nachhinten_3_moby_-624x358.jpg 624w, https:\/\/mensch-tier-gemeinsam.de\/htdocs\/wp-content\/uploads\/2022\/01\/nacht_nachhinten_3_moby_.jpg 1512w\" sizes=\"auto, (max-width: 1024px) 100vw, 1024px\" \/><\/a><figcaption>Rechts hinter der Palette bin ich noch zu sehen, Fenya ist schon au\u00dferhalb des Kamera-Bereichs. Moby folgt mir und Fenya.<\/figcaption><\/figure>\n\n\n\n<figure class=\"wp-block-image size-large\"><a href=\"http:\/\/mensch-tier-gemeinsam.de\/htdocs\/wp-content\/uploads\/2022\/01\/nacht_nachhinten_4_jeannot_.jpg\"><img loading=\"lazy\" decoding=\"async\" width=\"1024\" height=\"581\" src=\"http:\/\/mensch-tier-gemeinsam.de\/htdocs\/wp-content\/uploads\/2022\/01\/nacht_nachhinten_4_jeannot_-1024x581.jpg\" alt=\"\" class=\"wp-image-3397\" srcset=\"https:\/\/mensch-tier-gemeinsam.de\/htdocs\/wp-content\/uploads\/2022\/01\/nacht_nachhinten_4_jeannot_-1024x581.jpg 1024w, https:\/\/mensch-tier-gemeinsam.de\/htdocs\/wp-content\/uploads\/2022\/01\/nacht_nachhinten_4_jeannot_-300x170.jpg 300w, https:\/\/mensch-tier-gemeinsam.de\/htdocs\/wp-content\/uploads\/2022\/01\/nacht_nachhinten_4_jeannot_-768x436.jpg 768w, https:\/\/mensch-tier-gemeinsam.de\/htdocs\/wp-content\/uploads\/2022\/01\/nacht_nachhinten_4_jeannot_-624x354.jpg 624w, https:\/\/mensch-tier-gemeinsam.de\/htdocs\/wp-content\/uploads\/2022\/01\/nacht_nachhinten_4_jeannot_.jpg 1521w\" sizes=\"auto, (max-width: 1024px) 100vw, 1024px\" \/><\/a><figcaption>Jeannot hat noch ein bisschen gewartet. Sicher ist sicher. Er ist vorsichtig. Deshalb l\u00e4uft er nicht mittig \u00fcber diese Fl\u00e4che. Am Rand (rechts) f\u00fchlt er sich sicherer. <\/figcaption><\/figure>\n\n\n\n<figure class=\"wp-block-image size-large\"><a href=\"http:\/\/mensch-tier-gemeinsam.de\/htdocs\/wp-content\/uploads\/2022\/01\/nacht_nachhinten_5_rika_.jpg\"><img loading=\"lazy\" decoding=\"async\" width=\"1024\" height=\"573\" src=\"http:\/\/mensch-tier-gemeinsam.de\/htdocs\/wp-content\/uploads\/2022\/01\/nacht_nachhinten_5_rika_-1024x573.jpg\" alt=\"\" class=\"wp-image-3398\" srcset=\"https:\/\/mensch-tier-gemeinsam.de\/htdocs\/wp-content\/uploads\/2022\/01\/nacht_nachhinten_5_rika_-1024x573.jpg 1024w, https:\/\/mensch-tier-gemeinsam.de\/htdocs\/wp-content\/uploads\/2022\/01\/nacht_nachhinten_5_rika_-300x168.jpg 300w, https:\/\/mensch-tier-gemeinsam.de\/htdocs\/wp-content\/uploads\/2022\/01\/nacht_nachhinten_5_rika_-768x430.jpg 768w, https:\/\/mensch-tier-gemeinsam.de\/htdocs\/wp-content\/uploads\/2022\/01\/nacht_nachhinten_5_rika_-624x349.jpg 624w, https:\/\/mensch-tier-gemeinsam.de\/htdocs\/wp-content\/uploads\/2022\/01\/nacht_nachhinten_5_rika_.jpg 1533w\" sizes=\"auto, (max-width: 1024px) 100vw, 1024px\" \/><\/a><figcaption>Kurz nach Jeannot folgt Rika. Die drei hellbraunen Hunde sind hier optisch nicht wirklich unterscheidbar. Die Kamera hat Videos aufgenommen, aus denen ich Fotos herausgeschnitten habe. Auf den Videos kann ich die hellbraunen unterscheiden: Moby ist etwas klobiger gebaut. Fenya hat ein Ringelschw\u00e4nzchen. Rika hat die gr\u00f6\u00dften Flatterohren. Und jeder hat seine eigene Bewegungsart. Bei Menschen gibt es die passende Redewendung, dass man seine Schweine am Gang erkennt.  <\/figcaption><\/figure>\n\n\n\n<p><strong>10.01.2022<\/strong>: Ein besonderer Durchbruch! Eine Premiere! Ein Ereignis, dass mir den Alltag leichter machen wird! Von der Vergesellschaftung mit Daisy, der Krawall-Trulla, bin ich noch weit entfernt. Doch nach einigen Vorarbeiten durch den Zaun und eine Vor\u00fcbung mit einer einzelnen Henne, traue ich mich, mein Gefl\u00fcgel und DIE VIER zusammen zu lassen. Au\u00dferdem ertragen DIE VIER es schon manchmal, wenn ich mit dem Handy filme. An der Vergesellschaftung mit dem Gefl\u00fcgel muss ich nat\u00fcrlich noch arbeiten. Aber der Anfang ist gemacht!<\/p>\n\n\n\n<figure class=\"wp-block-image size-large\"><a href=\"http:\/\/mensch-tier-gemeinsam.de\/htdocs\/wp-content\/uploads\/2022\/01\/gefluegel_jeannot__-1.jpg\"><img loading=\"lazy\" decoding=\"async\" width=\"1024\" height=\"502\" src=\"http:\/\/mensch-tier-gemeinsam.de\/htdocs\/wp-content\/uploads\/2022\/01\/gefluegel_jeannot__-1-1024x502.jpg\" alt=\"\" class=\"wp-image-3420\" srcset=\"https:\/\/mensch-tier-gemeinsam.de\/htdocs\/wp-content\/uploads\/2022\/01\/gefluegel_jeannot__-1-1024x502.jpg 1024w, https:\/\/mensch-tier-gemeinsam.de\/htdocs\/wp-content\/uploads\/2022\/01\/gefluegel_jeannot__-1-300x147.jpg 300w, https:\/\/mensch-tier-gemeinsam.de\/htdocs\/wp-content\/uploads\/2022\/01\/gefluegel_jeannot__-1-768x377.jpg 768w, https:\/\/mensch-tier-gemeinsam.de\/htdocs\/wp-content\/uploads\/2022\/01\/gefluegel_jeannot__-1-624x306.jpg 624w, https:\/\/mensch-tier-gemeinsam.de\/htdocs\/wp-content\/uploads\/2022\/01\/gefluegel_jeannot__-1.jpg 1478w\" sizes=\"auto, (max-width: 1024px) 100vw, 1024px\" \/><\/a><figcaption>Meine H\u00fchner und Enten, auch mein Hahn Claude sind damit besch\u00e4ftigt Futter zu suchen. Ein gutes Zeichen. Es bedeutet, dass sie die Hunde als harmlos einsch\u00e4tzen. Jeannot l\u00e4uft hinterm Gefl\u00fcgel von rechts nach links. Wenn man sich nicht sicher ist, was die Raubtiere vorhaben, braucht man nur die Beutetiere zu beobachten. <\/figcaption><\/figure>\n\n\n\n<figure class=\"wp-block-image size-large\"><a href=\"http:\/\/mensch-tier-gemeinsam.de\/htdocs\/wp-content\/uploads\/2022\/01\/gefluegel_fenya_moby__.jpg\"><img loading=\"lazy\" decoding=\"async\" width=\"1024\" height=\"528\" src=\"http:\/\/mensch-tier-gemeinsam.de\/htdocs\/wp-content\/uploads\/2022\/01\/gefluegel_fenya_moby__-1024x528.jpg\" alt=\"\" class=\"wp-image-3421\" srcset=\"https:\/\/mensch-tier-gemeinsam.de\/htdocs\/wp-content\/uploads\/2022\/01\/gefluegel_fenya_moby__-1024x528.jpg 1024w, https:\/\/mensch-tier-gemeinsam.de\/htdocs\/wp-content\/uploads\/2022\/01\/gefluegel_fenya_moby__-300x155.jpg 300w, https:\/\/mensch-tier-gemeinsam.de\/htdocs\/wp-content\/uploads\/2022\/01\/gefluegel_fenya_moby__-768x396.jpg 768w, https:\/\/mensch-tier-gemeinsam.de\/htdocs\/wp-content\/uploads\/2022\/01\/gefluegel_fenya_moby__-1536x793.jpg 1536w, https:\/\/mensch-tier-gemeinsam.de\/htdocs\/wp-content\/uploads\/2022\/01\/gefluegel_fenya_moby__-624x322.jpg 624w, https:\/\/mensch-tier-gemeinsam.de\/htdocs\/wp-content\/uploads\/2022\/01\/gefluegel_fenya_moby__.jpg 1560w\" sizes=\"auto, (max-width: 1024px) 100vw, 1024px\" \/><\/a><figcaption>Kurz nachdem Jeannot vorbeigelaufen ist, hat ein Greifvogel seine Kreise gezogen. Deshalb ist das Gefl\u00fcgel aufrecht und wachsam. Hinten laufen Fenya (links) und Moby (rechts) vorbei. Das Gefl\u00fcgel kehrt ihnen den R\u00fccken, wieder ein Harmlosigkeitsbeweis. Ich sitze auf einem Stuhl mit dem Handy in der Hand und platze fast vor Gl\u00fcck. <\/figcaption><\/figure>\n\n\n\n<p><\/p>\n","protected":false},"excerpt":{"rendered":"<p>Anfang Dezember 2021: Zur Zeit (knapp vier Wochen hier) kommen nachts alle VIER regelm\u00e4\u00dfig aus ihren sicheren Unterk\u00fcnften raus. Zwischen 22 und 24 Uhr h\u00f6re ich oft Tobe-Ger\u00e4usche. Um Mitternacht mache ich meistens die gr\u00f6\u00dften Fortschritte mit den VIERen. Bei Tageslicht agieren Moby und Fenya schon ziemlich h\u00e4ufig mit mir, allerdings zur\u00fcckhaltender als nachts. Jeannot [&hellip;]<\/p>\n","protected":false},"author":1,"featured_media":0,"parent":3331,"menu_order":2,"comment_status":"closed","ping_status":"closed","template":"","meta":{"footnotes":""},"class_list":["post-3333","page","type-page","status-publish","hentry"],"_links":{"self":[{"href":"https:\/\/mensch-tier-gemeinsam.de\/htdocs\/wp-json\/wp\/v2\/pages\/3333","targetHints":{"allow":["GET"]}}],"collection":[{"href":"https:\/\/mensch-tier-gemeinsam.de\/htdocs\/wp-json\/wp\/v2\/pages"}],"about":[{"href":"https:\/\/mensch-tier-gemeinsam.de\/htdocs\/wp-json\/wp\/v2\/types\/page"}],"author":[{"embeddable":true,"href":"https:\/\/mensch-tier-gemeinsam.de\/htdocs\/wp-json\/wp\/v2\/users\/1"}],"replies":[{"embeddable":true,"href":"https:\/\/mensch-tier-gemeinsam.de\/htdocs\/wp-json\/wp\/v2\/comments?post=3333"}],"version-history":[{"count":51,"href":"https:\/\/mensch-tier-gemeinsam.de\/htdocs\/wp-json\/wp\/v2\/pages\/3333\/revisions"}],"predecessor-version":[{"id":3611,"href":"https:\/\/mensch-tier-gemeinsam.de\/htdocs\/wp-json\/wp\/v2\/pages\/3333\/revisions\/3611"}],"up":[{"embeddable":true,"href":"https:\/\/mensch-tier-gemeinsam.de\/htdocs\/wp-json\/wp\/v2\/pages\/3331"}],"wp:attachment":[{"href":"https:\/\/mensch-tier-gemeinsam.de\/htdocs\/wp-json\/wp\/v2\/media?parent=3333"}],"curies":[{"name":"wp","href":"https:\/\/api.w.org\/{rel}","templated":true}]}}