{"id":3613,"date":"2022-10-15T21:03:21","date_gmt":"2022-10-15T21:03:21","guid":{"rendered":"https:\/\/mensch-tier-gemeinsam.de\/htdocs\/?page_id=3613"},"modified":"2022-10-16T19:08:12","modified_gmt":"2022-10-16T19:08:12","slug":"die-vier-entwicklung-bis-10-2022","status":"publish","type":"page","link":"https:\/\/mensch-tier-gemeinsam.de\/htdocs\/ueber-uns\/die-vier\/die-vier-entwicklung-bis-10-2022\/","title":{"rendered":"DIE VIER: Entwicklung bis 8\/2022"},"content":{"rendered":"\n<p>Wenn meine Gedanken automatisch auf diese Website h\u00fcpfen w\u00fcrden, ohne dass es extra Zeit br\u00e4uchte, w\u00fcrde hier sehr, sehr viel \u00fcber die Entwicklung der VIER stehen. Das gemeinsame Sein mit ihnen erf\u00fcllt mich sehr. Die Entwicklungen mit Worten zu beschreiben, ist nicht einfach. Deshalb habe ich mich f\u00fcr Videos entschieden. Auf den ausgew\u00e4hlten Videos sind die Hunde auf der selben Teilfl\u00e4che meines Grundst\u00fccks, nur der Blickwinkel ist unterschiedlich. Beide Videos wurden am Tag aufgenommen. Somit ist eine Vergleichbarkeit gegeben. Das erste Video ist von M\u00e4rz 2022. Das zweite Video (aus technischen Gr\u00fcnden in drei kurzen Abschnitten) ist von August 2022. Die Entwicklung von unsicher zu selbstsicher ist an der Bewegungsart zu erkennen. Mein Tipp: Konzentrieren Sie sich beim Ansehen jeweils nur auf einen Hund und sehen Sie sich jede Sequenz in Bezug auf jeden Hund mindestens dreimal an. Unser Menschengehirn ist in der Bildverarbeitung wesentlich langsamer als Hundegehirne. Damit wir an der K\u00f6rpersprache genauso viel ablesen k\u00f6nnen wie Hunde untereinander, m\u00fcssen wir Menschen \u00f6fter hinsehen oder in Zeitlupe auswerten. <\/p>\n\n\n\n<div class=\"wp-block-file\"><a id=\"wp-block-file--media-0c7a8fa2-8d4a-4e15-bfd8-9397a1f0f1f4\" href=\"http:\/\/mensch-tier-gemeinsam.de\/htdocs\/wp-content\/uploads\/2022\/10\/fenya_moby_2022.03.19_vorsichtig.mp4\">fenya_moby_2022.03.19_vorsichtig<\/a><a href=\"http:\/\/mensch-tier-gemeinsam.de\/htdocs\/wp-content\/uploads\/2022\/10\/fenya_moby_2022.03.19_vorsichtig.mp4\" class=\"wp-block-file__button\" download aria-describedby=\"wp-block-file--media-0c7a8fa2-8d4a-4e15-bfd8-9397a1f0f1f4\">Herunterladen<\/a><\/div>\n\n\n\n<p>Unter diesem Link finden Sie den Stand von M\u00e4rz. Unter den unteren Links den Stand von August. Um etwas erkennen zu k\u00f6nnen, brauchen Sie kein Fachwissen \u00fcber K\u00f6rpersprache. Lassen Sie es einfach emotional auf sich wirken.<\/p>\n\n\n\n<div class=\"wp-block-file\"><a id=\"wp-block-file--media-69a63737-631a-41d2-80ea-d0c16244b6fc\" href=\"http:\/\/mensch-tier-gemeinsam.de\/htdocs\/wp-content\/uploads\/2022\/10\/fenya_moby_jeannot_1.mp4\">fenya_moby_jeannot_1<\/a><a href=\"http:\/\/mensch-tier-gemeinsam.de\/htdocs\/wp-content\/uploads\/2022\/10\/fenya_moby_jeannot_1.mp4\" class=\"wp-block-file__button\" download aria-describedby=\"wp-block-file--media-69a63737-631a-41d2-80ea-d0c16244b6fc\">Herunterladen<\/a><\/div>\n\n\n\n<div class=\"wp-block-file\"><a id=\"wp-block-file--media-a580472c-7318-43ba-9a5d-3ea04b496dfb\" href=\"http:\/\/mensch-tier-gemeinsam.de\/htdocs\/wp-content\/uploads\/2022\/10\/fenya_moby_jeannot_2.mp4\">fenya_moby_jeannot_2<\/a><a href=\"http:\/\/mensch-tier-gemeinsam.de\/htdocs\/wp-content\/uploads\/2022\/10\/fenya_moby_jeannot_2.mp4\" class=\"wp-block-file__button\" download aria-describedby=\"wp-block-file--media-a580472c-7318-43ba-9a5d-3ea04b496dfb\">Herunterladen<\/a><\/div>\n\n\n\n<div class=\"wp-block-file\"><a id=\"wp-block-file--media-7ebb688e-cc2a-4e87-920f-fceba8fbcbc4\" href=\"http:\/\/mensch-tier-gemeinsam.de\/htdocs\/wp-content\/uploads\/2022\/10\/fenya_moby_jeannot_3.mp4\">fenya_moby_jeannot_3<\/a><a href=\"http:\/\/mensch-tier-gemeinsam.de\/htdocs\/wp-content\/uploads\/2022\/10\/fenya_moby_jeannot_3.mp4\" class=\"wp-block-file__button\" download aria-describedby=\"wp-block-file--media-7ebb688e-cc2a-4e87-920f-fceba8fbcbc4\">Herunterladen<\/a><\/div>\n","protected":false},"excerpt":{"rendered":"<p>Wenn meine Gedanken automatisch auf diese Website h\u00fcpfen w\u00fcrden, ohne dass es extra Zeit br\u00e4uchte, w\u00fcrde hier sehr, sehr viel \u00fcber die Entwicklung der VIER stehen. Das gemeinsame Sein mit ihnen erf\u00fcllt mich sehr. Die Entwicklungen mit Worten zu beschreiben, ist nicht einfach. Deshalb habe ich mich f\u00fcr Videos entschieden. Auf den ausgew\u00e4hlten Videos sind [&hellip;]<\/p>\n","protected":false},"author":1,"featured_media":0,"parent":3331,"menu_order":3,"comment_status":"closed","ping_status":"closed","template":"","meta":{"footnotes":""},"class_list":["post-3613","page","type-page","status-publish","hentry"],"_links":{"self":[{"href":"https:\/\/mensch-tier-gemeinsam.de\/htdocs\/wp-json\/wp\/v2\/pages\/3613","targetHints":{"allow":["GET"]}}],"collection":[{"href":"https:\/\/mensch-tier-gemeinsam.de\/htdocs\/wp-json\/wp\/v2\/pages"}],"about":[{"href":"https:\/\/mensch-tier-gemeinsam.de\/htdocs\/wp-json\/wp\/v2\/types\/page"}],"author":[{"embeddable":true,"href":"https:\/\/mensch-tier-gemeinsam.de\/htdocs\/wp-json\/wp\/v2\/users\/1"}],"replies":[{"embeddable":true,"href":"https:\/\/mensch-tier-gemeinsam.de\/htdocs\/wp-json\/wp\/v2\/comments?post=3613"}],"version-history":[{"count":18,"href":"https:\/\/mensch-tier-gemeinsam.de\/htdocs\/wp-json\/wp\/v2\/pages\/3613\/revisions"}],"predecessor-version":[{"id":3645,"href":"https:\/\/mensch-tier-gemeinsam.de\/htdocs\/wp-json\/wp\/v2\/pages\/3613\/revisions\/3645"}],"up":[{"embeddable":true,"href":"https:\/\/mensch-tier-gemeinsam.de\/htdocs\/wp-json\/wp\/v2\/pages\/3331"}],"wp:attachment":[{"href":"https:\/\/mensch-tier-gemeinsam.de\/htdocs\/wp-json\/wp\/v2\/media?parent=3613"}],"curies":[{"name":"wp","href":"https:\/\/api.w.org\/{rel}","templated":true}]}}