{"id":41,"date":"2015-03-18T23:11:29","date_gmt":"2015-03-18T23:11:29","guid":{"rendered":"http:\/\/mensch-tier-gemeinsam.de\/htdocs\/?page_id=41"},"modified":"2023-08-25T07:58:59","modified_gmt":"2023-08-25T07:58:59","slug":"leistungen-und-preise","status":"publish","type":"page","link":"https:\/\/mensch-tier-gemeinsam.de\/htdocs\/leistungen-und-preise\/","title":{"rendered":"Leistungen, Preise"},"content":{"rendered":"<div id=\"content-content\">\n<div id=\"content-content-inner\" class=\"container-content-inner\">\n<div id=\"widget-f0e28db7-011a-d5ba-a7cd-b49339ec8d09\" class=\"widget widget-text\">\n<div class=\"widget-content\">\n<div class=\"csRow\">\n<div class=\"csColumnGap\" style=\"margin: 0px; padding: 0px; float: left; width: 1.56%;\"><img decoding=\"async\" src=\"http:\/\/mensch-tier-gemeinsam.de\/htdocs\/wp-content\/plugins\/advanced-wp-columns\/assets\/js\/plugins\/views\/img\/1x1-pixel.png\" alt=\"\"><\/div>\n<div class=\"csColumn\" style=\"margin: 0px; padding: 0px; float: left; width: 20.7%;\" data-csid=\"8afddec1-e87e-73af-953c-ddecaf1458c5\" data-cswidth=\"20.7%\" data-csendpoint=\"214\" data-csstartpoint=\"15\"><\/div>\n<div class=\"csColumnGap\" style=\"margin: 0px; padding: 0px; float: left; width: 1.35%;\"><img decoding=\"async\" src=\"http:\/\/mensch-tier-gemeinsam.de\/htdocs\/wp-content\/plugins\/advanced-wp-columns\/assets\/js\/plugins\/views\/img\/1x1-pixel.png\" alt=\"\"><\/div>\n<div class=\"csColumn\" style=\"margin: 0px; padding: 0px; float: left; width: 52.8%;\" data-csid=\"1635027a-8caf-f928-8a4d-07620b3e171a\" data-cswidth=\"52.8%\" data-csendpoint=\"734\" data-csstartpoint=\"227\">\n<div id=\"content-content\">\n<div id=\"content-content-inner\" class=\"container-content-inner\">\n<div id=\"widget-f0e28db7-011a-d5ba-a7cd-b49339ec8d09\" class=\"widget widget-text\">\n<div class=\"widget-content\">\n<p>In der unten eingef\u00fcgten Datei finden Sie folgende Preise\/ Honorare:<\/p>\n<ul>\n<li>Honorare f\u00fcr<em> Individuelle Beratungen<\/em> f\u00fcr Tierhalter<\/li>\n<li>Honorare f\u00fcr<em> Coachings<\/em> zur Pers\u00f6nlichkeitsentwicklung und Mensch-Mensch-Kommunikation (auch berufliches Coaching)<\/li>\n<li><em>Weiterbildungen<\/em> f\u00fcr Hundehalter, die \u00fcber ihren eigenen Tellerrand hinausschauen wollen, Hundetrainer-Ausbildung, Weiterbildung f\u00fcrs Leben: Die Preise bestimmen Sie selbst. Siehe auch besondere Preise.<\/li>\n<li>Besondere\/ \u00fcbrige Preise<\/li>\n<\/ul>\n<p><a href=\"http:\/\/mensch-tier-gemeinsam.de\/htdocs\/wp-content\/uploads\/2023\/08\/bezahlsystem_honorare_2023.08.23.pdf\">bezahlsystem_honorare_2023.08.23<\/a><\/p>\n<p>Die Teilnahmegeb\u00fchren f\u00fcr <em>Seminare<\/em> finden Sie in den jeweiligen Seminarbeschreibungen.<\/p>\n<p>Alle Preise auf der gesamten Website sind <strong>Bruttopreise inkl. 19% Umsatzsteuer.<\/strong><\/p>\n<\/div>\n<\/div>\n<\/div>\n<\/div>\n<\/div>\n<div class=\"csColumnGap\" style=\"margin: 0px; padding: 0px; float: left; width: 1.56%;\"><img decoding=\"async\" src=\"http:\/\/mensch-tier-gemeinsam.de\/htdocs\/wp-content\/plugins\/advanced-wp-columns\/assets\/js\/plugins\/views\/img\/1x1-pixel.png\" alt=\"\"><\/div>\n<div style=\"clear: both; float: none; display: block; visibility: hidden; width: 0px; font-size: 0px; line-height: 0;\"><\/div>\n<\/div>\n<\/div>\n<\/div>\n<\/div>\n<\/div>\n","protected":false},"excerpt":{"rendered":"<p>In der unten eingef\u00fcgten Datei finden Sie folgende Preise\/ Honorare: Honorare f\u00fcr Individuelle Beratungen f\u00fcr Tierhalter Honorare f\u00fcr Coachings zur Pers\u00f6nlichkeitsentwicklung und Mensch-Mensch-Kommunikation (auch berufliches Coaching) Weiterbildungen f\u00fcr Hundehalter, die \u00fcber ihren eigenen Tellerrand hinausschauen wollen, Hundetrainer-Ausbildung, Weiterbildung f\u00fcrs Leben: Die Preise bestimmen Sie selbst. Siehe auch besondere Preise. Besondere\/ \u00fcbrige Preise bezahlsystem_honorare_2023.08.23 Die Teilnahmegeb\u00fchren [&hellip;]<\/p>\n","protected":false},"author":1,"featured_media":0,"parent":0,"menu_order":7,"comment_status":"closed","ping_status":"closed","template":"","meta":{"footnotes":""},"class_list":["post-41","page","type-page","status-publish","hentry"],"_links":{"self":[{"href":"https:\/\/mensch-tier-gemeinsam.de\/htdocs\/wp-json\/wp\/v2\/pages\/41","targetHints":{"allow":["GET"]}}],"collection":[{"href":"https:\/\/mensch-tier-gemeinsam.de\/htdocs\/wp-json\/wp\/v2\/pages"}],"about":[{"href":"https:\/\/mensch-tier-gemeinsam.de\/htdocs\/wp-json\/wp\/v2\/types\/page"}],"author":[{"embeddable":true,"href":"https:\/\/mensch-tier-gemeinsam.de\/htdocs\/wp-json\/wp\/v2\/users\/1"}],"replies":[{"embeddable":true,"href":"https:\/\/mensch-tier-gemeinsam.de\/htdocs\/wp-json\/wp\/v2\/comments?post=41"}],"version-history":[{"count":70,"href":"https:\/\/mensch-tier-gemeinsam.de\/htdocs\/wp-json\/wp\/v2\/pages\/41\/revisions"}],"predecessor-version":[{"id":4140,"href":"https:\/\/mensch-tier-gemeinsam.de\/htdocs\/wp-json\/wp\/v2\/pages\/41\/revisions\/4140"}],"wp:attachment":[{"href":"https:\/\/mensch-tier-gemeinsam.de\/htdocs\/wp-json\/wp\/v2\/media?parent=41"}],"curies":[{"name":"wp","href":"https:\/\/api.w.org\/{rel}","templated":true}]}}