{"id":45,"date":"2015-03-18T23:13:13","date_gmt":"2015-03-18T23:13:13","guid":{"rendered":"http:\/\/mensch-tier-gemeinsam.de\/htdocs\/?page_id=45"},"modified":"2023-07-04T15:19:42","modified_gmt":"2023-07-04T15:19:42","slug":"kontaktimpressum","status":"publish","type":"page","link":"https:\/\/mensch-tier-gemeinsam.de\/htdocs\/kontaktimpressum\/","title":{"rendered":"Kontakt\/ Impressum"},"content":{"rendered":"<div class=\"csRow\">\n<div class=\"csColumnGap\" style=\"margin: 0px; padding: 0px; float: left; width: 1.56%;\"><img decoding=\"async\" src=\"http:\/\/mensch-tier-gemeinsam.de\/htdocs\/wp-content\/plugins\/advanced-wp-columns\/assets\/js\/plugins\/views\/img\/1x1-pixel.png\" alt=\"\" \/><\/div>\n<div class=\"csColumn\" style=\"margin: 0px; padding: 0px; float: left; width: 9.69%;\" data-csid=\"8731921d-e9b3-77ad-800f-72c9e749063d\" data-cswidth=\"9.69%\" data-csendpoint=\"108\" data-csstartpoint=\"15\"><\/div>\n<div class=\"csColumnGap\" style=\"margin: 0px; padding: 0px; float: left; width: 1.46%;\"><img decoding=\"async\" src=\"http:\/\/mensch-tier-gemeinsam.de\/htdocs\/wp-content\/plugins\/advanced-wp-columns\/assets\/js\/plugins\/views\/img\/1x1-pixel.png\" alt=\"\" \/><\/div>\n<div class=\"csColumn\" style=\"margin: 0px; padding: 0px; float: left; width: 63.7%;\" data-csid=\"569efc69-489b-f3c1-b380-6d18f8767e19\" data-cswidth=\"63.7%\" data-csendpoint=\"734\" data-csstartpoint=\"122\">\n<p><span style=\"font-size: 20px; font-weight: bold;\">Mensch\u00a0\u00a0\u00a0<span style=\"font-size: 10px;\">\u00a0\u00a0\u00a0<span style=\"font-size: 12px;\">&amp;<\/span>\u00a0\u00a0\u00a0\u00a0\u00a0<\/span> T<span style=\"color: #000000;\">ier\u00a0\u00a0\u00a0<\/span><\/span><\/p>\n<p><span style=\"font-size: 14px; font-weight: bold;\"><span style=\"color: #000000;\">\u00a0\u00a0\u00a0\u00a0\u00a0\u00a0\u00a0\u00a0\u00a0\u00a0\u00a0\u00a0\u00a0\u00a0\u00a0\u00a0\u00a0\u00a0<\/span><\/span><span style=\"font-size: 16px; font-weight: bold;\">gemeinsam<\/span><\/p>\n<p>Beratung f\u00fcr eine bessere Verst\u00e4ndigung<\/p>\n<p><span style=\"font-size: 12px;\">Dipl.-Ing.\u00a0<\/span>Alessa Knoop-L\u00fcbke, <span style=\"font-size: 12px;\">M.A.<\/span><\/p>\n<p>B\u00e4belitz 6<\/p>\n<p>17179 Behren-L\u00fcbchin<\/p>\n<p>info@mensch-tier-gemeinsam.de<\/p>\n<p>0173\/ 61 72 774<\/p>\n<p><strong>Erreichbar bin ich<\/strong> <strong>mittwochs bis samstags<\/strong>. Bitte haben Sie Geduld, ich antworte sobald es mir m\u00f6glich ist.<\/p>\n<p><span style=\"font-size: 16px; font-weight: bold;\">\u00a0<\/span><span style=\"font-size: 16px; font-weight: bold;\">\u00a0<\/span><\/p>\n<h3><span style=\"text-decoration: underline;\"><span style=\"font-size: 16px; font-weight: bold;\">Impressum<\/span><\/span><\/h3>\n<p>Alessa Knoop-L\u00fcbke, Einzelunternehmen<\/p>\n<p>B\u00e4belitz 6<\/p>\n<p>17179 Behren-L\u00fcbchin<\/p>\n<p>info@mensch-tier-gemeinsam.de<\/p>\n<p>0173\/ 61 72 774<\/p>\n<p>USt-ID-Nr.: DE 286 208 887<\/p>\n<h4>Urheberrecht<\/h4>\n<p>S\u00e4mtliche Inhalte dieser Website, insbesondere Texte und Fotos, sind urheberrechtlich gesch\u00fctzt. Jegliche Vervielf\u00e4ltigung bzw. Verwendung der Website oder einzelner Inhalte ist grunds\u00e4tzlich untersagt. Alle Rechte bleiben vorbehalten. Falls Sie einzelne Inhalte verwenden m\u00f6chten, fragen Sie bitte nach der Einwilligung der Rechteinhaberin (Kontaktdaten s. o.).<\/p>\n<h4>Haftungsausschluss<\/h4>\n<p>Die Inhalte dieser Website wurden mit gr\u00f6\u00dfter Sorgfalt zusammengestellt und auf Fehler gepr\u00fcft. F\u00fcr die Richtigkeit, Vollst\u00e4ndigkeit und Aktualit\u00e4t der Inhalte kann jedoch keine Gew\u00e4hr \u00fcbernommen werden.<\/p>\n<p>Verlinkte Websites wurden auf m\u00f6gliche Rechtswidrigkeiten gepr\u00fcft. Rechtswidrige Inhalte waren zum Zeitpunkt der Verlinkung nicht erkennbar. Verlinkte Websites k\u00f6nnen nicht st\u00e4ndig auf m\u00f6gliche \u00c4nderungen hin \u00fcberpr\u00fcft werden. Deshalb wird keine Gew\u00e4hr f\u00fcr die Inhalte fremder Websites \u00fcbernommen. Desweiteren kann diese Website ohne Wissen von einer anderen Website verlinkt worden sein. Auch in diesem Fall tragen die jeweiligen Anbieter der fremden Websites die Verantwortung.<\/p>\n<\/div>\n<div class=\"csColumnGap\" style=\"margin: 0px; padding: 0px; float: left; width: 1.46%;\"><img decoding=\"async\" src=\"http:\/\/mensch-tier-gemeinsam.de\/htdocs\/wp-content\/plugins\/advanced-wp-columns\/assets\/js\/plugins\/views\/img\/1x1-pixel.png\" alt=\"\" \/><\/div>\n<div class=\"csColumn\" style=\"margin: 0px; padding: 0px; float: left; width: 20.5%;\" data-csid=\"a44dcf7d-0797-20e3-a6cc-f2b6a6416344\" data-cswidth=\"20.5%\" data-csendpoint=\"945\" data-csstartpoint=\"748\">\n<p><span style=\"font-size: 20px;\">\u00a0<\/span><\/p>\n<p><span style=\"font-size: 20px;\">\u00a0<\/span><\/p>\n<p>6 km von der Abfahrt Bad S\u00fclze der A 20<\/p>\n<p>in Mecklenburg-Vorpommern<\/p>\n<\/div>\n<div class=\"csColumnGap\" style=\"margin: 0px; padding: 0px; float: left; width: 1.56%;\"><img decoding=\"async\" src=\"http:\/\/mensch-tier-gemeinsam.de\/htdocs\/wp-content\/plugins\/advanced-wp-columns\/assets\/js\/plugins\/views\/img\/1x1-pixel.png\" alt=\"\" \/><\/div>\n<div style=\"clear: both; float: none; display: block; visibility: hidden; width: 0px; font-size: 0px; line-height: 0;\"><\/div>\n<\/div>\n","protected":false},"excerpt":{"rendered":"<p>Mensch\u00a0\u00a0\u00a0\u00a0\u00a0\u00a0&amp;\u00a0\u00a0\u00a0\u00a0\u00a0 Tier\u00a0\u00a0\u00a0 \u00a0\u00a0\u00a0\u00a0\u00a0\u00a0\u00a0\u00a0\u00a0\u00a0\u00a0\u00a0\u00a0\u00a0\u00a0\u00a0\u00a0\u00a0gemeinsam Beratung f\u00fcr eine bessere Verst\u00e4ndigung Dipl.-Ing.\u00a0Alessa Knoop-L\u00fcbke, M.A. B\u00e4belitz 6 17179 Behren-L\u00fcbchin info@mensch-tier-gemeinsam.de 0173\/ 61 72 774 Erreichbar bin ich mittwochs bis samstags. Bitte haben Sie Geduld, ich antworte sobald es mir m\u00f6glich ist. \u00a0\u00a0 Impressum Alessa Knoop-L\u00fcbke, Einzelunternehmen B\u00e4belitz 6 17179 Behren-L\u00fcbchin info@mensch-tier-gemeinsam.de 0173\/ 61 72 774 USt-ID-Nr.: DE 286 208 [&hellip;]<\/p>\n","protected":false},"author":1,"featured_media":0,"parent":0,"menu_order":9,"comment_status":"closed","ping_status":"closed","template":"","meta":{"footnotes":""},"class_list":["post-45","page","type-page","status-publish","hentry"],"_links":{"self":[{"href":"https:\/\/mensch-tier-gemeinsam.de\/htdocs\/wp-json\/wp\/v2\/pages\/45","targetHints":{"allow":["GET"]}}],"collection":[{"href":"https:\/\/mensch-tier-gemeinsam.de\/htdocs\/wp-json\/wp\/v2\/pages"}],"about":[{"href":"https:\/\/mensch-tier-gemeinsam.de\/htdocs\/wp-json\/wp\/v2\/types\/page"}],"author":[{"embeddable":true,"href":"https:\/\/mensch-tier-gemeinsam.de\/htdocs\/wp-json\/wp\/v2\/users\/1"}],"replies":[{"embeddable":true,"href":"https:\/\/mensch-tier-gemeinsam.de\/htdocs\/wp-json\/wp\/v2\/comments?post=45"}],"version-history":[{"count":15,"href":"https:\/\/mensch-tier-gemeinsam.de\/htdocs\/wp-json\/wp\/v2\/pages\/45\/revisions"}],"predecessor-version":[{"id":4080,"href":"https:\/\/mensch-tier-gemeinsam.de\/htdocs\/wp-json\/wp\/v2\/pages\/45\/revisions\/4080"}],"wp:attachment":[{"href":"https:\/\/mensch-tier-gemeinsam.de\/htdocs\/wp-json\/wp\/v2\/media?parent=45"}],"curies":[{"name":"wp","href":"https:\/\/api.w.org\/{rel}","templated":true}]}}