{"id":49,"date":"2015-03-18T23:13:56","date_gmt":"2015-03-18T23:13:56","guid":{"rendered":"http:\/\/mensch-tier-gemeinsam.de\/htdocs\/?page_id=49"},"modified":"2021-12-12T16:28:06","modified_gmt":"2021-12-12T16:28:06","slug":"rueckmeldungen","status":"publish","type":"page","link":"https:\/\/mensch-tier-gemeinsam.de\/htdocs\/rueckmeldungen\/","title":{"rendered":"R\u00fcckmeldungen"},"content":{"rendered":"<div class=\"csRow\">\n<div class=\"csColumnGap\" style=\"margin: 0px; padding: 0px; float: left; width: 1.56%;\"><img decoding=\"async\" src=\"http:\/\/mensch-tier-gemeinsam.de\/htdocs\/wp-content\/plugins\/advanced-wp-columns\/assets\/js\/plugins\/views\/img\/1x1-pixel.png\" alt=\"\" \/><\/div>\n<div class=\"csColumn\" style=\"margin: 0px; padding: 0px; float: left; width: 27.4%;\" data-csid=\"303868bf-0d1b-0b1f-89f0-afc5f1fcb264\" data-cswidth=\"27.4%\" data-csendpoint=\"278\" data-csstartpoint=\"15\">\n<p>\u00dcber die\u00a0erfreulichen R\u00fcckmeldungen, Erfolgsgeschichten und Komplimente, die wir m\u00fcndlich und schriftlich bekommen, freue ich mich sehr. Vielleicht spreche ich es nicht immer aus, aber ich bin\u00a0jedes Mal\u00a0sehr dankbar daf\u00fcr, auch im Namen meiner Tiere. Wenngleich die Tiere den Wortlaut eines an sie gerichteten Komplimentes nicht verstehen, so sp\u00fcren sie sehr wohl die positive Empfindung.<\/p>\n<p>Einige dieser R\u00fcckmeldungen sind hier wiedergegeben.<\/p>\n<\/div>\n<div class=\"csColumnGap\" style=\"margin: 0px; padding: 0px; float: left; width: 1.04%;\"><img decoding=\"async\" src=\"http:\/\/mensch-tier-gemeinsam.de\/htdocs\/wp-content\/plugins\/advanced-wp-columns\/assets\/js\/plugins\/views\/img\/1x1-pixel.png\" alt=\"\" \/><\/div>\n<div class=\"csColumn\" style=\"margin: 0px; padding: 0px; float: left; width: 61.7%;\" data-csid=\"8e09afe6-16a5-80a5-9850-fb34830535c0\" data-cswidth=\"61.7%\" data-csendpoint=\"880\" data-csstartpoint=\"288\">\n<p>&#8230; wir genie\u00dfen das Leben mit unserem wunderbaren, unanstrengenden Hund- und sind Ihnen f\u00fcr immer dankbar, dass Sie uns das grundlegende Einmaleins der Hunde-Mensch-Beziehung so anschaulich und \u00fcberzeugend beigebracht haben! Dank Ihrer Unterweisung ist unser Hundeprojekt ein Erfolg geworden :):):) Liebe Gr\u00fc\u00dfe, Familie Falk<\/p>\n<p style=\"padding-left: 40px;\">vor 2 jahren &#8211; als ich noch dachte, ich habe ahnung von hunden &#8211; habe ich mir einen welpen angeschafft. ich bemerkte sehr schnell dass meine selbsteinsch\u00e4tzung leider nicht mit der realit\u00e4t \u00fcbereinstimmt, denn klein-lonna lie\u00df sich von mir kaum beeinflussen. wozu spazieren gehen? sie wollte nicht mitkommen. katzen? &#8211; lustige spielzeuge. was frauchen von mir h\u00e4lt? &#8211; is mir doch egal. so kamen sie dann ins spiel. mittlerweile sind wir wirklich ein team geworden und ich finde es meistens ganz wunderbar, so einen klugen hund zu haben. ohne sie h\u00e4tte ich das nie geschafft. ganz besonders m\u00f6chte ich mich bei ihnen daf\u00fcr bedanken, wie sie mit uns in den hundehalter-seminaren umgegangen sind und alle anderen teilnehmer \u00fcber die herausforderung lonna informiert haben. so gab es wenn \u00fcberhaupt nur ganz kurz am anfang komische blicke f\u00fcr uns &#8211; m\u00e4dchen mit kl\u00e4ffendem flummi an der leine oder besser<br \/>\numgekehrt kl\u00e4ffender flummi mit m\u00e4dchen an der leine. sie haben es von anfang an geschafft, dass ich mich ganz schnell in den gruppen wohl gef\u00fchlt habe und mir nie schlecht vorkam, wegen meiner vorlauten t\u00f6le.<br \/>\ndas, was sie mir vermittelt haben, erm\u00f6glicht uns jetzt wirklich zusammenzuarbeiten. ich kann verstehen, was lonna mir vermitteln m\u00f6chte und ich kann meine anliegen so vermitteln, dass lonna mich versteht.<br \/>\nverst\u00e4ndigung erm\u00f6glicht! vielen dank frau knoop-l\u00fcbke!<\/p>\n<p style=\"padding-left: 40px;\"><span style=\"font-size: 1rem;\">d. r. aus s.<\/span><\/p>\n<p>Hallo Frau Knoop-L\u00fcbke,<\/p>\n<p>ich gratuliere Ihnen von Herzen zu Ihrem Firmenjubil\u00e4um und w\u00fcnsche Ihnen weiterhin viel Vergn\u00fcgen bei all Ihren Vorhaben. Ihr kleines Buch hat mich sehr ber\u00fchrt. Es ist so beeindruckend, was Sie erreicht haben. Sie k\u00f6nnen wirklich mit berechtigtem Stolz auf das zur\u00fcckblicken, was Sie erreicht haben und mit Freude auf das, was kommen wird. Ich bin froh von Ihnen zu lernen und in Ihnen einen so hilfreichen, zum Gl\u00fcck sehr hartn\u00e4ckigen und immer mitf\u00fchlenden Coach zu haben.<br \/>\nMit gro\u00dfer Freude nehme ich auch an Ihren Veranstaltungen f\u00fcr Tierhalter teil. Diese sind f\u00fcr mich immer besondere Erlebnisse. Ich sp\u00fcre, wie wichtig Ihnen jeder Teilnehmer dabei ist, ob Mensch, ob Tier&#8230; Das tut gut. Mein Dank gilt auch Ihren Hunden und dem Gefl\u00fcgel. Bei all meinen Begegnungen mit Ihren tierischen Mitarbeitern konnte ich erleben, wie Verst\u00e4ndigung zwischen Mensch und Tier gelingen kann und sich alle Beteiligten dabei wohlf\u00fchlen. Ich bin sehr beeindruckt von Ihrem Tun und freue mich auf weitere Begegnungen (auch sehr gerne mit Kaninchen und Ponys &#x1f609;) DANKE!!!<\/p>\n<p>M. Hannemann aus Pastow, April 2021<\/p>\n<p style=\"margin-left: 35.4pt;\">Sehr geehrte Frau Knoop,<\/p>\n<p style=\"margin-left: 35.4pt;\">es war uns eine gro\u00dfe Freude, Ihre Zeilen anl\u00e4sslich Ihres zehnj\u00e4hrigen Bestehens lesen zu d\u00fcrfen. HERZLICHEN GL\u00dcCKWUNSCH! Ein Weg, der nur zu Ihnen passt! Sie gr\u00fcndeten eine Firma. Zum Gl\u00fcck! Sonst h\u00e4tten wir Sie nicht kennengelernt. Viele Versuche, jemanden zu finden, bei dem wir uns aufgehoben und verstanden f\u00fchlten, missgl\u00fcckten. Unser &#8220; Benni&#8220; wusste genau, dass er sich nur Sie an seine Seite w\u00fcnschte. Sein Herrchen lie\u00df sich mehr und mehr von Ihren Hinweisen, Ansichten und Ratschl\u00e4gen \u00fcberzeugen, trugen sie doch immer Fr\u00fcchte. Es ist ein wertvolles Vertrauensverh\u00e4ltnis entstanden. Vieles hat uns sehr beeindruckt, aber besonders die Sache mit dem Motorboot. Bedenken waren vorhanden, ob Benni jemals auf das Boot gehen w\u00fcrde. Dank Ihres Geschicks war es gelungen, ihn zu &#8220; \u00fcberreden&#8220;, das Boot zu betreten.<\/p>\n<p style=\"margin-left: 35.4pt;\">Danke f\u00fcr die tolle Zusammenarbeit! So soll es\u00a0bleiben! Weiterhin so viel Freude an Ihrer &#8222;Firma&#8220; und Ihren Mitarbeitern.<\/p>\n<p style=\"margin-left: 35.4pt;\">Ihre Familie Wilke, nebst Benni, April 2021<\/p>\n<p><a href=\"http:\/\/mensch-tier-gemeinsam.de\/htdocs\/wp-content\/uploads\/2021\/12\/rueckmeldung_w.-scaled.jpg\"><img loading=\"lazy\" decoding=\"async\" class=\"alignnone wp-image-3287 size-large\" src=\"http:\/\/mensch-tier-gemeinsam.de\/htdocs\/wp-content\/uploads\/2021\/12\/rueckmeldung_w.-602x1024.jpg\" alt=\"\" width=\"602\" height=\"1024\" srcset=\"https:\/\/mensch-tier-gemeinsam.de\/htdocs\/wp-content\/uploads\/2021\/12\/rueckmeldung_w.-602x1024.jpg 602w, https:\/\/mensch-tier-gemeinsam.de\/htdocs\/wp-content\/uploads\/2021\/12\/rueckmeldung_w.-176x300.jpg 176w, https:\/\/mensch-tier-gemeinsam.de\/htdocs\/wp-content\/uploads\/2021\/12\/rueckmeldung_w.-768x1306.jpg 768w, https:\/\/mensch-tier-gemeinsam.de\/htdocs\/wp-content\/uploads\/2021\/12\/rueckmeldung_w.-903x1536.jpg 903w, https:\/\/mensch-tier-gemeinsam.de\/htdocs\/wp-content\/uploads\/2021\/12\/rueckmeldung_w.-1204x2048.jpg 1204w, https:\/\/mensch-tier-gemeinsam.de\/htdocs\/wp-content\/uploads\/2021\/12\/rueckmeldung_w.-624x1061.jpg 624w, https:\/\/mensch-tier-gemeinsam.de\/htdocs\/wp-content\/uploads\/2021\/12\/rueckmeldung_w.-scaled.jpg 1505w\" sizes=\"auto, (max-width: 602px) 100vw, 602px\" \/><\/a><\/p>\n<p>Liebe Frau Knoop-L\u00fcbke,<\/p>\n<p>herzlichen Dank f\u00fcr Ihren lehrreichen und sehr anschaulichen Vortrag \u00fcber die Verhaltensweisen von Kaninchen. Die anwesenden Kolleginnen aus den Abteilungen Produktmanagement, Kundendienst und Marketing fanden die gelernten Inhalte sehr informativ und hilfreich f\u00fcr ihre t\u00e4gliche Arbeit.<\/p>\n<p>Auch im Hinblick auf unsere Kleintierprodukte konnten wir viele Anregungen und Tipps mitnehmen, die wir gern in die Planung neuer oder die \u00dcberarbeitung bestehender Modelle mit einflie\u00dfen lassen.<\/p>\n<p>Viele Gr\u00fc\u00dfe aus Tarp sendet<\/p>\n<p>das Team der <a href=\"http:\/\/www.trixie.de\/de\/index.html\">TRIXIE Heimtierbedarf GmbH<\/a><\/p>\n<p>H<img loading=\"lazy\" decoding=\"async\" class=\"alignleft size-medium wp-image-271\" src=\"http:\/\/mensch-tier-gemeinsam.de\/htdocs\/wp-content\/uploads\/2015\/03\/fibi_kompr-300x225.jpg\" alt=\"fibi_kompr\" width=\"300\" height=\"225\" srcset=\"https:\/\/mensch-tier-gemeinsam.de\/htdocs\/wp-content\/uploads\/2015\/03\/fibi_kompr-300x225.jpg 300w, https:\/\/mensch-tier-gemeinsam.de\/htdocs\/wp-content\/uploads\/2015\/03\/fibi_kompr.jpg 1024w\" sizes=\"auto, (max-width: 300px) 100vw, 300px\" \/>allo Frau Knoop-L\u00fcbke,<\/p>\n<p>hier ist Frau Hinkfoth die Besitzerin der Katze Fibi aus Rostock. Ich wollte mich noch einmal recht herzlich f\u00fcr Ihre Hilfe bedanken. Wenn Sie nicht gewesen w\u00e4ren, w\u00fcrde es Fibi bei uns in der Familie sicher nicht mehr geben. Seit Sie da waren ist das Leben mit Ihr und der gesamten Familie wieder viel harmonischer. Fibi pullert nirgends mehr hin und f\u00fchlt sich in ihrer Kuschelh\u00f6hle echt wohl und ist auch meistens dort anzutreffen. Alle bem\u00fchen sich Ihre Ratschl\u00e4ge in die Tat umzusetzen und das klappt auch. Vielen vielen Dank. Ich werde Sie auf jeden Fall weiterempfehlen und melde mich, falls wieder etwas nicht so gut l\u00e4uft.<\/p>\n<p>Viele Liebe Gr\u00fc\u00dfe aus Rostock [&#8230;]<\/p>\n<p>Antje Hinkfoth<\/p>\n<\/div>\n<div class=\"csColumn\" style=\"margin: 0px; padding: 0px; float: left; width: 61.7%;\" data-csid=\"8e09afe6-16a5-80a5-9850-fb34830535c0\" data-cswidth=\"61.7%\" data-csendpoint=\"880\" data-csstartpoint=\"288\">\n<p>Liebe Frau Knoop-L\u00fcbke,<\/p>\n<p>haben Sie vielen, vielen herzlichen Dank f\u00fcr das sehr informative Seminar. Ihre gro\u00dfartigen Tipps werden von unseren Kaninchenpflegern\/innen erfolgreich umgesetzt. Nochmals ganz herzlichen Dank f\u00fcr Ihren Besuch in unserem Haus &#8211; wir werden Sie auf jeden Fall weiterempfehlen!<\/p>\n<p>Mit freundlichen Gr\u00fc\u00dfen<\/p>\n<p><em>Dr. Michael Begall<br \/>\nTierheimleiter <a href=\"http:\/\/www.tierschutz-berlin.de\">Tierheim Berlin<\/a><\/em><\/p>\n<p><em>Hallo Frau Knoop-L\u00fcbke,<\/em><\/p>\n<p><em>herzliches Dankesch\u00f6n f\u00fcr die einf\u00fchlsame, herzliche und hilfreiche Zeit. Ihre Tips und Ratschl\u00e4ge haben mir sehr geholfen. Kein Gezerre mehr an der Leine, die gute Beratung -was kaufe ich Leine oder Geschirr.\u00a0<\/em><em>Dank Ihrer Hilfe steht Fiete jetzt ruhig und entspannt beim Anlegen der Leine, keine Angeberei mehr<\/em><em>.<\/em><\/p>\n<p><em>Durch Ihre gute Beobachtung konnten Sie auch meine Fehler, die ich bei Fiete mache, erkennen. Zum Beispiel das Auftreten (resolut sein, nicht so hektisch, konsequenter).<\/em><\/p>\n<p><em><em>Jetzt sind wir beide bereit Schritt f\u00fcr Schritt zu gehen und brauchen auch noch \u00dcbung. Wir werden es schon schaffen, und wenn nicht hole ich mir gerne neue Ratschl\u00e4ge bei Frau Knoop-L\u00fcbke. <\/em><\/em><\/p>\n<p><em><em>Gru\u00df Dagmar und Fiete<\/em><\/em><\/p>\n<p><em><em>Sanitz<\/em><\/em><\/p>\n<p>&#8230;\u00a0\u00a0 Alle sind friedlich miteinander vereint.\u00a0\u00a0\u00a0&#8230;<\/p>\n<p><em><a href=\"http:\/\/mensch-tier-gemeinsam.de\/htdocs\/wp-content\/uploads\/2015\/03\/dakie_gonzo_kompr.jpg\"><img loading=\"lazy\" decoding=\"async\" class=\"alignleft size-medium wp-image-272\" src=\"http:\/\/mensch-tier-gemeinsam.de\/htdocs\/wp-content\/uploads\/2015\/03\/dakie_gonzo_kompr-300x206.jpg\" alt=\"dakie_gonzo_kompr\" width=\"300\" height=\"206\" srcset=\"https:\/\/mensch-tier-gemeinsam.de\/htdocs\/wp-content\/uploads\/2015\/03\/dakie_gonzo_kompr-300x206.jpg 300w, https:\/\/mensch-tier-gemeinsam.de\/htdocs\/wp-content\/uploads\/2015\/03\/dakie_gonzo_kompr.jpg 727w\" sizes=\"auto, (max-width: 300px) 100vw, 300px\" \/><\/a>Bettina K\u00f6lbl hat Fotos von ihren Kaninchen Gonzo und Dakie geschickt. Nachdem Gonzo (links) von einem anderen Kaninchen ziemlich schwer verletzt worden war, lebte er einige Wochen allein. Dann bekam er Dakie dazu. Die beiden bissen sich und wurden getrennt. Bereits eine Woche nach der Umsetzung der in der Beratung empfohlenen Ver\u00e4nderungen\u00a0haben sie sich &#8222;richtig gut angefreundet&#8220;.\u00a0\u00a0\u00a0\u00a0\u00a0\u00a0\u00a0\u00a0\u00a0 <\/em><em><a title=\"mehr Fotos\" href=\"http:\/\/mensch-tier-gemeinsam.de\/htdocs\/?page_id=274\">mehr Fotos<\/a><\/em><\/p>\n<p>Hallo, ich bin\u00b4s, die Frau Koch. Oh man, ich erkenne meinen Hund, heute schon <em>[2 Tage nach der 1. Beratung]<\/em>, kaum noch wieder.<br \/>\nSeit gestern ziehe ich st\u00e4ndig meine Jacke an, und es klappt immer besser. Auf den Stuhl springt er gar nicht mehr, und seit gestern liegt er friedlich auf der Seite-egal wo auch immer, ohne st\u00e4ndig nach mir zu schauen. Auch beim Gassi gehen, Sie glauben\u00b4s kaum, sein Schwanz steht nicht mehr steil nach oben, sondern so halbmast-m\u00e4\u00dfig&#8230;. Danke f\u00fcr so eine tolle Einf\u00fchrungsrunde, Sie sind toll, ich werde Sie weiter empfehlen.<\/p>\n<p><em>Reppelin<\/em><\/p>\n<p><em>Hallo Frau Knoop-L\u00fcbke!<\/em><\/p>\n<p>Habe es mir einfacher vorgestellt mit 2 ! Indoor Katzen zu leben- Mein Katzenm\u00e4dchen ist sehr entspannt und mein Kater umso anspruchsvoller.<\/p>\n<p>Er mauzt immerzu um mich herrum und ist immer pr\u00e4sent.<\/p>\n<p>Es sind so viele kleine Dinge, die Sie mir gezeigt und erkl\u00e4rt haben. Ich bin erstaunt, wie schnell auch Katzen lernen und auf Ver\u00e4nderungen reagieren.<\/p>\n<p>Ich werde Sie gerne weiter empfehlen und komme bei weiteren Fragen auf Sie zur\u00fcck.<\/p>\n<p>Vielen Dank f\u00fcr Ihre Hilfe.<\/p>\n<p>Mit frd Gr\u00fc\u00dfen Iris Hartung Graal-M\u00fcritz<\/p>\n<p>nach dem Seminar &#8222;Hundeverhalten: unerw\u00fcnschtes Bellen im Tierheim&#8220;:<\/p>\n<p>&#8230; \u00a0 Und ich habe Beziehung vor allem zu Hunden aufgenommen, die mich sonst verbellen. Neele bleibt z.B. dadurch neuerdings ruhig, wenn ich komme, dadurch kehrt ja in der gesamten Zwingeranlage mehr Ruhe ein. Beim W\u00e4schetrockner-best\u00fccken besch\u00e4ftigte ich Dario ein wenig durchs Gitter, der sch\u00f6n mitmachte, prompt h\u00f6rte und mich nicht mehr anfletschte wie vor kurzem. Also &#8211; mich hat es wieder wacher gemacht. Man entdeckt so viele M\u00f6glichkeiten, z.B. mit fremdelnden Hunden so nebenbei warm zu werden.\u00a0\u00a0 &#8230;<\/p>\n<p>Anke Glischinski, Pleetz<\/p>\n<p>R\u00fcckmeldungen aus meinem privaten Umfeld aus meiner Probier- und Startphase:<\/p>\n<p>Hallo Alessa,<\/p>\n<p>wir haben Deine Ratschl\u00e4ge gut angenommen und versucht sie umzusetzen, und siehe da, unser Hund ist fast wie ausgewechselt. Vielen Dank.<\/p>\n<p>Gr\u00fc\u00dfe<\/p>\n<p>Jan\u00a0\u00a0\u00a0\u00a0\u00a0\u00a0 <em><a href=\"http:\/\/www.jfcomputerservice.de\/\">Jan Fischer, Sanitz<\/a><\/em><\/p>\n<p>Es war einfach zu sagen, dass das Problem mit meiner Mischlingsh\u00fcndin Lissy nicht an mir liegt und anfangs sah ich auch gar kein Problem. Aber Lissy zeigte viel Angst und Unsicherheit in ihrem Verhalten. Alessa hat uns beiden geholfen, uns besser zu verst\u00e4ndigen. Ich habe gedacht, dass ich ja wohl in der Lage w\u00e4re mit einem Hund umzugehen. Aber ich habe noch vieles lernen m\u00fcssen. Nun versuche ich in unserem \u201eRudel\u201c der F\u00fchrer zu sein und Lissy eine gewisse Sicherheit auf dem Hof und in fremder Umgebung zu geben. Der Weg dorthin war und ist immer noch sehr schwierig und m\u00fchsam, aber es lohnt sich.<\/p>\n<p>Juliane Roy, Klein Freienholz<\/p>\n<p>Hallo Alessa,<\/p>\n<p>&#8230;wenn ich mir erneut einen Hund als Mitbewohner einladen w\u00fcrde, dann w\u00fc\u00dfte ich genau, wer meine teilweise noch unwissende Hundehalterpers\u00f6nlichkeit vertrauensvoll unterst\u00fctzt: Alessa. Schon zweimal empfahl ich Dich im Bekanntenkreis, und konnte Zeugin sein Deiner erfolgreichen Methode. Ich tue es immer wieder&#8230; lieben Gru\u00df Marita<\/p>\n<p>Liebe Alessa, deine H\u00fchner in unserem Wohnzimmer haben mich fasziniert. Vor allem, wie Du zwischen Menschen und Tieren vermittelst, finde ich beeindruckend. Als ich das Huhn (auf Deinem Arm) gestreichelt habe, wurde es unruhig. Du hast gesagt, dass ich es direkt angesehen h\u00e4tte, was ich prompt abgestritten habe. Schlie\u00dflich hattest Du mir vorher gesagt, dass ich genau das nicht tun sollte. Habe dem Huhn ganz unbewusst nur f\u00fcr einen kurzen Augenblick in die Augen gesehen und du hast sofort erkannt, was ich falsch gemacht habe. In dem Moment, als Du es mir sagtest, wurde es mir bewusst- da half auch weiteres abstreiten nichts :o).<br \/>\nIch finde es beeindruckend, dass ich Dir nichts vormachen konnte. Danach habe ich das Huhn gestreichelt, ohne es anzusehen und es war ruhig. Dieses Erlebnis hat mich auch in anderen Situationen mit Tieren aufmerksamer werden lassen.<\/p>\n<p>Danke sagt Angelika Bock aus Rostock.<\/p>\n<p>Liebe Alessa,<br \/>\nauf diesem Wege m\u00f6chte ich mich herzlich bedanken f\u00fcr das mit mir durchgef\u00fchrte Hundetraining! Ausgehend von meiner damaligen doch sehr gro\u00dfen Angst vor Hunden, kann ich heute sagen, dass sich diese in Respekt vor Hunden gewandelt hat. Dank Deiner theoretischen Ausf\u00fchrungen und der zahlreichen praktischen \u00dcbungen mit diversen Hunden, erkenne ich viele Verhaltensweisen der Vierbeiner und gehe dadurch jetzt offener und bestimmter mit Hunden um.<br \/>\nAusgezeichnet gefallen hat mir Dein schier unersch\u00f6pfliches Wissen \u00fcber Hunde und Tiere im Allgemeinen, Deine sehr gut strukturierte sowie vielf\u00e4ltige Herangehensweise an meine Problematik und die angenehme plus ruhige Art und Weise der Durchf\u00fchrung der Trainingsstunden.<br \/>\nF\u00fcr Deine weitere T\u00e4tigkeit auf diesem Gebiet w\u00fcnsche ich Dir viel Erfolg, viele, viele kleine und gro\u00dfe Leute, die von Deinen Kenntnissen profitieren wollen und weiterhin reichlich Spa\u00df an Deiner Arbeit.<br \/>\nMit freundlichen Gr\u00fc\u00dfen<br \/>\nHeike<\/p>\n<p>Heike S., Sanitz<\/p>\n<p>&#8230;\u00a0 Wir hatten Frau Knoop-L\u00fcbke bei uns ein Wochenende mit zwei Hunden zu Gast. Noch nie habe ich so entspannte, leise Hunde erlebt. Sie haben w\u00e4hrend der Zeit hier trotz der fremden Umgebung nicht einmal gebellt, geknurrt oder sonst einen Laut &#8211; au\u00dfer einem herzhaften G\u00e4hnen &#8211; von sich gegeben.\u00a0 &#8230;<\/p>\n<p>A. H.-R., Kiel<\/p>\n<p>&#8230; Als erstes habe ich gemerkt, dass du ein sehr gutes Konzept hast. Will sagen: du hast lange dran get\u00fcftelt und viel nachgedacht, wie du mit den Menschen umgehst. Denn die sind mit ihrem Verhalten meist die Problemverursacher. Das wurde mir schon in der ersten &#8222;Unterrichtsstunde&#8220; sonnenklar. Des weiteren merkt man sofort, dass die Tiere, in meinem Fall Hunde, gleich auf deine kompetente Art mit ihnen umzugehen, reagieren. Ich h\u00e4tte erstens nicht gedacht, dass ich so viele Fehler mache und zweitens dass die Hunde sogleich auf richtiges und konsequentes Verhalten reagieren. Ich habe gemerkt, wie wichtig deine Arbeit gerade im Bereich Familie ist, um das Zusammenleben von Mensch und Tier nicht nur ungef\u00e4hrlich sondern auch sch\u00f6n zu machen. Mit deiner ruhigen, freundlichen -nichts destotrotz hartn\u00e4ckigen- Art ist es angenehm mit dir zu arbeiten. Weiter so. Ich jedenfalls werde dich w\u00e4rmstens weiterempfehlen.<\/p>\n<p>lg\u00a0Olaf Roy, Klein Freienholz, anno domine 2012.<\/p>\n<p>&#8230;<\/p>\n<p><a href=\"http:\/\/mensch-tier-gemeinsam.de\/htdocs\/wp-content\/uploads\/2015\/03\/signe_tomka.png\"><img loading=\"lazy\" decoding=\"async\" class=\"  aligncenter wp-image-269\" src=\"http:\/\/mensch-tier-gemeinsam.de\/htdocs\/wp-content\/uploads\/2015\/03\/signe_tomka-300x72.png\" alt=\"signe_tomka\" width=\"600\" height=\"144\" srcset=\"https:\/\/mensch-tier-gemeinsam.de\/htdocs\/wp-content\/uploads\/2015\/03\/signe_tomka-300x72.png 300w, https:\/\/mensch-tier-gemeinsam.de\/htdocs\/wp-content\/uploads\/2015\/03\/signe_tomka.png 807w\" sizes=\"auto, (max-width: 600px) 100vw, 600px\" \/><\/a><\/p>\n<p>&#8230;<\/p>\n<p>Signe Winter, Rostock<\/p>\n<p>Deine Analyse meiner pers\u00f6nlichen Wirkung und Kommunikation bei der Arbeit hat \u00fcberraschend viel ergeben. Vor allem fand ich es spannend, wie viele Momente es in der Verhandlung gibt, denen man keine Beachtung schenkt, die man aber bewusst f\u00fcr die eigene Zielsetzung nutzen kann. Deine umfangreiche Kritik habe ich gern angenommen, da sie konstruktiv war. Bei der Umsetzung orientiere ich mich immer wieder an Deiner schriftlichen Auswertung. \u00a0Ich w\u00fcrde mich freuen, wenn wir das nach einiger Zeit wiederholen k\u00f6nnten, damit ich ein Feedback bekomme, wie mir die Umsetzung Deiner Vorschl\u00e4ge gelungen ist.\u00a0\u00a0 \u2026<\/p>\n<p><em>Dirk O., Rostock<\/em><\/p>\n<p>&#8230;\u00a0 Als wir Daria damals im Tierheim sahen, dachte ich, dass sie nicht vermittelbar ist, weil sie sich am liebsten versteckte. Sie wollte nicht zu Menschen. Sie war wie ein Wildtier. Deshalb konnte keiner ihren Charakter einsch\u00e4tzen. Aus diesen Gr\u00fcnden wollte ich sie nicht nehmen. (Du hast Dich f\u00fcr sie entschieden!) Ich konnte mir nicht vorstellen, wie man mit so einem Hund \u00fcberhaupt klarkommen kann. Als Du ihr irgendwann Verfilzungen aus dem Fell geschnitten hast, war ich erstaunt. Da konnte ich mir vorstellen, dass Du einen recht passablen Hund aus ihr machen k\u00f6nntest. Aber wenn ich Daria jetzt sehe, wei\u00df ich, was Du leisten kannst. Wenn mir damals jemand gesagt h\u00e4tte, dass Daria sich so entwickeln w\u00fcrde, wie sie jetzt ist, h\u00e4tte ich es nicht geglaubt. Wenn ich vor der Entscheidung stehen w\u00fcrde, mir einen Hund anzuschaffen, w\u00fcrde ich Dich bei Problemen immer zu Rate ziehen.\u00a0 &#8230;<\/p>\n<p>Bj\u00f6rn L\u00fcbke, Reppelin<\/p>\n<p>&#8230;\u00a0 Da ihr Drei ja Landbewohner seid, muss es besonders f\u00fcr Daria und Pixel eine sehr gro\u00dfe Umstellung gewesen sein, im Umfeld der Gro\u00dfstadt [Berlin]\u00a0mit ihrem ohrenbet\u00e4ubenden L\u00e4rm, den vielen Menschen und dem unabl\u00e4ssigen Verkehr zurecht zu kommen, was sie aber hervorragend gemeistert haben, nat\u00fcrlich in engem Zusammenspiel mit Frauchen, insbesondere beim \u00dcberqueren der Stra\u00dfen, in Gesch\u00e4ften, im ungewohnten Fahrstuhl, in der S-Bahn und dergleichen mehr. Wie ich beobachten konnte, wurden nie laute Befehle erteilt, ein leichtes Zeichen mit der Hand und Blickkontakt gen\u00fcgten. Die Wechselbeziehung zwischen Mensch und Tier war stark sp\u00fcrbar und hat mich sehr beeindruckt. Deshalb hoffe ich, dass du dein tiefes Verst\u00e4ndnis der Tiere und deine Gabe, mit diesen auf effektive und harmonische Weise zu kommunizieren, noch bei vielen verschiedenartigen Gelegenheiten wirst einsetzen k\u00f6nnen.\u00a0 &#8230;<\/p>\n<p>I.S., Berlin<\/p>\n<\/div>\n<div class=\"csColumnGap\" style=\"margin: 0px; padding: 0px; float: left; width: 1.04%;\"><img decoding=\"async\" src=\"http:\/\/mensch-tier-gemeinsam.de\/htdocs\/wp-content\/plugins\/advanced-wp-columns\/assets\/js\/plugins\/views\/img\/1x1-pixel.png\" alt=\"\" \/><\/div>\n<div class=\"csColumn\" style=\"margin: 0px; padding: 0px; float: left; width: 5.73%;\" data-csid=\"d0ad3caf-3b51-c2db-8814-b4a1d22ce421\" data-cswidth=\"5.73%\" data-csendpoint=\"945\" data-csstartpoint=\"890\"><\/div>\n<div class=\"csColumnGap\" style=\"margin: 0px; padding: 0px; float: left; width: 1.56%;\"><img decoding=\"async\" src=\"http:\/\/mensch-tier-gemeinsam.de\/htdocs\/wp-content\/plugins\/advanced-wp-columns\/assets\/js\/plugins\/views\/img\/1x1-pixel.png\" alt=\"\" \/><\/div>\n<div style=\"clear: both; float: none; display: block; visibility: hidden; width: 0px; font-size: 0px; line-height: 0;\"><\/div>\n<\/div>\n","protected":false},"excerpt":{"rendered":"<p>\u00dcber die\u00a0erfreulichen R\u00fcckmeldungen, Erfolgsgeschichten und Komplimente, die wir m\u00fcndlich und schriftlich bekommen, freue ich mich sehr. Vielleicht spreche ich es nicht immer aus, aber ich bin\u00a0jedes Mal\u00a0sehr dankbar daf\u00fcr, auch im Namen meiner Tiere. Wenngleich die Tiere den Wortlaut eines an sie gerichteten Komplimentes nicht verstehen, so sp\u00fcren sie sehr wohl die positive Empfindung. Einige [&hellip;]<\/p>\n","protected":false},"author":1,"featured_media":0,"parent":0,"menu_order":11,"comment_status":"closed","ping_status":"closed","template":"","meta":{"footnotes":""},"class_list":["post-49","page","type-page","status-publish","hentry"],"_links":{"self":[{"href":"https:\/\/mensch-tier-gemeinsam.de\/htdocs\/wp-json\/wp\/v2\/pages\/49","targetHints":{"allow":["GET"]}}],"collection":[{"href":"https:\/\/mensch-tier-gemeinsam.de\/htdocs\/wp-json\/wp\/v2\/pages"}],"about":[{"href":"https:\/\/mensch-tier-gemeinsam.de\/htdocs\/wp-json\/wp\/v2\/types\/page"}],"author":[{"embeddable":true,"href":"https:\/\/mensch-tier-gemeinsam.de\/htdocs\/wp-json\/wp\/v2\/users\/1"}],"replies":[{"embeddable":true,"href":"https:\/\/mensch-tier-gemeinsam.de\/htdocs\/wp-json\/wp\/v2\/comments?post=49"}],"version-history":[{"count":15,"href":"https:\/\/mensch-tier-gemeinsam.de\/htdocs\/wp-json\/wp\/v2\/pages\/49\/revisions"}],"predecessor-version":[{"id":3305,"href":"https:\/\/mensch-tier-gemeinsam.de\/htdocs\/wp-json\/wp\/v2\/pages\/49\/revisions\/3305"}],"wp:attachment":[{"href":"https:\/\/mensch-tier-gemeinsam.de\/htdocs\/wp-json\/wp\/v2\/media?parent=49"}],"curies":[{"name":"wp","href":"https:\/\/api.w.org\/{rel}","templated":true}]}}