{"id":55,"date":"2015-03-19T20:27:19","date_gmt":"2015-03-19T20:27:19","guid":{"rendered":"http:\/\/mensch-tier-gemeinsam.de\/htdocs\/?page_id=55"},"modified":"2015-03-21T08:30:49","modified_gmt":"2015-03-21T08:30:49","slug":"fuer-menschen-mit-hunden","status":"publish","type":"page","link":"https:\/\/mensch-tier-gemeinsam.de\/htdocs\/fuer-tierhalter\/fuer-menschen-mit-hunden\/","title":{"rendered":"F\u00fcr Menschen mit Hunden"},"content":{"rendered":"<div id=\"content-content\">\n<div id=\"content-content-inner\" class=\"container-content-inner\">\n<div id=\"widget-71163a8b-4307-4ea8-b0ee-5560c6b90c42\" class=\"widget widget-text\">\n<div class=\"widget-content\">\n<p>&nbsp;<\/p>\n<p>F\u00fcr Menschen mit Hunden<\/p>\n<p>&nbsp;<\/p>\n<ul>\n<li><a class=\" link\" title=\"Individuelle Beratungen f\u00fcr Menschen mit Hund\" href=\"http:\/\/mensch-tier-gemeinsam.de\/htdocs\/?page_id=62\">Individuelle Beratungen f\u00fcr Hundehalter:<\/a> zu Hause oder im Urlaub, f\u00fcr den Alltag oder f\u00fcr spezielle Situationen wie Silvester, Hunde und Katze, Hund im Boot<\/li>\n<\/ul>\n<p>&nbsp;<\/p>\n<ul>\n<li><a title=\"Veranstaltungen f\u00fcr Hundehalter\" href=\"http:\/\/mensch-tier-gemeinsam.de\/htdocs\/?page_id=59\">Veranstaltungen f\u00fcr Hundehalter:<\/a> Themenabende, Kurz-Seminare, Seminare<\/li>\n<\/ul>\n<\/div>\n<\/div>\n<\/div>\n<\/div>\n","protected":false},"excerpt":{"rendered":"<p>&nbsp; F\u00fcr Menschen mit Hunden &nbsp; Individuelle Beratungen f\u00fcr Hundehalter: zu Hause oder im Urlaub, f\u00fcr den Alltag oder f\u00fcr spezielle Situationen wie Silvester, Hunde und Katze, Hund im Boot &nbsp; Veranstaltungen f\u00fcr Hundehalter: Themenabende, Kurz-Seminare, Seminare<\/p>\n","protected":false},"author":1,"featured_media":0,"parent":31,"menu_order":0,"comment_status":"closed","ping_status":"closed","template":"page-templates\/full-width-wide.php","meta":{"footnotes":""},"class_list":["post-55","page","type-page","status-publish","hentry"],"_links":{"self":[{"href":"https:\/\/mensch-tier-gemeinsam.de\/htdocs\/wp-json\/wp\/v2\/pages\/55","targetHints":{"allow":["GET"]}}],"collection":[{"href":"https:\/\/mensch-tier-gemeinsam.de\/htdocs\/wp-json\/wp\/v2\/pages"}],"about":[{"href":"https:\/\/mensch-tier-gemeinsam.de\/htdocs\/wp-json\/wp\/v2\/types\/page"}],"author":[{"embeddable":true,"href":"https:\/\/mensch-tier-gemeinsam.de\/htdocs\/wp-json\/wp\/v2\/users\/1"}],"replies":[{"embeddable":true,"href":"https:\/\/mensch-tier-gemeinsam.de\/htdocs\/wp-json\/wp\/v2\/comments?post=55"}],"version-history":[{"count":3,"href":"https:\/\/mensch-tier-gemeinsam.de\/htdocs\/wp-json\/wp\/v2\/pages\/55\/revisions"}],"predecessor-version":[{"id":193,"href":"https:\/\/mensch-tier-gemeinsam.de\/htdocs\/wp-json\/wp\/v2\/pages\/55\/revisions\/193"}],"up":[{"embeddable":true,"href":"https:\/\/mensch-tier-gemeinsam.de\/htdocs\/wp-json\/wp\/v2\/pages\/31"}],"wp:attachment":[{"href":"https:\/\/mensch-tier-gemeinsam.de\/htdocs\/wp-json\/wp\/v2\/media?parent=55"}],"curies":[{"name":"wp","href":"https:\/\/api.w.org\/{rel}","templated":true}]}}