{"id":62,"date":"2015-03-19T20:32:29","date_gmt":"2015-03-19T20:32:29","guid":{"rendered":"http:\/\/mensch-tier-gemeinsam.de\/htdocs\/?page_id=62"},"modified":"2017-08-20T16:54:43","modified_gmt":"2017-08-20T16:54:43","slug":"62-2","status":"publish","type":"page","link":"https:\/\/mensch-tier-gemeinsam.de\/htdocs\/fuer-tierhalter\/fuer-menschen-mit-hunden\/62-2\/","title":{"rendered":"Individuelle Beratungen f\u00fcr Menschen mit Hund"},"content":{"rendered":"<div class=\"csRow\">\n<div class=\"csColumnGap\" style=\"margin: 0px; padding: 0px; float: left; width: 1.56%;\"><img decoding=\"async\" src=\"http:\/\/mensch-tier-gemeinsam.de\/htdocs\/wp-content\/plugins\/advanced-wp-columns\/assets\/js\/plugins\/views\/img\/1x1-pixel.png\" alt=\"\" \/><\/div>\n<div class=\"csColumn\" style=\"margin: 0px; padding: 0px; float: left; width: 20.8%;\" data-csid=\"9492f733-dffb-ed30-b6a3-1236307f8cfe\" data-cswidth=\"20.8%\" data-csendpoint=\"215\" data-csstartpoint=\"15\">\n<div id=\"column1-content\">\n<div id=\"column1-content-inner\" class=\"container-content-inner\">\n<div id=\"widget-a175b345-97b1-f787-ea48-b640d2c8308c\" class=\"widget widget-text\">\n<div class=\"widget-content\">\n<h2>Mensch und Hund<\/h2>\n<p>Individuelle Beratung <a class=\" link\" title=\"zu Hause\" href=\"http:\/\/mensch-tier-gemeinsam.de\/htdocs\/?page_id=112\">zu Hause<\/a><\/p>\n<p>Individuelle Beratung <a class=\" link\" title=\"intensiv und entspannt im Urlaub\" href=\"http:\/\/mensch-tier-gemeinsam.de\/htdocs\/?page_id=114\">im Urlaub<\/a><\/p>\n<p>Spezielles Thema: <a class=\" link\" title=\"Individuelle Beratung Sylvester mit \u2026\" href=\"http:\/\/mensch-tier-gemeinsam.de\/htdocs\/?page_id=69\">Silvester mit einem gelassenen Hund verbringen<\/a><\/p>\n<p>Spezielles Thema: <a class=\" link\" title=\"Ind. Beratung Hund und Katze\" href=\"http:\/\/mensch-tier-gemeinsam.de\/htdocs\/?page_id=71\">Hund und Katz&#8216;<\/a><\/p>\n<p>Spezielles Thema: <a class=\" link\" title=\"Ind. Beratung Hund im Boot\" href=\"http:\/\/mensch-tier-gemeinsam.de\/htdocs\/?page_id=73\">Hund im Boot<\/a><\/p>\n<p>Spezielles Thema: <a href=\"http:\/\/mensch-tier-gemeinsam.de\/htdocs\/fuer-tierhalter\/fuer-menschen-mit-hunden\/62-2\/hund-am-rad\/\">Hund am Rad<\/a><\/p>\n<\/div>\n<\/div>\n<\/div>\n<\/div>\n<\/div>\n<div class=\"csColumnGap\" style=\"margin: 0px; padding: 0px; float: left; width: 1.15%;\"><img decoding=\"async\" src=\"http:\/\/mensch-tier-gemeinsam.de\/htdocs\/wp-content\/plugins\/advanced-wp-columns\/assets\/js\/plugins\/views\/img\/1x1-pixel.png\" alt=\"\" \/><\/div>\n<div class=\"csColumn\" style=\"margin: 0px; padding: 0px; float: left; width: 53%;\" data-csid=\"267e3c40-ea34-8078-afd1-73ce00da5d21\" data-cswidth=\"53.0%\" data-csendpoint=\"735\" data-csstartpoint=\"226\">\n<p>&nbsp;<\/p>\n<div id=\"content-content\">\n<div id=\"content-content-inner\" class=\"container-content-inner\">\n<div id=\"widget-f6aba05f-91f9-4d94-a525-d75c40020ef7\" class=\"widget widget-text\">\n<div class=\"widget-content\">\n<h1 style=\"text-align: center;\">Verbesserung der Lebensqualit\u00e4t von Mensch und Hund<\/h1>\n<p style=\"text-align: justify;\">Wenn Mensch und\u00a0Hund <span style=\"font-size: 14px; font-weight: bold;\">Alltagssituationen gelassen meistern<\/span>, ist das Zusammenleben angenehm. Manchmal liegt jedoch ein Problem vor oder eine bestimmte Verhaltensweise des Tieres,\u00a0die zwar eigentlich harmlos ist, Ihnen aber immer und immer wieder auf die Nerven geht. Oder Sie sind zufrieden, m\u00f6chten aber Ihrem Hund etwas Gutes tun oder wollen ihn &#8222;einfach nur&#8220; besser verstehen. Dann ist eine Beratung\u00a0sinnvoll, um die Lebensqualit\u00e4t von Mensch und\u00a0Hund zu verbessern.<\/p>\n<p style=\"text-align: center;\"><span style=\"font-size: 16px; font-weight: bold;\">Individuelle Beratung f\u00fcr Menschen mit Hund<\/span><\/p>\n<p>Die <span style=\"font-size: 14px; font-weight: bold;\">Beratung f\u00fcr Menschen mit Hund <\/span>beginnt stets dort, wo Mensch und Hund leben, wo sich also die Grundlage des Zusammenlebens befindet, die Basis der Beziehung. Grunds\u00e4tzlich ist dies <span style=\"font-size: 14px; font-weight: bold;\">keine Hundeschule <\/span>und <span style=\"font-size: 14px; font-weight: bold;\">keine herk\u00f6mmliche Hundeerziehung<\/span>, wo bestimmte Kommandos, Abl\u00e4ufe und Situationen ge\u00fcbt werden. In meinen Beratungen zeige ich Ihnen, wie Sie die Beziehung zu Ihrem Hund derart gestalten k\u00f6nnen, dass sich <span style=\"font-size: 14px; font-weight: bold;\">Ihr Hund auf Sie verl\u00e4sst, sich dadurch entspannen kann und Ihnen voller Vertrauen \u00fcberallhin folgt. <\/span>Zun\u00e4chst \u00e4u\u00dfern Sie Ihre W\u00fcnsche, wie Sie das Zusammenleben gern h\u00e4tten. Das weitere Vorgehen wird <span style=\"font-size: 14px; font-weight: bold;\">individuell<\/span> auf Sie und Ihr Tier abgestimmt. Es gibt <span style=\"font-size: 14px; font-weight: bold;\">immer mehrere M\u00f6glichkeiten<\/span>, die ich Ihnen vorschlage.<\/p>\n<p style=\"text-align: justify;\">\u00a0\u00a0<img loading=\"lazy\" decoding=\"async\" id=\"mce-6082\" style=\"display: block; margin-left: auto; margin-right: auto;\" title=\"Frauchen ist im Gesch\u00e4ft.\" src=\"..\/..\/..\/..\/..\/..\/..\/..\/attachments\/Image\/hBild066_kompr.jpg?template=generic&amp;header=headers1&amp;button=buttons1\" alt=\"Frauchen ist im Gesch\u00e4ft.\" width=\"400\" height=\"300\" \/><\/p>\n<p style=\"text-align: justify;\">Diese Hunde haben das tiefe Vertrauen, dass ihre Rudelf\u00fchrerin sie wieder abholen wird.\u00a0 \u00dcbrigens: Alle vier sind Tierheim-Hunde bzw. aus 2. Hand mit teilweise schlechten Erfahrungen. Zur Vertrauensbildung ist es nie zu sp\u00e4t.<\/p>\n<p>\u00a0<img loading=\"lazy\" decoding=\"async\" id=\"mce-1907\" style=\"display: block; margin-left: auto; margin-right: auto;\" src=\"..\/..\/..\/..\/..\/..\/..\/..\/attachments\/Image\/_wir5_kompr.jpg?template=generic&amp;header=headers1&amp;button=buttons1\" alt=\"\" width=\"400\" height=\"337\" \/><\/p>\n<p>Wenn klar ist, an welchem Ende der Leine die Entscheidungen getroffen werden, dann k\u00f6nnen gern ein paar Hunde mehr zum Spaziergang mitgenommen werden.<\/p>\n<p><img loading=\"lazy\" decoding=\"async\" id=\"mce-6007\" style=\"display: block; margin-left: auto; margin-right: auto;\" title=\"Pause zwischen Spaziergang und Heimfahrt - ausgeglichene Hunde\" src=\"..\/..\/..\/..\/..\/..\/..\/..\/attachments\/Image\/hBild061_kompr.jpg?template=generic&amp;header=headers1&amp;button=buttons1\" alt=\"Pause zwischen Spaziergang und Heimfahrt - ausgeglichene Hunde\" width=\"400\" height=\"300\" \/><\/p>\n<p style=\"text-align: justify;\">Den Hunden wurde gezeigt, dass sie sich in diesem Bereich neben dem Auto aufhalten sollen. Ob sie stehen, sitzen oder liegen, k\u00f6nnen sie frei entscheiden. Entspannte Hunde legen sich von selbst hin.<\/p>\n<p style=\"text-align: justify;\">\u00a0<img loading=\"lazy\" decoding=\"async\" id=\"mce-7459\" style=\"display: block; margin-left: auto; margin-right: auto;\" title=\"gelassen Auto fahren\" src=\"..\/..\/..\/..\/..\/..\/..\/..\/attachments\/Image\/DSCF0641_kompr.jpg?template=generic&amp;header=headers1&amp;button=buttons1\" alt=\"gelassen Auto fahren\" width=\"400\" height=\"300\" \/><\/p>\n<p style=\"text-align: justify;\">Wenn ein Hund gern und ruhig im Auto mitf\u00e4hrt, erleichtert es viele Alltagssituationen.<\/p>\n<\/div>\n<\/div>\n<\/div>\n<\/div>\n<p><span style=\"font-weight: bold; font-size: 16px;\">\u00a0<\/span><\/p>\n<\/div>\n<div class=\"csColumnGap\" style=\"margin: 0px; padding: 0px; float: left; width: 1.04%;\"><img decoding=\"async\" src=\"http:\/\/mensch-tier-gemeinsam.de\/htdocs\/wp-content\/plugins\/advanced-wp-columns\/assets\/js\/plugins\/views\/img\/1x1-pixel.png\" alt=\"\" \/><\/div>\n<div class=\"csColumn\" style=\"margin: 0px; padding: 0px; float: left; width: 20.8%;\" data-csid=\"3ab53b85-5b88-eca6-a1c7-635ffec82333\" data-cswidth=\"20.8%\" data-csendpoint=\"945\" data-csstartpoint=\"745\">\n<p><span style=\"font-size: 14px; font-weight: bold;\">Beispiel<\/span>: Ihr <span style=\"font-size: 14px; font-weight: bold;\">Hund bellt <\/span>im Garten einen fremden Hund an, der auf der anderen Seite des Zaunes an Ihrem Grundst\u00fcck vorbeigeht. Sie sagen &#8222;Aus!&#8220;, &#8222;Nein!&#8220;, &#8222;Bello, Schluss jetzt!&#8220;. Bello bellt weiter. Sie schimpfen: &#8222;Ich hab&#8216; Dir schon hundert mal gesagt, Du brauchst nicht bellen, Bello! Aus!&#8220;. Bello h\u00f6rt, dass Sie in sein Gebell eingestimmt haben. &#8222;Herrchen bellt auch. Prima. Dann mach&#8216; ich mal weiter.&#8220; Und Bello bellt weiter.<\/p>\n<p>&nbsp;<\/p>\n<p><span style=\"font-size: 14px; font-weight: bold;\">Spezialgebiete:<\/span><\/p>\n<p>&#8211; \u00e4ngstliche, unsichere\u00a0Hunde<\/p>\n<p>&#8211; unruhige, lebhafte, &#8222;hyperaktive&#8220; Hunde<\/p>\n<p>&#8211; alte und\/ oder kranke Hunde<\/p>\n<p>&#8211; Hunde, die keine Leine, keine geschlossenen R\u00e4ume, keine Autos\u00a0o.\u00e4. kennen<\/p>\n<p>&#8211; k\u00f6rperlich beeintr\u00e4chtigte Hundehalter<\/p>\n<p>&#8211; psychisch beeintr\u00e4chtigte Hundehalter<\/p>\n<\/div>\n<div class=\"csColumnGap\" style=\"margin: 0px; padding: 0px; float: left; width: 1.56%;\"><img decoding=\"async\" src=\"http:\/\/mensch-tier-gemeinsam.de\/htdocs\/wp-content\/plugins\/advanced-wp-columns\/assets\/js\/plugins\/views\/img\/1x1-pixel.png\" alt=\"\" \/><\/div>\n<div style=\"clear: both; float: none; display: block; visibility: hidden; width: 0px; font-size: 0px; line-height: 0;\"><\/div>\n<\/div>\n<p>&nbsp;<\/p>\n","protected":false},"excerpt":{"rendered":"<p>Mensch und Hund Individuelle Beratung zu Hause Individuelle Beratung im Urlaub Spezielles Thema: Silvester mit einem gelassenen Hund verbringen Spezielles Thema: Hund und Katz&#8216; Spezielles Thema: Hund im Boot Spezielles Thema: Hund am Rad &nbsp; Verbesserung der Lebensqualit\u00e4t von Mensch und Hund Wenn Mensch und\u00a0Hund Alltagssituationen gelassen meistern, ist das Zusammenleben angenehm. Manchmal liegt jedoch [&hellip;]<\/p>\n","protected":false},"author":1,"featured_media":0,"parent":55,"menu_order":1,"comment_status":"closed","ping_status":"closed","template":"","meta":{"footnotes":""},"class_list":["post-62","page","type-page","status-publish","hentry"],"_links":{"self":[{"href":"https:\/\/mensch-tier-gemeinsam.de\/htdocs\/wp-json\/wp\/v2\/pages\/62","targetHints":{"allow":["GET"]}}],"collection":[{"href":"https:\/\/mensch-tier-gemeinsam.de\/htdocs\/wp-json\/wp\/v2\/pages"}],"about":[{"href":"https:\/\/mensch-tier-gemeinsam.de\/htdocs\/wp-json\/wp\/v2\/types\/page"}],"author":[{"embeddable":true,"href":"https:\/\/mensch-tier-gemeinsam.de\/htdocs\/wp-json\/wp\/v2\/users\/1"}],"replies":[{"embeddable":true,"href":"https:\/\/mensch-tier-gemeinsam.de\/htdocs\/wp-json\/wp\/v2\/comments?post=62"}],"version-history":[{"count":5,"href":"https:\/\/mensch-tier-gemeinsam.de\/htdocs\/wp-json\/wp\/v2\/pages\/62\/revisions"}],"predecessor-version":[{"id":1778,"href":"https:\/\/mensch-tier-gemeinsam.de\/htdocs\/wp-json\/wp\/v2\/pages\/62\/revisions\/1778"}],"up":[{"embeddable":true,"href":"https:\/\/mensch-tier-gemeinsam.de\/htdocs\/wp-json\/wp\/v2\/pages\/55"}],"wp:attachment":[{"href":"https:\/\/mensch-tier-gemeinsam.de\/htdocs\/wp-json\/wp\/v2\/media?parent=62"}],"curies":[{"name":"wp","href":"https:\/\/api.w.org\/{rel}","templated":true}]}}