{"id":65,"date":"2015-03-19T20:35:58","date_gmt":"2015-03-19T20:35:58","guid":{"rendered":"http:\/\/mensch-tier-gemeinsam.de\/htdocs\/?page_id=65"},"modified":"2015-03-25T13:08:07","modified_gmt":"2015-03-25T13:08:07","slug":"individuelle-beratung-zu-hause","status":"publish","type":"page","link":"https:\/\/mensch-tier-gemeinsam.de\/htdocs\/fuer-tierhalter\/fuer-menschen-mit-hunden\/62-2\/individuelle-beratung-zu-hause\/","title":{"rendered":"Individuelle Beratung zu Hause"},"content":{"rendered":"<div class=\"csRow\">\n<div class=\"csColumnGap\" style=\"margin: 0px; padding: 0px; float: left; width: 1.56%;\"><img decoding=\"async\" src=\"http:\/\/mensch-tier-gemeinsam.de\/htdocs\/wp-content\/plugins\/advanced-wp-columns\/assets\/js\/plugins\/views\/img\/1x1-pixel.png\" alt=\"\" \/><\/div>\n<div class=\"csColumn\" style=\"margin: 0px; padding: 0px; float: left; width: 20.8%;\" data-csid=\"fa27f578-d3a5-2fdf-b6c3-6424cddfdaad\" data-cswidth=\"20.8%\" data-csendpoint=\"215\" data-csstartpoint=\"15\"><\/div>\n<div class=\"csColumn\" style=\"margin: 0px; padding: 0px; float: left; width: 54.2%;\" data-csid=\"5920d125-1e49-ecba-ad6f-5f0b40b3af7f\" data-cswidth=\"54.2%\" data-csendpoint=\"735\" data-csstartpoint=\"215\">\n<p style=\"text-align: center;\"><span style=\"font-weight: bold; font-size: 16px;\">Individuelle Beratung zu Hause<\/span><\/p>\n<p>&nbsp;<\/p>\n<p>M\u00f6chten Sie<\/p>\n<ul>\n<li>Ihren Hund besser <span style=\"font-size: 14px; font-weight: bold;\">verstehen<\/span>?<\/li>\n<li><span style=\"font-size: 14px; font-weight: bold;\">vorsorglich<\/span> bez\u00fcglich einer bestimmten Situation beraten werden? Z. B. bevor Sie einen Hund anschaffen, bevor Ihr Hund altert, bevor ein weiterer Hund dazu kommt, bevor das Kind geboren wird?<\/li>\n<li>in der <span style=\"font-size: 14px; font-weight: bold;\">Beziehung<\/span> zwischen Ihnen und Ihrem Hund etwas ver\u00e4ndern?<\/li>\n<li>ein <span style=\"font-size: 14px; font-weight: bold;\">Problem<\/span> l\u00f6sen?<\/li>\n<li>Ihren Hund in mehr Situationen <span style=\"font-size: 14px; font-weight: bold;\">integrieren<\/span> k\u00f6nnen?<\/li>\n<\/ul>\n<p>Die erste Individuelle Beratung findet bei Ihnen zu Hause statt, die zweite normalerweise auch. Meistens geht es bei der dritten um Leinenf\u00fchrigkeit und danach um spezielle Situationen, falls solche W\u00fcnsche vorliegen. Manchmal gibt es Gr\u00fcnde beim Menschen oder beim Hund, die einen anderen <span style=\"font-size: 14px; font-weight: bold;\">Ablauf<\/span> sinnvoll machen.<\/p>\n<p>Den Ablauf, die zeiltichen Abst\u00e4nde zwischen den Terminen und die H\u00e4ufigkeit <span style=\"font-size: 14px; font-weight: bold;\">schlage ich Ihnen aus meinen Erfahrungen heraus vor<\/span>. Ich sch\u00e4tze ein, was m\u00f6glich ist. <span style=\"font-size: 14px; font-weight: bold;\">Sie entscheiden<\/span>, was Sie wie m\u00f6chten. Ganz individuell.<\/p>\n<\/div>\n<div class=\"csColumnGap\" style=\"margin: 0px; padding: 0px; float: left; width: 0.938%;\"><img decoding=\"async\" src=\"http:\/\/mensch-tier-gemeinsam.de\/htdocs\/wp-content\/plugins\/advanced-wp-columns\/assets\/js\/plugins\/views\/img\/1x1-pixel.png\" alt=\"\" \/><\/div>\n<div class=\"csColumn\" style=\"margin: 0px; padding: 0px; float: left; width: 20.9%;\" data-csid=\"1adfd898-8b2f-ebce-9ee6-ea6b2ecf5f99\" data-cswidth=\"20.9%\" data-csendpoint=\"945\" data-csstartpoint=\"744\">\n<p>Hier finden Sie <span style=\"font-weight: bold; font-size: 14px;\">Beispiele <\/span>f\u00fcr<\/p>\n<p><a class=\" link\" title=\"Individuelle Beratungen f\u00fcr H\u00fchnerhalter\" href=\"http:\/\/mensch-tier-gemeinsam.de\/htdocs\/?page_id=133\">Alltagssituationen<\/a> und<\/p>\n<p><a class=\" link\" title=\"intensiv und entspannt im Urlaub\" href=\"http:\/\/mensch-tier-gemeinsam.de\/htdocs\/?page_id=114\">Urlaubssituationen<\/a>.<\/p>\n<\/div>\n<div class=\"csColumnGap\" style=\"margin: 0px; padding: 0px; float: left; width: 1.56%;\"><img decoding=\"async\" src=\"http:\/\/mensch-tier-gemeinsam.de\/htdocs\/wp-content\/plugins\/advanced-wp-columns\/assets\/js\/plugins\/views\/img\/1x1-pixel.png\" alt=\"\" \/><\/div>\n<div style=\"clear: both; float: none; display: block; visibility: hidden; width: 0px; font-size: 0px; line-height: 0;\"><\/div>\n<\/div>\n<p>&nbsp;<\/p>\n","protected":false},"excerpt":{"rendered":"<p>Individuelle Beratung zu Hause &nbsp; M\u00f6chten Sie Ihren Hund besser verstehen? vorsorglich bez\u00fcglich einer bestimmten Situation beraten werden? Z. B. bevor Sie einen Hund anschaffen, bevor Ihr Hund altert, bevor ein weiterer Hund dazu kommt, bevor das Kind geboren wird? in der Beziehung zwischen Ihnen und Ihrem Hund etwas ver\u00e4ndern? ein Problem l\u00f6sen? Ihren Hund [&hellip;]<\/p>\n","protected":false},"author":1,"featured_media":0,"parent":62,"menu_order":2,"comment_status":"closed","ping_status":"closed","template":"","meta":{"footnotes":""},"class_list":["post-65","page","type-page","status-publish","hentry"],"_links":{"self":[{"href":"https:\/\/mensch-tier-gemeinsam.de\/htdocs\/wp-json\/wp\/v2\/pages\/65","targetHints":{"allow":["GET"]}}],"collection":[{"href":"https:\/\/mensch-tier-gemeinsam.de\/htdocs\/wp-json\/wp\/v2\/pages"}],"about":[{"href":"https:\/\/mensch-tier-gemeinsam.de\/htdocs\/wp-json\/wp\/v2\/types\/page"}],"author":[{"embeddable":true,"href":"https:\/\/mensch-tier-gemeinsam.de\/htdocs\/wp-json\/wp\/v2\/users\/1"}],"replies":[{"embeddable":true,"href":"https:\/\/mensch-tier-gemeinsam.de\/htdocs\/wp-json\/wp\/v2\/comments?post=65"}],"version-history":[{"count":2,"href":"https:\/\/mensch-tier-gemeinsam.de\/htdocs\/wp-json\/wp\/v2\/pages\/65\/revisions"}],"predecessor-version":[{"id":212,"href":"https:\/\/mensch-tier-gemeinsam.de\/htdocs\/wp-json\/wp\/v2\/pages\/65\/revisions\/212"}],"up":[{"embeddable":true,"href":"https:\/\/mensch-tier-gemeinsam.de\/htdocs\/wp-json\/wp\/v2\/pages\/62"}],"wp:attachment":[{"href":"https:\/\/mensch-tier-gemeinsam.de\/htdocs\/wp-json\/wp\/v2\/media?parent=65"}],"curies":[{"name":"wp","href":"https:\/\/api.w.org\/{rel}","templated":true}]}}