{"id":67,"date":"2015-03-19T20:38:06","date_gmt":"2015-03-19T20:38:06","guid":{"rendered":"http:\/\/mensch-tier-gemeinsam.de\/htdocs\/?page_id=67"},"modified":"2015-03-25T13:08:21","modified_gmt":"2015-03-25T13:08:21","slug":"intensiv-beratung-im-urlaub-an-einem-wochenende","status":"publish","type":"page","link":"https:\/\/mensch-tier-gemeinsam.de\/htdocs\/fuer-tierhalter\/fuer-menschen-mit-hunden\/62-2\/intensiv-beratung-im-urlaub-an-einem-wochenende\/","title":{"rendered":"Intensiv-Beratung im Urlaub\/ an einem Wochenende"},"content":{"rendered":"<div class=\"csRow\">\n<div class=\"csColumnGap\" style=\"margin: 0px; padding: 0px; float: left; width: 1.56%;\"><img decoding=\"async\" src=\"http:\/\/mensch-tier-gemeinsam.de\/htdocs\/wp-content\/plugins\/advanced-wp-columns\/assets\/js\/plugins\/views\/img\/1x1-pixel.png\" alt=\"\" \/><\/div>\n<div class=\"csColumn\" style=\"margin: 0px; padding: 0px; float: left; width: 20.7%;\" data-csid=\"d609e195-e70d-3a80-b2c8-1472b7d7776f\" data-cswidth=\"20.7%\" data-csendpoint=\"214\" data-csstartpoint=\"15\">\n<p><span style=\"font-size: 14px; font-weight: bold;\">Intensiv-Beratung, organisatorischer Ablauf:<\/span><\/p>\n<p>In einem Telefonat oder per e-Mail wird die Ausgangssituation erl\u00e4utert. Aus Ihren W\u00fcnschen heraus legen Sie Ihr Ziel fest. Auf Grundlage des von mir gesch\u00e4tzten Umfangs an notwendigen Beratungen und der von Ihnen vorgegebenen zeitlichen M\u00f6glichkeiten erstelle ich Ihnen dann ein unverbindliches Angebot.<\/p>\n<p>Sagt Ihnen das Angebot zu, legen wir Termine fest.<\/p>\n<p>Auch nach der Intensiv-Beratung bin ich f\u00fcr Sie da, wenn Sie Fragen haben. Ich werde Sie und Ihren Hund gut genug kennengelernt haben, um die meisten Fragen per Telefon oder e-Mail beantworten zu k\u00f6nnen.<\/p>\n<\/div>\n<div class=\"csColumnGap\" style=\"margin: 0px; padding: 0px; float: left; width: 1.15%;\"><img decoding=\"async\" src=\"http:\/\/mensch-tier-gemeinsam.de\/htdocs\/wp-content\/plugins\/advanced-wp-columns\/assets\/js\/plugins\/views\/img\/1x1-pixel.png\" alt=\"\" \/><\/div>\n<div class=\"csColumn\" style=\"margin: 0px; padding: 0px; float: left; width: 53.2%;\" data-csid=\"8ec0a4da-e922-e254-8d5e-6caa3ad00072\" data-cswidth=\"53.2%\" data-csendpoint=\"736\" data-csstartpoint=\"225\">\n<div id=\"content-content\">\n<div id=\"content-content-inner\" class=\"container-content-inner\">\n<div id=\"widget-57a9856d-1621-438a-b6e1-b72b44886e09\" class=\"widget widget-text\">\n<div class=\"widget-content\">\n<h1 style=\"text-align: center;\">Intensiv-Beratung im Urlaub\/ an einem Wochenende<\/h1>\n<p>Die Urlaubssituation bietet eine entspannte Grundstimmung, Ruhe\u00a0und Zeit. Gleichzeitig gibt es im Urlaub spezielle Situationen, die mitunter ein unerw\u00fcnschtes Verhalten des Hundes hervorrufen. Darum bietet es sich gerade <span style=\"font-size: 14px; font-weight: bold;\">im Urlaub<\/span>\u00a0an,\u00a0das <span style=\"font-size: 14px; font-weight: bold;\">Mensch-Hund-Verh\u00e4ltnis <\/span>nach Ihren W\u00fcnschen zu <span style=\"font-size: 14px; font-weight: bold;\">verbessern<\/span>. Das kann so aussehen, dass die Beratung auf eine bestimmte Situation (siehe Beispiele rechts) oder auf eine Rundum-Verbesserung Ihres Zusammenlebens, <span style=\"font-size: 14px; font-weight: bold;\">z. B. entspannter Hund in 2 Wochen<\/span>, ausgerichtet ist.<\/p>\n<p>Die Intensiv-Beratung im Urlaub\/ an einem Wochenende wird entweder bei Ihnen <span style=\"font-size: 14px; font-weight: bold;\">zu Hause<\/span> oder an Ihrem <span style=\"font-size: 14px; font-weight: bold;\">Urlaubsort<\/span> durchgef\u00fchrt. Sie ist sowohl f\u00fcr Menschen, die in kurzer Zeit sehr viel erreichen wollen, geeignet wie f\u00fcr Menschen, die bei sich zu Hause keine gleichwertige Beratung bekommen und hier die Beratung mit Urlaub in einer landschaftlich reizvollen Region verbinden wollen.<\/p>\n<p>Zugegeben, mit der Intensiv-Beratung ist es f\u00fcr Sie kein Erholungsurlaub. Es wird zu einem <span style=\"font-weight: bold; font-size: 14px;\">Aktiv-Urlaub<\/span>, der Ihnen das restliche Jahr Erholung mit einem entspannten Hund erm\u00f6glicht. Lediglich die Festigung der neuen Verhaltensweisen m\u00fcssen sie hinterher noch durchf\u00fchren.<\/p>\n<p>Tage und Uhrzeiten werden selbstverst\u00e4ndlich f\u00fcr <span style=\"font-size: 14px; font-weight: bold;\">Fr\u00fchaufsteher und Langschl\u00e4fer\u00a0<\/span>individuell abgesprochen. Ebenso legen Sie selbst die<span style=\"font-size: 14px; font-weight: bold;\"> Intensit\u00e4t<\/span> fest ( z. B. Samstag und Sonntag je 2 Individuelle Beratungen oder 5 Tage jeweils 1 Individuelle Beratung oder 2 Tage \u00e0 4 Individuelle Beratungen oder &#8230;).<\/p>\n<p>Gern bin ich Ihnen bei der <span style=\"font-size: 14px; font-weight: bold;\">Vermittlung der Unterkunft<\/span> behilflich. Beispielsweise sind Sie im <a class=\" link\" href=\"http:\/\/www.recknitztal-hotel.de\/hotel.html\" target=\"_blank\">Recknitztal-Hotel****<\/a>\u00a0mit Ihrem Hund willkommen.<\/p>\n<ul>\n<li>F\u00fcr Hundehalter finde ich das <a class=\" link\" href=\"http:\/\/www.recknitz-tourist-marlow.de\/\" target=\"_blank\">&#8222;Haus am Wald&#8220; in Behrenwalde<\/a> besonders gut geeignet: gro\u00dfes Haus, eingez\u00e4untes rel. gro\u00dfes Grundst\u00fcck. Bei Schmuddelwetter kann man den Hund durch den ger\u00e4umigen Hauswirtschaftsraum ins Haus bringen. Auch f\u00fcr Hunde geeignet, die <span style=\"font-size: 14px; font-weight: bold;\">NOCH viel bellen<\/span> und solche, die <span style=\"font-weight: bold; font-size: 14px;\">NOCH keine anderen Hunde m\u00f6gen.<\/span><\/li>\n<\/ul>\n<p>\u00dcberhaupt gibt es in der <a class=\" link\" href=\"http:\/\/vogelparkregion-recknitztal.tv-fdz.de\/\" target=\"_blank\">Vogelparkregion Recknitztal<\/a> viele <span style=\"font-size: 14px; font-weight: bold;\">Unterkunfts- und Freizeitm\u00f6glichkeiten<\/span> f\u00fcr Mensch und Hund. Der <a class=\" link\" href=\"http:\/\/www.vogelpark-marlow.de\/pages\/Home.php\" target=\"_blank\">Vogelpark Marlow<\/a>, der <a class=\" link\" href=\"http:\/\/www.kanuverleih-marlow.info\/\" target=\"_blank\">Wasserwanderrastplatz Marlow<\/a>\u00a0u.v.m. bieten \u00dcbungsgelegenheiten f\u00fcr bestimmte Situationen.<\/p>\n<p>&nbsp;<\/p>\n<p><img loading=\"lazy\" decoding=\"async\" id=\"mce-601\" style=\"float: left; margin-right: 10px;\" title=\"Im Eis-Caf\u00e9: Mit vier Hunden braucht man etwas mehr Platz.\" src=\"..\/..\/..\/..\/..\/..\/..\/..\/attachments\/Image\/hBild056_eis_kompr.jpg?template=generic&amp;header=headers1&amp;button=buttons1\" alt=\"Im Eis-Caf\u00e9: Mit vier Hunden braucht man etwas mehr Platz.\" width=\"448\" height=\"336\" \/><\/p>\n<p>&nbsp;<\/p>\n<p>Im Eis-Caf\u00e9:<\/p>\n<p>Mit vier Hunden braucht man etwas mehr Platz.<\/p>\n<p>&nbsp;<\/p>\n<p>&nbsp;<\/p>\n<p>&nbsp;<\/p>\n<p>&nbsp;<\/p>\n<p>&nbsp;<\/p>\n<p>&nbsp;<\/p>\n<p>&nbsp;<\/p>\n<p>&nbsp;<\/p>\n<p><img loading=\"lazy\" decoding=\"async\" id=\"mce-4199\" style=\"margin-right: 20px; float: right; margin-left: 10px;\" title=\"Spa\u00df am strand\" src=\"..\/..\/..\/..\/..\/..\/..\/..\/attachments\/Image\/spass_am_strand.jpg?template=generic&amp;header=headers1&amp;button=buttons1\" alt=\"Spa\u00df am strand\" width=\"600\" height=\"485\" \/><\/p>\n<p>&nbsp;<\/p>\n<p>&nbsp;<\/p>\n<p>&nbsp;<\/p>\n<p>Spa\u00df am Strand<\/p>\n<\/div>\n<\/div>\n<\/div>\n<\/div>\n<\/div>\n<div class=\"csColumnGap\" style=\"margin: 0px; padding: 0px; float: left; width: 0.938%;\"><img decoding=\"async\" src=\"http:\/\/mensch-tier-gemeinsam.de\/htdocs\/wp-content\/plugins\/advanced-wp-columns\/assets\/js\/plugins\/views\/img\/1x1-pixel.png\" alt=\"\" \/><\/div>\n<div class=\"csColumn\" style=\"margin: 0px; padding: 0px; float: left; width: 20.8%;\" data-csid=\"0bd47cc3-2eef-cf9f-91b8-369ff3c4c221\" data-cswidth=\"20.8%\" data-csendpoint=\"945\" data-csstartpoint=\"745\">\n<p><span style=\"font-size: 14px; font-weight: bold;\">Beispiele <span style=\"font-weight: normal; font-size: 13px;\">f\u00fcr typische Urlaubssituationen:<\/span><\/span><\/p>\n<p>&#8211; Unruhe in <span style=\"font-size: 14px; font-weight: bold;\">fremder Umgebung<\/span><\/p>\n<p>&#8211; Besitzanspruch \u00fcber das gesamte <span style=\"font-size: 14px; font-weight: bold;\">Restaurant\/ Hotel<\/span><\/p>\n<p>&#8211; Unsicherheit (des Hundes oder des Menschen) bei vielen tobenden Hunden <span style=\"font-size: 14px; font-weight: bold;\">am Strand<\/span><\/p>\n<p>&#8211; Herrchen und Frauchen freuen sich auf eine <span style=\"font-size: 14px; font-weight: bold;\">Kanu-Tour<\/span>, aber der Hund ist wasserscheu. (siehe &#8222;<a class=\" link\" title=\"Ind. Beratung Hund im Boot\" href=\"http:\/\/mensch-tier-gemeinsam.de\/htdocs\/?page_id=73\">Hund im Boot<\/a>&#8222;)<\/p>\n<p>&#8211; Im <span style=\"font-size: 14px; font-weight: bold;\">Tierpark<\/span> freut sich Bello ganz wahnsinnig \u00fcber die dort lebenden Tiere.<\/p>\n<p>&#8211; &#8230;<\/p>\n<\/div>\n<div class=\"csColumnGap\" style=\"margin: 0px; padding: 0px; float: left; width: 1.56%;\"><img decoding=\"async\" src=\"http:\/\/mensch-tier-gemeinsam.de\/htdocs\/wp-content\/plugins\/advanced-wp-columns\/assets\/js\/plugins\/views\/img\/1x1-pixel.png\" alt=\"\" \/><\/div>\n<div style=\"clear: both; float: none; display: block; visibility: hidden; width: 0px; font-size: 0px; line-height: 0;\"><\/div>\n<\/div>\n<p>&nbsp;<\/p>\n","protected":false},"excerpt":{"rendered":"<p>Intensiv-Beratung, organisatorischer Ablauf: In einem Telefonat oder per e-Mail wird die Ausgangssituation erl\u00e4utert. Aus Ihren W\u00fcnschen heraus legen Sie Ihr Ziel fest. Auf Grundlage des von mir gesch\u00e4tzten Umfangs an notwendigen Beratungen und der von Ihnen vorgegebenen zeitlichen M\u00f6glichkeiten erstelle ich Ihnen dann ein unverbindliches Angebot. Sagt Ihnen das Angebot zu, legen wir Termine fest. [&hellip;]<\/p>\n","protected":false},"author":1,"featured_media":0,"parent":62,"menu_order":3,"comment_status":"closed","ping_status":"closed","template":"","meta":{"footnotes":""},"class_list":["post-67","page","type-page","status-publish","hentry"],"_links":{"self":[{"href":"https:\/\/mensch-tier-gemeinsam.de\/htdocs\/wp-json\/wp\/v2\/pages\/67","targetHints":{"allow":["GET"]}}],"collection":[{"href":"https:\/\/mensch-tier-gemeinsam.de\/htdocs\/wp-json\/wp\/v2\/pages"}],"about":[{"href":"https:\/\/mensch-tier-gemeinsam.de\/htdocs\/wp-json\/wp\/v2\/types\/page"}],"author":[{"embeddable":true,"href":"https:\/\/mensch-tier-gemeinsam.de\/htdocs\/wp-json\/wp\/v2\/users\/1"}],"replies":[{"embeddable":true,"href":"https:\/\/mensch-tier-gemeinsam.de\/htdocs\/wp-json\/wp\/v2\/comments?post=67"}],"version-history":[{"count":2,"href":"https:\/\/mensch-tier-gemeinsam.de\/htdocs\/wp-json\/wp\/v2\/pages\/67\/revisions"}],"predecessor-version":[{"id":213,"href":"https:\/\/mensch-tier-gemeinsam.de\/htdocs\/wp-json\/wp\/v2\/pages\/67\/revisions\/213"}],"up":[{"embeddable":true,"href":"https:\/\/mensch-tier-gemeinsam.de\/htdocs\/wp-json\/wp\/v2\/pages\/62"}],"wp:attachment":[{"href":"https:\/\/mensch-tier-gemeinsam.de\/htdocs\/wp-json\/wp\/v2\/media?parent=67"}],"curies":[{"name":"wp","href":"https:\/\/api.w.org\/{rel}","templated":true}]}}