{"id":69,"date":"2015-03-19T20:43:53","date_gmt":"2015-03-19T20:43:53","guid":{"rendered":"http:\/\/mensch-tier-gemeinsam.de\/htdocs\/?page_id=69"},"modified":"2017-12-23T08:14:58","modified_gmt":"2017-12-23T08:14:58","slug":"individuelle-beratung-sylvester-mit","status":"publish","type":"page","link":"https:\/\/mensch-tier-gemeinsam.de\/htdocs\/fuer-tierhalter\/fuer-menschen-mit-hunden\/62-2\/individuelle-beratung-sylvester-mit\/","title":{"rendered":"Ind. Beratung &#8222;Silvester mit &#8230;&#8220;"},"content":{"rendered":"<div class=\"csRow\">\n<div class=\"csColumn\" style=\"margin: 0px; padding: 0px; float: left; width: 22.4%;\" data-csid=\"b8e720d7-0619-5db4-b31d-c8e999ec9abd\" data-cswidth=\"22.4%\" data-csendpoint=\"215\" data-csstartpoint=\"0\">\n<p><span style=\"font-weight: bold; font-size: 16px; color: #5f25a2;\">Individuelle Beratung<\/span><\/p>\n<p><span style=\"font-weight: bold; font-size: 14px;\">Ort<\/span>: bei Ihnen zu Hause in M-V, S-H, HH, Berlin, &#8230; oder an Ihrem Urlaubsort (bin bei der Vermittlung einer Unterkunft gern behilflich)<\/p>\n<p><span style=\"font-size: 14px; font-weight: bold;\">Dauer<\/span>: ein Tag oder verteilt \u00fcber Tage oder Wochen,\u00a0je nach Dringlichkeit und Entfernung<\/p>\n<p><span style=\"font-size: 14px; font-weight: bold;\">H\u00e4ufigkeit<\/span>: Meistens sind ca. vier\u00a0<em>Individuelle Beratungen<\/em> n\u00f6tig. Genaueres k\u00f6nnen wir telefonisch besprechen.<\/p>\n<p><span style=\"font-weight: bold; font-size: 14px;\">Termine<\/span>: nach Vereinbarung, bis 30.12.<\/p>\n<p>M\u00f6chten Sie lieber an einem <span style=\"font-weight: bold; font-size: 16px; color: #5f25a2;\">Seminar<\/span> zu diesem Thema teilnehmen? <a class=\" link\" title=\"Silvester mit einem gelassenen Hund verbringen\" href=\"http:\/\/mensch-tier-gemeinsam.de\/htdocs\/?page_id=214\">Zum Seminar<\/a><\/p>\n<\/div>\n<div class=\"csColumnGap\" style=\"margin: 0px; padding: 0px; float: left; width: 0.938%;\"><img decoding=\"async\" src=\"http:\/\/mensch-tier-gemeinsam.de\/htdocs\/wp-content\/plugins\/advanced-wp-columns\/assets\/js\/plugins\/views\/img\/1x1-pixel.png\" alt=\"\" \/><\/div>\n<div class=\"csColumn\" style=\"margin: 0px; padding: 0px; float: left; width: 53.2%;\" data-csid=\"1e96a7f6-3763-ab5f-b740-85449cc1eb55\" data-cswidth=\"53.2%\" data-csendpoint=\"735\" data-csstartpoint=\"224\">\n<p style=\"text-align: center;\"><span style=\"font-size: 16px; font-weight: bold;\"><span style=\"font-size: 20px; color: #5f25a2;\">Silvester<\/span>\u00a0mit einem\u00a0gelassenen Hund\u00a0verbringen<\/span><\/p>\n<p style=\"text-align: center;\"><em><span style=\"font-weight: bold; font-size: 16px; color: #5f25a2;\">Individuelle Beratung\u00a0<\/span><\/em><\/p>\n<p><span style=\"font-weight: bold;\">Silvester sind viele Hunde<\/span> starr vor Angst, rennen wild bellend bzw. hechelnd herum oder sind auf eine andere Art <span style=\"font-weight: bold;\">hochgradig gestresst.<\/span> Sie sind kaum ansprechbar. Missverst\u00e4ndnisse verschlimmern die Situation.<\/p>\n<p>Aufgrund instinktiver Bed\u00fcrfnisse ist f\u00fcr Hunde die <strong>r\u00e4umliche Anordnung<\/strong> sehr bedeutsam. Mit diesem Wissen k\u00f6nnen Sie eine Grundlage f\u00fcr ein entspanntes Silvester schaffen.<\/p>\n<p>Durch Ver\u00e4nderungen in Ihrer <strong>K\u00f6rpersprache<\/strong> und Ihrem <strong>Verhalten<\/strong> k\u00f6nnen Sie Ihrem Hund Schutz und Sicherheit vermitteln. Entscheidend ist dabei, dass Ihr Hund genau das versteht, was Sie ihm mitteilen m\u00f6chten &#8211; und nichts anderes, z. B. dass er sich nicht zu \u00e4ngstigen braucht.\u00a0Hier kommt es auf die Feinheiten der K\u00f6rpersprache an. Darauf folgt Gelassenheit. Hunde, die bislang zu Silvester starken Stress oder gar Panik hatten, behalten meistens ein Gef\u00fchl der Unsicherheit, dies jedoch in einem gesunden Ma\u00df.<\/p>\n<p><img loading=\"lazy\" decoding=\"async\" id=\"mce-3233\" style=\"display: block; margin-left: auto; margin-right: auto;\" title=\"Vor Silvester: gelassener Mensch, gelassene Hunde\" src=\"..\/..\/..\/..\/..\/..\/..\/..\/attachments\/Image\/gelassenheit_vor_silvester_kompr_schmal.jpg?template=generic&amp;header=headers1&amp;button=buttons1\" alt=\"Vor Silvester: gelassener Mensch, gelassene Hunde\" width=\"400\" height=\"297\" \/><\/p>\n<p>Pixel (links)\u00a0ist fr\u00fcher wild kl\u00e4ffend umhergerannt und wollte s\u00e4mtliche Raketen und Knaller verjagen. Daria (rechts) verkroch sich bei Raketen, Gewitter u.\u00e4. in panischer Angst in irgendeinem Versteck und blieb l\u00e4ngere Zeit unauffindbar. In ihrer Panik riss sie sogar eine Leine und ein Halsband durch. Seit einigen Jahren, d.h. seit ich mich f\u00fcr die\u00a0Hunde verst\u00e4ndlich k\u00f6rpersprachlich ausdr\u00fccken kann,\u00a0nehmen sie solche Situationen mit Gelassenheit, angstfrei, lediglich mit nat\u00fcrlicher Unsicherheit.<\/p>\n<\/div>\n<div class=\"csColumnGap\" style=\"margin: 0px; padding: 0px; float: left; width: 0.938%;\"><img decoding=\"async\" src=\"http:\/\/mensch-tier-gemeinsam.de\/htdocs\/wp-content\/plugins\/advanced-wp-columns\/assets\/js\/plugins\/views\/img\/1x1-pixel.png\" alt=\"\" \/><\/div>\n<div class=\"csColumn\" style=\"margin: 0px; padding: 0px; float: left; width: 22.5%;\" data-csid=\"0a518cf1-2ff9-28dc-a8a9-166695b64f4f\" data-cswidth=\"22.5%\" data-csendpoint=\"960\" data-csstartpoint=\"744\">\n<p><span style=\"font-size: 13px;\"><strong>Ein Beispiel: <\/strong><\/span>Molli rennt in der Wohnung hin und her, bellt jedes Mal zum Fenster, wenn sie Knaller und Raketen h\u00f6rt. Frauchen sieht sie mitf\u00fchlend an: \u201eIst ja gut, Molli, Du brauchst keine Angst zu haben\u201c. Molli: <em>Anscheinend trifft meine Vermutung zu, dass die Knaller etwas Schreckliches bedeuten, denn Frauchen ist jedes Mal voller Sorge, wenn es drau\u00dfen knallt. <\/em><\/p>\n<\/div>\n<div style=\"clear: both; float: none; display: block; visibility: hidden; width: 0px; font-size: 0px; line-height: 0;\"><\/div>\n<\/div>\n<p>&nbsp;<\/p>\n","protected":false},"excerpt":{"rendered":"<p>Individuelle Beratung Ort: bei Ihnen zu Hause in M-V, S-H, HH, Berlin, &#8230; oder an Ihrem Urlaubsort (bin bei der Vermittlung einer Unterkunft gern behilflich) Dauer: ein Tag oder verteilt \u00fcber Tage oder Wochen,\u00a0je nach Dringlichkeit und Entfernung H\u00e4ufigkeit: Meistens sind ca. vier\u00a0Individuelle Beratungen n\u00f6tig. Genaueres k\u00f6nnen wir telefonisch besprechen. Termine: nach Vereinbarung, bis 30.12. [&hellip;]<\/p>\n","protected":false},"author":1,"featured_media":0,"parent":62,"menu_order":4,"comment_status":"closed","ping_status":"closed","template":"","meta":{"footnotes":""},"class_list":["post-69","page","type-page","status-publish","hentry"],"_links":{"self":[{"href":"https:\/\/mensch-tier-gemeinsam.de\/htdocs\/wp-json\/wp\/v2\/pages\/69","targetHints":{"allow":["GET"]}}],"collection":[{"href":"https:\/\/mensch-tier-gemeinsam.de\/htdocs\/wp-json\/wp\/v2\/pages"}],"about":[{"href":"https:\/\/mensch-tier-gemeinsam.de\/htdocs\/wp-json\/wp\/v2\/types\/page"}],"author":[{"embeddable":true,"href":"https:\/\/mensch-tier-gemeinsam.de\/htdocs\/wp-json\/wp\/v2\/users\/1"}],"replies":[{"embeddable":true,"href":"https:\/\/mensch-tier-gemeinsam.de\/htdocs\/wp-json\/wp\/v2\/comments?post=69"}],"version-history":[{"count":11,"href":"https:\/\/mensch-tier-gemeinsam.de\/htdocs\/wp-json\/wp\/v2\/pages\/69\/revisions"}],"predecessor-version":[{"id":1845,"href":"https:\/\/mensch-tier-gemeinsam.de\/htdocs\/wp-json\/wp\/v2\/pages\/69\/revisions\/1845"}],"up":[{"embeddable":true,"href":"https:\/\/mensch-tier-gemeinsam.de\/htdocs\/wp-json\/wp\/v2\/pages\/62"}],"wp:attachment":[{"href":"https:\/\/mensch-tier-gemeinsam.de\/htdocs\/wp-json\/wp\/v2\/media?parent=69"}],"curies":[{"name":"wp","href":"https:\/\/api.w.org\/{rel}","templated":true}]}}