{"id":71,"date":"2015-03-19T20:47:33","date_gmt":"2015-03-19T20:47:33","guid":{"rendered":"http:\/\/mensch-tier-gemeinsam.de\/htdocs\/?page_id=71"},"modified":"2015-05-27T15:44:35","modified_gmt":"2015-05-27T15:44:35","slug":"ind-beratung-hund-und-katze","status":"publish","type":"page","link":"https:\/\/mensch-tier-gemeinsam.de\/htdocs\/fuer-tierhalter\/fuer-menschen-mit-hunden\/62-2\/ind-beratung-hund-und-katze\/","title":{"rendered":"Ind. Beratung &#8222;Hund und Katze&#8220;"},"content":{"rendered":"<div class=\"csRow\">\n<div class=\"csColumnGap\" style=\"margin: 0px; padding: 0px; float: left; width: 1.56%;\"><img decoding=\"async\" src=\"http:\/\/mensch-tier-gemeinsam.de\/htdocs\/wp-content\/plugins\/advanced-wp-columns\/assets\/js\/plugins\/views\/img\/1x1-pixel.png\" alt=\"\" \/><\/div>\n<div class=\"csColumn\" style=\"margin: 0px; padding: 0px; float: left; width: 20.8%;\" data-csid=\"7afa70f1-a9a3-8fdc-8526-37e94f4d6062\" data-cswidth=\"20.8%\" data-csendpoint=\"215\" data-csstartpoint=\"15\">\n<p>&nbsp;<\/p>\n<p>&nbsp;<\/p>\n<div id=\"attachment_570\" style=\"width: 125px\" class=\"wp-caption alignleft\"><a href=\"http:\/\/mensch-tier-gemeinsam.de\/htdocs\/wp-content\/uploads\/2015\/05\/hund-katze_2_mtg_2015.jpg\"><img loading=\"lazy\" decoding=\"async\" aria-describedby=\"caption-attachment-570\" class=\" wp-image-570\" src=\"http:\/\/mensch-tier-gemeinsam.de\/htdocs\/wp-content\/uploads\/2015\/05\/hund-katze_2_mtg_2015-150x150.jpg\" alt=\"Hund und Katze friedlich zusammen\" width=\"115\" height=\"115\" \/><\/a><p id=\"caption-attachment-570\" class=\"wp-caption-text\">Hund und Katze friedlich zusammen<\/p><\/div>\n<p>Niemand muss einen anderen m\u00f6gen oder gar lieben. Doch <span style=\"font-size: 14px; font-weight: bold;\">Toleranz<\/span> erwarte ich pers\u00f6nlich von allen Menschen und Haustieren in meiner Umgebung.<\/p>\n<\/div>\n<div class=\"csColumnGap\" style=\"margin: 0px; padding: 0px; float: left; width: 1.04%;\"><img decoding=\"async\" src=\"http:\/\/mensch-tier-gemeinsam.de\/htdocs\/wp-content\/plugins\/advanced-wp-columns\/assets\/js\/plugins\/views\/img\/1x1-pixel.png\" alt=\"\" \/><\/div>\n<div class=\"csColumn\" style=\"margin: 0px; padding: 0px; float: left; width: 53.1%;\" data-csid=\"d573276a-a618-c5e5-a3ad-d8db03ecdfb1\" data-cswidth=\"53.1%\" data-csendpoint=\"735\" data-csstartpoint=\"225\">\n<div id=\"content-content\">\n<div id=\"content-content-inner\" class=\"container-content-inner\">\n<div id=\"widget-fd64722f-53b9-4b67-b6d9-16614e0b6718\" class=\"widget widget-text\">\n<div class=\"widget-content\">\n<h1 style=\"text-align: center;\">&#8222;Die sind wie Hund und Katz&#8216;.&#8220; &#8211; Doch das muss nicht sein.<\/h1>\n<h1 style=\"text-align: center;\">Es geht auch friedlich!<\/h1>\n<p>Hunde und Katzen sind von Natur aus Futterkonkurrenten. Beide Arten fressen gern M\u00e4use, K\u00fcken u.\u00e4. Vom Instinkt her ist es also sinnvoll, die jeweils andere Art aus dem Revier zu vertreiben, um selbst gen\u00fcgend Nahrung zu haben. Einige Unterschiede in\u00a0 K\u00f6rpersprache und Verhaltensweisen verschlechtern die Hunde-Katzen-Beziehung zus\u00e4tzlich. Hat der Hund einen ausgepr\u00e4gten Jagdtrieb, so wird es f\u00fcr die Katze noch unangenehmer.<\/p>\n<p>Der Mensch hat M\u00f6glichkeiten, Situationen nach seinen W\u00fcnschen zu gestalten. M\u00f6chte der Mensch <span style=\"font-size: 14px; font-weight: bold;\">mit Hunden\u00a0und Katzen zusammenleben<\/span>, so ist es prinzipiell m\u00f6glich. In unserer Gesellschaft herrscht im Normalfall keine Hungersnot, so dass Hunde und Katzen satt werden k\u00f6nnen, auch wenn sie zusammenleben. Au\u00dferdem haben diese beiden Arten nicht nur Unterschiede, sondern <span style=\"font-size: 14px; font-weight: bold;\">viele Gemeinsamkeiten <\/span>in K\u00f6rpersprache und Verhaltensweisen. Dar\u00fcber hinaus kann der Mensch je nach Wunsch seinem Hund zu verstehen geben, dass der Hund nur speziell diese Katze zu tolerieren hat oder\u00a0Katzen allgemein.<\/p>\n<p>Doch nicht nur der Hund ist der &#8222;B\u00f6sewicht&#8220; in einer schlechten Hunde-Katzen-Beziehung. Viele Katzen provozieren und das manchmal auf sehr gen\u00fcssliche Art.\u00a0Deshalb\u00a0ist es sinnvoll, alle beteiligten Lebewesen\u00a0in die Ver\u00e4nderungen einzubeziehen, wenn das Hunde-Katzen-Verh\u00e4ltnis verbessert werden soll.<\/p>\n<p><img loading=\"lazy\" decoding=\"async\" id=\"mce-6156\" style=\"display: block; margin-left: auto; margin-right: auto;\" title=\"Man muss sich ja nicht gleich lieben. Aber tolerieren! \" src=\"..\/..\/..\/..\/..\/..\/..\/..\/attachments\/Image\/DSCF1108_kompr__.jpg?template=generic&amp;header=headers1&amp;button=buttons1\" alt=\"Man muss sich ja nicht gleich lieben. Aber tolerieren! \" width=\"400\" height=\"298\" \/><\/p>\n<p>Die ehemals katzenjagende Tomka hat &#8211; im Alter von 10 Jahren! &#8211; gelernt, Katzen zu tolerieren.<\/p>\n<div id=\"attachment_569\" style=\"width: 276px\" class=\"wp-caption alignleft\"><a href=\"http:\/\/mensch-tier-gemeinsam.de\/htdocs\/wp-content\/uploads\/2015\/05\/hund-katze_1_mtg_2015.jpg\"><img loading=\"lazy\" decoding=\"async\" aria-describedby=\"caption-attachment-569\" class=\" wp-image-569\" src=\"http:\/\/mensch-tier-gemeinsam.de\/htdocs\/wp-content\/uploads\/2015\/05\/hund-katze_1_mtg_2015-150x150.jpg\" alt=\"Kater gibt an, Daria beschwichtigt.\" width=\"266\" height=\"266\" \/><\/a><p id=\"caption-attachment-569\" class=\"wp-caption-text\">Kater gibt an, Daria beschwichtigt.<\/p><\/div>\n<\/div>\n<\/div>\n<\/div>\n<\/div>\n<\/div>\n<div class=\"csColumnGap\" style=\"margin: 0px; padding: 0px; float: left; width: 1.04%;\"><img decoding=\"async\" src=\"http:\/\/mensch-tier-gemeinsam.de\/htdocs\/wp-content\/plugins\/advanced-wp-columns\/assets\/js\/plugins\/views\/img\/1x1-pixel.png\" alt=\"\" \/><\/div>\n<div class=\"csColumn\" style=\"margin: 0px; padding: 0px; float: left; width: 20.8%;\" data-csid=\"36dd2cd9-f5c0-99fa-a958-70b1493b4620\" data-cswidth=\"20.8%\" data-csendpoint=\"945\" data-csstartpoint=\"745\">\n<p>&nbsp;<\/p>\n<p>&nbsp;<\/p>\n<p>&nbsp;<\/p>\n<p>&nbsp;<\/p>\n<p><a class=\" link\" title=\"Individuelle Beratungen f\u00fcr Katzenhalter\" href=\"http:\/\/mensch-tier-gemeinsam.de\/htdocs\/?page_id=126\"><span style=\"font-style: italic;\">Individuelle Beratung<\/span> f\u00fcr Katzenhalter<\/a><\/p>\n<p><a class=\" link\" title=\"Individuelle Beratungen f\u00fcr Menschen mit Hund\" href=\"http:\/\/mensch-tier-gemeinsam.de\/htdocs\/?page_id=62\"><span style=\"font-style: italic;\">Individuelle Beratung<\/span>\u00a0f\u00fcr Hundehalter<\/a><\/p>\n<\/div>\n<div class=\"csColumnGap\" style=\"margin: 0px; padding: 0px; float: left; width: 1.56%;\"><img decoding=\"async\" src=\"http:\/\/mensch-tier-gemeinsam.de\/htdocs\/wp-content\/plugins\/advanced-wp-columns\/assets\/js\/plugins\/views\/img\/1x1-pixel.png\" alt=\"\" \/><\/div>\n<div style=\"clear: both; float: none; display: block; visibility: hidden; width: 0px; font-size: 0px; line-height: 0;\"><\/div>\n<\/div>\n<p>&nbsp;<\/p>\n","protected":false},"excerpt":{"rendered":"<p>&nbsp; &nbsp; Niemand muss einen anderen m\u00f6gen oder gar lieben. Doch Toleranz erwarte ich pers\u00f6nlich von allen Menschen und Haustieren in meiner Umgebung. &#8222;Die sind wie Hund und Katz&#8216;.&#8220; &#8211; Doch das muss nicht sein. Es geht auch friedlich! Hunde und Katzen sind von Natur aus Futterkonkurrenten. Beide Arten fressen gern M\u00e4use, K\u00fcken u.\u00e4. Vom [&hellip;]<\/p>\n","protected":false},"author":1,"featured_media":0,"parent":62,"menu_order":5,"comment_status":"closed","ping_status":"closed","template":"","meta":{"footnotes":""},"class_list":["post-71","page","type-page","status-publish","hentry"],"_links":{"self":[{"href":"https:\/\/mensch-tier-gemeinsam.de\/htdocs\/wp-json\/wp\/v2\/pages\/71","targetHints":{"allow":["GET"]}}],"collection":[{"href":"https:\/\/mensch-tier-gemeinsam.de\/htdocs\/wp-json\/wp\/v2\/pages"}],"about":[{"href":"https:\/\/mensch-tier-gemeinsam.de\/htdocs\/wp-json\/wp\/v2\/types\/page"}],"author":[{"embeddable":true,"href":"https:\/\/mensch-tier-gemeinsam.de\/htdocs\/wp-json\/wp\/v2\/users\/1"}],"replies":[{"embeddable":true,"href":"https:\/\/mensch-tier-gemeinsam.de\/htdocs\/wp-json\/wp\/v2\/comments?post=71"}],"version-history":[{"count":8,"href":"https:\/\/mensch-tier-gemeinsam.de\/htdocs\/wp-json\/wp\/v2\/pages\/71\/revisions"}],"predecessor-version":[{"id":576,"href":"https:\/\/mensch-tier-gemeinsam.de\/htdocs\/wp-json\/wp\/v2\/pages\/71\/revisions\/576"}],"up":[{"embeddable":true,"href":"https:\/\/mensch-tier-gemeinsam.de\/htdocs\/wp-json\/wp\/v2\/pages\/62"}],"wp:attachment":[{"href":"https:\/\/mensch-tier-gemeinsam.de\/htdocs\/wp-json\/wp\/v2\/media?parent=71"}],"curies":[{"name":"wp","href":"https:\/\/api.w.org\/{rel}","templated":true}]}}