{"id":73,"date":"2015-03-19T20:50:20","date_gmt":"2015-03-19T20:50:20","guid":{"rendered":"http:\/\/mensch-tier-gemeinsam.de\/htdocs\/?page_id=73"},"modified":"2016-06-27T18:36:41","modified_gmt":"2016-06-27T18:36:41","slug":"ind-beratung-hund-im-boot","status":"publish","type":"page","link":"https:\/\/mensch-tier-gemeinsam.de\/htdocs\/fuer-tierhalter\/fuer-menschen-mit-hunden\/62-2\/ind-beratung-hund-im-boot\/","title":{"rendered":"Ind. Beratung &#8222;Hund im Boot&#8220;"},"content":{"rendered":"<div class=\"csRow\">\n<div class=\"csColumnGap\" style=\"margin: 0px; padding: 0px; float: left; width: 1.56%;\"><img decoding=\"async\" src=\"http:\/\/mensch-tier-gemeinsam.de\/htdocs\/wp-content\/plugins\/advanced-wp-columns\/assets\/js\/plugins\/views\/img\/1x1-pixel.png\" alt=\"\" \/><\/div>\n<div class=\"csColumnGap\" style=\"margin: 0px; padding: 0px; float: left; width: 1.04%;\"><img decoding=\"async\" src=\"http:\/\/mensch-tier-gemeinsam.de\/htdocs\/wp-content\/plugins\/advanced-wp-columns\/assets\/js\/plugins\/views\/img\/1x1-pixel.png\" alt=\"\" \/><\/div>\n<div class=\"csColumn\" style=\"margin: 0px; padding: 0px; float: left; width: 53%;\" data-csid=\"4ec950b7-ad0a-9af2-b903-96ecd9584015\" data-cswidth=\"53.0%\" data-csendpoint=\"734\" data-csstartpoint=\"225\">\n<p><span style=\"font-size: 16px; font-weight: bold;\">Hund im Boot<\/span><\/p>\n<p>Geh\u00f6ren Sie zu den aktiven Menschen, die sich gern sowohl mit ihrem Hund als auch auf dem Wasser bewegen? Glaubten Sie bislang, Sie m\u00fcssten sich f\u00fcr eines\u00a0davon entscheiden? K\u00fcnftig k\u00f6nnen Sie beides miteinander verbinden, n\u00e4mlich\u00a0<span style=\"font-size: 14px; font-weight: bold;\">den Hund mit ins Boot nehmen.<\/span><img loading=\"lazy\" decoding=\"async\" id=\"mce-1090\" style=\"float: left; margin-right: 20px;\" title=\"Daria - eigentlich wasserscheu, aber so lange sie trocken bleibt, kann sie's genie\u00dfen.\" src=\"..\/..\/..\/..\/..\/..\/..\/..\/attachments\/Image\/IMG_6809_.jpg?template=generic&amp;header=headers1&amp;button=buttons1\" alt=\"Daria - eigentlich wasserscheu, aber so lange sie trocken bleibt, kann sie's genie\u00dfen.\" width=\"300\" height=\"219\" \/>\u00a0Je nachdem, ob Ihr Hund auf Wasser und Boot bezogen eher zu den <span style=\"font-size: 14px; font-weight: bold;\">unsicheren<\/span> oder zu den <span style=\"font-size: 14px; font-weight: bold;\">entdeckungsfreudigen<\/span> Hunden geh\u00f6rt, verl\u00e4uft die Beratung etwas unterschiedlich. \u00dcblicherweise beginnt die Beratung dort, wo Mensch und Tier leben (zu Hause bzw. in der Urlaubsunterkunft), denn hier entstehen die grunds\u00e4tzlichen Missverst\u00e4ndnisse zwischen Mensch und Tier. In der gro\u00dfen, weiten, spannenden, gef\u00e4hrlichen Welt werden deren Symptome sichtbar. <span style=\"font-weight: bold; font-size: 14px;\">Die Bootstour beginnt<\/span> in Ihrem Sessel und an Ihrer Haust\u00fcr, wird fortgef\u00fchrt mit dem Auto oder Fahrrad, verl\u00e4uft \u00fcber den Parkplatz, Steg und den Einstieg ins Boot. Wenn Sie das Boot in Bewegung setzen, steht f\u00fcr Ihren Hund bereits seit einer Stunde fest, wie die Tour verlaufen wird.<\/p>\n<p><img loading=\"lazy\" decoding=\"async\" id=\"mce-2307\" style=\"float: left; margin-right: 20px;\" title=\"zufriedene Hunde - gl\u00fcckliches Frauchen\" src=\"..\/..\/..\/..\/..\/..\/..\/..\/attachments\/Image\/IMG_6782_.jpg?template=generic&amp;header=headers1&amp;button=buttons1\" alt=\"zufriedene Hunde - gl\u00fcckliches Frauchen\" width=\"400\" height=\"257\" \/><\/p>\n<p><span style=\"font-size: 13px;\">Bei diesen speziellen Beratungen<\/span>\u00a0kooperiere ich mit dem <span style=\"font-weight: bold;\"><a class=\" link\" href=\"http:\/\/www.kanuverleih-marlow.info\/\" target=\"_blank\">Wasserwanderrastplatz Marlow<\/a><\/span>. Dort werden wir freundlich aufgenommen, k\u00f6nnen uns mit unsicheren Hunden langsam vortasten (Steg, Ponton, Tretboot, Ruderboot, Canadier, &#8230;) und vor allem k\u00f6nnen Sie die Boote zum Testen und \u00dcben f\u00fcr kurze Zeitabst\u00e4nde mieten.<\/p>\n<p>Hier d\u00fcrfen wir uns z. B. langsam an die Schwankungen des Pontons gew\u00f6hnen (Foto unten links).<\/p>\n<p>Lissy, Peppi und Frauchen sitzen zum 1. Mal in einem Ruderboot. Das Boot ist noch angebunden (Foto unten rechts).<\/p>\n<p><img loading=\"lazy\" decoding=\"async\" id=\"mce-1994\" style=\"float: left; margin-right: 20px;\" title=\"Hier d\u00fcrfen wir uns z. B. langsam an die Schwankungen des Pontons gew\u00f6hnen.\" src=\"..\/..\/..\/..\/..\/..\/..\/..\/attachments\/Image\/IMG_6952_.jpg?template=generic&amp;header=headers1&amp;button=buttons1\" alt=\"Hier d\u00fcrfen wir uns z. B. langsam an die Schwankungen des Pontons gew\u00f6hnen.\" width=\"350\" height=\"263\" \/><\/p>\n<p><img loading=\"lazy\" decoding=\"async\" id=\"mce-2108\" style=\"margin-right: 20px; float: right; margin-left: 10px;\" title=\"Lissy, Peppi und Frauchen sitzen zum 1. Mal in einem Ruderboot. Das Boot ist noch angebunden.\" src=\"..\/..\/..\/..\/..\/..\/..\/..\/attachments\/Image\/IMG_6927_.jpg?template=generic&amp;header=headers1&amp;button=buttons1\" alt=\"Lissy, Peppi und Frauchen sitzen zum 1. Mal in einem Ruderboot. Das Boot ist noch angebunden.\" width=\"380\" height=\"232\" \/><br \/>\n<img loading=\"lazy\" decoding=\"async\" id=\"mce-2222\" class=\"aligncenter\" style=\"float: left; margin-right: 20px;\" title=\"Nach der Ruderboot-Fahrt vom Ponton auf den Steg. Die Hunde m\u00fcssen zuverl\u00e4ssig stehenbleiben.\" src=\"..\/..\/..\/..\/..\/..\/..\/..\/attachments\/Image\/IMG_6853_.jpg?template=generic&amp;header=headers1&amp;button=buttons1\" alt=\"Nach der Ruderboot-Fahrt vom Ponton auf den Steg. Die Hunde m\u00fcssen zuverl\u00e4ssig stehenbleiben.\" width=\"400\" height=\"302\" \/><\/p>\n<p>Im Zusammenhang mit Booten gibt es mehrere Situationen, in denen die Hunde <span style=\"font-size: 14px; font-weight: bold;\">zuverl\u00e4ssig warten<\/span> m\u00fcssen. Die meisten Menschen haben nicht drei Hunde dabei, jedoch einen Hund und einen Rucksack, ein Zelt u.\u00e4. Mal werden zuerst die Hunde bef\u00f6rdert, mal steigt zuerst der Mensch ein oder aus und die Hunde m\u00fcssen warten.<\/p>\n<p><img loading=\"lazy\" decoding=\"async\" id=\"mce-3015\" style=\"margin-right: 20px; float: right; margin-left: 10px;\" title=\"Der Mensch entscheidet, wer zuerst ein- oder aussteigt.\" src=\"..\/..\/..\/..\/..\/..\/..\/..\/attachments\/Image\/IMG_6822_.jpg?template=generic&amp;header=headers1&amp;button=buttons1\" alt=\"Der Mensch entscheidet, wer zuerst ein- oder aussteigt.\" width=\"400\" height=\"328\" \/>Diese Fotos wurden alle am\u00a0<span style=\"font-size: 14px; font-weight: bold;\"><a href=\"http:\/\/www.kanuverleih-marlow.info\" target=\"_blank\">Wasserwanderrastplatz Marlow<\/a>\u00a0<\/span>aufgenommen.<\/p>\n<\/div>\n<div class=\"csColumnGap\" style=\"margin: 0px; padding: 0px; float: left; width: 1.15%;\"><img decoding=\"async\" src=\"http:\/\/mensch-tier-gemeinsam.de\/htdocs\/wp-content\/plugins\/advanced-wp-columns\/assets\/js\/plugins\/views\/img\/1x1-pixel.png\" alt=\"\" \/><\/div>\n<div class=\"csColumn\" style=\"margin: 0px; padding: 0px; float: left; width: 20.8%;\" data-csid=\"92bdbd53-fa52-2145-847b-6235d6428946\" data-cswidth=\"20.8%\" data-csendpoint=\"945\" data-csstartpoint=\"745\">\n<p><span style=\"font-weight: bold; font-size: 14px;\">Beispiel:<\/span> Ihr Hund ist absolut daf\u00fcr geeignet, stundenlang bei Ihnen zu sitzen und sich die Gegend anzusehen. Nur leider bekommen Sie ihn nicht ins Boot, weil Ponton und Boot <span style=\"font-weight: bold; font-size: 14px;\">schwanken<\/span> und weil \u00fcberall<span style=\"font-weight: bold; font-size: 14px;\"> sooo viel Wasser<\/span> ist.<\/p>\n<p style=\"text-align: right;\"><img loading=\"lazy\" decoding=\"async\" id=\"mce-756\" style=\"margin-right: 20px;\" title=\"Ponton und Boot schwanken ein wenig, f\u00fcr Peppi schwanken sie ganz f\u00fcrchterlich.\" src=\"..\/..\/..\/..\/..\/..\/..\/..\/attachments\/Image\/IMG_6895_.jpg?template=generic&amp;header=headers1&amp;button=buttons1\" alt=\"Ponton und Boot schwanken ein wenig, f\u00fcr Peppi schwanken sie ganz f\u00fcrchterlich.\" width=\"170\" height=\"126\" \/><\/p>\n<p style=\"text-align: left;\"><span style=\"font-size: 14px; font-weight: bold;\">Beispiel:<\/span> Ihr Hund liebt Wasser und er liebt Unternehmungen und Aktivit\u00e4ten. Aber still im Boot zu sitzen ist <span style=\"font-weight: bold; font-size: 14px;\">f\u00fcrchterlich langweilig<\/span>, wo es doch so viel zu unternehmen gibt: \u00fcber Seerosenbl\u00e4tter laufen, Otter aufst\u00f6bern, die Ursachen f\u00fcr Bewegungen im Wasser ausfindig machen, das Boot ziehen, wenn Herrchen und Frauchen kurz an Land gehen und Hund f\u00fcr diesen Moment am Boot festbinden, &#8230; \u00a0 \u00a0 \u00a0 \u00a0 \u00a0 \u00a0 \u00a0 \u00a0 \u00a0 \u00a0 \u00a0 \u00a0 \u00a0 \u00a0 \u00a0 \u00a0 \u00a0\u00a0Wenn Sie mir am Telefon von sich und Ihrem Hund erz\u00e4hlen, k\u00f6nnen wir die Vorgehensweise planen, vor allem,<\/p>\n<p>&#8211; ob wir \u00fcberwiegend allgemeine Alltagssituationen f\u00fcr die Individuellen Beratungen nutzen und es dann mit dem Boot fast wie von selbst klappt oder<\/p>\n<p>&#8211; ob wir die meisten Missverst\u00e4ndnisse direkt an der Boot-Wasser-Situation, also am\u00a0<a class=\" link\" href=\"http:\/\/www.kanuverleih-marlow.info\/\" target=\"_blank\">Wasserwanderrastplatz Marlow<\/a>, aufdecken und kl\u00e4ren.<img loading=\"lazy\" decoding=\"async\" id=\"mce-1825\" title=\"Diese drei Hunde trauen sich nicht so recht ans Wasser.\" src=\"..\/..\/..\/..\/..\/..\/..\/..\/attachments\/Image\/IMG_6642_.jpg?template=generic&amp;header=headers1&amp;button=buttons1\" alt=\"Diese drei Hunde trauen sich nicht so recht ans Wasser.\" width=\"170\" height=\"128\" \/><\/p>\n<\/div>\n<p>Sie m\u00f6chten eine \u00a0 \u00a0 \u00a0 \u00a0Intensiv-Beratung im Urlaub? <a class=\" link\" title=\"intensiv und entspannt im Urlaub\" href=\"http:\/\/mensch-tier-gemeinsam.de\/htdocs\/?page_id=114\">Ablauf und Unterk\u00fcnfte<\/a><\/p>\n<p>&nbsp;<\/p>\n<p>&nbsp;<\/p>\n<div class=\"csColumnGap\" style=\"margin: 0px; padding: 0px; float: left; width: 1.56%;\"><img decoding=\"async\" src=\"http:\/\/mensch-tier-gemeinsam.de\/htdocs\/wp-content\/plugins\/advanced-wp-columns\/assets\/js\/plugins\/views\/img\/1x1-pixel.png\" alt=\"\" \/><\/div>\n<div style=\"clear: both; float: none; display: block; visibility: hidden; width: 0px; font-size: 0px; line-height: 0;\"><\/div>\n<\/div>\n<p>&nbsp;<\/p>\n","protected":false},"excerpt":{"rendered":"<p>Hund im Boot Geh\u00f6ren Sie zu den aktiven Menschen, die sich gern sowohl mit ihrem Hund als auch auf dem Wasser bewegen? Glaubten Sie bislang, Sie m\u00fcssten sich f\u00fcr eines\u00a0davon entscheiden? K\u00fcnftig k\u00f6nnen Sie beides miteinander verbinden, n\u00e4mlich\u00a0den Hund mit ins Boot nehmen.\u00a0Je nachdem, ob Ihr Hund auf Wasser und Boot bezogen eher zu den [&hellip;]<\/p>\n","protected":false},"author":1,"featured_media":0,"parent":62,"menu_order":7,"comment_status":"closed","ping_status":"closed","template":"","meta":{"footnotes":""},"class_list":["post-73","page","type-page","status-publish","hentry"],"_links":{"self":[{"href":"https:\/\/mensch-tier-gemeinsam.de\/htdocs\/wp-json\/wp\/v2\/pages\/73","targetHints":{"allow":["GET"]}}],"collection":[{"href":"https:\/\/mensch-tier-gemeinsam.de\/htdocs\/wp-json\/wp\/v2\/pages"}],"about":[{"href":"https:\/\/mensch-tier-gemeinsam.de\/htdocs\/wp-json\/wp\/v2\/types\/page"}],"author":[{"embeddable":true,"href":"https:\/\/mensch-tier-gemeinsam.de\/htdocs\/wp-json\/wp\/v2\/users\/1"}],"replies":[{"embeddable":true,"href":"https:\/\/mensch-tier-gemeinsam.de\/htdocs\/wp-json\/wp\/v2\/comments?post=73"}],"version-history":[{"count":17,"href":"https:\/\/mensch-tier-gemeinsam.de\/htdocs\/wp-json\/wp\/v2\/pages\/73\/revisions"}],"predecessor-version":[{"id":1247,"href":"https:\/\/mensch-tier-gemeinsam.de\/htdocs\/wp-json\/wp\/v2\/pages\/73\/revisions\/1247"}],"up":[{"embeddable":true,"href":"https:\/\/mensch-tier-gemeinsam.de\/htdocs\/wp-json\/wp\/v2\/pages\/62"}],"wp:attachment":[{"href":"https:\/\/mensch-tier-gemeinsam.de\/htdocs\/wp-json\/wp\/v2\/media?parent=73"}],"curies":[{"name":"wp","href":"https:\/\/api.w.org\/{rel}","templated":true}]}}