{"id":754,"date":"2015-09-13T16:51:01","date_gmt":"2015-09-13T16:51:01","guid":{"rendered":"http:\/\/mensch-tier-gemeinsam.de\/htdocs\/?page_id=754"},"modified":"2016-05-04T15:34:31","modified_gmt":"2016-05-04T15:34:31","slug":"hund-am-rad","status":"publish","type":"page","link":"https:\/\/mensch-tier-gemeinsam.de\/htdocs\/fuer-tierhalter\/fuer-menschen-mit-hunden\/62-2\/hund-am-rad\/","title":{"rendered":"Ind. Beratung &#8222;Hund am Rad&#8220;"},"content":{"rendered":"<div id=\"attachment_756\" style=\"width: 310px\" class=\"wp-caption alignleft\"><a href=\"http:\/\/mensch-tier-gemeinsam.de\/htdocs\/wp-content\/uploads\/2015\/09\/hundeamrad1_k.jpg\"><img loading=\"lazy\" decoding=\"async\" aria-describedby=\"caption-attachment-756\" class=\"wp-image-756 size-medium\" src=\"http:\/\/mensch-tier-gemeinsam.de\/htdocs\/wp-content\/uploads\/2015\/09\/hundeamrad1_k-300x289.jpg\" alt=\"hundeamrad1_k\" width=\"300\" height=\"289\" srcset=\"https:\/\/mensch-tier-gemeinsam.de\/htdocs\/wp-content\/uploads\/2015\/09\/hundeamrad1_k-300x289.jpg 300w, https:\/\/mensch-tier-gemeinsam.de\/htdocs\/wp-content\/uploads\/2015\/09\/hundeamrad1_k-624x601.jpg 624w, https:\/\/mensch-tier-gemeinsam.de\/htdocs\/wp-content\/uploads\/2015\/09\/hundeamrad1_k.jpg 797w\" sizes=\"auto, (max-width: 300px) 100vw, 300px\" \/><\/a><p id=\"caption-attachment-756\" class=\"wp-caption-text\">Lissy und Ronja laufen am Rad, Daria liegt im H\u00e4nger.<\/p><\/div>\n<div id=\"attachment_761\" style=\"width: 310px\" class=\"wp-caption alignleft\"><a href=\"http:\/\/mensch-tier-gemeinsam.de\/htdocs\/wp-content\/uploads\/2015\/09\/hunderadhaenger2_k.jpg\"><img loading=\"lazy\" decoding=\"async\" aria-describedby=\"caption-attachment-761\" class=\"wp-image-761 size-medium\" src=\"http:\/\/mensch-tier-gemeinsam.de\/htdocs\/wp-content\/uploads\/2015\/09\/hunderadhaenger2_k-300x255.jpg\" alt=\"hunderadhaenger2_k\" width=\"300\" height=\"255\" srcset=\"https:\/\/mensch-tier-gemeinsam.de\/htdocs\/wp-content\/uploads\/2015\/09\/hunderadhaenger2_k-300x255.jpg 300w, https:\/\/mensch-tier-gemeinsam.de\/htdocs\/wp-content\/uploads\/2015\/09\/hunderadhaenger2_k-624x530.jpg 624w, https:\/\/mensch-tier-gemeinsam.de\/htdocs\/wp-content\/uploads\/2015\/09\/hunderadhaenger2_k.jpg 905w\" sizes=\"auto, (max-width: 300px) 100vw, 300px\" \/><\/a><p id=\"caption-attachment-761\" class=\"wp-caption-text\">Ronja sitzt im H\u00e4nger, Daria und Lissy laufen neben dem Fahrrad.<\/p><\/div>\n<p>Wenn Sie Freude am Fahrrad Fahren haben, wird Ihr Hund gern bei Ihnen sein. Lauffreudige Hunde k\u00f6nnen nebenher laufen. Die gleichm\u00e4\u00dfige Bewegung wirkt sich ausgleichend auf die Seele aus. Wenn Ihre Radtouren f\u00fcr Ihren Hund zu weit sind, kann sich Ihr Hund im H\u00e4nger &#8222;kutschieren&#8220; lassen. Wie auch bei allen anderen Alltagssituationen, ist dies mit jedem Hund m\u00f6glich. Damit es f\u00fcr alle Beteiligten sch\u00f6n wird, ist eine gute Vorbereitung und vor allem eindeutige K\u00f6rpersprache n\u00f6tig.<\/p>\n<p>Falls Sie Ihre Radtouren bislang noch nicht mit Ihrem Hund neben dem Rad oder im H\u00e4nger genie\u00dfen k\u00f6nnen, sind f\u00fcr Einsteiger ca. 4-5 <em>Individuelle Beratungen<\/em> n\u00f6tig. Hundehalter, denen ich in <em>Individuellen Beratungen<\/em> bereits meine Grundlagen vermittelt habe, brauchen nur noch 1 &#8211; 2 zus\u00e4tzliche\u00a0<em>Individuelle Beratungen<\/em>.<\/p>\n<p>Die <em>Individuellen Beratungen<\/em> HUND am RAD biete ich bis etwa 500 km Entfernung von Rostock\u00a0an. Eigens hierf\u00fcr habe ich ein Klapprad angeschafft (Vielen Dank f\u00fcr den freundlichen und guten Service, <strong><span style=\"color: #333399;\"><a style=\"color: #333399;\" href=\"http:\/\/fahrradservice-herrmann.jimdo.com\" target=\"_blank\">Fahrradservice Herrmann<\/a><\/span>!<\/strong>. Ein weiteres kann ich \u00a0meinen Kunden f\u00fcr die ersten Stunden oder Tage zur Verf\u00fcgung stellen. F\u00fcr die ersten \u00dcbungen ist ein Fahrrad, auf dem man aufrecht sitzt, mit R\u00fccktrittbremse,\u00a0tiefem Einstieg und kleinen R\u00e4dern sinnvoll.<\/p>\n<div id=\"attachment_757\" style=\"width: 160px\" class=\"wp-caption alignleft\"><a href=\"http:\/\/mensch-tier-gemeinsam.de\/htdocs\/wp-content\/uploads\/2015\/09\/haengerdaria_k.jpg\"><img loading=\"lazy\" decoding=\"async\" aria-describedby=\"caption-attachment-757\" class=\"wp-image-757 size-thumbnail\" src=\"http:\/\/mensch-tier-gemeinsam.de\/htdocs\/wp-content\/uploads\/2015\/09\/haengerdaria_k-150x150.jpg\" alt=\"haengerdaria_k\" width=\"150\" height=\"150\" \/><\/a><p id=\"caption-attachment-757\" class=\"wp-caption-text\">Daria im H\u00e4nger, Ausblick nach hinten<\/p><\/div>\n<div id=\"attachment_758\" style=\"width: 160px\" class=\"wp-caption alignleft\"><a href=\"http:\/\/mensch-tier-gemeinsam.de\/htdocs\/wp-content\/uploads\/2015\/09\/haengerronja_k.jpg\"><img loading=\"lazy\" decoding=\"async\" aria-describedby=\"caption-attachment-758\" class=\"wp-image-758 size-thumbnail\" src=\"http:\/\/mensch-tier-gemeinsam.de\/htdocs\/wp-content\/uploads\/2015\/09\/haengerronja_k-150x150.jpg\" alt=\"haengerronja_k\" width=\"150\" height=\"150\" \/><\/a><p id=\"caption-attachment-758\" class=\"wp-caption-text\">Ronja im H\u00e4nger, Ausblick nach hinten<\/p><\/div>\n<div id=\"attachment_759\" style=\"width: 160px\" class=\"wp-caption alignleft\"><a href=\"http:\/\/mensch-tier-gemeinsam.de\/htdocs\/wp-content\/uploads\/2015\/09\/haengerronja2_k.jpg\"><img loading=\"lazy\" decoding=\"async\" aria-describedby=\"caption-attachment-759\" class=\"wp-image-759 size-thumbnail\" src=\"http:\/\/mensch-tier-gemeinsam.de\/htdocs\/wp-content\/uploads\/2015\/09\/haengerronja2_k-150x150.jpg\" alt=\"haengerronja2_k\" width=\"150\" height=\"150\" \/><\/a><p id=\"caption-attachment-759\" class=\"wp-caption-text\">Ronja im H\u00e4nger, Ausblick nach vorn<\/p><\/div>\n<div id=\"attachment_760\" style=\"width: 160px\" class=\"wp-caption alignleft\"><a href=\"http:\/\/mensch-tier-gemeinsam.de\/htdocs\/wp-content\/uploads\/2015\/09\/hunderadhaenger1_k.jpg\"><img loading=\"lazy\" decoding=\"async\" aria-describedby=\"caption-attachment-760\" class=\"wp-image-760 size-thumbnail\" src=\"http:\/\/mensch-tier-gemeinsam.de\/htdocs\/wp-content\/uploads\/2015\/09\/hunderadhaenger1_k-150x150.jpg\" alt=\"hunderadhaenger1_k\" width=\"150\" height=\"150\" \/><\/a><p id=\"caption-attachment-760\" class=\"wp-caption-text\">Daria im H\u00e4nger, Ausblick nach hinten. Ronja und Lissy neben dem Rad.<\/p><\/div>\n<div id=\"attachment_762\" style=\"width: 160px\" class=\"wp-caption alignleft\"><a href=\"http:\/\/mensch-tier-gemeinsam.de\/htdocs\/wp-content\/uploads\/2015\/09\/hunderadhaenger3_k.jpg\"><img loading=\"lazy\" decoding=\"async\" aria-describedby=\"caption-attachment-762\" class=\"wp-image-762 size-thumbnail\" src=\"http:\/\/mensch-tier-gemeinsam.de\/htdocs\/wp-content\/uploads\/2015\/09\/hunderadhaenger3_k-150x150.jpg\" alt=\"hunderadhaenger3_k\" width=\"150\" height=\"150\" \/><\/a><p id=\"caption-attachment-762\" class=\"wp-caption-text\">Lissy und Daria laufen, Ronja sitzt im H\u00e4nger.<\/p><\/div>\n<p>&nbsp;<\/p>\n<p>Als mein Hund\u00a0Pixel altersbedingt nicht mehr gut\u00a0laufen konnte, lag er immer\u00a0im H\u00e4nger. Da er schwarz war, w\u00e4re er auf den Fotos kaum erkennbar gewesen. Manchmal haben\u00a0Daria oder Ronja ein St\u00fcck weit mit ihm zusammen im H\u00e4nger gefaulenzt.<\/p>\n<p>&nbsp;<\/p>\n","protected":false},"excerpt":{"rendered":"<p>Wenn Sie Freude am Fahrrad Fahren haben, wird Ihr Hund gern bei Ihnen sein. Lauffreudige Hunde k\u00f6nnen nebenher laufen. Die gleichm\u00e4\u00dfige Bewegung wirkt sich ausgleichend auf die Seele aus. Wenn Ihre Radtouren f\u00fcr Ihren Hund zu weit sind, kann sich Ihr Hund im H\u00e4nger &#8222;kutschieren&#8220; lassen. Wie auch bei allen anderen Alltagssituationen, ist dies mit [&hellip;]<\/p>\n","protected":false},"author":1,"featured_media":0,"parent":62,"menu_order":6,"comment_status":"closed","ping_status":"closed","template":"","meta":{"footnotes":""},"class_list":["post-754","page","type-page","status-publish","hentry"],"_links":{"self":[{"href":"https:\/\/mensch-tier-gemeinsam.de\/htdocs\/wp-json\/wp\/v2\/pages\/754","targetHints":{"allow":["GET"]}}],"collection":[{"href":"https:\/\/mensch-tier-gemeinsam.de\/htdocs\/wp-json\/wp\/v2\/pages"}],"about":[{"href":"https:\/\/mensch-tier-gemeinsam.de\/htdocs\/wp-json\/wp\/v2\/types\/page"}],"author":[{"embeddable":true,"href":"https:\/\/mensch-tier-gemeinsam.de\/htdocs\/wp-json\/wp\/v2\/users\/1"}],"replies":[{"embeddable":true,"href":"https:\/\/mensch-tier-gemeinsam.de\/htdocs\/wp-json\/wp\/v2\/comments?post=754"}],"version-history":[{"count":19,"href":"https:\/\/mensch-tier-gemeinsam.de\/htdocs\/wp-json\/wp\/v2\/pages\/754\/revisions"}],"predecessor-version":[{"id":1184,"href":"https:\/\/mensch-tier-gemeinsam.de\/htdocs\/wp-json\/wp\/v2\/pages\/754\/revisions\/1184"}],"up":[{"embeddable":true,"href":"https:\/\/mensch-tier-gemeinsam.de\/htdocs\/wp-json\/wp\/v2\/pages\/62"}],"wp:attachment":[{"href":"https:\/\/mensch-tier-gemeinsam.de\/htdocs\/wp-json\/wp\/v2\/media?parent=754"}],"curies":[{"name":"wp","href":"https:\/\/api.w.org\/{rel}","templated":true}]}}