{"id":76,"date":"2015-03-19T20:56:33","date_gmt":"2015-03-19T20:56:33","guid":{"rendered":"http:\/\/mensch-tier-gemeinsam.de\/htdocs\/?page_id=76"},"modified":"2015-07-27T05:51:20","modified_gmt":"2015-07-27T05:51:20","slug":"degility","status":"publish","type":"page","link":"https:\/\/mensch-tier-gemeinsam.de\/htdocs\/fuer-tierhalter\/fuer-menschen-mit-hunden\/degility\/","title":{"rendered":"Degility\u00ae"},"content":{"rendered":"<div class=\"csRow\">\n<div class=\"csColumnGap\" style=\"margin: 0px; padding: 0px; float: left; width: 1.56%;\"><img decoding=\"async\" src=\"http:\/\/mensch-tier-gemeinsam.de\/htdocs\/wp-content\/plugins\/advanced-wp-columns\/assets\/js\/plugins\/views\/img\/1x1-pixel.png\" alt=\"\" \/><\/div>\n<div class=\"csColumn\" style=\"margin: 0px; padding: 0px; float: left; width: 20.7%;\" data-csid=\"939f9724-d417-cd20-b4f3-c99bf3ce082c\" data-cswidth=\"20.7%\" data-csendpoint=\"214\" data-csstartpoint=\"15\">\n<p>&nbsp;<\/p>\n<p>Termine nach Absprache\u00a0<\/p>\n<p>jeweils zwei Hunde mit ihren Menschen<\/p>\n<p>Sanitzer Stra\u00dfe 19, 18190 Reppelin, drau\u00dfen\/ hinten<\/p>\n<p>oder in Pastow<\/p>\n<p>Preis pro Hund: 10 \u20ac<\/p>\n<p><strong>Anmeldung bei Frau Kucharzak<\/strong>: 0175\/ 92 96 979<\/p>\n<p>Sie k\u00f6nnen sich f\u00fcr eine regelm\u00e4\u00dfige Teilnahme oder f\u00fcr einzelne Termine anmelden.<\/p>\n<\/div>\n<div class=\"csColumnGap\" style=\"margin: 0px; padding: 0px; float: left; width: 1.15%;\"><img decoding=\"async\" src=\"http:\/\/mensch-tier-gemeinsam.de\/htdocs\/wp-content\/plugins\/advanced-wp-columns\/assets\/js\/plugins\/views\/img\/1x1-pixel.png\" alt=\"\" \/><\/div>\n<div class=\"csColumn\" style=\"margin: 0px; padding: 0px; float: left; width: 53.1%;\" data-csid=\"a24b2fb3-0bdf-0da8-8cf5-631555800369\" data-cswidth=\"53.1%\" data-csendpoint=\"735\" data-csstartpoint=\"225\">\n<div id=\"content-content\">\n<div id=\"content-content-inner\" class=\"container-content-inner\">\n<div id=\"widget-673dda72-5ea7-454d-a6b1-48492945faab\" class=\"widget widget-text\">\n<div class=\"widget-content\">\n<p style=\"text-align: left;\">Diese <span style=\"font-size: 14px; font-weight: bold;\">Bewegungs- und Besch\u00e4ftigungsform<\/span> unterscheidet sich von den \u00fcblichen Hundesportarten. Allerdings sind die Ger\u00e4te \u00e4hnlich denen beim Agility. Beim Degility\u00ae bewegen sich Hund und Mensch <span style=\"font-weight: bold; font-size: 14px;\">sehr langsam<\/span>. Der Mensch ist w\u00e4hrend der \u00dcbungen direkt bei seinem Hund. Durch die Langsamkeit der Bewegungen k\u00f6nnen <span style=\"font-weight: bold; font-size: 14px;\">gezielt bestimmte Muskeln<\/span> beansprucht werden. Es ist auch f\u00fcr k\u00f6rperlich beeintr\u00e4chtigte Hunde geeignet. Dem Hund werden <span style=\"font-weight: bold; font-size: 14px;\">Konzentration und Vertrauen<\/span> zu seinem Menschen abverlangt und gef\u00f6rdert. Die \u00dcbungen werden <span style=\"font-weight: bold; font-size: 14px;\">individuell<\/span> an die physischen und psychischen F\u00e4higkeiten des jeweiligen Hundes angepasst. Die Hunde tragen ein Geschirr und sind angeleint.<\/p>\n<p>Das Degility<sup>\u00ae<\/sup>-Training wird von <a class=\" link\" href=\"http:\/\/www.hundekrankengymnastik-broderstorf.de\/tierphysiotherapeutin.html\" target=\"_blank\">Frau Kucharzak<\/a> geleitet und veranstaltet. Sie ist Tiermedizinische Fachangestellte, Hunde-Physiotherapeutin und\u00a0Degility<sup>\u00ae<\/sup>-Trainerin. \u00dcber diese Kooperation freue ich mich sehr.<\/p>\n<p>Dieses Angebot gilt exklusiv f\u00fcr meine Kunden und Klienten. F\u00fcr das Degility<sup>\u00ae<\/sup>-Training stelle ich mein Grundst\u00fcck kostenlos zur Verf\u00fcgung.<\/p>\n<p><a class=\" link\" href=\"http:\/\/www.degility.de\/info.php\" target=\"_blank\">Infos zu Degility<sup>\u00ae\u00a0<\/sup>allgemein<\/a><\/p>\n<\/div>\n<\/div>\n<\/div>\n<\/div>\n<\/div>\n<div class=\"csColumnGap\" style=\"margin: 0px; padding: 0px; float: left; width: 0.938%;\"><img decoding=\"async\" src=\"http:\/\/mensch-tier-gemeinsam.de\/htdocs\/wp-content\/plugins\/advanced-wp-columns\/assets\/js\/plugins\/views\/img\/1x1-pixel.png\" alt=\"\" \/><\/div>\n<div class=\"csColumn\" style=\"margin: 0px; padding: 0px; float: left; width: 20.9%;\" data-csid=\"2fa08fc7-0b5f-a8fe-b0ea-822ab617dd4d\" data-cswidth=\"20.9%\" data-csendpoint=\"945\" data-csstartpoint=\"744\">\n<p>&nbsp;<\/p>\n<p><span style=\"font-weight: bold; font-size: 14px;\">Sind Sie und Ihr Hund bereit?<\/span> Die k\u00f6rpersprachliche Verst\u00e4ndigung zwischen Mensch und Hund, gutes K\u00f6rpergef\u00fchl, Selbstsicherheit und Sozialvertr\u00e4glichkeit sind wie \u00fcberall im Leben auch beim Degility<sup>\u00ae<\/sup> wichtig. Wenn Sie bereits <em>Individuelle Beratungen<\/em> einschlie\u00dflich Leinenf\u00fchrigkeit von mir in Anspruch genommen haben, sollten Sie \u00fcber gute Grundlagen verf\u00fcgen. Wenn Sie sich nicht sicher sind, k\u00f6nnen wir gern besprechen, ob der aktuelle Stand ausreicht oder noch etwas verbessert werden sollte, damit das Degility<sup>\u00ae<\/sup>-Training so erfolgreich wie m\u00f6glich wird.<\/p>\n<\/div>\n<div class=\"csColumnGap\" style=\"margin: 0px; padding: 0px; float: left; width: 1.56%;\"><img decoding=\"async\" src=\"http:\/\/mensch-tier-gemeinsam.de\/htdocs\/wp-content\/plugins\/advanced-wp-columns\/assets\/js\/plugins\/views\/img\/1x1-pixel.png\" alt=\"\" \/><\/div>\n<div style=\"clear: both; float: none; display: block; visibility: hidden; width: 0px; font-size: 0px; line-height: 0;\">\u00a0<\/div>\n<\/div>\n<p>&nbsp;<\/p>\n","protected":false},"excerpt":{"rendered":"<p>&nbsp; Termine nach Absprache\u00a0 jeweils zwei Hunde mit ihren Menschen Sanitzer Stra\u00dfe 19, 18190 Reppelin, drau\u00dfen\/ hinten oder in Pastow Preis pro Hund: 10 \u20ac Anmeldung bei Frau Kucharzak: 0175\/ 92 96 979 Sie k\u00f6nnen sich f\u00fcr eine regelm\u00e4\u00dfige Teilnahme oder f\u00fcr einzelne Termine anmelden. Diese Bewegungs- und Besch\u00e4ftigungsform unterscheidet sich von den \u00fcblichen Hundesportarten. [&hellip;]<\/p>\n","protected":false},"author":1,"featured_media":0,"parent":55,"menu_order":7,"comment_status":"closed","ping_status":"closed","template":"","meta":{"footnotes":""},"class_list":["post-76","page","type-page","status-publish","hentry"],"_links":{"self":[{"href":"https:\/\/mensch-tier-gemeinsam.de\/htdocs\/wp-json\/wp\/v2\/pages\/76","targetHints":{"allow":["GET"]}}],"collection":[{"href":"https:\/\/mensch-tier-gemeinsam.de\/htdocs\/wp-json\/wp\/v2\/pages"}],"about":[{"href":"https:\/\/mensch-tier-gemeinsam.de\/htdocs\/wp-json\/wp\/v2\/types\/page"}],"author":[{"embeddable":true,"href":"https:\/\/mensch-tier-gemeinsam.de\/htdocs\/wp-json\/wp\/v2\/users\/1"}],"replies":[{"embeddable":true,"href":"https:\/\/mensch-tier-gemeinsam.de\/htdocs\/wp-json\/wp\/v2\/comments?post=76"}],"version-history":[{"count":3,"href":"https:\/\/mensch-tier-gemeinsam.de\/htdocs\/wp-json\/wp\/v2\/pages\/76\/revisions"}],"predecessor-version":[{"id":726,"href":"https:\/\/mensch-tier-gemeinsam.de\/htdocs\/wp-json\/wp\/v2\/pages\/76\/revisions\/726"}],"up":[{"embeddable":true,"href":"https:\/\/mensch-tier-gemeinsam.de\/htdocs\/wp-json\/wp\/v2\/pages\/55"}],"wp:attachment":[{"href":"https:\/\/mensch-tier-gemeinsam.de\/htdocs\/wp-json\/wp\/v2\/media?parent=76"}],"curies":[{"name":"wp","href":"https:\/\/api.w.org\/{rel}","templated":true}]}}